{"id":1720,"date":"2025-04-15T08:01:11","date_gmt":"2025-04-15T08:01:11","guid":{"rendered":"https:\/\/www.stanleypackage.com\/?post_type=product&#038;p=1720"},"modified":"2025-04-15T08:20:58","modified_gmt":"2025-04-15T08:20:58","slug":"custom-snack-pouch-packaging","status":"publish","type":"product","link":"https:\/\/www.stanleypackage.com\/fr\/product\/custom-snack-pouch-packaging\/","title":{"rendered":"Emballage de pochettes de snacks personnalis\u00e9es, pochettes de mousse de mer scell\u00e9es au dos"},"content":{"rendered":"<div class=\"wp-block-columns is-layout-flex wp-container-core-columns-is-layout-9d6595d7 wp-block-columns-is-layout-flex\">\n<div class=\"wp-block-column is-layout-flow wp-block-column-is-layout-flow\">\n<h2 class=\"wp-block-heading\">Caract\u00e9ristiques de l'emballage des sachets de snacks sur mesure<\/h2>\n\n\n\n<ul class=\"wp-block-list\">\n<li><strong>Structure du mat\u00e9riau \u00e0 haute barri\u00e8re \u00e0 trois couches : <\/strong>Cet emballage de snack personnalis\u00e9 utilise un mat\u00e9riau composite PET15\/AL7\/CPP70 pour bloquer efficacement la vapeur d'eau et l'oxyg\u00e8ne, garder les produits \u00e0 base d'algues secs et frais, et prolonger la dur\u00e9e de conservation.<\/li>\n\n\n\n<li><strong>Sachet scell\u00e9 \u00e0 l'arri\u00e8re, fermeture herm\u00e9tique des bords : <\/strong>La structure de nos sachets de mousse de mer scell\u00e9s \u00e0 l'arri\u00e8re est simple et stable, am\u00e9liore efficacement les performances de scellage et convient \u00e0 l'emballage automatique \u00e0 grande vitesse.<\/li>\n\n\n\n<li><strong>Trou de suspension pour une pr\u00e9sentation facile : <\/strong>Cet emballage de snack personnalis\u00e9 est \u00e9quip\u00e9 d'un trou de suspension sur le dessus du corps du sac, ce qui convient \u00e0 une pr\u00e9sentation en rayon pour augmenter l'exposition du produit.<\/li>\n\n\n\n<li><strong>La conception de la d\u00e9chirure facilite l'ouverture : <\/strong>Nos sachets de mousse de mer scell\u00e9s \u00e0 l'arri\u00e8re sont con\u00e7us avec une encoche facile \u00e0 d\u00e9chirer, les consommateurs peuvent facilement d\u00e9chirer l'emballage sans ciseaux ou autres outils, et l'exp\u00e9rience d'utilisation est plus pratique.<\/li>\n\n\n\n<li><strong>Remplissage par le bas pour am\u00e9liorer l'efficacit\u00e9 : <\/strong>La m\u00e9thode de remplissage par le bas de cet emballage de snack personnalis\u00e9 est adapt\u00e9e au fonctionnement de l'\u00e9quipement d'emballage automatique, ce qui am\u00e9liore l'efficacit\u00e9 de la production et r\u00e9duit les co\u00fbts de main-d'\u0153uvre.<\/li>\n\n\n\n<li><strong>Prise en charge de l'impression et des sp\u00e9cifications personnalis\u00e9es : <\/strong>Nos sachets de mousse de mer scell\u00e9s \u00e0 l'arri\u00e8re peuvent personnaliser la taille du sachet et le contenu de l'impression en fonction des besoins de la marque afin d'am\u00e9liorer la reconnaissance de la marque et la comp\u00e9titivit\u00e9 du march\u00e9.<\/li>\n<\/ul>\n\n\n\n<div class=\"wp-block-columns is-layout-flex wp-container-core-columns-is-layout-9d6595d7 wp-block-columns-is-layout-flex\">\n<div class=\"wp-block-column is-layout-flow wp-block-column-is-layout-flow\">\n<figure class=\"wp-block-image size-full\"><img decoding=\"async\" width=\"750\" height=\"750\" src=\"https:\/\/www.stanleypackage.com\/wp-content\/uploads\/2025\/04\/Custom-Snack-Pouch-Packaging-Back-Sealed-Sea-Moss-Pouches-6.webp\" alt=\"Emballage de pochettes de snacks personnalis\u00e9es, pochettes de mousse de mer scell\u00e9es \u00e0 l&#039;arri\u00e8re-6\" class=\"wp-image-1730\" srcset=\"https:\/\/www.stanleypackage.com\/wp-content\/uploads\/2025\/04\/Custom-Snack-Pouch-Packaging-Back-Sealed-Sea-Moss-Pouches-6.webp 750w, https:\/\/www.stanleypackage.com\/wp-content\/uploads\/2025\/04\/Custom-Snack-Pouch-Packaging-Back-Sealed-Sea-Moss-Pouches-6-300x300.webp 300w, https:\/\/www.stanleypackage.com\/wp-content\/uploads\/2025\/04\/Custom-Snack-Pouch-Packaging-Back-Sealed-Sea-Moss-Pouches-6-150x150.webp 150w, https:\/\/www.stanleypackage.com\/wp-content\/uploads\/2025\/04\/Custom-Snack-Pouch-Packaging-Back-Sealed-Sea-Moss-Pouches-6-600x600.webp 600w, https:\/\/www.stanleypackage.com\/wp-content\/uploads\/2025\/04\/Custom-Snack-Pouch-Packaging-Back-Sealed-Sea-Moss-Pouches-6-100x100.webp 100w\" sizes=\"(max-width: 750px) 100vw, 750px\" \/><\/figure>\n<\/div>\n\n\n\n<div class=\"wp-block-column is-layout-flow wp-block-column-is-layout-flow\">\n<figure class=\"wp-block-image size-full\"><img decoding=\"async\" width=\"750\" height=\"750\" src=\"https:\/\/www.stanleypackage.com\/wp-content\/uploads\/2025\/04\/Custom-Snack-Pouch-Packaging-Back-Sealed-Sea-Moss-Pouches-1.webp\" alt=\"Emballage de pochettes de snacks personnalis\u00e9es, pochettes de mousse de mer scell\u00e9es \u00e0 l&#039;arri\u00e8re-1\" class=\"wp-image-1725\" srcset=\"https:\/\/www.stanleypackage.com\/wp-content\/uploads\/2025\/04\/Custom-Snack-Pouch-Packaging-Back-Sealed-Sea-Moss-Pouches-1.webp 750w, https:\/\/www.stanleypackage.com\/wp-content\/uploads\/2025\/04\/Custom-Snack-Pouch-Packaging-Back-Sealed-Sea-Moss-Pouches-1-300x300.webp 300w, https:\/\/www.stanleypackage.com\/wp-content\/uploads\/2025\/04\/Custom-Snack-Pouch-Packaging-Back-Sealed-Sea-Moss-Pouches-1-150x150.webp 150w, https:\/\/www.stanleypackage.com\/wp-content\/uploads\/2025\/04\/Custom-Snack-Pouch-Packaging-Back-Sealed-Sea-Moss-Pouches-1-600x600.webp 600w, https:\/\/www.stanleypackage.com\/wp-content\/uploads\/2025\/04\/Custom-Snack-Pouch-Packaging-Back-Sealed-Sea-Moss-Pouches-1-100x100.webp 100w\" sizes=\"(max-width: 750px) 100vw, 750px\" \/><\/figure>\n<\/div>\n<\/div>\n<\/div>\n<\/div>","protected":false},"excerpt":{"rendered":"<p>Bienvenue dans le domaine de l'emballage de snacks personnalis\u00e9s. Nos sachets de mousse de mer scell\u00e9s \u00e0 l'arri\u00e8re ont une excellente r\u00e9sistance \u00e0 l'humidit\u00e9 et \u00e0 l'oxydation. Ils conviennent particuli\u00e8rement \u00e0 l'emballage d'algues et d'autres en-cas qui absorbent facilement l'humidit\u00e9. C'est une solution d'emballage id\u00e9ale pour les entreprises alimentaires.<\/p>\n<table style=\"border-collapse: collapse; width: 365.02pt;\" border=\"0\" width=\"365\" cellspacing=\"0\" cellpadding=\"0\">\n<tbody>\n<tr style=\"height: 16.00pt;\">\n<td class=\"et2\" style=\"height: 16.00pt; width: 97.50pt;\" width=\"97\" height=\"16\">Fabricant<\/td>\n<td class=\"et2\" style=\"width: 267.50pt;\" width=\"267\">Stanley<\/td>\n<\/tr>\n<tr style=\"height: 16.00pt;\">\n<td class=\"et2\" style=\"height: 16.00pt; width: 97.50pt;\" width=\"97\" height=\"16\">Types de pochettes<\/td>\n<td class=\"et3\">Pochette de scellement arri\u00e8re<span class=\"font1\">, <\/span><span class=\"font0\">Pochette \u00e0 plat<\/span><\/td>\n<\/tr>\n<tr style=\"height: 16.00pt;\">\n<td class=\"et2\" style=\"height: 16.00pt; width: 97.50pt;\" width=\"97\" height=\"16\">Mat\u00e9riau<\/td>\n<td class=\"et2\" style=\"width: 267.50pt;\" width=\"267\">PET15\/AL7\/CPP70<\/td>\n<\/tr>\n<tr style=\"height: 16.00pt;\">\n<td class=\"et2\" style=\"height: 16.00pt; width: 97.50pt;\" width=\"97\" height=\"16\">Dossier sp\u00e9cial<\/td>\n<td class=\"et2\" style=\"width: 267.50pt;\" width=\"267\">Trou de suspension, encoche de d\u00e9chirure, remplissage du fond<\/td>\n<\/tr>\n<tr style=\"height: 16.00pt;\">\n<td class=\"et2\" style=\"height: 16.00pt; width: 97.50pt;\" width=\"97\" height=\"16\">Manipulation de surface<\/td>\n<td class=\"et2\" style=\"width: 267.50pt;\" width=\"267\">Impression en h\u00e9liogravure<\/td>\n<\/tr>\n<tr style=\"height: 16.00pt;\">\n<td class=\"et2\" style=\"height: 16.00pt; width: 97.50pt;\" width=\"97\" height=\"16\">Couleur<\/td>\n<td class=\"et2\" style=\"width: 267.50pt;\" width=\"267\">Impression double face, jusqu'\u00e0 10 couleurs<\/td>\n<\/tr>\n<tr style=\"height: 16.00pt;\">\n<td class=\"et2\" style=\"height: 16.00pt; width: 97.50pt;\" width=\"97\" height=\"16\">Utilisation<\/td>\n<td class=\"et2\" style=\"width: 267.50pt;\" width=\"267\">Bonbons, snacks, fruits secs, gel\u00e9e<\/td>\n<\/tr>\n<tr style=\"height: 16.00pt;\">\n<td class=\"et2\" style=\"height: 16.00pt; width: 97.50pt;\" width=\"97\" height=\"16\">MOQ<\/td>\n<td class=\"et2\" style=\"width: 267.50pt;\" width=\"267\">50 000 pi\u00e8ces<\/td>\n<\/tr>\n<tr style=\"height: 16.00pt;\">\n<td class=\"et2\" style=\"height: 16.00pt; width: 97.50pt;\" width=\"97\" height=\"16\">Commande personnalis\u00e9e<\/td>\n<td class=\"et2\" style=\"width: 267.50pt;\" width=\"267\">Acceptation de l'OEM et de l'ODM, prise en charge de l'\u00e9chantillonnage gratuit<\/td>\n<\/tr>\n<\/tbody>\n<\/table>\n<p>&nbsp;<\/p>","protected":false},"featured_media":1726,"comment_status":"closed","ping_status":"closed","template":"","meta":{"_acf_changed":false},"product_brand":[],"product_cat":[59,31],"product_tag":[],"class_list":{"0":"post-1720","1":"product","2":"type-product","3":"status-publish","4":"has-post-thumbnail","6":"product_cat-pillow-pouch-manufacturer","7":"product_cat-lay-flat-pouch-manufacturer","8":"pa_food-packaging-snack-food-pouch","10":"first","11":"instock","12":"shipping-taxable","13":"product-type-simple"},"acf":[],"_links":{"self":[{"href":"https:\/\/www.stanleypackage.com\/fr\/wp-json\/wp\/v2\/product\/1720","targetHints":{"allow":["GET"]}}],"collection":[{"href":"https:\/\/www.stanleypackage.com\/fr\/wp-json\/wp\/v2\/product"}],"about":[{"href":"https:\/\/www.stanleypackage.com\/fr\/wp-json\/wp\/v2\/types\/product"}],"replies":[{"embeddable":true,"href":"https:\/\/www.stanleypackage.com\/fr\/wp-json\/wp\/v2\/comments?post=1720"}],"wp:featuredmedia":[{"embeddable":true,"href":"https:\/\/www.stanleypackage.com\/fr\/wp-json\/wp\/v2\/media\/1726"}],"wp:attachment":[{"href":"https:\/\/www.stanleypackage.com\/fr\/wp-json\/wp\/v2\/media?parent=1720"}],"wp:term":[{"taxonomy":"product_brand","embeddable":true,"href":"https:\/\/www.stanleypackage.com\/fr\/wp-json\/wp\/v2\/product_brand?post=1720"},{"taxonomy":"product_cat","embeddable":true,"href":"https:\/\/www.stanleypackage.com\/fr\/wp-json\/wp\/v2\/product_cat?post=1720"},{"taxonomy":"product_tag","embeddable":true,"href":"https:\/\/www.stanleypackage.com\/fr\/wp-json\/wp\/v2\/product_tag?post=1720"}],"curies":[{"name":"wp","href":"https:\/\/api.w.org\/{rel}","templated":true}]}}