{"id":1732,"date":"2025-04-15T08:23:31","date_gmt":"2025-04-15T08:23:31","guid":{"rendered":"https:\/\/www.stanleypackage.com\/?post_type=product&#038;p=1732"},"modified":"2025-04-15T08:36:59","modified_gmt":"2025-04-15T08:36:59","slug":"jelly-drink-pouches-wholesale","status":"publish","type":"product","link":"https:\/\/www.stanleypackage.com\/fr\/product\/jelly-drink-pouches-wholesale\/","title":{"rendered":"Emballages pour boissons g\u00e9lifi\u00e9es Wholesale, Emballages pour liquides de forme personnalis\u00e9e"},"content":{"rendered":"<div class=\"wp-block-columns is-layout-flex wp-container-core-columns-is-layout-9d6595d7 wp-block-columns-is-layout-flex\">\n<div class=\"wp-block-column is-layout-flow wp-block-column-is-layout-flow\">\n<h2 class=\"wp-block-heading\">Caract\u00e9ristiques des pochettes pour boissons g\u00e9lifi\u00e9es en gros<\/h2>\n\n\n\n<ul class=\"wp-block-list\">\n<li><strong>Structure multicouche tr\u00e8s r\u00e9sistante : <\/strong>Nos sachets pour boissons g\u00e9lifi\u00e9es utilisent des mat\u00e9riaux composites PET12\/BOPA15\/MBPE55, qui ont une excellente r\u00e9sistance \u00e0 la traction, \u00e0 la fissuration et \u00e0 l'\u00e9tanch\u00e9it\u00e9, et peuvent transporter des liquides en toute s\u00e9curit\u00e9.<\/li>\n\n\n\n<li><strong>Design cr\u00e9atif de forme sp\u00e9ciale :<\/strong> La forme de grenouille de dessin anim\u00e9 et de bouteille de bi\u00e8re de ce sachet d'emballage de liquide personnalis\u00e9 est unique et tr\u00e8s attrayante sur le march\u00e9, ce qui renforce la reconnaissance du produit et le plaisir qu'il procure.<\/li>\n\n\n\n<li><strong>Fen\u00eatre transparente, contenu visible : <\/strong>Ces sachets pour boissons g\u00e9lifi\u00e9es en gros sont dot\u00e9s d'une fen\u00eatre transparente qui permet aux consommateurs de voir le contenu de la gel\u00e9e ou de la boisson d'un seul coup d'\u0153il, ce qui renforce leur confiance lors de l'achat.<\/li>\n\n\n\n<li><strong>Conception avec encoche de d\u00e9chirure et trou de suspension :<\/strong> Notre pochette d'emballage de liquide personnalis\u00e9e est \u00e9quip\u00e9e d'une encoche de d\u00e9chirure pour une ouverture facile, et le trou d'accrochage est pratique pour une pr\u00e9sentation sur crochet d'\u00e9tag\u00e8re, am\u00e9liorant l'effet de pr\u00e9sentation et s'adaptant \u00e0 une vari\u00e9t\u00e9 de canaux de vente.<\/li>\n\n\n\n<li><strong>Remplissage par le bas, soutien \u00e0 l'automatisation : <\/strong>La structure de remplissage par le bas de nos sachets de boissons g\u00e9lifi\u00e9es en gros convient \u00e0 l'emballage automatique sur la ligne d'assemblage, ce qui est efficace et rapide et convient \u00e0 la production de masse.<\/li>\n\n\n\n<li><strong>Prise en charge de mod\u00e8les et de formes personnalis\u00e9s :<\/strong> Nos sachets d'emballage de liquides sur mesure peuvent d\u00e9velopper une vari\u00e9t\u00e9 de types de sachets personnalis\u00e9s et de mod\u00e8les d'impression en fonction des besoins de la marque pour cr\u00e9er des emballages exclusifs de type IP.<\/li>\n<\/ul>\n\n\n\n<div class=\"wp-block-columns is-layout-flex wp-container-core-columns-is-layout-9d6595d7 wp-block-columns-is-layout-flex\">\n<div class=\"wp-block-column is-layout-flow wp-block-column-is-layout-flow\">\n<figure class=\"wp-block-image size-full\"><img decoding=\"async\" width=\"750\" height=\"750\" src=\"https:\/\/www.stanleypackage.com\/wp-content\/uploads\/2025\/04\/Jelly-Drink-Pouches-Wholesale-Custom-Shape-Liquid-Packaging-2.webp\" alt=\"Pochettes pour boissons g\u00e9lifi\u00e9es Wholesale, Emballage liquide de forme personnalis\u00e9e-2\" class=\"wp-image-1746\" srcset=\"https:\/\/www.stanleypackage.com\/wp-content\/uploads\/2025\/04\/Jelly-Drink-Pouches-Wholesale-Custom-Shape-Liquid-Packaging-2.webp 750w, https:\/\/www.stanleypackage.com\/wp-content\/uploads\/2025\/04\/Jelly-Drink-Pouches-Wholesale-Custom-Shape-Liquid-Packaging-2-300x300.webp 300w, https:\/\/www.stanleypackage.com\/wp-content\/uploads\/2025\/04\/Jelly-Drink-Pouches-Wholesale-Custom-Shape-Liquid-Packaging-2-150x150.webp 150w, https:\/\/www.stanleypackage.com\/wp-content\/uploads\/2025\/04\/Jelly-Drink-Pouches-Wholesale-Custom-Shape-Liquid-Packaging-2-12x12.webp 12w, https:\/\/www.stanleypackage.com\/wp-content\/uploads\/2025\/04\/Jelly-Drink-Pouches-Wholesale-Custom-Shape-Liquid-Packaging-2-600x600.webp 600w, https:\/\/www.stanleypackage.com\/wp-content\/uploads\/2025\/04\/Jelly-Drink-Pouches-Wholesale-Custom-Shape-Liquid-Packaging-2-100x100.webp 100w\" sizes=\"(max-width: 750px) 100vw, 750px\" \/><\/figure>\n<\/div>\n\n\n\n<div class=\"wp-block-column is-layout-flow wp-block-column-is-layout-flow\">\n<figure class=\"wp-block-image size-full\"><img decoding=\"async\" width=\"750\" height=\"750\" src=\"https:\/\/www.stanleypackage.com\/wp-content\/uploads\/2025\/04\/Jelly-Drink-Pouches-Wholesale-Custom-Shape-Liquid-Packaging-3.webp\" alt=\"Pochettes pour boissons g\u00e9lifi\u00e9es Wholesale, Emballage liquide de forme personnalis\u00e9e-3\" class=\"wp-image-1747\" srcset=\"https:\/\/www.stanleypackage.com\/wp-content\/uploads\/2025\/04\/Jelly-Drink-Pouches-Wholesale-Custom-Shape-Liquid-Packaging-3.webp 750w, https:\/\/www.stanleypackage.com\/wp-content\/uploads\/2025\/04\/Jelly-Drink-Pouches-Wholesale-Custom-Shape-Liquid-Packaging-3-300x300.webp 300w, https:\/\/www.stanleypackage.com\/wp-content\/uploads\/2025\/04\/Jelly-Drink-Pouches-Wholesale-Custom-Shape-Liquid-Packaging-3-150x150.webp 150w, https:\/\/www.stanleypackage.com\/wp-content\/uploads\/2025\/04\/Jelly-Drink-Pouches-Wholesale-Custom-Shape-Liquid-Packaging-3-12x12.webp 12w, https:\/\/www.stanleypackage.com\/wp-content\/uploads\/2025\/04\/Jelly-Drink-Pouches-Wholesale-Custom-Shape-Liquid-Packaging-3-600x600.webp 600w, https:\/\/www.stanleypackage.com\/wp-content\/uploads\/2025\/04\/Jelly-Drink-Pouches-Wholesale-Custom-Shape-Liquid-Packaging-3-100x100.webp 100w\" sizes=\"(max-width: 750px) 100vw, 750px\" \/><\/figure>\n<\/div>\n<\/div>\n<\/div>\n<\/div>","protected":false},"excerpt":{"rendered":"<p>Bienvenue dans le domaine de l'emballage de liquides sur mesure. Ce sachet de gel\u00e9e en gros convient aux gel\u00e9es et aux boissons, avec un design unique et tr\u00e8s attrayant. Dot\u00e9 de fen\u00eatres transparentes, d'encoches de d\u00e9chirement, de trous de suspension et de fonctions de remplissage par le bas, il est \u00e0 la fois pratique et visuellement int\u00e9ressant.<\/p>\n<table style=\"border-collapse: collapse; width: 365.02pt;\" border=\"0\" width=\"365\" cellspacing=\"0\" cellpadding=\"0\">\n<tbody>\n<tr style=\"height: 16.00pt;\">\n<td class=\"et2\" style=\"height: 16.00pt; width: 97.50pt;\" width=\"97\" height=\"16\">Fabricant<\/td>\n<td class=\"et2\" style=\"width: 267.50pt;\" width=\"267\">Stanley<\/td>\n<\/tr>\n<tr style=\"height: 16.00pt;\">\n<td class=\"et2\" style=\"height: 16.00pt; width: 97.50pt;\" width=\"97\" height=\"16\">Types de pochettes<\/td>\n<td class=\"et3\">Stand Up Pouch, Shape Pouch<\/td>\n<\/tr>\n<tr style=\"height: 16.00pt;\">\n<td class=\"et2\" style=\"height: 16.00pt; width: 97.50pt;\" width=\"97\" height=\"16\">Mat\u00e9riau<\/td>\n<td class=\"et2\" style=\"width: 267.50pt;\" width=\"267\">PET12\/BOPA15\/MBPE55<\/td>\n<\/tr>\n<tr style=\"height: 16.00pt;\">\n<td class=\"et2\" style=\"height: 16.00pt; width: 97.50pt;\" width=\"97\" height=\"16\">Dossier sp\u00e9cial<\/td>\n<td class=\"et2\" style=\"width: 267.50pt;\" width=\"267\">Trou de suspension, encoche de d\u00e9chirure, fen\u00eatre transparente, remplissage par le bas<\/td>\n<\/tr>\n<tr style=\"height: 16.00pt;\">\n<td class=\"et2\" style=\"height: 16.00pt; width: 97.50pt;\" width=\"97\" height=\"16\">Manipulation de surface<\/td>\n<td class=\"et2\" style=\"width: 267.50pt;\" width=\"267\">Impression en h\u00e9liogravure<\/td>\n<\/tr>\n<tr style=\"height: 16.00pt;\">\n<td class=\"et2\" style=\"height: 16.00pt; width: 97.50pt;\" width=\"97\" height=\"16\">Couleur<\/td>\n<td class=\"et2\" style=\"width: 267.50pt;\" width=\"267\">Impression double face, jusqu'\u00e0 10 couleurs<\/td>\n<\/tr>\n<tr style=\"height: 16.00pt;\">\n<td class=\"et2\" style=\"height: 16.00pt; width: 97.50pt;\" width=\"97\" height=\"16\">Utilisation<\/td>\n<td class=\"et2\" style=\"width: 267.50pt;\" width=\"267\">Gel\u00e9e, Bonbons, Snack<\/td>\n<\/tr>\n<tr style=\"height: 16.00pt;\">\n<td class=\"et2\" style=\"height: 16.00pt; width: 97.50pt;\" width=\"97\" height=\"16\">MOQ<\/td>\n<td class=\"et2\" style=\"width: 267.50pt;\" width=\"267\">50 000 pi\u00e8ces<\/td>\n<\/tr>\n<tr style=\"height: 16.00pt;\">\n<td class=\"et2\" style=\"height: 16.00pt; width: 97.50pt;\" width=\"97\" height=\"16\">Commande personnalis\u00e9e<\/td>\n<td class=\"et2\" style=\"width: 267.50pt;\" width=\"267\">Acceptation de l'OEM et de l'ODM, prise en charge de l'\u00e9chantillonnage gratuit<\/td>\n<\/tr>\n<\/tbody>\n<\/table>","protected":false},"featured_media":1745,"comment_status":"closed","ping_status":"closed","template":"","meta":{"_acf_changed":false},"product_brand":[],"product_cat":[22,30],"product_tag":[],"class_list":{"0":"post-1732","1":"product","2":"type-product","3":"status-publish","4":"has-post-thumbnail","6":"product_cat-shaped-pouches-factory","7":"product_cat-stand-up-pouch-manufacturer","8":"pa_food-packaging-drink-beverage-pouch","10":"first","11":"instock","12":"shipping-taxable","13":"product-type-simple"},"acf":[],"_links":{"self":[{"href":"https:\/\/www.stanleypackage.com\/fr\/wp-json\/wp\/v2\/product\/1732","targetHints":{"allow":["GET"]}}],"collection":[{"href":"https:\/\/www.stanleypackage.com\/fr\/wp-json\/wp\/v2\/product"}],"about":[{"href":"https:\/\/www.stanleypackage.com\/fr\/wp-json\/wp\/v2\/types\/product"}],"replies":[{"embeddable":true,"href":"https:\/\/www.stanleypackage.com\/fr\/wp-json\/wp\/v2\/comments?post=1732"}],"wp:featuredmedia":[{"embeddable":true,"href":"https:\/\/www.stanleypackage.com\/fr\/wp-json\/wp\/v2\/media\/1745"}],"wp:attachment":[{"href":"https:\/\/www.stanleypackage.com\/fr\/wp-json\/wp\/v2\/media?parent=1732"}],"wp:term":[{"taxonomy":"product_brand","embeddable":true,"href":"https:\/\/www.stanleypackage.com\/fr\/wp-json\/wp\/v2\/product_brand?post=1732"},{"taxonomy":"product_cat","embeddable":true,"href":"https:\/\/www.stanleypackage.com\/fr\/wp-json\/wp\/v2\/product_cat?post=1732"},{"taxonomy":"product_tag","embeddable":true,"href":"https:\/\/www.stanleypackage.com\/fr\/wp-json\/wp\/v2\/product_tag?post=1732"}],"curies":[{"name":"wp","href":"https:\/\/api.w.org\/{rel}","templated":true}]}}