{"id":1751,"date":"2025-04-15T08:38:18","date_gmt":"2025-04-15T08:38:18","guid":{"rendered":"https:\/\/www.stanleypackage.com\/?post_type=product&#038;p=1751"},"modified":"2025-04-15T08:58:03","modified_gmt":"2025-04-15T08:58:03","slug":"custom-flat-bottom-pouch-bags","status":"publish","type":"product","link":"https:\/\/www.stanleypackage.com\/fr\/product\/custom-flat-bottom-pouch-bags\/","title":{"rendered":"Sacs \u00e0 fond plat personnalis\u00e9s pour boissons et snacks solides"},"content":{"rendered":"<div class=\"wp-block-columns is-layout-flex wp-container-core-columns-is-layout-9d6595d7 wp-block-columns-is-layout-flex\">\n<div class=\"wp-block-column is-layout-flow wp-block-column-is-layout-flow\">\n<h2 class=\"wp-block-heading\">Caract\u00e9ristiques des sacs \u00e0 fond plat personnalis\u00e9s<\/h2>\n\n\n\n<ul class=\"wp-block-list\">\n<li><strong>Structure \u00e0 fond plat, position stable :<\/strong> Nos sachets \u00e0 fond plat personnalis\u00e9s sont soign\u00e9s et beaux, avec un bon effet de pr\u00e9sentation en rayon, am\u00e9liorant l'image professionnelle de la marque et l'attrait du produit.<\/li>\n\n\n\n<li><strong>Mat\u00e9riau composite \u00e0 haute barri\u00e8re :<\/strong> Cette pochette d'emballage flexible de gros utilise la composition \u00e0 trois couches de BOPP28\/VMPET12\/PE75, qui est capable de bien s\u00e9parer l'air, la vapeur d'eau et les odeurs, et de prot\u00e9ger la qualit\u00e9 du contenu.<\/li>\n\n\n\n<li><strong>Le trou de suspension permet d'exposer facilement l'objet : <\/strong>Nos sacs \u00e0 fond plat personnalis\u00e9s sont con\u00e7us avec un trou de suspension sur le dessus, ce qui est pratique pour les suspendre sur des \u00e9tag\u00e8res ou des pr\u00e9sentoirs. Ils conviennent \u00e0 une vari\u00e9t\u00e9 de sc\u00e9narios de vente au d\u00e9tail et am\u00e9liorent l'exposition visuelle.<\/li>\n\n\n\n<li><strong>Conception \u00e0 encoche, facile \u00e0 ouvrir : <\/strong>Cette pochette d'emballage flexible de gros est con\u00e7ue avec une encoche de d\u00e9chirement facile, les consommateurs peuvent facilement d\u00e9chirer l'emballage, ce qui am\u00e9liore la commodit\u00e9 d'utilisation et r\u00e9duit la d\u00e9pendance \u00e0 l'\u00e9gard des outils.<\/li>\n\n\n\n<li><strong>Remplissage par le bas, adapt\u00e9 \u00e0 la production automatis\u00e9e : <\/strong>La conception de l'ouverture du fond de ces sachets \u00e0 fond plat personnalis\u00e9s est pratique pour le fonctionnement de l'\u00e9quipement de remplissage, am\u00e9liore l'efficacit\u00e9 de l'emballage et r\u00e9pond aux besoins de la production de masse.<\/li>\n\n\n\n<li><strong>Convient \u00e0 une grande vari\u00e9t\u00e9 de contenus : <\/strong>Qu'il s'agisse de boissons solides en poudre, de vitamines en poudre ou de snacks tels que les noix et les fruits secs, cette poche d'emballage flexible en gros peut \u00eatre emball\u00e9e en toute s\u00e9curit\u00e9 et conserver un go\u00fbt frais.<\/li>\n<\/ul>\n\n\n\n<div class=\"wp-block-columns is-layout-flex wp-container-core-columns-is-layout-9d6595d7 wp-block-columns-is-layout-flex\">\n<div class=\"wp-block-column is-layout-flow wp-block-column-is-layout-flow\">\n<figure class=\"wp-block-image size-full\"><img decoding=\"async\" width=\"750\" height=\"750\" src=\"https:\/\/www.stanleypackage.com\/wp-content\/uploads\/2025\/04\/Custom-Flat-Bottom-Pouch-Bags-For-Solid-Drink-and-Snack-Food-3.webp\" alt=\"Sacs \u00e0 fond plat personnalis\u00e9s pour boissons solides et snacks-3\" class=\"wp-image-1754\" srcset=\"https:\/\/www.stanleypackage.com\/wp-content\/uploads\/2025\/04\/Custom-Flat-Bottom-Pouch-Bags-For-Solid-Drink-and-Snack-Food-3.webp 750w, https:\/\/www.stanleypackage.com\/wp-content\/uploads\/2025\/04\/Custom-Flat-Bottom-Pouch-Bags-For-Solid-Drink-and-Snack-Food-3-300x300.webp 300w, https:\/\/www.stanleypackage.com\/wp-content\/uploads\/2025\/04\/Custom-Flat-Bottom-Pouch-Bags-For-Solid-Drink-and-Snack-Food-3-150x150.webp 150w, https:\/\/www.stanleypackage.com\/wp-content\/uploads\/2025\/04\/Custom-Flat-Bottom-Pouch-Bags-For-Solid-Drink-and-Snack-Food-3-12x12.webp 12w, https:\/\/www.stanleypackage.com\/wp-content\/uploads\/2025\/04\/Custom-Flat-Bottom-Pouch-Bags-For-Solid-Drink-and-Snack-Food-3-600x600.webp 600w, https:\/\/www.stanleypackage.com\/wp-content\/uploads\/2025\/04\/Custom-Flat-Bottom-Pouch-Bags-For-Solid-Drink-and-Snack-Food-3-100x100.webp 100w\" sizes=\"(max-width: 750px) 100vw, 750px\" \/><\/figure>\n<\/div>\n\n\n\n<div class=\"wp-block-column is-layout-flow wp-block-column-is-layout-flow\">\n<figure class=\"wp-block-image size-full\"><img decoding=\"async\" width=\"750\" height=\"750\" src=\"https:\/\/www.stanleypackage.com\/wp-content\/uploads\/2025\/04\/Custom-Flat-Bottom-Pouch-Bags-For-Solid-Drink-and-Snack-Food-4.webp\" alt=\"Sacs \u00e0 fond plat personnalis\u00e9s pour boissons et snacks solides - 4\" class=\"wp-image-1755\" srcset=\"https:\/\/www.stanleypackage.com\/wp-content\/uploads\/2025\/04\/Custom-Flat-Bottom-Pouch-Bags-For-Solid-Drink-and-Snack-Food-4.webp 750w, https:\/\/www.stanleypackage.com\/wp-content\/uploads\/2025\/04\/Custom-Flat-Bottom-Pouch-Bags-For-Solid-Drink-and-Snack-Food-4-300x300.webp 300w, https:\/\/www.stanleypackage.com\/wp-content\/uploads\/2025\/04\/Custom-Flat-Bottom-Pouch-Bags-For-Solid-Drink-and-Snack-Food-4-150x150.webp 150w, https:\/\/www.stanleypackage.com\/wp-content\/uploads\/2025\/04\/Custom-Flat-Bottom-Pouch-Bags-For-Solid-Drink-and-Snack-Food-4-12x12.webp 12w, https:\/\/www.stanleypackage.com\/wp-content\/uploads\/2025\/04\/Custom-Flat-Bottom-Pouch-Bags-For-Solid-Drink-and-Snack-Food-4-600x600.webp 600w, https:\/\/www.stanleypackage.com\/wp-content\/uploads\/2025\/04\/Custom-Flat-Bottom-Pouch-Bags-For-Solid-Drink-and-Snack-Food-4-100x100.webp 100w\" sizes=\"(max-width: 750px) 100vw, 750px\" \/><\/figure>\n<\/div>\n<\/div>\n<\/div>\n<\/div>","protected":false},"excerpt":{"rendered":"<p>Bienvenue aux sachets \u00e0 fond plat personnalis\u00e9s. Cette pochette d'emballage flexible en gros est con\u00e7ue pour les boissons solides, les poudres instantan\u00e9es, les snacks \u00e0 base de noix et d'autres produits. Il est dot\u00e9 de trous de suspension, d'encoches de d\u00e9chirement et de fonctions de remplissage du fond, ce qui est pratique pour la pr\u00e9sentation et l'utilisation.<\/p>\n<table style=\"border-collapse: collapse; width: 365.02pt;\" border=\"0\" width=\"365\" cellspacing=\"0\" cellpadding=\"0\">\n<tbody>\n<tr style=\"height: 16.00pt;\">\n<td class=\"et2\" style=\"height: 16.00pt; width: 97.50pt;\" width=\"97\" height=\"16\">Fabricant<\/td>\n<td class=\"et2\" style=\"width: 267.50pt;\" width=\"267\">Stanley<\/td>\n<\/tr>\n<tr style=\"height: 16.00pt;\">\n<td class=\"et2\" style=\"height: 16.00pt; width: 97.50pt;\" width=\"97\" height=\"16\">Types de pochettes<\/td>\n<td class=\"et3\">Pochette \u00e0 fond plat \u00e0 8 soudures lat\u00e9rales<\/td>\n<\/tr>\n<tr style=\"height: 16.00pt;\">\n<td class=\"et2\" style=\"height: 16.00pt; width: 97.50pt;\" width=\"97\" height=\"16\">Mat\u00e9riau<\/td>\n<td class=\"et2\" style=\"width: 267.50pt;\" width=\"267\">BOPP28\/VMPET12\/PE75<\/td>\n<\/tr>\n<tr style=\"height: 16.00pt;\">\n<td class=\"et2\" style=\"height: 16.00pt; width: 97.50pt;\" width=\"97\" height=\"16\">Dossier sp\u00e9cial<\/td>\n<td class=\"et2\" style=\"width: 267.50pt;\" width=\"267\">Trou de suspension, encoche de d\u00e9chirure, remplissage du fond<\/td>\n<\/tr>\n<tr style=\"height: 16.00pt;\">\n<td class=\"et2\" style=\"height: 16.00pt; width: 97.50pt;\" width=\"97\" height=\"16\">Manipulation de surface<\/td>\n<td class=\"et2\" style=\"width: 267.50pt;\" width=\"267\">Impression en h\u00e9liogravure<\/td>\n<\/tr>\n<tr style=\"height: 16.00pt;\">\n<td class=\"et2\" style=\"height: 16.00pt; width: 97.50pt;\" width=\"97\" height=\"16\">Couleur<\/td>\n<td class=\"et2\" style=\"width: 267.50pt;\" width=\"267\">Impression double face, jusqu'\u00e0 10 couleurs<\/td>\n<\/tr>\n<tr style=\"height: 16.00pt;\">\n<td class=\"et2\" style=\"height: 16.00pt; width: 97.50pt;\" width=\"97\" height=\"16\">Utilisation<\/td>\n<td class=\"et2\" style=\"width: 267.50pt;\" width=\"267\">Boissons solides, en-cas, flocons d'avoine<\/td>\n<\/tr>\n<tr style=\"height: 16.00pt;\">\n<td class=\"et2\" style=\"height: 16.00pt; width: 97.50pt;\" width=\"97\" height=\"16\">MOQ<\/td>\n<td class=\"et2\" style=\"width: 267.50pt;\" width=\"267\">50 000 pi\u00e8ces<\/td>\n<\/tr>\n<tr style=\"height: 16.00pt;\">\n<td class=\"et2\" style=\"height: 16.00pt; width: 97.50pt;\" width=\"97\" height=\"16\">Commande personnalis\u00e9e<\/td>\n<td class=\"et2\" style=\"width: 267.50pt;\" width=\"267\">Acceptation de l'OEM et de l'ODM, prise en charge de l'\u00e9chantillonnage gratuit<\/td>\n<\/tr>\n<\/tbody>\n<\/table>\n<p>&nbsp;<\/p>","protected":false},"featured_media":1756,"comment_status":"closed","ping_status":"closed","template":"","meta":{"_acf_changed":false},"product_brand":[],"product_cat":[24],"product_tag":[],"class_list":{"0":"post-1751","1":"product","2":"type-product","3":"status-publish","4":"has-post-thumbnail","6":"product_cat-flat-bottom-pouch-manufacturer","7":"pa_food-packaging-oatmeal-pouch","8":"pa_food-packaging-snack-food-pouch","10":"first","11":"instock","12":"shipping-taxable","13":"product-type-simple"},"acf":[],"_links":{"self":[{"href":"https:\/\/www.stanleypackage.com\/fr\/wp-json\/wp\/v2\/product\/1751","targetHints":{"allow":["GET"]}}],"collection":[{"href":"https:\/\/www.stanleypackage.com\/fr\/wp-json\/wp\/v2\/product"}],"about":[{"href":"https:\/\/www.stanleypackage.com\/fr\/wp-json\/wp\/v2\/types\/product"}],"replies":[{"embeddable":true,"href":"https:\/\/www.stanleypackage.com\/fr\/wp-json\/wp\/v2\/comments?post=1751"}],"wp:featuredmedia":[{"embeddable":true,"href":"https:\/\/www.stanleypackage.com\/fr\/wp-json\/wp\/v2\/media\/1756"}],"wp:attachment":[{"href":"https:\/\/www.stanleypackage.com\/fr\/wp-json\/wp\/v2\/media?parent=1751"}],"wp:term":[{"taxonomy":"product_brand","embeddable":true,"href":"https:\/\/www.stanleypackage.com\/fr\/wp-json\/wp\/v2\/product_brand?post=1751"},{"taxonomy":"product_cat","embeddable":true,"href":"https:\/\/www.stanleypackage.com\/fr\/wp-json\/wp\/v2\/product_cat?post=1751"},{"taxonomy":"product_tag","embeddable":true,"href":"https:\/\/www.stanleypackage.com\/fr\/wp-json\/wp\/v2\/product_tag?post=1751"}],"curies":[{"name":"wp","href":"https:\/\/api.w.org\/{rel}","templated":true}]}}