{"id":1759,"date":"2025-04-15T09:03:36","date_gmt":"2025-04-15T09:03:36","guid":{"rendered":"https:\/\/www.stanleypackage.com\/?post_type=product&#038;p=1759"},"modified":"2025-04-23T06:53:11","modified_gmt":"2025-04-23T06:53:11","slug":"custom-stand-up-pouches-2","status":"publish","type":"product","link":"https:\/\/www.stanleypackage.com\/fr\/product\/custom-stand-up-pouches-2\/","title":{"rendered":"Pochettes personnalis\u00e9es pour shampoing, gel douche et recharges"},"content":{"rendered":"<div class=\"wp-block-columns is-layout-flex wp-container-core-columns-is-layout-9d6595d7 wp-block-columns-is-layout-flex\">\n<div class=\"wp-block-column is-layout-flow wp-block-column-is-layout-flow\">\n<h2 class=\"wp-block-heading\">Caract\u00e9ristiques de l'impression personnalis\u00e9e des pochettes \u00e0 rabat<\/h2>\n\n\n\n<ul class=\"wp-block-list\">\n<li><strong>Remplissage par le haut : <\/strong>Ces sachets personnalis\u00e9s sont pratiques pour le remplissage automatis\u00e9, am\u00e9liorent l'efficacit\u00e9 du remplissage et peuvent \u00eatre utilis\u00e9s avec une large gamme de produits de nettoyage liquides.<\/li>\n\n\n\n<li><strong>Encoche de d\u00e9chirure pratique : <\/strong>Cette pochette de shampoing en gros a un design pratique, facile \u00e0 ouvrir et \u00e0 utiliser par les consommateurs, ce qui am\u00e9liore l'exp\u00e9rience de l'utilisateur, sans ciseaux ni outils.<\/li>\n\n\n\n<li><strong>Forme sp\u00e9ciale : <\/strong>Nos sachets \u00e0 fond plat peuvent \u00eatre personnalis\u00e9s avec des structures de forme sp\u00e9ciale, donnant aux produits un aspect unique, cr\u00e9ant un attrait en rayon et une notori\u00e9t\u00e9 de la marque.<\/li>\n\n\n\n<li><strong>Mat\u00e9riau composite \u00e0 haute barri\u00e8re \u00e0 trois couches :<\/strong> Cette pochette \u00e0 shampoing utilise un mat\u00e9riau \u00e0 trois couches MOPP25\/VMPET12\/PE100, qui peut isoler s\u00e9par\u00e9ment l'air, la vapeur d'eau et la lumi\u00e8re, et garantir la qualit\u00e9 et la dur\u00e9e de conservation du produit.<\/li>\n\n\n\n<li><strong>Impression recto-verso de haute qualit\u00e9 : <\/strong>Les deux faces de nos sachets stand-up personnalis\u00e9s sont imprimables, jusqu'\u00e0 10 couleurs d'impression sup\u00e9rieure, am\u00e9liorant l'expression visuelle de la marque et contribuant \u00e0 un marketing diff\u00e9renci\u00e9.<\/li>\n\n\n\n<li><strong>Respectueux de l'environnement et peu encombrant :<\/strong> Notre pochette de shampoing en gros est l\u00e9g\u00e8re et durable, facile \u00e0 transporter et \u00e0 stocker, et en m\u00eame temps, elle peut \u00eatre utilis\u00e9e comme emballage suppl\u00e9mentaire pour r\u00e9duire l'utilisation du plastique, ce qui est conforme \u00e0 la tendance de la consommation verte.<\/li>\n<\/ul>\n\n\n\n<div class=\"wp-block-columns is-layout-flex wp-container-core-columns-is-layout-9d6595d7 wp-block-columns-is-layout-flex\">\n<div class=\"wp-block-column is-layout-flow wp-block-column-is-layout-flow\">\n<figure class=\"wp-block-image size-full\"><img decoding=\"async\" width=\"750\" height=\"750\" src=\"https:\/\/www.stanleypackage.com\/wp-content\/uploads\/2025\/04\/Custom-Stand-up-Pouches-For-Shampoo-Shower-Gel-Refills-1.webp\" alt=\"Pochettes personnalis\u00e9es pour shampoing, gel douche, recharges-1\" class=\"wp-image-1784\" srcset=\"https:\/\/www.stanleypackage.com\/wp-content\/uploads\/2025\/04\/Custom-Stand-up-Pouches-For-Shampoo-Shower-Gel-Refills-1.webp 750w, https:\/\/www.stanleypackage.com\/wp-content\/uploads\/2025\/04\/Custom-Stand-up-Pouches-For-Shampoo-Shower-Gel-Refills-1-300x300.webp 300w, https:\/\/www.stanleypackage.com\/wp-content\/uploads\/2025\/04\/Custom-Stand-up-Pouches-For-Shampoo-Shower-Gel-Refills-1-150x150.webp 150w, https:\/\/www.stanleypackage.com\/wp-content\/uploads\/2025\/04\/Custom-Stand-up-Pouches-For-Shampoo-Shower-Gel-Refills-1-12x12.webp 12w, https:\/\/www.stanleypackage.com\/wp-content\/uploads\/2025\/04\/Custom-Stand-up-Pouches-For-Shampoo-Shower-Gel-Refills-1-600x600.webp 600w, https:\/\/www.stanleypackage.com\/wp-content\/uploads\/2025\/04\/Custom-Stand-up-Pouches-For-Shampoo-Shower-Gel-Refills-1-100x100.webp 100w\" sizes=\"(max-width: 750px) 100vw, 750px\" \/><\/figure>\n<\/div>\n\n\n\n<div class=\"wp-block-column is-layout-flow wp-block-column-is-layout-flow\">\n<figure class=\"wp-block-image size-full\"><img decoding=\"async\" width=\"750\" height=\"750\" src=\"https:\/\/www.stanleypackage.com\/wp-content\/uploads\/2025\/04\/Custom-Stand-up-Pouches-For-Shampoo-Shower-Gel-Refills-5.webp\" alt=\"Pochettes personnalis\u00e9es pour shampoing, gel douche, recharges-5\" class=\"wp-image-1788\" srcset=\"https:\/\/www.stanleypackage.com\/wp-content\/uploads\/2025\/04\/Custom-Stand-up-Pouches-For-Shampoo-Shower-Gel-Refills-5.webp 750w, https:\/\/www.stanleypackage.com\/wp-content\/uploads\/2025\/04\/Custom-Stand-up-Pouches-For-Shampoo-Shower-Gel-Refills-5-300x300.webp 300w, https:\/\/www.stanleypackage.com\/wp-content\/uploads\/2025\/04\/Custom-Stand-up-Pouches-For-Shampoo-Shower-Gel-Refills-5-150x150.webp 150w, https:\/\/www.stanleypackage.com\/wp-content\/uploads\/2025\/04\/Custom-Stand-up-Pouches-For-Shampoo-Shower-Gel-Refills-5-12x12.webp 12w, https:\/\/www.stanleypackage.com\/wp-content\/uploads\/2025\/04\/Custom-Stand-up-Pouches-For-Shampoo-Shower-Gel-Refills-5-600x600.webp 600w, https:\/\/www.stanleypackage.com\/wp-content\/uploads\/2025\/04\/Custom-Stand-up-Pouches-For-Shampoo-Shower-Gel-Refills-5-100x100.webp 100w\" sizes=\"(max-width: 750px) 100vw, 750px\" \/><\/figure>\n<\/div>\n<\/div>\n<\/div>\n<\/div>","protected":false},"excerpt":{"rendered":"<p>Bienvenue dans les pochettes de rangement personnalis\u00e9es. Cette pochette \u00e0 shampoing personnalis\u00e9e adopte une structure en mat\u00e9riau composite, combin\u00e9e \u00e0 une conception sp\u00e9ciale du sac et \u00e0 une impression double face, ce qui est \u00e0 la fois fonctionnel et visuellement beau.<\/p>\n<table style=\"border-collapse: collapse; width: 365.02pt;\" border=\"0\" width=\"365\" cellspacing=\"0\" cellpadding=\"0\">\n<tbody>\n<tr style=\"height: 16.00pt;\">\n<td class=\"et2\" style=\"height: 16.00pt; width: 97.50pt;\" width=\"97\" height=\"16\">Fabricant<\/td>\n<td class=\"et2\" style=\"width: 267.50pt;\" width=\"267\">Stanley<\/td>\n<\/tr>\n<tr style=\"height: 16.00pt;\">\n<td class=\"et2\" style=\"height: 16.00pt; width: 97.50pt;\" width=\"97\" height=\"16\">Types de pochettes<\/td>\n<td class=\"et3\">Stand Up Pouch, Shape Pouch<\/td>\n<\/tr>\n<tr style=\"height: 16.00pt;\">\n<td class=\"et2\" style=\"height: 16.00pt; width: 97.50pt;\" width=\"97\" height=\"16\">Mat\u00e9riau<\/td>\n<td class=\"et2\" style=\"width: 267.50pt;\" width=\"267\">MOPP25\/VMPET12\/PE100<\/td>\n<\/tr>\n<tr style=\"height: 16.00pt;\">\n<td class=\"et2\" style=\"height: 16.00pt; width: 97.50pt;\" width=\"97\" height=\"16\">Dossier sp\u00e9cial<\/td>\n<td class=\"et2\" style=\"width: 267.50pt;\" width=\"267\">Remplissage sup\u00e9rieur, encoche de d\u00e9chirure, forme sp\u00e9ciale<\/td>\n<\/tr>\n<tr style=\"height: 16.00pt;\">\n<td class=\"et2\" style=\"height: 16.00pt; width: 97.50pt;\" width=\"97\" height=\"16\">Manipulation de surface<\/td>\n<td class=\"et2\" style=\"width: 267.50pt;\" width=\"267\">Impression en h\u00e9liogravure<\/td>\n<\/tr>\n<tr style=\"height: 16.00pt;\">\n<td class=\"et2\" style=\"height: 16.00pt; width: 97.50pt;\" width=\"97\" height=\"16\">Couleur<\/td>\n<td class=\"et2\" style=\"width: 267.50pt;\" width=\"267\">Impression double face, jusqu'\u00e0 10 couleurs<\/td>\n<\/tr>\n<tr style=\"height: 16.00pt;\">\n<td class=\"et2\" style=\"height: 16.00pt; width: 97.50pt;\" width=\"97\" height=\"16\">Utilisation<\/td>\n<td class=\"et2\" style=\"width: 267.50pt;\" width=\"267\">Sacs de recharge pour shampoing, gel douche et gel douche<\/td>\n<\/tr>\n<tr style=\"height: 16.00pt;\">\n<td class=\"et2\" style=\"height: 16.00pt; width: 97.50pt;\" width=\"97\" height=\"16\">MOQ<\/td>\n<td class=\"et2\" style=\"width: 267.50pt;\" width=\"267\">50 000 pi\u00e8ces<\/td>\n<\/tr>\n<tr style=\"height: 16.00pt;\">\n<td class=\"et2\" style=\"height: 16.00pt; width: 97.50pt;\" width=\"97\" height=\"16\">Commande personnalis\u00e9e<\/td>\n<td class=\"et2\" style=\"width: 267.50pt;\" width=\"267\">Acceptation de l'OEM et de l'ODM, prise en charge de l'\u00e9chantillonnage gratuit<\/td>\n<\/tr>\n<\/tbody>\n<\/table>","protected":false},"featured_media":1787,"comment_status":"closed","ping_status":"closed","template":"","meta":{"_acf_changed":false},"product_brand":[],"product_cat":[30,22],"product_tag":[],"class_list":{"0":"post-1759","1":"product","2":"type-product","3":"status-publish","4":"has-post-thumbnail","6":"product_cat-stand-up-pouch-manufacturer","7":"product_cat-shaped-pouches-factory","8":"pa_non-food-packaging-soap-detergent-pouches","10":"first","11":"instock","12":"shipping-taxable","13":"product-type-simple"},"acf":[],"_links":{"self":[{"href":"https:\/\/www.stanleypackage.com\/fr\/wp-json\/wp\/v2\/product\/1759","targetHints":{"allow":["GET"]}}],"collection":[{"href":"https:\/\/www.stanleypackage.com\/fr\/wp-json\/wp\/v2\/product"}],"about":[{"href":"https:\/\/www.stanleypackage.com\/fr\/wp-json\/wp\/v2\/types\/product"}],"replies":[{"embeddable":true,"href":"https:\/\/www.stanleypackage.com\/fr\/wp-json\/wp\/v2\/comments?post=1759"}],"wp:featuredmedia":[{"embeddable":true,"href":"https:\/\/www.stanleypackage.com\/fr\/wp-json\/wp\/v2\/media\/1787"}],"wp:attachment":[{"href":"https:\/\/www.stanleypackage.com\/fr\/wp-json\/wp\/v2\/media?parent=1759"}],"wp:term":[{"taxonomy":"product_brand","embeddable":true,"href":"https:\/\/www.stanleypackage.com\/fr\/wp-json\/wp\/v2\/product_brand?post=1759"},{"taxonomy":"product_cat","embeddable":true,"href":"https:\/\/www.stanleypackage.com\/fr\/wp-json\/wp\/v2\/product_cat?post=1759"},{"taxonomy":"product_tag","embeddable":true,"href":"https:\/\/www.stanleypackage.com\/fr\/wp-json\/wp\/v2\/product_tag?post=1759"}],"curies":[{"name":"wp","href":"https:\/\/api.w.org\/{rel}","templated":true}]}}