{"id":1789,"date":"2025-04-23T06:58:28","date_gmt":"2025-04-23T06:58:28","guid":{"rendered":"https:\/\/www.stanleypackage.com\/?post_type=product&#038;p=1789"},"modified":"2025-04-23T07:12:42","modified_gmt":"2025-04-23T07:12:42","slug":"stand-up-zipper-pouches-wholesale","status":"publish","type":"product","link":"https:\/\/www.stanleypackage.com\/fr\/product\/stand-up-zipper-pouches-wholesale\/","title":{"rendered":"Pochettes \u00e0 fermeture \u00e9clair personnalis\u00e9es en gros pour les sachets de lessive"},"content":{"rendered":"<div class=\"wp-block-columns is-layout-flex wp-container-core-columns-is-layout-9d6595d7 wp-block-columns-is-layout-flex\">\n<div class=\"wp-block-column is-layout-flow wp-block-column-is-layout-flow\">\n<h2 class=\"wp-block-heading\">Features of Custom Stand Up Zipper Pouches Wholesale<\/h2>\n\n\n\n<ul class=\"wp-block-list\">\n<li><strong>Convenient zipper closure: <\/strong>Our custom stand up zipper pouches wholesale support repeated opening and sealing, effectively preventing moisture and leakage, and ensuring that the active ingredients of laundry beads are not easy to volatilize.<\/li>\n\n\n\n<li><strong>Conception facile \u00e0 d\u00e9chirer :<\/strong> These custom stand up barrier pouches are equipped with a tear structure, which consumers can easily open without tools, improving the convenience of use and product experience.<\/li>\n\n\n\n<li><strong>Stable self-standing bottom: <\/strong>The reinforced structure of these custom stand up zipper pouches wholesale allows the packaging to stand firmly, improve the shelf display effect, and better attract consumers&#8217; attention.<\/li>\n\n\n\n<li><strong>High barrier material structure: <\/strong>These custom stand up barrier pouches use PET12\/VMPET12\/PE110 three-layer composite material to effectively block moisture, oxygen and light, and extend the shelf life of the product.<\/li>\n\n\n\n<li><strong>Double-sided exquisite printing: <\/strong>Our custom stand up zipper pouches wholesale can be designed on both sides and printed with up to 10 colors of high precision, fully displaying brand information and visual style, and enhancing brand recognition.<\/li>\n\n\n\n<li><strong>Suitable for a variety of packaging capacities and customization: <\/strong>Our custom stand up barrier pouches can be customized with different capacities, sizes and printing contents according to customer needs to meet OEM\/ODM cooperation needs.<\/li>\n<\/ul>\n\n\n\n<div class=\"wp-block-columns is-layout-flex wp-container-core-columns-is-layout-9d6595d7 wp-block-columns-is-layout-flex\">\n<div class=\"wp-block-column is-layout-flow wp-block-column-is-layout-flow\">\n<figure class=\"wp-block-image size-full\"><img decoding=\"async\" width=\"750\" height=\"750\" src=\"https:\/\/www.stanleypackage.com\/wp-content\/uploads\/2025\/04\/Custom-Stand-Up-Zipper-Pouches-Wholesale-For-Laundry-Pods-2.webp\" alt=\"Custom Stand Up Zipper Pouches Wholesale For Laundry Pods-2\" class=\"wp-image-1791\" srcset=\"https:\/\/www.stanleypackage.com\/wp-content\/uploads\/2025\/04\/Custom-Stand-Up-Zipper-Pouches-Wholesale-For-Laundry-Pods-2.webp 750w, https:\/\/www.stanleypackage.com\/wp-content\/uploads\/2025\/04\/Custom-Stand-Up-Zipper-Pouches-Wholesale-For-Laundry-Pods-2-300x300.webp 300w, https:\/\/www.stanleypackage.com\/wp-content\/uploads\/2025\/04\/Custom-Stand-Up-Zipper-Pouches-Wholesale-For-Laundry-Pods-2-150x150.webp 150w, https:\/\/www.stanleypackage.com\/wp-content\/uploads\/2025\/04\/Custom-Stand-Up-Zipper-Pouches-Wholesale-For-Laundry-Pods-2-12x12.webp 12w, https:\/\/www.stanleypackage.com\/wp-content\/uploads\/2025\/04\/Custom-Stand-Up-Zipper-Pouches-Wholesale-For-Laundry-Pods-2-600x600.webp 600w, https:\/\/www.stanleypackage.com\/wp-content\/uploads\/2025\/04\/Custom-Stand-Up-Zipper-Pouches-Wholesale-For-Laundry-Pods-2-100x100.webp 100w\" sizes=\"(max-width: 750px) 100vw, 750px\" \/><\/figure>\n<\/div>\n\n\n\n<div class=\"wp-block-column is-layout-flow wp-block-column-is-layout-flow\">\n<figure class=\"wp-block-image size-full\"><img decoding=\"async\" width=\"750\" height=\"750\" src=\"https:\/\/www.stanleypackage.com\/wp-content\/uploads\/2025\/04\/Custom-Stand-Up-Zipper-Pouches-Wholesale-For-Laundry-Pods-5.webp\" alt=\"Custom Stand Up Zipper Pouches Wholesale For Laundry Pods-5\" class=\"wp-image-1794\" srcset=\"https:\/\/www.stanleypackage.com\/wp-content\/uploads\/2025\/04\/Custom-Stand-Up-Zipper-Pouches-Wholesale-For-Laundry-Pods-5.webp 750w, https:\/\/www.stanleypackage.com\/wp-content\/uploads\/2025\/04\/Custom-Stand-Up-Zipper-Pouches-Wholesale-For-Laundry-Pods-5-300x300.webp 300w, https:\/\/www.stanleypackage.com\/wp-content\/uploads\/2025\/04\/Custom-Stand-Up-Zipper-Pouches-Wholesale-For-Laundry-Pods-5-150x150.webp 150w, https:\/\/www.stanleypackage.com\/wp-content\/uploads\/2025\/04\/Custom-Stand-Up-Zipper-Pouches-Wholesale-For-Laundry-Pods-5-12x12.webp 12w, https:\/\/www.stanleypackage.com\/wp-content\/uploads\/2025\/04\/Custom-Stand-Up-Zipper-Pouches-Wholesale-For-Laundry-Pods-5-600x600.webp 600w, https:\/\/www.stanleypackage.com\/wp-content\/uploads\/2025\/04\/Custom-Stand-Up-Zipper-Pouches-Wholesale-For-Laundry-Pods-5-100x100.webp 100w\" sizes=\"(max-width: 750px) 100vw, 750px\" \/><\/figure>\n<\/div>\n<\/div>\n<\/div>\n<\/div>","protected":false},"excerpt":{"rendered":"<p>Bienvenue sur le site d'achat en gros de sachets \u00e0 fermeture \u00e9clair. Ces sachets \u00e0 fermeture \u00e0 glissi\u00e8re personnalis\u00e9s pour les dosettes de lessive permettent de sceller le produit et d'en faciliter l'utilisation. L'impression recto-verso du sachet lui conf\u00e8re un large \u00e9ventail de possibilit\u00e9s de conception, une bonne raison pour laquelle ce type d'emballage est le plus vendu pour les produits de nettoyage domestique tels que les dosettes de lessive et les d\u00e9tergents en poudre.<\/p>\n<table style=\"border-collapse: collapse; width: 365.02pt;\" border=\"0\" width=\"365\" cellspacing=\"0\" cellpadding=\"0\">\n<tbody>\n<tr style=\"height: 16.00pt;\">\n<td class=\"et2\" style=\"height: 16.00pt; width: 97.50pt;\" width=\"97\" height=\"16\">Fabricant<\/td>\n<td class=\"et2\" style=\"width: 267.50pt;\" width=\"267\">Stanley<\/td>\n<\/tr>\n<tr style=\"height: 16.00pt;\">\n<td class=\"et2\" style=\"height: 16.00pt; width: 97.50pt;\" width=\"97\" height=\"16\">Types de pochettes<\/td>\n<td class=\"et3\">Stand Up Pouch, Zipper Pouch<\/td>\n<\/tr>\n<tr style=\"height: 16.00pt;\">\n<td class=\"et2\" style=\"height: 16.00pt; width: 97.50pt;\" width=\"97\" height=\"16\">Mat\u00e9riau<\/td>\n<td class=\"et2\" style=\"width: 267.50pt;\" width=\"267\">PET12\/VMPET12\/PE110<\/td>\n<\/tr>\n<tr style=\"height: 16.00pt;\">\n<td class=\"et2\" style=\"height: 16.00pt; width: 97.50pt;\" width=\"97\" height=\"16\">Dossier sp\u00e9cial<\/td>\n<td class=\"et2\" style=\"width: 267.50pt;\" width=\"267\">Fermeture \u00e0 glissi\u00e8re, encoche de d\u00e9chirure, fond debout<\/td>\n<\/tr>\n<tr style=\"height: 16.00pt;\">\n<td class=\"et2\" style=\"height: 16.00pt; width: 97.50pt;\" width=\"97\" height=\"16\">Manipulation de surface<\/td>\n<td class=\"et2\" style=\"width: 267.50pt;\" width=\"267\">Impression en h\u00e9liogravure<\/td>\n<\/tr>\n<tr style=\"height: 16.00pt;\">\n<td class=\"et2\" style=\"height: 16.00pt; width: 97.50pt;\" width=\"97\" height=\"16\">Couleur<\/td>\n<td class=\"et2\" style=\"width: 267.50pt;\" width=\"267\">Impression double face, jusqu'\u00e0 10 couleurs<\/td>\n<\/tr>\n<tr style=\"height: 16.00pt;\">\n<td class=\"et2\" style=\"height: 16.00pt; width: 97.50pt;\" width=\"97\" height=\"16\">Utilisation<\/td>\n<td class=\"et2\" style=\"width: 267.50pt;\" width=\"267\">D\u00e9tergent en dosettes<\/td>\n<\/tr>\n<tr style=\"height: 16.00pt;\">\n<td class=\"et2\" style=\"height: 16.00pt; width: 97.50pt;\" width=\"97\" height=\"16\">MOQ<\/td>\n<td class=\"et2\" style=\"width: 267.50pt;\" width=\"267\">50 000 pi\u00e8ces<\/td>\n<\/tr>\n<tr style=\"height: 16.00pt;\">\n<td class=\"et2\" style=\"height: 16.00pt; width: 97.50pt;\" width=\"97\" height=\"16\">Commande personnalis\u00e9e<\/td>\n<td class=\"et2\" style=\"width: 267.50pt;\" width=\"267\">Acceptation de l'OEM et de l'ODM, prise en charge de l'\u00e9chantillonnage gratuit<\/td>\n<\/tr>\n<\/tbody>\n<\/table>","protected":false},"featured_media":1790,"comment_status":"closed","ping_status":"closed","template":"","meta":{"_acf_changed":false},"product_brand":[],"product_cat":[18,30],"product_tag":[],"class_list":{"0":"post-1789","1":"product","2":"type-product","3":"status-publish","4":"has-post-thumbnail","6":"product_cat-zipper-pouch-manufacturer","7":"product_cat-stand-up-pouch-manufacturer","8":"pa_non-food-packaging-soap-detergent-pouches","10":"first","11":"instock","12":"shipping-taxable","13":"product-type-simple"},"acf":[],"_links":{"self":[{"href":"https:\/\/www.stanleypackage.com\/fr\/wp-json\/wp\/v2\/product\/1789","targetHints":{"allow":["GET"]}}],"collection":[{"href":"https:\/\/www.stanleypackage.com\/fr\/wp-json\/wp\/v2\/product"}],"about":[{"href":"https:\/\/www.stanleypackage.com\/fr\/wp-json\/wp\/v2\/types\/product"}],"replies":[{"embeddable":true,"href":"https:\/\/www.stanleypackage.com\/fr\/wp-json\/wp\/v2\/comments?post=1789"}],"wp:featuredmedia":[{"embeddable":true,"href":"https:\/\/www.stanleypackage.com\/fr\/wp-json\/wp\/v2\/media\/1790"}],"wp:attachment":[{"href":"https:\/\/www.stanleypackage.com\/fr\/wp-json\/wp\/v2\/media?parent=1789"}],"wp:term":[{"taxonomy":"product_brand","embeddable":true,"href":"https:\/\/www.stanleypackage.com\/fr\/wp-json\/wp\/v2\/product_brand?post=1789"},{"taxonomy":"product_cat","embeddable":true,"href":"https:\/\/www.stanleypackage.com\/fr\/wp-json\/wp\/v2\/product_cat?post=1789"},{"taxonomy":"product_tag","embeddable":true,"href":"https:\/\/www.stanleypackage.com\/fr\/wp-json\/wp\/v2\/product_tag?post=1789"}],"curies":[{"name":"wp","href":"https:\/\/api.w.org\/{rel}","templated":true}]}}