{"id":2248,"date":"2025-06-17T09:39:06","date_gmt":"2025-06-17T09:39:06","guid":{"rendered":"https:\/\/www.stanleypackage.com\/?post_type=product&#038;p=2248"},"modified":"2025-06-17T10:00:31","modified_gmt":"2025-06-17T10:00:31","slug":"custom-shaped-pouches","status":"publish","type":"product","link":"https:\/\/www.stanleypackage.com\/fr\/product\/custom-shaped-pouches\/","title":{"rendered":"OEM Pochettes fa\u00e7onn\u00e9es en gros avec brosses \u00e0 rouge \u00e0 l\u00e8vres"},"content":{"rendered":"<div class=\"wp-block-columns is-layout-flex wp-container-core-columns-is-layout-9d6595d7 wp-block-columns-is-layout-flex\">\n<div class=\"wp-block-column is-layout-flow wp-block-column-is-layout-flow\">\n<h2 class=\"wp-block-heading\">Caract\u00e9ristiques des pochettes \u00e0 forme personnalis\u00e9e<\/h2>\n\n\n\n<ul class=\"wp-block-list\">\n<li><strong>T\u00eate de brosse et buse int\u00e9gr\u00e9es, pratiques :<\/strong> Nos sachets de forme personnalis\u00e9e int\u00e8grent de mani\u00e8re innovante la structure de la brosse \u00e0 l\u00e8vres et de l'embout, ce qui permet aux utilisateurs de contr\u00f4ler avec pr\u00e9cision la quantit\u00e9 et la plage d'application, et d'am\u00e9liorer la commodit\u00e9 et l'exp\u00e9rience d'utilisation du produit.<\/li>\n\n\n\n<li><strong>Mat\u00e9riaux multicouches de haute qualit\u00e9 pour prot\u00e9ger le contenu : <\/strong>Cette pochette de rouge \u00e0 l\u00e8vres en gros utilise un mat\u00e9riau composite \u00e0 haute barri\u00e8re PET12\/VMPET12\/PE115, qui r\u00e9siste efficacement \u00e0 l'humidit\u00e9 et \u00e0 l'oxydation, garantissant la fra\u00eecheur et la s\u00e9curit\u00e9 du contenu pendant une longue p\u00e9riode.<\/li>\n\n\n\n<li><strong>Convient \u00e0 une vari\u00e9t\u00e9 de produits p\u00e2teux et fluides :<\/strong> Ces pochettes personnalis\u00e9es avec pinceaux conviennent \u00e0 une grande vari\u00e9t\u00e9 de produits cosm\u00e9tiques liquides ou en p\u00e2te, tels que le rouge \u00e0 l\u00e8vres, le baume \u00e0 l\u00e8vres, le fard \u00e0 joues liquide, etc., afin de r\u00e9pondre aux besoins d'emballage de diff\u00e9rentes cat\u00e9gories de produits cosm\u00e9tiques.<\/li>\n\n\n\n<li><strong>Impression de haute pr\u00e9cision, fort impact visuel : <\/strong>Nos pochettes de rouge \u00e0 l\u00e8vres en gros peuvent \u00eatre imprim\u00e9es en h\u00e9liogravure sur les deux faces, jusqu'\u00e0 10 couleurs, avec des motifs clairs et d\u00e9licats, des couleurs vives et pleines, pour r\u00e9pondre aux besoins visuels des produits cosm\u00e9tiques haut de gamme.<\/li>\n\n\n\n<li><strong>Forme professionnelle personnalis\u00e9e, pour une meilleure reconnaissance de la marque :<\/strong> Nos sachets de forme personnalis\u00e9e permettent la personnalisation des sachets OEM, peuvent \u00eatre con\u00e7us en fonction des besoins de la marque, ont une apparence unique, attirent efficacement l'attention du consommateur et am\u00e9liorent les performances en rayon.<\/li>\n<\/ul>\n\n\n\n<div class=\"wp-block-columns is-layout-flex wp-container-core-columns-is-layout-9d6595d7 wp-block-columns-is-layout-flex\">\n<div class=\"wp-block-column is-layout-flow wp-block-column-is-layout-flow\">\n<figure class=\"wp-block-image size-full\"><img decoding=\"async\" width=\"750\" height=\"750\" src=\"https:\/\/www.stanleypackage.com\/wp-content\/uploads\/2025\/06\/OEM-Custom-Shaped-Pouches-Wholesale-With-Lipstick-Brush-4.webp\" alt=\"OEM Custom Shaped Pouches Wholesale With Lipstick Brush-4 (Pochettes fa\u00e7onn\u00e9es sur mesure avec pinceau pour rouge \u00e0 l\u00e8vres)\" class=\"wp-image-2252\" srcset=\"https:\/\/www.stanleypackage.com\/wp-content\/uploads\/2025\/06\/OEM-Custom-Shaped-Pouches-Wholesale-With-Lipstick-Brush-4.webp 750w, https:\/\/www.stanleypackage.com\/wp-content\/uploads\/2025\/06\/OEM-Custom-Shaped-Pouches-Wholesale-With-Lipstick-Brush-4-300x300.webp 300w, https:\/\/www.stanleypackage.com\/wp-content\/uploads\/2025\/06\/OEM-Custom-Shaped-Pouches-Wholesale-With-Lipstick-Brush-4-150x150.webp 150w, https:\/\/www.stanleypackage.com\/wp-content\/uploads\/2025\/06\/OEM-Custom-Shaped-Pouches-Wholesale-With-Lipstick-Brush-4-12x12.webp 12w, https:\/\/www.stanleypackage.com\/wp-content\/uploads\/2025\/06\/OEM-Custom-Shaped-Pouches-Wholesale-With-Lipstick-Brush-4-600x600.webp 600w, https:\/\/www.stanleypackage.com\/wp-content\/uploads\/2025\/06\/OEM-Custom-Shaped-Pouches-Wholesale-With-Lipstick-Brush-4-100x100.webp 100w\" sizes=\"(max-width: 750px) 100vw, 750px\" \/><\/figure>\n<\/div>\n\n\n\n<div class=\"wp-block-column is-layout-flow wp-block-column-is-layout-flow\">\n<figure class=\"wp-block-image size-full\"><img decoding=\"async\" width=\"750\" height=\"750\" src=\"https:\/\/www.stanleypackage.com\/wp-content\/uploads\/2025\/06\/OEM-Custom-Shaped-Pouches-Wholesale-With-Lipstick-Brush-6.webp\" alt=\"OEM Custom Shaped Pouches Wholesale With Lipstick Brush-6 (Pochettes fa\u00e7onn\u00e9es sur mesure avec pinceau pour rouge \u00e0 l\u00e8vres)\" class=\"wp-image-2254\" srcset=\"https:\/\/www.stanleypackage.com\/wp-content\/uploads\/2025\/06\/OEM-Custom-Shaped-Pouches-Wholesale-With-Lipstick-Brush-6.webp 750w, https:\/\/www.stanleypackage.com\/wp-content\/uploads\/2025\/06\/OEM-Custom-Shaped-Pouches-Wholesale-With-Lipstick-Brush-6-300x300.webp 300w, https:\/\/www.stanleypackage.com\/wp-content\/uploads\/2025\/06\/OEM-Custom-Shaped-Pouches-Wholesale-With-Lipstick-Brush-6-150x150.webp 150w, https:\/\/www.stanleypackage.com\/wp-content\/uploads\/2025\/06\/OEM-Custom-Shaped-Pouches-Wholesale-With-Lipstick-Brush-6-12x12.webp 12w, https:\/\/www.stanleypackage.com\/wp-content\/uploads\/2025\/06\/OEM-Custom-Shaped-Pouches-Wholesale-With-Lipstick-Brush-6-600x600.webp 600w, https:\/\/www.stanleypackage.com\/wp-content\/uploads\/2025\/06\/OEM-Custom-Shaped-Pouches-Wholesale-With-Lipstick-Brush-6-100x100.webp 100w\" sizes=\"(max-width: 750px) 100vw, 750px\" \/><\/figure>\n<\/div>\n<\/div>\n<\/div>\n<\/div>","protected":false},"excerpt":{"rendered":"<p>Bienvenue dans les pochettes fa\u00e7onn\u00e9es personnalis\u00e9es. Cette pochette de rouge \u00e0 l\u00e8vres en gros est fabriqu\u00e9e en mat\u00e9riau composite \u00e0 haute barri\u00e8re, \u00e9quip\u00e9e d'une buse et d'une t\u00eate de pinceau, convenant au rouge \u00e0 l\u00e8vres, au baume \u00e0 l\u00e8vres, au fard \u00e0 joues liquide et \u00e0 d'autres produits, supportant l'impression multicolore recto-verso.<\/p>\n<table style=\"border-collapse: collapse; width: 365.02pt;\" border=\"0\" width=\"365\" cellspacing=\"0\" cellpadding=\"0\">\n<tbody>\n<tr style=\"height: 16.00pt;\">\n<td class=\"et2\" style=\"height: 16.00pt; width: 97.50pt;\" width=\"97\" height=\"16\">Fabricant<\/td>\n<td class=\"et2\" style=\"width: 267.50pt;\" width=\"267\">Stanley<\/td>\n<\/tr>\n<tr style=\"height: 16.00pt;\">\n<td class=\"et2\" style=\"height: 16.00pt; width: 97.50pt;\" width=\"97\" height=\"16\">Types de pochettes<\/td>\n<td class=\"et3\">Pochette fa\u00e7onn\u00e9e, pochette \u00e0 bec avec brosse<\/td>\n<\/tr>\n<tr style=\"height: 16.00pt;\">\n<td class=\"et2\" style=\"height: 16.00pt; width: 97.50pt;\" width=\"97\" height=\"16\">Mat\u00e9riau<\/td>\n<td class=\"et2\" style=\"width: 267.50pt;\" width=\"267\">PET12\/VMPET12\/PE115<\/td>\n<\/tr>\n<tr style=\"height: 16.00pt;\">\n<td class=\"et2\" style=\"height: 16.00pt; width: 97.50pt;\" width=\"97\" height=\"16\">Dossier sp\u00e9cial<\/td>\n<td class=\"et2\" style=\"width: 267.50pt;\" width=\"267\">Buse, brosse, forme irr\u00e9guli\u00e8re<\/td>\n<\/tr>\n<tr style=\"height: 16.00pt;\">\n<td class=\"et2\" style=\"height: 16.00pt; width: 97.50pt;\" width=\"97\" height=\"16\">Manipulation de surface<\/td>\n<td class=\"et2\" style=\"width: 267.50pt;\" width=\"267\">Impression en h\u00e9liogravure<\/td>\n<\/tr>\n<tr style=\"height: 16.00pt;\">\n<td class=\"et2\" style=\"height: 16.00pt; width: 97.50pt;\" width=\"97\" height=\"16\">Couleur<\/td>\n<td class=\"et2\" style=\"width: 267.50pt;\" width=\"267\">Impression recto-verso, jusqu'\u00e0 10 couleurs<\/td>\n<\/tr>\n<tr style=\"height: 16.00pt;\">\n<td class=\"et2\" style=\"height: 16.00pt; width: 97.50pt;\" width=\"97\" height=\"16\">Utilisation<\/td>\n<td class=\"et2\" style=\"width: 267.50pt;\" width=\"267\">Rouge \u00e0 l\u00e8vres, baume \u00e0 l\u00e8vres, fard \u00e0 joues liquide<\/td>\n<\/tr>\n<tr style=\"height: 16.00pt;\">\n<td class=\"et2\" style=\"height: 16.00pt; width: 97.50pt;\" width=\"97\" height=\"16\">MOQ<\/td>\n<td class=\"et2\" style=\"width: 267.50pt;\" width=\"267\">50 000 pi\u00e8ces<\/td>\n<\/tr>\n<tr style=\"height: 16.00pt;\">\n<td class=\"et2\" style=\"height: 16.00pt; width: 97.50pt;\" width=\"97\" height=\"16\">Commande personnalis\u00e9e<\/td>\n<td class=\"et2\" style=\"width: 267.50pt;\" width=\"267\">Acceptation de l'OEM et de l'ODM, prise en charge de l'\u00e9chantillonnage gratuit<\/td>\n<\/tr>\n<\/tbody>\n<\/table>\n<p>&nbsp;<\/p>","protected":false},"featured_media":2251,"comment_status":"closed","ping_status":"closed","template":"","meta":{"_acf_changed":false},"product_brand":[],"product_cat":[32,22],"product_tag":[],"class_list":{"0":"post-2248","1":"product","2":"type-product","3":"status-publish","4":"has-post-thumbnail","6":"product_cat-spout-pouch-manufacturer","7":"product_cat-shaped-pouches-factory","8":"pa_non-food-packaging-cosmetic-packaging-pouches","10":"first","11":"instock","12":"shipping-taxable","13":"product-type-simple"},"acf":[],"_links":{"self":[{"href":"https:\/\/www.stanleypackage.com\/fr\/wp-json\/wp\/v2\/product\/2248","targetHints":{"allow":["GET"]}}],"collection":[{"href":"https:\/\/www.stanleypackage.com\/fr\/wp-json\/wp\/v2\/product"}],"about":[{"href":"https:\/\/www.stanleypackage.com\/fr\/wp-json\/wp\/v2\/types\/product"}],"replies":[{"embeddable":true,"href":"https:\/\/www.stanleypackage.com\/fr\/wp-json\/wp\/v2\/comments?post=2248"}],"wp:featuredmedia":[{"embeddable":true,"href":"https:\/\/www.stanleypackage.com\/fr\/wp-json\/wp\/v2\/media\/2251"}],"wp:attachment":[{"href":"https:\/\/www.stanleypackage.com\/fr\/wp-json\/wp\/v2\/media?parent=2248"}],"wp:term":[{"taxonomy":"product_brand","embeddable":true,"href":"https:\/\/www.stanleypackage.com\/fr\/wp-json\/wp\/v2\/product_brand?post=2248"},{"taxonomy":"product_cat","embeddable":true,"href":"https:\/\/www.stanleypackage.com\/fr\/wp-json\/wp\/v2\/product_cat?post=2248"},{"taxonomy":"product_tag","embeddable":true,"href":"https:\/\/www.stanleypackage.com\/fr\/wp-json\/wp\/v2\/product_tag?post=2248"}],"curies":[{"name":"wp","href":"https:\/\/api.w.org\/{rel}","templated":true}]}}