{"id":2255,"date":"2025-06-18T08:45:39","date_gmt":"2025-06-18T08:45:39","guid":{"rendered":"https:\/\/www.stanleypackage.com\/?post_type=product&#038;p=2255"},"modified":"2025-06-18T09:13:39","modified_gmt":"2025-06-18T09:13:39","slug":"wholesale-flexible-packaging","status":"publish","type":"product","link":"https:\/\/www.stanleypackage.com\/fr\/product\/wholesale-flexible-packaging\/","title":{"rendered":"Emballage flexible OEM avec brosse \u00e0 mascara"},"content":{"rendered":"<div class=\"wp-block-columns is-layout-flex wp-container-core-columns-is-layout-9d6595d7 wp-block-columns-is-layout-flex\">\n<div class=\"wp-block-column is-layout-flow wp-block-column-is-layout-flow\">\n<h2 class=\"wp-block-heading\">Caract\u00e9ristiques de l'emballage flexible en gros<\/h2>\n\n\n\n<ul class=\"wp-block-list\">\n<li><strong>T\u00eate de brosse int\u00e9gr\u00e9e, facile \u00e0 utiliser : <\/strong>Cet emballage flexible de gros est dot\u00e9 d'une brosse \u00e0 cils ou d'une brosse \u00e0 sourcils int\u00e9gr\u00e9e, ce qui \u00e9limine les accessoires suppl\u00e9mentaires et permet aux consommateurs de l'appliquer directement, tout en am\u00e9liorant l'exp\u00e9rience de l'utilisateur.<\/li>\n\n\n\n<li><strong>Soutien \u00e0 la personnalisation des sacs de forme sp\u00e9ciale pour am\u00e9liorer la reconnaissance : <\/strong>Notre pochette d'emballage cosm\u00e9tique sur mesure peut \u00eatre personnalis\u00e9e de mani\u00e8re flexible avec des formes irr\u00e9guli\u00e8res, qui peuvent \u00eatre personnalis\u00e9es en fonction des exigences de la marque afin de renforcer le caract\u00e8re unique et la comp\u00e9titivit\u00e9 du produit sur le march\u00e9.<\/li>\n\n\n\n<li><strong>Structure composite \u00e0 trois couches, forte performance de barri\u00e8re : <\/strong>Cet emballage flexible de gros adopte la structure du mat\u00e9riau PET12\/VMPET12\/PE115, qui bloque efficacement l'air et la lumi\u00e8re et prot\u00e8ge la qualit\u00e9 stable de la p\u00e2te.<\/li>\n\n\n\n<li><strong>Impression recto-verso de haute qualit\u00e9, mettant en valeur l'image de marque : <\/strong>Notre pochette d'emballage cosm\u00e9tique personnalis\u00e9e adopte l'impression en h\u00e9liogravure, de haute pr\u00e9cision, supporte jusqu'\u00e0 10 couleurs, et des motifs lumineux, adapt\u00e9s \u00e0 la pr\u00e9sentation d'emballages cosm\u00e9tiques haut de gamme.<\/li>\n\n\n\n<li><strong>Convient \u00e0 une vari\u00e9t\u00e9 de produits cosm\u00e9tiques fluides et p\u00e2teux : <\/strong>Cet emballage flexible de gros convient au mascara, au gel pour les sourcils et \u00e0 d'autres produits en p\u00e2te, en tenant compte \u00e0 la fois de la fonctionnalit\u00e9 et de l'esth\u00e9tique de l'emballage pour r\u00e9pondre \u00e0 des applications multi-sc\u00e9narios.<\/li>\n<\/ul>\n\n\n\n<div class=\"wp-block-columns is-layout-flex wp-container-core-columns-is-layout-9d6595d7 wp-block-columns-is-layout-flex\">\n<div class=\"wp-block-column is-layout-flow wp-block-column-is-layout-flow\">\n<figure class=\"wp-block-image size-full\"><img decoding=\"async\" width=\"750\" height=\"750\" src=\"https:\/\/www.stanleypackage.com\/wp-content\/uploads\/2025\/06\/OEM-Shape-Wholesale-Flexible-Packaging-with-Mascara-Brush-3.webp\" alt=\"Emballage flexible OEM avec brosse \u00e0 mascara-3\" class=\"wp-image-2258\" srcset=\"https:\/\/www.stanleypackage.com\/wp-content\/uploads\/2025\/06\/OEM-Shape-Wholesale-Flexible-Packaging-with-Mascara-Brush-3.webp 750w, https:\/\/www.stanleypackage.com\/wp-content\/uploads\/2025\/06\/OEM-Shape-Wholesale-Flexible-Packaging-with-Mascara-Brush-3-300x300.webp 300w, https:\/\/www.stanleypackage.com\/wp-content\/uploads\/2025\/06\/OEM-Shape-Wholesale-Flexible-Packaging-with-Mascara-Brush-3-150x150.webp 150w, https:\/\/www.stanleypackage.com\/wp-content\/uploads\/2025\/06\/OEM-Shape-Wholesale-Flexible-Packaging-with-Mascara-Brush-3-12x12.webp 12w, https:\/\/www.stanleypackage.com\/wp-content\/uploads\/2025\/06\/OEM-Shape-Wholesale-Flexible-Packaging-with-Mascara-Brush-3-600x600.webp 600w, https:\/\/www.stanleypackage.com\/wp-content\/uploads\/2025\/06\/OEM-Shape-Wholesale-Flexible-Packaging-with-Mascara-Brush-3-100x100.webp 100w\" sizes=\"(max-width: 750px) 100vw, 750px\" \/><\/figure>\n<\/div>\n\n\n\n<div class=\"wp-block-column is-layout-flow wp-block-column-is-layout-flow\">\n<figure class=\"wp-block-image size-full\"><img decoding=\"async\" width=\"750\" height=\"750\" src=\"https:\/\/www.stanleypackage.com\/wp-content\/uploads\/2025\/06\/OEM-Shape-Wholesale-Flexible-Packaging-with-Mascara-Brush-2.webp\" alt=\"Emballage flexible OEM avec brosse \u00e0 mascara-2\" class=\"wp-image-2257\" srcset=\"https:\/\/www.stanleypackage.com\/wp-content\/uploads\/2025\/06\/OEM-Shape-Wholesale-Flexible-Packaging-with-Mascara-Brush-2.webp 750w, https:\/\/www.stanleypackage.com\/wp-content\/uploads\/2025\/06\/OEM-Shape-Wholesale-Flexible-Packaging-with-Mascara-Brush-2-300x300.webp 300w, https:\/\/www.stanleypackage.com\/wp-content\/uploads\/2025\/06\/OEM-Shape-Wholesale-Flexible-Packaging-with-Mascara-Brush-2-150x150.webp 150w, https:\/\/www.stanleypackage.com\/wp-content\/uploads\/2025\/06\/OEM-Shape-Wholesale-Flexible-Packaging-with-Mascara-Brush-2-12x12.webp 12w, https:\/\/www.stanleypackage.com\/wp-content\/uploads\/2025\/06\/OEM-Shape-Wholesale-Flexible-Packaging-with-Mascara-Brush-2-600x600.webp 600w, https:\/\/www.stanleypackage.com\/wp-content\/uploads\/2025\/06\/OEM-Shape-Wholesale-Flexible-Packaging-with-Mascara-Brush-2-100x100.webp 100w\" sizes=\"(max-width: 750px) 100vw, 750px\" \/><\/figure>\n<\/div>\n<\/div>\n<\/div>\n<\/div>","protected":false},"excerpt":{"rendered":"<p>Bienvenue sur le site d'achat en gros d'emballages flexibles. Cette pochette d'emballage cosm\u00e9tique personnalis\u00e9e combine une buse et une brosse \u00e0 cils, et adopte un mat\u00e9riau composite \u00e0 haute barri\u00e8re, qui est largement utilis\u00e9 dans les produits cosm\u00e9tiques tels que les teintures pour sourcils et le mascara.<\/p>\n<table style=\"border-collapse: collapse; width: 365.02pt;\" border=\"0\" width=\"365\" cellspacing=\"0\" cellpadding=\"0\">\n<tbody>\n<tr style=\"height: 16.00pt;\">\n<td class=\"et2\" style=\"height: 16.00pt; width: 97.50pt;\" width=\"97\" height=\"16\">Fabricant<\/td>\n<td class=\"et2\" style=\"width: 267.50pt;\" width=\"267\">Stanley<\/td>\n<\/tr>\n<tr style=\"height: 16.00pt;\">\n<td class=\"et2\" style=\"height: 16.00pt; width: 97.50pt;\" width=\"97\" height=\"16\">Types de pochettes<\/td>\n<td class=\"et3\">Pochette fa\u00e7onn\u00e9e, pochette \u00e0 bec avec brosse<\/td>\n<\/tr>\n<tr style=\"height: 16.00pt;\">\n<td class=\"et2\" style=\"height: 16.00pt; width: 97.50pt;\" width=\"97\" height=\"16\">Mat\u00e9riau<\/td>\n<td class=\"et2\" style=\"width: 267.50pt;\" width=\"267\">PET12\/VMPET12\/PE115<\/td>\n<\/tr>\n<tr style=\"height: 16.00pt;\">\n<td class=\"et2\" style=\"height: 16.00pt; width: 97.50pt;\" width=\"97\" height=\"16\">Dossier sp\u00e9cial<\/td>\n<td class=\"et2\" style=\"width: 267.50pt;\" width=\"267\">Embout, brosse \u00e0 mascara, forme irr\u00e9guli\u00e8re<\/td>\n<\/tr>\n<tr style=\"height: 16.00pt;\">\n<td class=\"et2\" style=\"height: 16.00pt; width: 97.50pt;\" width=\"97\" height=\"16\">Manipulation de surface<\/td>\n<td class=\"et2\" style=\"width: 267.50pt;\" width=\"267\">Impression en h\u00e9liogravure<\/td>\n<\/tr>\n<tr style=\"height: 16.00pt;\">\n<td class=\"et2\" style=\"height: 16.00pt; width: 97.50pt;\" width=\"97\" height=\"16\">Couleur<\/td>\n<td class=\"et2\" style=\"width: 267.50pt;\" width=\"267\">Impression recto-verso, jusqu'\u00e0 10 couleurs<\/td>\n<\/tr>\n<tr style=\"height: 16.00pt;\">\n<td class=\"et2\" style=\"height: 16.00pt; width: 97.50pt;\" width=\"97\" height=\"16\">Utilisation<\/td>\n<td class=\"et2\" style=\"width: 267.50pt;\" width=\"267\">Mascara, gel pour les sourcils<\/td>\n<\/tr>\n<tr style=\"height: 16.00pt;\">\n<td class=\"et2\" style=\"height: 16.00pt; width: 97.50pt;\" width=\"97\" height=\"16\">MOQ<\/td>\n<td class=\"et2\" style=\"width: 267.50pt;\" width=\"267\">50 000 pi\u00e8ces<\/td>\n<\/tr>\n<tr style=\"height: 16.00pt;\">\n<td class=\"et2\" style=\"height: 16.00pt; width: 97.50pt;\" width=\"97\" height=\"16\">Commande personnalis\u00e9e<\/td>\n<td class=\"et2\" style=\"width: 267.50pt;\" width=\"267\">Acceptation de l'OEM et de l'ODM, prise en charge de l'\u00e9chantillonnage gratuit<\/td>\n<\/tr>\n<\/tbody>\n<\/table>\n<p>&nbsp;<\/p>\n<p>&nbsp;<\/p>","protected":false},"featured_media":2259,"comment_status":"closed","ping_status":"closed","template":"","meta":{"_acf_changed":false},"product_brand":[],"product_cat":[32,22],"product_tag":[],"class_list":{"0":"post-2255","1":"product","2":"type-product","3":"status-publish","4":"has-post-thumbnail","6":"product_cat-spout-pouch-manufacturer","7":"product_cat-shaped-pouches-factory","8":"pa_non-food-packaging-cosmetic-packaging-pouches","10":"first","11":"instock","12":"shipping-taxable","13":"product-type-simple"},"acf":[],"_links":{"self":[{"href":"https:\/\/www.stanleypackage.com\/fr\/wp-json\/wp\/v2\/product\/2255","targetHints":{"allow":["GET"]}}],"collection":[{"href":"https:\/\/www.stanleypackage.com\/fr\/wp-json\/wp\/v2\/product"}],"about":[{"href":"https:\/\/www.stanleypackage.com\/fr\/wp-json\/wp\/v2\/types\/product"}],"replies":[{"embeddable":true,"href":"https:\/\/www.stanleypackage.com\/fr\/wp-json\/wp\/v2\/comments?post=2255"}],"wp:featuredmedia":[{"embeddable":true,"href":"https:\/\/www.stanleypackage.com\/fr\/wp-json\/wp\/v2\/media\/2259"}],"wp:attachment":[{"href":"https:\/\/www.stanleypackage.com\/fr\/wp-json\/wp\/v2\/media?parent=2255"}],"wp:term":[{"taxonomy":"product_brand","embeddable":true,"href":"https:\/\/www.stanleypackage.com\/fr\/wp-json\/wp\/v2\/product_brand?post=2255"},{"taxonomy":"product_cat","embeddable":true,"href":"https:\/\/www.stanleypackage.com\/fr\/wp-json\/wp\/v2\/product_cat?post=2255"},{"taxonomy":"product_tag","embeddable":true,"href":"https:\/\/www.stanleypackage.com\/fr\/wp-json\/wp\/v2\/product_tag?post=2255"}],"curies":[{"name":"wp","href":"https:\/\/api.w.org\/{rel}","templated":true}]}}