{"id":2261,"date":"2025-06-18T09:14:11","date_gmt":"2025-06-18T09:14:11","guid":{"rendered":"https:\/\/www.stanleypackage.com\/?post_type=product&#038;p=2261"},"modified":"2025-06-18T09:31:12","modified_gmt":"2025-06-18T09:31:12","slug":"custom-printed-spout-pouches","status":"publish","type":"product","link":"https:\/\/www.stanleypackage.com\/fr\/product\/custom-printed-spout-pouches\/","title":{"rendered":"Vente en gros de poches \u00e0 bec imprim\u00e9es sur mesure pour le fond de teint liquide"},"content":{"rendered":"<div class=\"wp-block-columns is-layout-flex wp-container-core-columns-is-layout-9d6595d7 wp-block-columns-is-layout-flex\">\n<div class=\"wp-block-column is-layout-flow wp-block-column-is-layout-flow\">\n<h2 class=\"wp-block-heading\">Caract\u00e9ristiques des pochettes \u00e0 bec imprim\u00e9es sur mesure<\/h2>\n\n\n\n<ul class=\"wp-block-list\">\n<li><strong>Con\u00e7u pour le fond de teint liquide, scell\u00e9 et \u00e9tanche :<\/strong> La conception de la buse de ces sachets \u00e0 bec imprim\u00e9s personnalis\u00e9s est associ\u00e9e \u00e0 une structure composite \u00e0 haute barri\u00e8re pour emp\u00eacher les fuites et l'oxydation, et prot\u00e9ger la texture du produit pour qu'elle soit stable et durable.<\/li>\n\n\n\n<li><strong>Personnalisation des formes sp\u00e9ciales pour mettre en valeur la personnalit\u00e9 de la marque :<\/strong> Nos sachets \u00e0 bec en gros peuvent \u00eatre personnalis\u00e9s avec des formes de sachets irr\u00e9guli\u00e8res selon les besoins visuels de la marque afin d'am\u00e9liorer la reconnaissance du produit et l'attrait du march\u00e9.<\/li>\n\n\n\n<li><strong>Impression de haute qualit\u00e9, effets visuels remarquables : <\/strong>Nos pochettes \u00e0 bec imprim\u00e9es sur mesure peuvent \u00eatre imprim\u00e9es en h\u00e9liogravure sur les deux faces, jusqu'\u00e0 10 couleurs, avec des motifs clairs et lumineux, et conviennent \u00e0 la conception d'emballages cosm\u00e9tiques d\u00e9taill\u00e9s.<\/li>\n\n\n\n<li><strong>Divers proc\u00e9d\u00e9s de traitement de surface sont disponibles, avec un toucher avanc\u00e9 : <\/strong>Des effets d'impression sp\u00e9ciaux tels que l'UV, le mat et le brillant peuvent \u00eatre s\u00e9lectionn\u00e9s pour les poches \u00e0 bec en gros afin de r\u00e9pondre aux diff\u00e9rentes exigences en mati\u00e8re de style et de texture et de contribuer \u00e0 cr\u00e9er une image haut de gamme.<\/li>\n\n\n\n<li><strong>L\u00e9ger, facile \u00e0 transporter :<\/strong> Ces pochettes \u00e0 bec imprim\u00e9es personnalis\u00e9es sont l\u00e9g\u00e8res et portables. Elles conviennent aux emballages d'essai, aux emballages portables et \u00e0 la livraison d'\u00e9chantillons dans le cadre du commerce \u00e9lectronique, r\u00e9duisant ainsi les co\u00fbts de transport et d'affichage.<\/li>\n<\/ul>\n\n\n\n<div class=\"wp-block-columns is-layout-flex wp-container-core-columns-is-layout-9d6595d7 wp-block-columns-is-layout-flex\">\n<div class=\"wp-block-column is-layout-flow wp-block-column-is-layout-flow\">\n<figure class=\"wp-block-image size-full\"><img decoding=\"async\" width=\"750\" height=\"750\" src=\"https:\/\/www.stanleypackage.com\/wp-content\/uploads\/2025\/06\/Wholesale-Custom-Printed-Spout-Pouches-For-Liquid-Foundation-2.webp\" alt=\"Vente en gros de pochettes \u00e0 bec imprim\u00e9es sur mesure pour fond de teint liquide-2\" class=\"wp-image-2263\" srcset=\"https:\/\/www.stanleypackage.com\/wp-content\/uploads\/2025\/06\/Wholesale-Custom-Printed-Spout-Pouches-For-Liquid-Foundation-2.webp 750w, https:\/\/www.stanleypackage.com\/wp-content\/uploads\/2025\/06\/Wholesale-Custom-Printed-Spout-Pouches-For-Liquid-Foundation-2-300x300.webp 300w, https:\/\/www.stanleypackage.com\/wp-content\/uploads\/2025\/06\/Wholesale-Custom-Printed-Spout-Pouches-For-Liquid-Foundation-2-150x150.webp 150w, https:\/\/www.stanleypackage.com\/wp-content\/uploads\/2025\/06\/Wholesale-Custom-Printed-Spout-Pouches-For-Liquid-Foundation-2-12x12.webp 12w, https:\/\/www.stanleypackage.com\/wp-content\/uploads\/2025\/06\/Wholesale-Custom-Printed-Spout-Pouches-For-Liquid-Foundation-2-600x600.webp 600w, https:\/\/www.stanleypackage.com\/wp-content\/uploads\/2025\/06\/Wholesale-Custom-Printed-Spout-Pouches-For-Liquid-Foundation-2-100x100.webp 100w\" sizes=\"(max-width: 750px) 100vw, 750px\" \/><\/figure>\n<\/div>\n\n\n\n<div class=\"wp-block-column is-layout-flow wp-block-column-is-layout-flow\">\n<figure class=\"wp-block-image size-full\"><img decoding=\"async\" width=\"750\" height=\"750\" src=\"https:\/\/www.stanleypackage.com\/wp-content\/uploads\/2025\/06\/Wholesale-Custom-Printed-Spout-Pouches-For-Liquid-Foundation-3.webp\" alt=\"Vente en gros de pochettes \u00e0 bec imprim\u00e9es sur mesure pour fond de teint liquide-3\" class=\"wp-image-2264\" srcset=\"https:\/\/www.stanleypackage.com\/wp-content\/uploads\/2025\/06\/Wholesale-Custom-Printed-Spout-Pouches-For-Liquid-Foundation-3.webp 750w, https:\/\/www.stanleypackage.com\/wp-content\/uploads\/2025\/06\/Wholesale-Custom-Printed-Spout-Pouches-For-Liquid-Foundation-3-300x300.webp 300w, https:\/\/www.stanleypackage.com\/wp-content\/uploads\/2025\/06\/Wholesale-Custom-Printed-Spout-Pouches-For-Liquid-Foundation-3-150x150.webp 150w, https:\/\/www.stanleypackage.com\/wp-content\/uploads\/2025\/06\/Wholesale-Custom-Printed-Spout-Pouches-For-Liquid-Foundation-3-12x12.webp 12w, https:\/\/www.stanleypackage.com\/wp-content\/uploads\/2025\/06\/Wholesale-Custom-Printed-Spout-Pouches-For-Liquid-Foundation-3-600x600.webp 600w, https:\/\/www.stanleypackage.com\/wp-content\/uploads\/2025\/06\/Wholesale-Custom-Printed-Spout-Pouches-For-Liquid-Foundation-3-100x100.webp 100w\" sizes=\"(max-width: 750px) 100vw, 750px\" \/><\/figure>\n<\/div>\n<\/div>\n<\/div>\n<\/div>","protected":false},"excerpt":{"rendered":"<p>Bienvenue sur le site d'achat en gros de sachets \u00e0 bec. Nos pochettes \u00e0 bec imprim\u00e9es personnalis\u00e9es sont con\u00e7ues pour le fond de teint liquide, en utilisant des mat\u00e9riaux composites \u00e0 haute barri\u00e8re, et des formes de pochettes irr\u00e9guli\u00e8res permettant la personnalisation OEM, r\u00e9pondant aux doubles besoins des marques de cosm\u00e9tiques haut de gamme en mati\u00e8re de fonction et d'apparence de l'emballage.<\/p>\n<table style=\"border-collapse: collapse; width: 365.02pt;\" border=\"0\" width=\"365\" cellspacing=\"0\" cellpadding=\"0\">\n<tbody>\n<tr style=\"height: 16.00pt;\">\n<td class=\"et2\" style=\"height: 16.00pt; width: 97.50pt;\" width=\"97\" height=\"16\">Fabricant<\/td>\n<td class=\"et2\" style=\"width: 267.50pt;\" width=\"267\">Stanley<\/td>\n<\/tr>\n<tr style=\"height: 16.00pt;\">\n<td class=\"et2\" style=\"height: 16.00pt; width: 97.50pt;\" width=\"97\" height=\"16\">Types de pochettes<\/td>\n<td class=\"et3\">Pochette fa\u00e7onn\u00e9e, pochette \u00e0 bec<\/td>\n<\/tr>\n<tr style=\"height: 16.00pt;\">\n<td class=\"et2\" style=\"height: 16.00pt; width: 97.50pt;\" width=\"97\" height=\"16\">Mat\u00e9riau<\/td>\n<td class=\"et2\" style=\"width: 267.50pt;\" width=\"267\">PET12\/VMPET12\/PE115<\/td>\n<\/tr>\n<tr style=\"height: 16.00pt;\">\n<td class=\"et2\" style=\"height: 16.00pt; width: 97.50pt;\" width=\"97\" height=\"16\">Dossier sp\u00e9cial<\/td>\n<td class=\"et2\" style=\"width: 267.50pt;\" width=\"267\">Buse de forme irr\u00e9guli\u00e8re<\/td>\n<\/tr>\n<tr style=\"height: 16.00pt;\">\n<td class=\"et2\" style=\"height: 16.00pt; width: 97.50pt;\" width=\"97\" height=\"16\">Manipulation de surface<\/td>\n<td class=\"et2\" style=\"width: 267.50pt;\" width=\"267\">Impression en h\u00e9liogravure<\/td>\n<\/tr>\n<tr style=\"height: 16.00pt;\">\n<td class=\"et2\" style=\"height: 16.00pt; width: 97.50pt;\" width=\"97\" height=\"16\">Couleur<\/td>\n<td class=\"et2\" style=\"width: 267.50pt;\" width=\"267\">Impression recto-verso, jusqu'\u00e0 10 couleurs<\/td>\n<\/tr>\n<tr style=\"height: 16.00pt;\">\n<td class=\"et2\" style=\"height: 16.00pt; width: 97.50pt;\" width=\"97\" height=\"16\">Utilisation<\/td>\n<td class=\"et2\" style=\"width: 267.50pt;\" width=\"267\">Fond de teint, Cr\u00e8me, Produits de soin<\/td>\n<\/tr>\n<tr style=\"height: 16.00pt;\">\n<td class=\"et2\" style=\"height: 16.00pt; width: 97.50pt;\" width=\"97\" height=\"16\">MOQ<\/td>\n<td class=\"et2\" style=\"width: 267.50pt;\" width=\"267\">50 000 pi\u00e8ces<\/td>\n<\/tr>\n<tr style=\"height: 16.00pt;\">\n<td class=\"et2\" style=\"height: 16.00pt; width: 97.50pt;\" width=\"97\" height=\"16\">Commande personnalis\u00e9e<\/td>\n<td class=\"et2\" style=\"width: 267.50pt;\" width=\"267\">Acceptation de l'OEM et de l'ODM, prise en charge de l'\u00e9chantillonnage gratuit<\/td>\n<\/tr>\n<\/tbody>\n<\/table>\n<p>&nbsp;<\/p>\n<p>&nbsp;<\/p>","protected":false},"featured_media":2262,"comment_status":"closed","ping_status":"closed","template":"","meta":{"_acf_changed":false},"product_brand":[],"product_cat":[32,22],"product_tag":[],"class_list":{"0":"post-2261","1":"product","2":"type-product","3":"status-publish","4":"has-post-thumbnail","6":"product_cat-spout-pouch-manufacturer","7":"product_cat-shaped-pouches-factory","8":"pa_non-food-packaging-cosmetic-packaging-pouches","10":"first","11":"instock","12":"shipping-taxable","13":"product-type-simple"},"acf":[],"_links":{"self":[{"href":"https:\/\/www.stanleypackage.com\/fr\/wp-json\/wp\/v2\/product\/2261","targetHints":{"allow":["GET"]}}],"collection":[{"href":"https:\/\/www.stanleypackage.com\/fr\/wp-json\/wp\/v2\/product"}],"about":[{"href":"https:\/\/www.stanleypackage.com\/fr\/wp-json\/wp\/v2\/types\/product"}],"replies":[{"embeddable":true,"href":"https:\/\/www.stanleypackage.com\/fr\/wp-json\/wp\/v2\/comments?post=2261"}],"wp:featuredmedia":[{"embeddable":true,"href":"https:\/\/www.stanleypackage.com\/fr\/wp-json\/wp\/v2\/media\/2262"}],"wp:attachment":[{"href":"https:\/\/www.stanleypackage.com\/fr\/wp-json\/wp\/v2\/media?parent=2261"}],"wp:term":[{"taxonomy":"product_brand","embeddable":true,"href":"https:\/\/www.stanleypackage.com\/fr\/wp-json\/wp\/v2\/product_brand?post=2261"},{"taxonomy":"product_cat","embeddable":true,"href":"https:\/\/www.stanleypackage.com\/fr\/wp-json\/wp\/v2\/product_cat?post=2261"},{"taxonomy":"product_tag","embeddable":true,"href":"https:\/\/www.stanleypackage.com\/fr\/wp-json\/wp\/v2\/product_tag?post=2261"}],"curies":[{"name":"wp","href":"https:\/\/api.w.org\/{rel}","templated":true}]}}