{"id":2269,"date":"2025-06-18T09:33:59","date_gmt":"2025-06-18T09:33:59","guid":{"rendered":"https:\/\/www.stanleypackage.com\/?post_type=product&#038;p=2269"},"modified":"2025-06-18T09:46:05","modified_gmt":"2025-06-18T09:46:05","slug":"stand-up-pouches-wholesale","status":"publish","type":"product","link":"https:\/\/www.stanleypackage.com\/fr\/product\/stand-up-pouches-wholesale\/","title":{"rendered":"Spout Stand Up Pouches Wholesale, Liquid Detergent Packaging (emballage de d\u00e9tergent liquide)"},"content":{"rendered":"<div class=\"wp-block-columns is-layout-flex wp-container-core-columns-is-layout-9d6595d7 wp-block-columns-is-layout-flex\">\n<div class=\"wp-block-column is-layout-flow wp-block-column-is-layout-flow\">\n<h2 class=\"wp-block-heading\">Caract\u00e9ristiques des Spout Stand Up Pouches Wholesale<\/h2>\n\n\n\n<ul class=\"wp-block-list\">\n<li><strong>Facile \u00e0 pr\u00e9senter et \u00e0 ranger :<\/strong> La conception de ces sachets avec bec verseur est stable et occupe peu d'espace. Ils conviennent au commerce \u00e9lectronique et \u00e0 la pr\u00e9sentation en rayon des supermarch\u00e9s, tout en permettant d'\u00e9conomiser de l'espace de stockage.<\/li>\n\n\n\n<li><strong>Mat\u00e9riau \u00e0 haute barri\u00e8re : <\/strong>Nos emballages personnalis\u00e9s pour d\u00e9tergents liquides utilisent le mat\u00e9riau composite PET12\/BOPA15\/MBPE130, qui offre une excellente r\u00e9sistance \u00e0 l'humidit\u00e9 et \u00e0 l'oxydation, garantissant que les produits liquides restent frais pendant longtemps.<\/li>\n\n\n\n<li><strong>La conception de la buse d'aspiration permet une utilisation pratique :<\/strong> Nos sachets en gros sont dot\u00e9s d'une buse d'aspiration qui permet de contr\u00f4ler avec pr\u00e9cision la quantit\u00e9 vers\u00e9e, de r\u00e9duire les d\u00e9chets et d'am\u00e9liorer l'exp\u00e9rience du consommateur.<\/li>\n\n\n\n<li><strong>Diverses possibilit\u00e9s de personnalisation de l'impression, am\u00e9lioration de l'image de marque : <\/strong>Ces emballages de d\u00e9tergents liquides en gros permettent une impression personnalis\u00e9e, offrent de nombreuses options de couleur et de conception, aident les marques \u00e0 se d\u00e9marquer sur le march\u00e9 et augmentent la reconnaissance des produits par les consommateurs.<\/li>\n\n\n\n<li><strong>Convient pour l'emballage de grands volumes : <\/strong>Ces sachets avec bec verseur conviennent pour l'emballage de grands volumes. Le mat\u00e9riau respectueux de l'environnement contribue \u00e0 r\u00e9duire la pollution par le plastique. En m\u00eame temps, le sac est plus l\u00e9ger et plus facile \u00e0 transporter que les bouteilles traditionnelles.<\/li>\n<\/ul>\n\n\n\n<div class=\"wp-block-columns is-layout-flex wp-container-core-columns-is-layout-9d6595d7 wp-block-columns-is-layout-flex\">\n<div class=\"wp-block-column is-layout-flow wp-block-column-is-layout-flow\">\n<figure class=\"wp-block-image size-full\"><img decoding=\"async\" width=\"750\" height=\"750\" src=\"https:\/\/www.stanleypackage.com\/wp-content\/uploads\/2025\/06\/Spout-Stand-Up-Pouches-Wholesale-Liquid-Detergent-Packaging-4.webp\" alt=\"Spout Stand Up Pouches Wholesale, Liquid Detergent Packaging-4\" class=\"wp-image-2273\" srcset=\"https:\/\/www.stanleypackage.com\/wp-content\/uploads\/2025\/06\/Spout-Stand-Up-Pouches-Wholesale-Liquid-Detergent-Packaging-4.webp 750w, https:\/\/www.stanleypackage.com\/wp-content\/uploads\/2025\/06\/Spout-Stand-Up-Pouches-Wholesale-Liquid-Detergent-Packaging-4-300x300.webp 300w, https:\/\/www.stanleypackage.com\/wp-content\/uploads\/2025\/06\/Spout-Stand-Up-Pouches-Wholesale-Liquid-Detergent-Packaging-4-150x150.webp 150w, https:\/\/www.stanleypackage.com\/wp-content\/uploads\/2025\/06\/Spout-Stand-Up-Pouches-Wholesale-Liquid-Detergent-Packaging-4-12x12.webp 12w, https:\/\/www.stanleypackage.com\/wp-content\/uploads\/2025\/06\/Spout-Stand-Up-Pouches-Wholesale-Liquid-Detergent-Packaging-4-600x600.webp 600w, https:\/\/www.stanleypackage.com\/wp-content\/uploads\/2025\/06\/Spout-Stand-Up-Pouches-Wholesale-Liquid-Detergent-Packaging-4-100x100.webp 100w\" sizes=\"(max-width: 750px) 100vw, 750px\" \/><\/figure>\n<\/div>\n\n\n\n<div class=\"wp-block-column is-layout-flow wp-block-column-is-layout-flow\">\n<figure class=\"wp-block-image size-full\"><img decoding=\"async\" width=\"750\" height=\"750\" src=\"https:\/\/www.stanleypackage.com\/wp-content\/uploads\/2025\/06\/Spout-Stand-Up-Pouches-Wholesale-Liquid-Detergent-Packaging-1.webp\" alt=\"Spout Stand Up Pouches Wholesale, Liquid Detergent Packaging-1\" class=\"wp-image-2270\" srcset=\"https:\/\/www.stanleypackage.com\/wp-content\/uploads\/2025\/06\/Spout-Stand-Up-Pouches-Wholesale-Liquid-Detergent-Packaging-1.webp 750w, https:\/\/www.stanleypackage.com\/wp-content\/uploads\/2025\/06\/Spout-Stand-Up-Pouches-Wholesale-Liquid-Detergent-Packaging-1-300x300.webp 300w, https:\/\/www.stanleypackage.com\/wp-content\/uploads\/2025\/06\/Spout-Stand-Up-Pouches-Wholesale-Liquid-Detergent-Packaging-1-150x150.webp 150w, https:\/\/www.stanleypackage.com\/wp-content\/uploads\/2025\/06\/Spout-Stand-Up-Pouches-Wholesale-Liquid-Detergent-Packaging-1-12x12.webp 12w, https:\/\/www.stanleypackage.com\/wp-content\/uploads\/2025\/06\/Spout-Stand-Up-Pouches-Wholesale-Liquid-Detergent-Packaging-1-600x600.webp 600w, https:\/\/www.stanleypackage.com\/wp-content\/uploads\/2025\/06\/Spout-Stand-Up-Pouches-Wholesale-Liquid-Detergent-Packaging-1-100x100.webp 100w\" sizes=\"(max-width: 750px) 100vw, 750px\" \/><\/figure>\n<\/div>\n<\/div>\n<\/div>\n<\/div>","protected":false},"excerpt":{"rendered":"<p>Nous vous invitons \u00e0 acheter des emballages pour d\u00e9tergents liquides. Ces sachets avec bec verseur utilisent un mat\u00e9riau composite \u00e0 haute barri\u00e8re, qui pr\u00e9sente une bonne r\u00e9sistance \u00e0 la compression et une bonne \u00e9tanch\u00e9it\u00e9. Elles sont sp\u00e9cialement con\u00e7ues pour les produits liquides tels que les d\u00e9tergents liquides, les savons liquides, les shampooings, etc. et peuvent \u00eatre imprim\u00e9es de mani\u00e8re personnalis\u00e9e.<\/p>\n<table style=\"border-collapse: collapse; width: 365.02pt;\" border=\"0\" width=\"365\" cellspacing=\"0\" cellpadding=\"0\">\n<tbody>\n<tr style=\"height: 16.00pt;\">\n<td class=\"et2\" style=\"height: 16.00pt; width: 97.50pt;\" width=\"97\" height=\"16\">Fabricant<\/td>\n<td class=\"et2\" style=\"width: 267.50pt;\" width=\"267\">Stanley<\/td>\n<\/tr>\n<tr style=\"height: 16.00pt;\">\n<td class=\"et2\" style=\"height: 16.00pt; width: 97.50pt;\" width=\"97\" height=\"16\">Types de pochettes<\/td>\n<td class=\"et3\">Pochette \u00e0 bec, pochette \u00e0 hauteur d'homme<\/td>\n<\/tr>\n<tr style=\"height: 16.00pt;\">\n<td class=\"et2\" style=\"height: 16.00pt; width: 97.50pt;\" width=\"97\" height=\"16\">Mat\u00e9riau<\/td>\n<td class=\"et2\" style=\"width: 267.50pt;\" width=\"267\">PET12\/BOPA15\/MBPE130<\/td>\n<\/tr>\n<tr style=\"height: 16.00pt;\">\n<td class=\"et2\" style=\"height: 16.00pt; width: 97.50pt;\" width=\"97\" height=\"16\">Dossier sp\u00e9cial<\/td>\n<td class=\"et2\" style=\"width: 267.50pt;\" width=\"267\">Pistolet, Bout-de-bouteille<\/td>\n<\/tr>\n<tr style=\"height: 16.00pt;\">\n<td class=\"et2\" style=\"height: 16.00pt; width: 97.50pt;\" width=\"97\" height=\"16\">Manipulation de surface<\/td>\n<td class=\"et2\" style=\"width: 267.50pt;\" width=\"267\">Impression en h\u00e9liogravure<\/td>\n<\/tr>\n<tr style=\"height: 16.00pt;\">\n<td class=\"et2\" style=\"height: 16.00pt; width: 97.50pt;\" width=\"97\" height=\"16\">Couleur<\/td>\n<td class=\"et2\" style=\"width: 267.50pt;\" width=\"267\">Impression recto-verso, jusqu'\u00e0 10 couleurs<\/td>\n<\/tr>\n<tr style=\"height: 16.00pt;\">\n<td class=\"et2\" style=\"height: 16.00pt; width: 97.50pt;\" width=\"97\" height=\"16\">Utilisation<\/td>\n<td class=\"et2\" style=\"width: 267.50pt;\" width=\"267\">D\u00e9tergent pour le linge, savon liquide, gel douche, shampoing<\/td>\n<\/tr>\n<tr style=\"height: 16.00pt;\">\n<td class=\"et2\" style=\"height: 16.00pt; width: 97.50pt;\" width=\"97\" height=\"16\">MOQ<\/td>\n<td class=\"et2\" style=\"width: 267.50pt;\" width=\"267\">50 000 pi\u00e8ces<\/td>\n<\/tr>\n<tr style=\"height: 16.00pt;\">\n<td class=\"et2\" style=\"height: 16.00pt; width: 97.50pt;\" width=\"97\" height=\"16\">Commande personnalis\u00e9e<\/td>\n<td class=\"et2\" style=\"width: 267.50pt;\" width=\"267\">Acceptation de l'OEM et de l'ODM, prise en charge de l'\u00e9chantillonnage gratuit<\/td>\n<\/tr>\n<\/tbody>\n<\/table>","protected":false},"featured_media":2271,"comment_status":"closed","ping_status":"closed","template":"","meta":{"_acf_changed":false},"product_brand":[],"product_cat":[30,32],"product_tag":[],"class_list":{"0":"post-2269","1":"product","2":"type-product","3":"status-publish","4":"has-post-thumbnail","6":"product_cat-stand-up-pouch-manufacturer","7":"product_cat-spout-pouch-manufacturer","8":"pa_non-food-packaging-soap-detergent-pouches","10":"first","11":"instock","12":"shipping-taxable","13":"product-type-simple"},"acf":[],"_links":{"self":[{"href":"https:\/\/www.stanleypackage.com\/fr\/wp-json\/wp\/v2\/product\/2269","targetHints":{"allow":["GET"]}}],"collection":[{"href":"https:\/\/www.stanleypackage.com\/fr\/wp-json\/wp\/v2\/product"}],"about":[{"href":"https:\/\/www.stanleypackage.com\/fr\/wp-json\/wp\/v2\/types\/product"}],"replies":[{"embeddable":true,"href":"https:\/\/www.stanleypackage.com\/fr\/wp-json\/wp\/v2\/comments?post=2269"}],"wp:featuredmedia":[{"embeddable":true,"href":"https:\/\/www.stanleypackage.com\/fr\/wp-json\/wp\/v2\/media\/2271"}],"wp:attachment":[{"href":"https:\/\/www.stanleypackage.com\/fr\/wp-json\/wp\/v2\/media?parent=2269"}],"wp:term":[{"taxonomy":"product_brand","embeddable":true,"href":"https:\/\/www.stanleypackage.com\/fr\/wp-json\/wp\/v2\/product_brand?post=2269"},{"taxonomy":"product_cat","embeddable":true,"href":"https:\/\/www.stanleypackage.com\/fr\/wp-json\/wp\/v2\/product_cat?post=2269"},{"taxonomy":"product_tag","embeddable":true,"href":"https:\/\/www.stanleypackage.com\/fr\/wp-json\/wp\/v2\/product_tag?post=2269"}],"curies":[{"name":"wp","href":"https:\/\/api.w.org\/{rel}","templated":true}]}}