{"id":2276,"date":"2025-06-18T09:46:44","date_gmt":"2025-06-18T09:46:44","guid":{"rendered":"https:\/\/www.stanleypackage.com\/?post_type=product&#038;p=2276"},"modified":"2025-09-06T01:59:12","modified_gmt":"2025-09-06T01:59:12","slug":"wholesale-spout-pouch-packaging","status":"publish","type":"product","link":"https:\/\/www.stanleypackage.com\/fr\/product\/wholesale-spout-pouch-packaging\/","title":{"rendered":"Emballage mono-mat\u00e9riau en gros pour lotion corporelle"},"content":{"rendered":"<div class=\"wp-block-columns is-layout-flex wp-container-core-columns-is-layout-9d6595d7 wp-block-columns-is-layout-flex\">\n<div class=\"wp-block-column is-layout-flow wp-block-column-is-layout-flow\">\n<h2 class=\"wp-block-heading\">Caract\u00e9ristiques de l'emballage de poche \u00e0 bec en gros<\/h2>\n\n\n\n<ul class=\"wp-block-list\">\n<li><strong>Mat\u00e9riau recyclable : <\/strong>Cet emballage de poche \u00e0 bec en gros utilise un mat\u00e9riau PE unique, enti\u00e8rement recyclable, conforme aux lois sur la protection de l'environnement, r\u00e9duisant la pollution plastique et donnant \u00e0 la marque une impression verte et respectueuse de l'environnement.<\/li>\n\n\n\n<li><strong>La conception de la buse d'aspiration permet une utilisation pr\u00e9cise : <\/strong>Cet emballage en sachet personnalis\u00e9 est dot\u00e9 d'une buse d'aspiration qui permet aux clients de contr\u00f4ler pr\u00e9cis\u00e9ment la quantit\u00e9 d'application, de minimiser les d\u00e9chets et d'am\u00e9liorer l'exp\u00e9rience des clients.<\/li>\n\n\n\n<li><strong>Remplissage par le bas, pratique et efficace : <\/strong>La conception du remplissage par le bas de cet emballage \u00e0 bec garantit un remplissage en douceur du liquide, r\u00e9duit l'espace d'air dans la production, am\u00e9liore l'efficacit\u00e9 de l'emballage et maintient la fra\u00eecheur du produit.<\/li>\n\n\n\n<li><strong>L\u00e9ger et portable, il permet d'\u00e9conomiser de l'espace :<\/strong> Cette conception d'emballage en pochette personnalis\u00e9e est l\u00e9g\u00e8re et portable, elle permet d'\u00e9conomiser de l'espace de stockage par rapport aux bouteilles traditionnelles et convient aux ventes en ligne et \u00e0 l'utilisation quotidienne.<\/li>\n\n\n\n<li><strong>Convient \u00e0 une vari\u00e9t\u00e9 de produits de soins de la peau, avec de vastes applications sur le march\u00e9 : <\/strong>Ces emballages \u00e0 bec conviennent aux produits de soin liquides ou p\u00e2teux tels que les lotions et les cr\u00e8mes. Ils r\u00e9pondent aux besoins d'emballage des diff\u00e9rentes marques de produits de soin et am\u00e9liorent la comp\u00e9titivit\u00e9 des produits sur le march\u00e9.<\/li>\n<\/ul>\n\n\n\n<div class=\"wp-block-columns is-layout-flex wp-container-core-columns-is-layout-9d6595d7 wp-block-columns-is-layout-flex\">\n<div class=\"wp-block-column is-layout-flow wp-block-column-is-layout-flow\">\n<figure class=\"wp-block-image size-full\"><img decoding=\"async\" width=\"750\" height=\"750\" src=\"https:\/\/www.stanleypackage.com\/wp-content\/uploads\/2025\/06\/Mono-Material-Wholesale-Spout-Pouch-Packaging-For-Body-Lotion-2.webp\" alt=\"Emballage mono-mat\u00e9riau pour lotion corporelle-2\" class=\"wp-image-2278\" srcset=\"https:\/\/www.stanleypackage.com\/wp-content\/uploads\/2025\/06\/Mono-Material-Wholesale-Spout-Pouch-Packaging-For-Body-Lotion-2.webp 750w, https:\/\/www.stanleypackage.com\/wp-content\/uploads\/2025\/06\/Mono-Material-Wholesale-Spout-Pouch-Packaging-For-Body-Lotion-2-300x300.webp 300w, https:\/\/www.stanleypackage.com\/wp-content\/uploads\/2025\/06\/Mono-Material-Wholesale-Spout-Pouch-Packaging-For-Body-Lotion-2-150x150.webp 150w, https:\/\/www.stanleypackage.com\/wp-content\/uploads\/2025\/06\/Mono-Material-Wholesale-Spout-Pouch-Packaging-For-Body-Lotion-2-12x12.webp 12w, https:\/\/www.stanleypackage.com\/wp-content\/uploads\/2025\/06\/Mono-Material-Wholesale-Spout-Pouch-Packaging-For-Body-Lotion-2-600x600.webp 600w, https:\/\/www.stanleypackage.com\/wp-content\/uploads\/2025\/06\/Mono-Material-Wholesale-Spout-Pouch-Packaging-For-Body-Lotion-2-100x100.webp 100w\" sizes=\"(max-width: 750px) 100vw, 750px\" \/><\/figure>\n<\/div>\n\n\n\n<div class=\"wp-block-column is-layout-flow wp-block-column-is-layout-flow\">\n<figure class=\"wp-block-image size-full\"><img decoding=\"async\" width=\"750\" height=\"750\" src=\"https:\/\/www.stanleypackage.com\/wp-content\/uploads\/2025\/06\/Mono-Material-Wholesale-Spout-Pouch-Packaging-For-Body-Lotion-4.webp\" alt=\"Emballage mono-mat\u00e9riau pour la lotion corporelle-4\" class=\"wp-image-2280\" srcset=\"https:\/\/www.stanleypackage.com\/wp-content\/uploads\/2025\/06\/Mono-Material-Wholesale-Spout-Pouch-Packaging-For-Body-Lotion-4.webp 750w, https:\/\/www.stanleypackage.com\/wp-content\/uploads\/2025\/06\/Mono-Material-Wholesale-Spout-Pouch-Packaging-For-Body-Lotion-4-300x300.webp 300w, https:\/\/www.stanleypackage.com\/wp-content\/uploads\/2025\/06\/Mono-Material-Wholesale-Spout-Pouch-Packaging-For-Body-Lotion-4-150x150.webp 150w, https:\/\/www.stanleypackage.com\/wp-content\/uploads\/2025\/06\/Mono-Material-Wholesale-Spout-Pouch-Packaging-For-Body-Lotion-4-12x12.webp 12w, https:\/\/www.stanleypackage.com\/wp-content\/uploads\/2025\/06\/Mono-Material-Wholesale-Spout-Pouch-Packaging-For-Body-Lotion-4-600x600.webp 600w, https:\/\/www.stanleypackage.com\/wp-content\/uploads\/2025\/06\/Mono-Material-Wholesale-Spout-Pouch-Packaging-For-Body-Lotion-4-100x100.webp 100w\" sizes=\"(max-width: 750px) 100vw, 750px\" \/><\/figure>\n<\/div>\n<\/div>\n<\/div>\n<\/div>","protected":false},"excerpt":{"rendered":"<p>Nous vous invitons \u00e0 acheter des emballages pour d\u00e9tergents liquides. Ces sachets avec bec verseur utilisent un mat\u00e9riau composite \u00e0 haute barri\u00e8re, qui pr\u00e9sente une bonne r\u00e9sistance \u00e0 la compression et une bonne \u00e9tanch\u00e9it\u00e9. Elles sont sp\u00e9cialement con\u00e7ues pour les produits liquides tels que les d\u00e9tergents liquides, les savons liquides, les shampooings, etc. et peuvent \u00eatre imprim\u00e9es de mani\u00e8re personnalis\u00e9e.<\/p>\n<table style=\"border-collapse: collapse; width: 365.02pt;\" border=\"0\" width=\"365\" cellspacing=\"0\" cellpadding=\"0\">\n<tbody>\n<tr style=\"height: 16.00pt;\">\n<td class=\"et2\" style=\"height: 16.00pt; width: 97.50pt;\" width=\"97\" height=\"16\">Fabricant<\/td>\n<td class=\"et2\" style=\"width: 267.50pt;\" width=\"267\">Stanley<\/td>\n<\/tr>\n<tr style=\"height: 16.00pt;\">\n<td class=\"et2\" style=\"height: 16.00pt; width: 97.50pt;\" width=\"97\" height=\"16\">Types de pochettes<\/td>\n<td class=\"et3\">Pochette \u00e0 bec<\/td>\n<\/tr>\n<tr style=\"height: 16.00pt;\">\n<td class=\"et2\" style=\"height: 16.00pt; width: 97.50pt;\" width=\"97\" height=\"16\">Mat\u00e9riau<\/td>\n<td class=\"et2\" style=\"width: 267.50pt;\" width=\"267\">PE (mono-mat\u00e9riau)<\/td>\n<\/tr>\n<tr style=\"height: 16.00pt;\">\n<td class=\"et2\" style=\"height: 16.00pt; width: 97.50pt;\" width=\"97\" height=\"16\">Dossier sp\u00e9cial<\/td>\n<td class=\"et2\" style=\"width: 267.50pt;\" width=\"267\">Buse, remplissage par le bas, recyclable<\/td>\n<\/tr>\n<tr style=\"height: 16.00pt;\">\n<td class=\"et2\" style=\"height: 16.00pt; width: 97.50pt;\" width=\"97\" height=\"16\">Manipulation de surface<\/td>\n<td class=\"et2\" style=\"width: 267.50pt;\" width=\"267\">Impression en h\u00e9liogravure<\/td>\n<\/tr>\n<tr style=\"height: 16.00pt;\">\n<td class=\"et2\" style=\"height: 16.00pt; width: 97.50pt;\" width=\"97\" height=\"16\">Couleur<\/td>\n<td class=\"et2\" style=\"width: 267.50pt;\" width=\"267\">Impression recto-verso, jusqu'\u00e0 10 couleurs<\/td>\n<\/tr>\n<tr style=\"height: 16.00pt;\">\n<td class=\"et2\" style=\"height: 16.00pt; width: 97.50pt;\" width=\"97\" height=\"16\">Utilisation<\/td>\n<td class=\"et2\" style=\"width: 267.50pt;\" width=\"267\">Cr\u00e8me, Lotion, Cosm\u00e9tique<\/td>\n<\/tr>\n<tr style=\"height: 16.00pt;\">\n<td class=\"et2\" style=\"height: 16.00pt; width: 97.50pt;\" width=\"97\" height=\"16\">MOQ<\/td>\n<td class=\"et2\" style=\"width: 267.50pt;\" width=\"267\">50 000 pi\u00e8ces<\/td>\n<\/tr>\n<tr style=\"height: 16.00pt;\">\n<td class=\"et2\" style=\"height: 16.00pt; width: 97.50pt;\" width=\"97\" height=\"16\">Commande personnalis\u00e9e<\/td>\n<td class=\"et2\" style=\"width: 267.50pt;\" width=\"267\">Acceptation de l'OEM et de l'ODM, prise en charge de l'\u00e9chantillonnage gratuit<\/td>\n<\/tr>\n<\/tbody>\n<\/table>","protected":false},"featured_media":2277,"comment_status":"closed","ping_status":"closed","template":"","meta":{"_acf_changed":false},"product_brand":[],"product_cat":[32],"product_tag":[],"class_list":{"0":"post-2276","1":"product","2":"type-product","3":"status-publish","4":"has-post-thumbnail","6":"product_cat-spout-pouch-manufacturer","7":"pa_material-mono-material","8":"pa_non-food-packaging-cosmetic-packaging-pouches","10":"first","11":"instock","12":"shipping-taxable","13":"product-type-simple"},"acf":[],"_links":{"self":[{"href":"https:\/\/www.stanleypackage.com\/fr\/wp-json\/wp\/v2\/product\/2276","targetHints":{"allow":["GET"]}}],"collection":[{"href":"https:\/\/www.stanleypackage.com\/fr\/wp-json\/wp\/v2\/product"}],"about":[{"href":"https:\/\/www.stanleypackage.com\/fr\/wp-json\/wp\/v2\/types\/product"}],"replies":[{"embeddable":true,"href":"https:\/\/www.stanleypackage.com\/fr\/wp-json\/wp\/v2\/comments?post=2276"}],"wp:featuredmedia":[{"embeddable":true,"href":"https:\/\/www.stanleypackage.com\/fr\/wp-json\/wp\/v2\/media\/2277"}],"wp:attachment":[{"href":"https:\/\/www.stanleypackage.com\/fr\/wp-json\/wp\/v2\/media?parent=2276"}],"wp:term":[{"taxonomy":"product_brand","embeddable":true,"href":"https:\/\/www.stanleypackage.com\/fr\/wp-json\/wp\/v2\/product_brand?post=2276"},{"taxonomy":"product_cat","embeddable":true,"href":"https:\/\/www.stanleypackage.com\/fr\/wp-json\/wp\/v2\/product_cat?post=2276"},{"taxonomy":"product_tag","embeddable":true,"href":"https:\/\/www.stanleypackage.com\/fr\/wp-json\/wp\/v2\/product_tag?post=2276"}],"curies":[{"name":"wp","href":"https:\/\/api.w.org\/{rel}","templated":true}]}}