{"id":2283,"date":"2025-06-19T01:44:12","date_gmt":"2025-06-19T01:44:12","guid":{"rendered":"https:\/\/www.stanleypackage.com\/?post_type=product&#038;p=2283"},"modified":"2025-06-19T02:17:12","modified_gmt":"2025-06-19T02:17:12","slug":"flat-bottom-spout-pouch-wholesale","status":"publish","type":"product","link":"https:\/\/www.stanleypackage.com\/fr\/product\/flat-bottom-spout-pouch-wholesale\/","title":{"rendered":"Pochette \u00e0 bec \u00e0 fond plat Wholesale, pochette pour cr\u00e8me"},"content":{"rendered":"<div class=\"wp-block-columns is-layout-flex wp-container-core-columns-is-layout-9d6595d7 wp-block-columns-is-layout-flex\">\n<div class=\"wp-block-column is-layout-flow wp-block-column-is-layout-flow\">\n<h2 class=\"wp-block-heading\">Caract\u00e9ristiques de la pochette \u00e0 bec \u00e0 fond plat en gros<\/h2>\n\n\n\n<ul class=\"wp-block-list\">\n<li><strong>Conception \u00e0 fond plat, affichage stable : <\/strong>La structure \u00e0 fond plat de ce sachet \u00e0 bec plat en gros am\u00e9liore la stabilit\u00e9 du sachet, qui peut se tenir ind\u00e9pendamment, convient \u00e0 la pr\u00e9sentation en rayon et \u00e0 la pr\u00e9sentation sur le terminal, et am\u00e9liore l'effet visuel de la marque.<\/li>\n\n\n\n<li><strong>Mat\u00e9riau barri\u00e8re \u00e0 trois couches, prot\u00e9geant l'activit\u00e9 du produit :<\/strong> La structure PET15\/AL7\/PE100 de ce sachet \u00e0 bec cosm\u00e9tique personnalis\u00e9 pr\u00e9sente une excellente r\u00e9sistance \u00e0 l'humidit\u00e9 et \u00e0 l'oxydation, ce qui prolonge efficacement la dur\u00e9e de conservation des cr\u00e8mes, des lotions et d'autres produits.<\/li>\n\n\n\n<li><strong>Structure de la buse, facile \u00e0 utiliser et \u00e0 nettoyer : <\/strong>Cette poche \u00e0 fond plat est pratique pour contr\u00f4ler la quantit\u00e9 d'utilisation, \u00e9viter le gaspillage et la pollution, am\u00e9liorer l'exp\u00e9rience du consommateur.<\/li>\n\n\n\n<li><strong>Conception de l'\u00e9tanch\u00e9it\u00e9 lat\u00e9rale, structure compacte et solide : <\/strong>Cette pochette cosm\u00e9tique \u00e0 bec personnalis\u00e9e utilise un scellage lat\u00e9ral pour renforcer l'\u00e9tanch\u00e9it\u00e9 et la r\u00e9sistance \u00e0 la pression de la pochette, emp\u00eacher les fuites et prot\u00e9ger la s\u00e9curit\u00e9 du transport et de l'utilisation quotidienne.<\/li>\n\n\n\n<li><strong>Convient \u00e0 une large gamme de produits de soins de la peau, application flexible : <\/strong>Notre pochette \u00e0 bec \u00e0 fond plat convient aux cr\u00e8mes, lotions, s\u00e9rums et autres produits cosm\u00e9tiques fluides ou semi-fluides, afin de r\u00e9pondre aux divers besoins d'emballage des diff\u00e9rentes marques.<\/li>\n<\/ul>\n\n\n\n<div class=\"wp-block-columns is-layout-flex wp-container-core-columns-is-layout-9d6595d7 wp-block-columns-is-layout-flex\">\n<div class=\"wp-block-column is-layout-flow wp-block-column-is-layout-flow\">\n<figure class=\"wp-block-image size-full\"><img decoding=\"async\" width=\"750\" height=\"750\" src=\"https:\/\/www.stanleypackage.com\/wp-content\/uploads\/2025\/06\/Flat-Bottom-Spout-Pouch-Wholesale-Sachet-Pouch-for-Cream-6.webp\" alt=\"Pochette \u00e0 bec \u00e0 fond plat Wholesale, pochette \u00e0 sachet pour Cream-6\" class=\"wp-image-2289\" srcset=\"https:\/\/www.stanleypackage.com\/wp-content\/uploads\/2025\/06\/Flat-Bottom-Spout-Pouch-Wholesale-Sachet-Pouch-for-Cream-6.webp 750w, https:\/\/www.stanleypackage.com\/wp-content\/uploads\/2025\/06\/Flat-Bottom-Spout-Pouch-Wholesale-Sachet-Pouch-for-Cream-6-300x300.webp 300w, https:\/\/www.stanleypackage.com\/wp-content\/uploads\/2025\/06\/Flat-Bottom-Spout-Pouch-Wholesale-Sachet-Pouch-for-Cream-6-150x150.webp 150w, https:\/\/www.stanleypackage.com\/wp-content\/uploads\/2025\/06\/Flat-Bottom-Spout-Pouch-Wholesale-Sachet-Pouch-for-Cream-6-12x12.webp 12w, https:\/\/www.stanleypackage.com\/wp-content\/uploads\/2025\/06\/Flat-Bottom-Spout-Pouch-Wholesale-Sachet-Pouch-for-Cream-6-600x600.webp 600w, https:\/\/www.stanleypackage.com\/wp-content\/uploads\/2025\/06\/Flat-Bottom-Spout-Pouch-Wholesale-Sachet-Pouch-for-Cream-6-100x100.webp 100w\" sizes=\"(max-width: 750px) 100vw, 750px\" \/><\/figure>\n<\/div>\n\n\n\n<div class=\"wp-block-column is-layout-flow wp-block-column-is-layout-flow\">\n<figure class=\"wp-block-image size-full\"><img decoding=\"async\" width=\"750\" height=\"750\" src=\"https:\/\/www.stanleypackage.com\/wp-content\/uploads\/2025\/06\/Flat-Bottom-Spout-Pouch-Wholesale-Sachet-Pouch-for-Cream-1.webp\" alt=\"Pochette \u00e0 bec \u00e0 fond plat Wholesale, Pochette pour cr\u00e8me-1\" class=\"wp-image-2284\" srcset=\"https:\/\/www.stanleypackage.com\/wp-content\/uploads\/2025\/06\/Flat-Bottom-Spout-Pouch-Wholesale-Sachet-Pouch-for-Cream-1.webp 750w, https:\/\/www.stanleypackage.com\/wp-content\/uploads\/2025\/06\/Flat-Bottom-Spout-Pouch-Wholesale-Sachet-Pouch-for-Cream-1-300x300.webp 300w, https:\/\/www.stanleypackage.com\/wp-content\/uploads\/2025\/06\/Flat-Bottom-Spout-Pouch-Wholesale-Sachet-Pouch-for-Cream-1-150x150.webp 150w, https:\/\/www.stanleypackage.com\/wp-content\/uploads\/2025\/06\/Flat-Bottom-Spout-Pouch-Wholesale-Sachet-Pouch-for-Cream-1-12x12.webp 12w, https:\/\/www.stanleypackage.com\/wp-content\/uploads\/2025\/06\/Flat-Bottom-Spout-Pouch-Wholesale-Sachet-Pouch-for-Cream-1-600x600.webp 600w, https:\/\/www.stanleypackage.com\/wp-content\/uploads\/2025\/06\/Flat-Bottom-Spout-Pouch-Wholesale-Sachet-Pouch-for-Cream-1-100x100.webp 100w\" sizes=\"(max-width: 750px) 100vw, 750px\" \/><\/figure>\n<\/div>\n<\/div>\n<\/div>\n<\/div>","protected":false},"excerpt":{"rendered":"<p>Cette poche \u00e0 bec \u00e0 fond plat a une bonne stabilit\u00e9 et une bonne \u00e9tanch\u00e9it\u00e9, avec un bord de scellement lat\u00e9ral et une buse, convenant \u00e0 la cr\u00e8me, \u00e0 la lotion et \u00e0 d'autres types de produits cosm\u00e9tiques.<\/p>\n<table style=\"border-collapse: collapse; width: 365.02pt;\" border=\"0\" width=\"365\" cellspacing=\"0\" cellpadding=\"0\">\n<tbody>\n<tr style=\"height: 16.00pt;\">\n<td class=\"et2\" style=\"height: 16.00pt; width: 97.50pt;\" width=\"97\" height=\"16\">Fabricant<\/td>\n<td class=\"et2\" style=\"width: 267.50pt;\" width=\"267\">Stanley<\/td>\n<\/tr>\n<tr style=\"height: 16.00pt;\">\n<td class=\"et2\" style=\"height: 16.00pt; width: 97.50pt;\" width=\"97\" height=\"16\">Types de pochettes<\/td>\n<td class=\"et3\">Pochette \u00e0 bec, pochette \u00e0 hauteur d'homme<\/td>\n<\/tr>\n<tr style=\"height: 16.00pt;\">\n<td class=\"et2\" style=\"height: 16.00pt; width: 97.50pt;\" width=\"97\" height=\"16\">Mat\u00e9riau<\/td>\n<td class=\"et2\" style=\"width: 267.50pt;\" width=\"267\">PET15\/AL7\/PE100<\/td>\n<\/tr>\n<tr style=\"height: 16.00pt;\">\n<td class=\"et2\" style=\"height: 16.00pt; width: 97.50pt;\" width=\"97\" height=\"16\">Dossier sp\u00e9cial<\/td>\n<td class=\"et2\" style=\"width: 267.50pt;\" width=\"267\">Buse, fond permanent, joint lat\u00e9ral<\/td>\n<\/tr>\n<tr style=\"height: 16.00pt;\">\n<td class=\"et2\" style=\"height: 16.00pt; width: 97.50pt;\" width=\"97\" height=\"16\">Manipulation de surface<\/td>\n<td class=\"et2\" style=\"width: 267.50pt;\" width=\"267\">Impression en h\u00e9liogravure<\/td>\n<\/tr>\n<tr style=\"height: 16.00pt;\">\n<td class=\"et2\" style=\"height: 16.00pt; width: 97.50pt;\" width=\"97\" height=\"16\">Couleur<\/td>\n<td class=\"et2\" style=\"width: 267.50pt;\" width=\"267\">Impression recto-verso, jusqu'\u00e0 10 couleurs<\/td>\n<\/tr>\n<tr style=\"height: 16.00pt;\">\n<td class=\"et2\" style=\"height: 16.00pt; width: 97.50pt;\" width=\"97\" height=\"16\">Utilisation<\/td>\n<td class=\"et2\" style=\"width: 267.50pt;\" width=\"267\">Cr\u00e8me, Lotion, Cosm\u00e9tique<\/td>\n<\/tr>\n<tr style=\"height: 16.00pt;\">\n<td class=\"et2\" style=\"height: 16.00pt; width: 97.50pt;\" width=\"97\" height=\"16\">MOQ<\/td>\n<td class=\"et2\" style=\"width: 267.50pt;\" width=\"267\">50 000 pi\u00e8ces<\/td>\n<\/tr>\n<tr style=\"height: 16.00pt;\">\n<td class=\"et2\" style=\"height: 16.00pt; width: 97.50pt;\" width=\"97\" height=\"16\">Commande personnalis\u00e9e<\/td>\n<td class=\"et2\" style=\"width: 267.50pt;\" width=\"267\">Acceptation de l'OEM et de l'ODM, prise en charge de l'\u00e9chantillonnage gratuit<\/td>\n<\/tr>\n<\/tbody>\n<\/table>","protected":false},"featured_media":2290,"comment_status":"closed","ping_status":"closed","template":"","meta":{"_acf_changed":false},"product_brand":[],"product_cat":[32,30],"product_tag":[],"class_list":{"0":"post-2283","1":"product","2":"type-product","3":"status-publish","4":"has-post-thumbnail","6":"product_cat-spout-pouch-manufacturer","7":"product_cat-stand-up-pouch-manufacturer","8":"pa_non-food-packaging-cosmetic-packaging-pouches","10":"first","11":"instock","12":"shipping-taxable","13":"product-type-simple"},"acf":[],"_links":{"self":[{"href":"https:\/\/www.stanleypackage.com\/fr\/wp-json\/wp\/v2\/product\/2283","targetHints":{"allow":["GET"]}}],"collection":[{"href":"https:\/\/www.stanleypackage.com\/fr\/wp-json\/wp\/v2\/product"}],"about":[{"href":"https:\/\/www.stanleypackage.com\/fr\/wp-json\/wp\/v2\/types\/product"}],"replies":[{"embeddable":true,"href":"https:\/\/www.stanleypackage.com\/fr\/wp-json\/wp\/v2\/comments?post=2283"}],"wp:featuredmedia":[{"embeddable":true,"href":"https:\/\/www.stanleypackage.com\/fr\/wp-json\/wp\/v2\/media\/2290"}],"wp:attachment":[{"href":"https:\/\/www.stanleypackage.com\/fr\/wp-json\/wp\/v2\/media?parent=2283"}],"wp:term":[{"taxonomy":"product_brand","embeddable":true,"href":"https:\/\/www.stanleypackage.com\/fr\/wp-json\/wp\/v2\/product_brand?post=2283"},{"taxonomy":"product_cat","embeddable":true,"href":"https:\/\/www.stanleypackage.com\/fr\/wp-json\/wp\/v2\/product_cat?post=2283"},{"taxonomy":"product_tag","embeddable":true,"href":"https:\/\/www.stanleypackage.com\/fr\/wp-json\/wp\/v2\/product_tag?post=2283"}],"curies":[{"name":"wp","href":"https:\/\/api.w.org\/{rel}","templated":true}]}}