{"id":2292,"date":"2025-06-19T02:21:31","date_gmt":"2025-06-19T02:21:31","guid":{"rendered":"https:\/\/www.stanleypackage.com\/?post_type=product&#038;p=2292"},"modified":"2025-09-03T09:17:31","modified_gmt":"2025-09-03T09:17:31","slug":"china-frozen-food-pouches-wholesale","status":"publish","type":"product","link":"https:\/\/www.stanleypackage.com\/fr\/product\/china-frozen-food-pouches-wholesale\/","title":{"rendered":"China Frozen Food Pouches Wholesale, Stand Up Zipper Pouch (pochette \u00e0 fermeture \u00e9clair)"},"content":{"rendered":"<div class=\"wp-block-columns is-layout-flex wp-container-core-columns-is-layout-9d6595d7 wp-block-columns-is-layout-flex\">\n<div class=\"wp-block-column is-layout-flow wp-block-column-is-layout-flow\">\n<h2 class=\"wp-block-heading\">Caract\u00e9ristiques des sachets d'aliments surgel\u00e9s de Chine (vente en gros)<\/h2>\n\n\n\n<ul class=\"wp-block-list\">\n<li><strong>Pochettes debout, faciles \u00e0 pr\u00e9senter et \u00e0 ranger : <\/strong>Ces sachets chinois de produits surgel\u00e9s en gros ont une structure de base lisse, qui am\u00e9liore la pr\u00e9sentation en rayon, \u00e9conomise l'espace de stockage et facilite les ventes finales.<\/li>\n\n\n\n<li><strong>Mat\u00e9riau de haute qualit\u00e9, r\u00e9sistant aux basses temp\u00e9ratures et \u00e0 l'humidit\u00e9 :<\/strong> Cette pochette \u00e0 fermeture \u00e9clair personnalis\u00e9e utilise la structure du mat\u00e9riau composite PET12\/PET12\/PE115, s'adaptant \u00e0 l'environnement congel\u00e9, avec une bonne r\u00e9sistance \u00e0 la d\u00e9chirure et \u00e0 l'humidit\u00e9, prot\u00e9geant ainsi la fra\u00eecheur des aliments.<\/li>\n\n\n\n<li><strong>La fermeture \u00e0 glissi\u00e8re permet de sceller plusieurs fois le produit, ce qui est plus pratique : <\/strong>Nos sachets de produits surgel\u00e9s chinois sont \u00e9quip\u00e9s d'une fermeture \u00e0 glissi\u00e8re scell\u00e9e, ce qui permet d'ouvrir et de fermer les sachets plusieurs fois, de conserver l'hygi\u00e8ne et la fra\u00eecheur du contenu et d'am\u00e9liorer l'exp\u00e9rience du consommateur.<\/li>\n\n\n\n<li><strong>Facile \u00e0 d\u00e9chirer, facile \u00e0 ouvrir :<\/strong> nos pochettes \u00e0 fermeture \u00e9clair personnalis\u00e9es sont \u00e9quip\u00e9es d'une ligne de d\u00e9chirement, qui permet aux utilisateurs d'ouvrir facilement les emballages sans avoir besoin d'outils, ce qui les rend plus pratiques.<\/li>\n\n\n\n<li><strong>Convient \u00e0 de nombreux types d'aliments et \u00e0 une large gamme d'applications : <\/strong>Ces sachets chinois pour aliments surgel\u00e9s peuvent \u00eatre largement utilis\u00e9s pour les aliments surgel\u00e9s, les sauces, les assaisonnements et d'autres produits, ce qui constitue un choix d'emballage fiable pour les transformateurs d'aliments et les propri\u00e9taires de marques.<\/li>\n<\/ul>\n\n\n\n<div class=\"wp-block-columns is-layout-flex wp-container-core-columns-is-layout-9d6595d7 wp-block-columns-is-layout-flex\">\n<div class=\"wp-block-column is-layout-flow wp-block-column-is-layout-flow\">\n<figure class=\"wp-block-image size-full\"><img decoding=\"async\" width=\"750\" height=\"750\" src=\"https:\/\/www.stanleypackage.com\/wp-content\/uploads\/2025\/06\/China-Frozen-Food-Pouches-Wholesale-Stand-Up-Zipper-Pouch-2.webp\" alt=\"Pochettes pour aliments surgel\u00e9s en Chine Wholesale, Stand Up Zipper Pouch-2\" class=\"wp-image-2294\" srcset=\"https:\/\/www.stanleypackage.com\/wp-content\/uploads\/2025\/06\/China-Frozen-Food-Pouches-Wholesale-Stand-Up-Zipper-Pouch-2.webp 750w, https:\/\/www.stanleypackage.com\/wp-content\/uploads\/2025\/06\/China-Frozen-Food-Pouches-Wholesale-Stand-Up-Zipper-Pouch-2-300x300.webp 300w, https:\/\/www.stanleypackage.com\/wp-content\/uploads\/2025\/06\/China-Frozen-Food-Pouches-Wholesale-Stand-Up-Zipper-Pouch-2-150x150.webp 150w, https:\/\/www.stanleypackage.com\/wp-content\/uploads\/2025\/06\/China-Frozen-Food-Pouches-Wholesale-Stand-Up-Zipper-Pouch-2-12x12.webp 12w, https:\/\/www.stanleypackage.com\/wp-content\/uploads\/2025\/06\/China-Frozen-Food-Pouches-Wholesale-Stand-Up-Zipper-Pouch-2-600x600.webp 600w, https:\/\/www.stanleypackage.com\/wp-content\/uploads\/2025\/06\/China-Frozen-Food-Pouches-Wholesale-Stand-Up-Zipper-Pouch-2-100x100.webp 100w\" sizes=\"(max-width: 750px) 100vw, 750px\" \/><\/figure>\n<\/div>\n\n\n\n<div class=\"wp-block-column is-layout-flow wp-block-column-is-layout-flow\">\n<figure class=\"wp-block-image size-full\"><img decoding=\"async\" width=\"750\" height=\"750\" src=\"https:\/\/www.stanleypackage.com\/wp-content\/uploads\/2025\/06\/China-Frozen-Food-Pouches-Wholesale-Stand-Up-Zipper-Pouch-3.webp\" alt=\"Pochettes pour aliments surgel\u00e9s en Chine Wholesale, Stand Up Zipper Pouch-3\" class=\"wp-image-2295\" srcset=\"https:\/\/www.stanleypackage.com\/wp-content\/uploads\/2025\/06\/China-Frozen-Food-Pouches-Wholesale-Stand-Up-Zipper-Pouch-3.webp 750w, https:\/\/www.stanleypackage.com\/wp-content\/uploads\/2025\/06\/China-Frozen-Food-Pouches-Wholesale-Stand-Up-Zipper-Pouch-3-300x300.webp 300w, https:\/\/www.stanleypackage.com\/wp-content\/uploads\/2025\/06\/China-Frozen-Food-Pouches-Wholesale-Stand-Up-Zipper-Pouch-3-150x150.webp 150w, https:\/\/www.stanleypackage.com\/wp-content\/uploads\/2025\/06\/China-Frozen-Food-Pouches-Wholesale-Stand-Up-Zipper-Pouch-3-12x12.webp 12w, https:\/\/www.stanleypackage.com\/wp-content\/uploads\/2025\/06\/China-Frozen-Food-Pouches-Wholesale-Stand-Up-Zipper-Pouch-3-600x600.webp 600w, https:\/\/www.stanleypackage.com\/wp-content\/uploads\/2025\/06\/China-Frozen-Food-Pouches-Wholesale-Stand-Up-Zipper-Pouch-3-100x100.webp 100w\" sizes=\"(max-width: 750px) 100vw, 750px\" \/><\/figure>\n<\/div>\n<\/div>\n<\/div>\n<\/div>","protected":false},"excerpt":{"rendered":"<p>Ces sachets pour aliments surgel\u00e9s en gros sont dot\u00e9s d'une fermeture facile \u00e0 d\u00e9chirer, d'une fermeture \u00e0 glissi\u00e8re scell\u00e9e et d'une base solide autoportante. R\u00e9sistants aux basses temp\u00e9ratures et \u00e0 l'humidit\u00e9, ils peuvent \u00eatre imprim\u00e9s de mani\u00e8re personnalis\u00e9e.<\/p>\n<table style=\"border-collapse: collapse; width: 365.02pt;\" border=\"0\" width=\"365\" cellspacing=\"0\" cellpadding=\"0\">\n<tbody>\n<tr style=\"height: 16.00pt;\">\n<td class=\"et2\" style=\"height: 16.00pt; width: 97.50pt;\" width=\"97\" height=\"16\">Fabricant<\/td>\n<td class=\"et2\" style=\"width: 267.50pt;\" width=\"267\">Stanley<\/td>\n<\/tr>\n<tr style=\"height: 16.00pt;\">\n<td class=\"et2\" style=\"height: 16.00pt; width: 97.50pt;\" width=\"97\" height=\"16\">Types de pochettes<\/td>\n<td class=\"et3\">Stand Up Pouch, Zipper Pouch<\/td>\n<\/tr>\n<tr style=\"height: 16.00pt;\">\n<td class=\"et2\" style=\"height: 16.00pt; width: 97.50pt;\" width=\"97\" height=\"16\">Mat\u00e9riau<\/td>\n<td class=\"et2\" style=\"width: 267.50pt;\" width=\"267\">PET12\/PET12\/PE115<\/td>\n<\/tr>\n<tr style=\"height: 16.00pt;\">\n<td class=\"et2\" style=\"height: 16.00pt; width: 97.50pt;\" width=\"97\" height=\"16\">Dossier sp\u00e9cial<\/td>\n<td class=\"et2\" style=\"width: 267.50pt;\" width=\"267\">Encoche de d\u00e9chirure, fermeture \u00e0 glissi\u00e8re, fond debout<\/td>\n<\/tr>\n<tr style=\"height: 16.00pt;\">\n<td class=\"et2\" style=\"height: 16.00pt; width: 97.50pt;\" width=\"97\" height=\"16\">Manipulation de surface<\/td>\n<td class=\"et2\" style=\"width: 267.50pt;\" width=\"267\">Impression en h\u00e9liogravure<\/td>\n<\/tr>\n<tr style=\"height: 16.00pt;\">\n<td class=\"et2\" style=\"height: 16.00pt; width: 97.50pt;\" width=\"97\" height=\"16\">Couleur<\/td>\n<td class=\"et2\" style=\"width: 267.50pt;\" width=\"267\">Impression recto-verso, jusqu'\u00e0 10 couleurs<\/td>\n<\/tr>\n<tr style=\"height: 16.00pt;\">\n<td class=\"et2\" style=\"height: 16.00pt; width: 97.50pt;\" width=\"97\" height=\"16\">Utilisation<\/td>\n<td class=\"et2\" style=\"width: 267.50pt;\" width=\"267\">Aliments surgel\u00e9s, condiments<\/td>\n<\/tr>\n<tr style=\"height: 16.00pt;\">\n<td class=\"et2\" style=\"height: 16.00pt; width: 97.50pt;\" width=\"97\" height=\"16\">MOQ<\/td>\n<td class=\"et2\" style=\"width: 267.50pt;\" width=\"267\">50 000 pi\u00e8ces<\/td>\n<\/tr>\n<tr style=\"height: 16.00pt;\">\n<td class=\"et2\" style=\"height: 16.00pt; width: 97.50pt;\" width=\"97\" height=\"16\">Commande personnalis\u00e9e<\/td>\n<td class=\"et2\" style=\"width: 267.50pt;\" width=\"267\">Acceptation de l'OEM et de l'ODM, prise en charge de l'\u00e9chantillonnage gratuit<\/td>\n<\/tr>\n<\/tbody>\n<\/table>","protected":false},"featured_media":2293,"comment_status":"closed","ping_status":"closed","template":"","meta":{"_acf_changed":false},"product_brand":[],"product_cat":[18,30],"product_tag":[],"class_list":{"0":"post-2292","1":"product","2":"type-product","3":"status-publish","4":"has-post-thumbnail","6":"product_cat-zipper-pouch-manufacturer","7":"product_cat-stand-up-pouch-manufacturer","8":"pa_food-packaging-food-powder-packaging","9":"pa_food-packaging-sauce-condiment-pouches","10":"pa_food-packaging-frozen-food-pouch","12":"first","13":"instock","14":"shipping-taxable","15":"product-type-simple"},"acf":[],"_links":{"self":[{"href":"https:\/\/www.stanleypackage.com\/fr\/wp-json\/wp\/v2\/product\/2292","targetHints":{"allow":["GET"]}}],"collection":[{"href":"https:\/\/www.stanleypackage.com\/fr\/wp-json\/wp\/v2\/product"}],"about":[{"href":"https:\/\/www.stanleypackage.com\/fr\/wp-json\/wp\/v2\/types\/product"}],"replies":[{"embeddable":true,"href":"https:\/\/www.stanleypackage.com\/fr\/wp-json\/wp\/v2\/comments?post=2292"}],"wp:featuredmedia":[{"embeddable":true,"href":"https:\/\/www.stanleypackage.com\/fr\/wp-json\/wp\/v2\/media\/2293"}],"wp:attachment":[{"href":"https:\/\/www.stanleypackage.com\/fr\/wp-json\/wp\/v2\/media?parent=2292"}],"wp:term":[{"taxonomy":"product_brand","embeddable":true,"href":"https:\/\/www.stanleypackage.com\/fr\/wp-json\/wp\/v2\/product_brand?post=2292"},{"taxonomy":"product_cat","embeddable":true,"href":"https:\/\/www.stanleypackage.com\/fr\/wp-json\/wp\/v2\/product_cat?post=2292"},{"taxonomy":"product_tag","embeddable":true,"href":"https:\/\/www.stanleypackage.com\/fr\/wp-json\/wp\/v2\/product_tag?post=2292"}],"curies":[{"name":"wp","href":"https:\/\/api.w.org\/{rel}","templated":true}]}}