{"id":2299,"date":"2025-06-19T02:37:27","date_gmt":"2025-06-19T02:37:27","guid":{"rendered":"https:\/\/www.stanleypackage.com\/?post_type=product&#038;p=2299"},"modified":"2025-06-28T09:29:29","modified_gmt":"2025-06-28T09:29:29","slug":"squeeze-pouches-wholesale","status":"publish","type":"product","link":"https:\/\/www.stanleypackage.com\/fr\/product\/squeeze-pouches-wholesale\/","title":{"rendered":"Stand Up Squeeze Pouches Wholesale For Jelly Drink &amp; Baby Puree"},"content":{"rendered":"<div class=\"wp-block-columns is-layout-flex wp-container-core-columns-is-layout-9d6595d7 wp-block-columns-is-layout-flex\">\n<div class=\"wp-block-column is-layout-flow wp-block-column-is-layout-flow\">\n<h2 class=\"wp-block-heading\">Caract\u00e9ristiques des Squeeze Pouches Wholesale<\/h2>\n\n\n\n<ul class=\"wp-block-list\">\n<li><strong>Couvercles anti-avalements pour enfants, pour plus de s\u00e9curit\u00e9 : <\/strong>Ces sachets \u00e0 presser avec couvercles anti-avalement en gros pour b\u00e9b\u00e9s et enfants en bas \u00e2ge r\u00e9duisent efficacement le risque d'avalement accidentel et am\u00e9liorent le niveau de s\u00e9curit\u00e9 de l'emballage.<\/li>\n\n\n\n<li><strong>Structure en aluminium pur, haute barri\u00e8re anticorrosion et fra\u00eecheur : <\/strong>Cette pochette personnalis\u00e9e pour boissons g\u00e9lifi\u00e9es est fabriqu\u00e9e en mat\u00e9riau composite contenant de l'aluminium, offrant une excellente r\u00e9sistance \u00e0 l'oxyg\u00e8ne, \u00e0 l'humidit\u00e9 et \u00e0 la lumi\u00e8re, ce qui garantit que les pur\u00e9es et les boissons g\u00e9lifi\u00e9es restent fra\u00eeches pendant longtemps.<\/li>\n\n\n\n<li><strong>Film imprim\u00e9 mat, texture d\u00e9licate et haut de gamme : <\/strong>Notre film mat ext\u00e9rieur pour pochettes compressibles permet une impression de haute qualit\u00e9, une vision plus douce et une sensation plus confortable, ce qui renforce l'image haut de gamme de la marque.<\/li>\n\n\n\n<li><strong>Pochette souple, facile \u00e0 utiliser pour les enfants : <\/strong>La structure de cette pochette \u00e0 boisson g\u00e9lifi\u00e9e personnalis\u00e9e permet aux petites mains de la saisir et de la sucer facilement, ce qui permet aux nourrissons et aux enfants en bas \u00e2ge de manger de mani\u00e8re autonome.<\/li>\n\n\n\n<li><strong>Convient aux pur\u00e9es, aux boissons g\u00e9lifi\u00e9es et \u00e0 de nombreux autres produits : <\/strong>Ces sachets en gros conviennent aux pur\u00e9es pour b\u00e9b\u00e9s, aux boissons g\u00e9lifi\u00e9es pour enfants, aux sauces pour fruits et l\u00e9gumes et \u00e0 d'autres aliments fluides ou semi-fluides, largement utilis\u00e9s sur le march\u00e9 des aliments pour m\u00e8res et b\u00e9b\u00e9s et des aliments di\u00e9t\u00e9tiques.<\/li>\n<\/ul>\n\n\n\n<div class=\"wp-block-columns is-layout-flex wp-container-core-columns-is-layout-9d6595d7 wp-block-columns-is-layout-flex\">\n<div class=\"wp-block-column is-layout-flow wp-block-column-is-layout-flow\">\n<figure class=\"wp-block-image size-full\"><img decoding=\"async\" width=\"750\" height=\"750\" src=\"https:\/\/www.stanleypackage.com\/wp-content\/uploads\/2025\/06\/Stand-Up-Squeeze-Pouches-Wholesale-For-Jelly-Drink-Baby-Puree-5.webp\" alt=\"Stand Up Squeeze Pouches Wholesale Pour Jelly Drink &amp; Baby Puree-5\" class=\"wp-image-2304\" srcset=\"https:\/\/www.stanleypackage.com\/wp-content\/uploads\/2025\/06\/Stand-Up-Squeeze-Pouches-Wholesale-For-Jelly-Drink-Baby-Puree-5.webp 750w, https:\/\/www.stanleypackage.com\/wp-content\/uploads\/2025\/06\/Stand-Up-Squeeze-Pouches-Wholesale-For-Jelly-Drink-Baby-Puree-5-300x300.webp 300w, https:\/\/www.stanleypackage.com\/wp-content\/uploads\/2025\/06\/Stand-Up-Squeeze-Pouches-Wholesale-For-Jelly-Drink-Baby-Puree-5-150x150.webp 150w, https:\/\/www.stanleypackage.com\/wp-content\/uploads\/2025\/06\/Stand-Up-Squeeze-Pouches-Wholesale-For-Jelly-Drink-Baby-Puree-5-12x12.webp 12w, https:\/\/www.stanleypackage.com\/wp-content\/uploads\/2025\/06\/Stand-Up-Squeeze-Pouches-Wholesale-For-Jelly-Drink-Baby-Puree-5-600x600.webp 600w, https:\/\/www.stanleypackage.com\/wp-content\/uploads\/2025\/06\/Stand-Up-Squeeze-Pouches-Wholesale-For-Jelly-Drink-Baby-Puree-5-100x100.webp 100w\" sizes=\"(max-width: 750px) 100vw, 750px\" \/><\/figure>\n<\/div>\n\n\n\n<div class=\"wp-block-column is-layout-flow wp-block-column-is-layout-flow\">\n<figure class=\"wp-block-image size-full\"><img decoding=\"async\" width=\"750\" height=\"750\" src=\"https:\/\/www.stanleypackage.com\/wp-content\/uploads\/2025\/06\/Stand-Up-Squeeze-Pouches-Wholesale-For-Jelly-Drink-Baby-Puree-3.webp\" alt=\"Stand Up Squeeze Pouches Wholesale Pour Jelly Drink &amp; Baby Puree-3\" class=\"wp-image-2302\" srcset=\"https:\/\/www.stanleypackage.com\/wp-content\/uploads\/2025\/06\/Stand-Up-Squeeze-Pouches-Wholesale-For-Jelly-Drink-Baby-Puree-3.webp 750w, https:\/\/www.stanleypackage.com\/wp-content\/uploads\/2025\/06\/Stand-Up-Squeeze-Pouches-Wholesale-For-Jelly-Drink-Baby-Puree-3-300x300.webp 300w, https:\/\/www.stanleypackage.com\/wp-content\/uploads\/2025\/06\/Stand-Up-Squeeze-Pouches-Wholesale-For-Jelly-Drink-Baby-Puree-3-150x150.webp 150w, https:\/\/www.stanleypackage.com\/wp-content\/uploads\/2025\/06\/Stand-Up-Squeeze-Pouches-Wholesale-For-Jelly-Drink-Baby-Puree-3-12x12.webp 12w, https:\/\/www.stanleypackage.com\/wp-content\/uploads\/2025\/06\/Stand-Up-Squeeze-Pouches-Wholesale-For-Jelly-Drink-Baby-Puree-3-600x600.webp 600w, https:\/\/www.stanleypackage.com\/wp-content\/uploads\/2025\/06\/Stand-Up-Squeeze-Pouches-Wholesale-For-Jelly-Drink-Baby-Puree-3-100x100.webp 100w\" sizes=\"(max-width: 750px) 100vw, 750px\" \/><\/figure>\n<\/div>\n<\/div>\n<\/div>\n<\/div>","protected":false},"excerpt":{"rendered":"<p>Bienvenue \u00e0 l'achat de sachets personnalis\u00e9s pour boissons g\u00e9lifi\u00e9es, ces sachets compressibles en gros sont con\u00e7us pour les boissons g\u00e9lifi\u00e9es et les pur\u00e9es pour b\u00e9b\u00e9s, la couche int\u00e9rieure est en aluminium pur, avec d'excellentes performances de barri\u00e8re et de blocage de la lumi\u00e8re, le film d'impression mat met en \u00e9vidence la texture haut de gamme.<\/p>\n<table style=\"border-collapse: collapse; width: 365.02pt;\" border=\"0\" width=\"365\" cellspacing=\"0\" cellpadding=\"0\">\n<tbody>\n<tr style=\"height: 16.00pt;\">\n<td class=\"et2\" style=\"height: 16.00pt; width: 97.50pt;\" width=\"97\" height=\"16\">Fabricant<\/td>\n<td class=\"et2\" style=\"width: 267.50pt;\" width=\"267\">Stanley<\/td>\n<\/tr>\n<tr style=\"height: 16.00pt;\">\n<td class=\"et2\" style=\"height: 16.00pt; width: 97.50pt;\" width=\"97\" height=\"16\">Types de pochettes<\/td>\n<td class=\"et3\">Stand Up Pouch, Squeeze Pouch, Spout Pouch<\/td>\n<\/tr>\n<tr style=\"height: 16.00pt;\">\n<td class=\"et2\" style=\"height: 16.00pt; width: 97.50pt;\" width=\"97\" height=\"16\">Mat\u00e9riau<\/td>\n<td class=\"et2\" style=\"width: 267.50pt;\" width=\"267\">PET12\/AL7\/BOPA15\/PE70<\/td>\n<\/tr>\n<tr style=\"height: 16.00pt;\">\n<td class=\"et2\" style=\"height: 16.00pt; width: 97.50pt;\" width=\"97\" height=\"16\">Dossier sp\u00e9cial<\/td>\n<td class=\"et2\" style=\"width: 267.50pt;\" width=\"267\">Bec verseur, bouchon de s\u00e9curit\u00e9 enfant, fond permanent<\/td>\n<\/tr>\n<tr style=\"height: 16.00pt;\">\n<td class=\"et2\" style=\"height: 16.00pt; width: 97.50pt;\" width=\"97\" height=\"16\">Manipulation de surface<\/td>\n<td class=\"et2\" style=\"width: 267.50pt;\" width=\"267\">Impression en h\u00e9liogravure<\/td>\n<\/tr>\n<tr style=\"height: 16.00pt;\">\n<td class=\"et2\" style=\"height: 16.00pt; width: 97.50pt;\" width=\"97\" height=\"16\">Couleur<\/td>\n<td class=\"et2\" style=\"width: 267.50pt;\" width=\"267\">Impression recto-verso, jusqu'\u00e0 10 couleurs<\/td>\n<\/tr>\n<tr style=\"height: 16.00pt;\">\n<td class=\"et2\" style=\"height: 16.00pt; width: 97.50pt;\" width=\"97\" height=\"16\">Utilisation<\/td>\n<td class=\"et2\" style=\"width: 267.50pt;\" width=\"267\">Boisson, boisson g\u00e9lifi\u00e9e, pur\u00e9e pour b\u00e9b\u00e9<\/td>\n<\/tr>\n<tr style=\"height: 16.00pt;\">\n<td class=\"et2\" style=\"height: 16.00pt; width: 97.50pt;\" width=\"97\" height=\"16\">MOQ<\/td>\n<td class=\"et2\" style=\"width: 267.50pt;\" width=\"267\">50 000 pi\u00e8ces<\/td>\n<\/tr>\n<tr style=\"height: 16.00pt;\">\n<td class=\"et2\" style=\"height: 16.00pt; width: 97.50pt;\" width=\"97\" height=\"16\">Commande personnalis\u00e9e<\/td>\n<td class=\"et2\" style=\"width: 267.50pt;\" width=\"267\">Acceptation de l'OEM et de l'ODM, prise en charge de l'\u00e9chantillonnage gratuit<\/td>\n<\/tr>\n<\/tbody>\n<\/table>","protected":false},"featured_media":2303,"comment_status":"closed","ping_status":"closed","template":"","meta":{"_acf_changed":false},"product_brand":[],"product_cat":[61,32,30],"product_tag":[],"class_list":{"0":"post-2299","1":"product","2":"type-product","3":"status-publish","4":"has-post-thumbnail","6":"product_cat-squeeze-pouch-manufacturer","7":"product_cat-spout-pouch-manufacturer","8":"product_cat-stand-up-pouch-manufacturer","9":"pa_food-packaging-baby-food-packaging","10":"pa_food-packaging-drink-beverage-pouch","12":"first","13":"instock","14":"shipping-taxable","15":"product-type-simple"},"acf":[],"_links":{"self":[{"href":"https:\/\/www.stanleypackage.com\/fr\/wp-json\/wp\/v2\/product\/2299","targetHints":{"allow":["GET"]}}],"collection":[{"href":"https:\/\/www.stanleypackage.com\/fr\/wp-json\/wp\/v2\/product"}],"about":[{"href":"https:\/\/www.stanleypackage.com\/fr\/wp-json\/wp\/v2\/types\/product"}],"replies":[{"embeddable":true,"href":"https:\/\/www.stanleypackage.com\/fr\/wp-json\/wp\/v2\/comments?post=2299"}],"wp:featuredmedia":[{"embeddable":true,"href":"https:\/\/www.stanleypackage.com\/fr\/wp-json\/wp\/v2\/media\/2303"}],"wp:attachment":[{"href":"https:\/\/www.stanleypackage.com\/fr\/wp-json\/wp\/v2\/media?parent=2299"}],"wp:term":[{"taxonomy":"product_brand","embeddable":true,"href":"https:\/\/www.stanleypackage.com\/fr\/wp-json\/wp\/v2\/product_brand?post=2299"},{"taxonomy":"product_cat","embeddable":true,"href":"https:\/\/www.stanleypackage.com\/fr\/wp-json\/wp\/v2\/product_cat?post=2299"},{"taxonomy":"product_tag","embeddable":true,"href":"https:\/\/www.stanleypackage.com\/fr\/wp-json\/wp\/v2\/product_tag?post=2299"}],"curies":[{"name":"wp","href":"https:\/\/api.w.org\/{rel}","templated":true}]}}