{"id":2317,"date":"2025-06-28T09:18:19","date_gmt":"2025-06-28T09:18:19","guid":{"rendered":"https:\/\/www.stanleypackage.com\/?post_type=product&#038;p=2317"},"modified":"2025-06-28T09:28:57","modified_gmt":"2025-06-28T09:28:57","slug":"customized-spout-pouch","status":"publish","type":"product","link":"https:\/\/www.stanleypackage.com\/fr\/product\/customized-spout-pouch\/","title":{"rendered":"Vente en gros de pochettes \u00e0 bec personnalis\u00e9es pour condiments et sauces"},"content":{"rendered":"<div class=\"wp-block-columns is-layout-flex wp-container-core-columns-is-layout-9d6595d7 wp-block-columns-is-layout-flex\">\n<div class=\"wp-block-column is-layout-flow wp-block-column-is-layout-flow\">\n<h2 class=\"wp-block-heading\">Caract\u00e9ristiques de la pochette \u00e0 bec personnalis\u00e9e<\/h2>\n\n\n\n<ul class=\"wp-block-list\">\n<li><strong>Type de sac autoportant, meilleure pr\u00e9sentation en rayon : <\/strong>La structure autoportante de cette pochette \u00e0 bec personnalis\u00e9e permet au produit de se tenir fermement en rayon, d'am\u00e9liorer l'effet de pr\u00e9sentation de la marque et de renforcer l'attrait du terminal.<\/li>\n\n\n\n<li><strong>Structure de remplissage par le bas, plus efficace : <\/strong>Nos sachets \u00e0 bec en gros permettent un remplissage par le bas, adapt\u00e9 aux lignes de production automatis\u00e9es, avec une fermeture ferme, am\u00e9liorant l'efficacit\u00e9 et la s\u00e9curit\u00e9 de l'emballage.<\/li>\n\n\n\n<li><strong>Mat\u00e9riau \u00e0 haute barri\u00e8re, dur\u00e9e de conservation prolong\u00e9e : <\/strong>Ce sachet \u00e0 bec personnalis\u00e9 n'utilise que la structure BOPP28\/VMPET12\/PE65, avec une excellente r\u00e9sistance \u00e0 l'humidit\u00e9 et \u00e0 l'oxydation, ce qui permet de conserver la fra\u00eecheur de la sauce et d'allonger la dur\u00e9e de conservation du produit.<\/li>\n\n\n\n<li><strong>La conception de la buse d'aspiration permet une utilisation pratique et propre : <\/strong>Nos sachets \u00e0 bec en gros sont faciles \u00e0 contr\u00f4ler, faciles \u00e0 ouvrir et \u00e0 fermer et \u00e0 r\u00e9utiliser. Ils conviennent \u00e0 une vari\u00e9t\u00e9 de sc\u00e9narios d'utilisation tels que la maison, la restauration et les plats \u00e0 emporter.<\/li>\n\n\n\n<li><strong>Impression et sp\u00e9cifications personnalisables pour renforcer la diff\u00e9renciation de la marque : <\/strong>Notre pochette \u00e0 bec personnalis\u00e9e permet de multiples personnalisations telles que le motif, la taille, le diam\u00e8tre de la buse, etc., afin d'aider les clients \u00e0 cr\u00e9er des solutions d'emballage de marque exclusives.<\/li>\n<\/ul>\n\n\n\n<div class=\"wp-block-columns is-layout-flex wp-container-core-columns-is-layout-9d6595d7 wp-block-columns-is-layout-flex\">\n<div class=\"wp-block-column is-layout-flow wp-block-column-is-layout-flow\">\n<figure class=\"wp-block-image size-full\"><img decoding=\"async\" width=\"750\" height=\"750\" src=\"https:\/\/www.stanleypackage.com\/wp-content\/uploads\/2025\/06\/Wholesale-Customized-Spout-Pouch-For-Condiments-Sauces-4.webp\" alt=\"Vente en gros de pochettes \u00e0 bec personnalis\u00e9es pour condiments et sauces-4\" class=\"wp-image-2321\" srcset=\"https:\/\/www.stanleypackage.com\/wp-content\/uploads\/2025\/06\/Wholesale-Customized-Spout-Pouch-For-Condiments-Sauces-4.webp 750w, https:\/\/www.stanleypackage.com\/wp-content\/uploads\/2025\/06\/Wholesale-Customized-Spout-Pouch-For-Condiments-Sauces-4-300x300.webp 300w, https:\/\/www.stanleypackage.com\/wp-content\/uploads\/2025\/06\/Wholesale-Customized-Spout-Pouch-For-Condiments-Sauces-4-150x150.webp 150w, https:\/\/www.stanleypackage.com\/wp-content\/uploads\/2025\/06\/Wholesale-Customized-Spout-Pouch-For-Condiments-Sauces-4-12x12.webp 12w, https:\/\/www.stanleypackage.com\/wp-content\/uploads\/2025\/06\/Wholesale-Customized-Spout-Pouch-For-Condiments-Sauces-4-600x600.webp 600w, https:\/\/www.stanleypackage.com\/wp-content\/uploads\/2025\/06\/Wholesale-Customized-Spout-Pouch-For-Condiments-Sauces-4-100x100.webp 100w\" sizes=\"(max-width: 750px) 100vw, 750px\" \/><\/figure>\n<\/div>\n\n\n\n<div class=\"wp-block-column is-layout-flow wp-block-column-is-layout-flow\">\n<figure class=\"wp-block-image size-full\"><img decoding=\"async\" width=\"750\" height=\"750\" src=\"https:\/\/www.stanleypackage.com\/wp-content\/uploads\/2025\/06\/Wholesale-Customized-Spout-Pouch-For-Condiments-Sauces-1.webp\" alt=\"Vente en gros de pochettes \u00e0 bec personnalis\u00e9es pour condiments et sauces-1\" class=\"wp-image-2318\" srcset=\"https:\/\/www.stanleypackage.com\/wp-content\/uploads\/2025\/06\/Wholesale-Customized-Spout-Pouch-For-Condiments-Sauces-1.webp 750w, https:\/\/www.stanleypackage.com\/wp-content\/uploads\/2025\/06\/Wholesale-Customized-Spout-Pouch-For-Condiments-Sauces-1-300x300.webp 300w, https:\/\/www.stanleypackage.com\/wp-content\/uploads\/2025\/06\/Wholesale-Customized-Spout-Pouch-For-Condiments-Sauces-1-150x150.webp 150w, https:\/\/www.stanleypackage.com\/wp-content\/uploads\/2025\/06\/Wholesale-Customized-Spout-Pouch-For-Condiments-Sauces-1-12x12.webp 12w, https:\/\/www.stanleypackage.com\/wp-content\/uploads\/2025\/06\/Wholesale-Customized-Spout-Pouch-For-Condiments-Sauces-1-600x600.webp 600w, https:\/\/www.stanleypackage.com\/wp-content\/uploads\/2025\/06\/Wholesale-Customized-Spout-Pouch-For-Condiments-Sauces-1-100x100.webp 100w\" sizes=\"(max-width: 750px) 100vw, 750px\" \/><\/figure>\n<\/div>\n<\/div>\n<\/div>\n<\/div>","protected":false},"excerpt":{"rendered":"<p>Bienvenue sur le site d'achat en gros de sachets \u00e0 bec. Ce sachet \u00e0 bec personnalis\u00e9 pour les sauces assaisonn\u00e9es poss\u00e8de d'excellentes propri\u00e9t\u00e9s de barri\u00e8re et de durabilit\u00e9. La conception de remplissage par le bas avec le type de sac autoportant est pratique pour le remplissage, le transport et la pr\u00e9sentation.<\/p>\n<table style=\"border-collapse: collapse; width: 365.02pt;\" border=\"0\" width=\"365\" cellspacing=\"0\" cellpadding=\"0\">\n<tbody>\n<tr style=\"height: 16.00pt;\">\n<td class=\"et2\" style=\"height: 16.00pt; width: 97.50pt;\" width=\"97\" height=\"16\">Fabricant<\/td>\n<td class=\"et2\" style=\"width: 267.50pt;\" width=\"267\">Stanley<\/td>\n<\/tr>\n<tr style=\"height: 16.00pt;\">\n<td class=\"et2\" style=\"height: 16.00pt; width: 97.50pt;\" width=\"97\" height=\"16\">Types de pochettes<\/td>\n<td class=\"et3\">Pochette \u00e0 bec, pochette \u00e0 hauteur d'homme<\/td>\n<\/tr>\n<tr style=\"height: 16.00pt;\">\n<td class=\"et2\" style=\"height: 16.00pt; width: 97.50pt;\" width=\"97\" height=\"16\">Mat\u00e9riau<\/td>\n<td class=\"et2\" style=\"width: 267.50pt;\" width=\"267\">BOPP28\/VMPET12\/PE65<\/td>\n<\/tr>\n<tr style=\"height: 16.00pt;\">\n<td class=\"et2\" style=\"height: 16.00pt; width: 97.50pt;\" width=\"97\" height=\"16\">Dossier sp\u00e9cial<\/td>\n<td class=\"et2\" style=\"width: 267.50pt;\" width=\"267\">Bec, remplissage par le bas, autoportant<\/td>\n<\/tr>\n<tr style=\"height: 16.00pt;\">\n<td class=\"et2\" style=\"height: 16.00pt; width: 97.50pt;\" width=\"97\" height=\"16\">Manipulation de surface<\/td>\n<td class=\"et2\" style=\"width: 267.50pt;\" width=\"267\">Impression en h\u00e9liogravure<\/td>\n<\/tr>\n<tr style=\"height: 16.00pt;\">\n<td class=\"et2\" style=\"height: 16.00pt; width: 97.50pt;\" width=\"97\" height=\"16\">Couleur<\/td>\n<td class=\"et2\" style=\"width: 267.50pt;\" width=\"267\">Impression recto-verso, jusqu'\u00e0 10 couleurs<\/td>\n<\/tr>\n<tr style=\"height: 16.00pt;\">\n<td class=\"et2\" style=\"height: 16.00pt; width: 97.50pt;\" width=\"97\" height=\"16\">Utilisation<\/td>\n<td class=\"et2\" style=\"width: 267.50pt;\" width=\"267\">Assaisonnements, sauces, boissons en poudre<\/td>\n<\/tr>\n<tr style=\"height: 16.00pt;\">\n<td class=\"et2\" style=\"height: 16.00pt; width: 97.50pt;\" width=\"97\" height=\"16\">MOQ<\/td>\n<td class=\"et2\" style=\"width: 267.50pt;\" width=\"267\">50 000 pi\u00e8ces<\/td>\n<\/tr>\n<tr style=\"height: 16.00pt;\">\n<td class=\"et2\" style=\"height: 16.00pt; width: 97.50pt;\" width=\"97\" height=\"16\">Commande personnalis\u00e9e<\/td>\n<td class=\"et2\" style=\"width: 267.50pt;\" width=\"267\">Acceptation de l'OEM et de l'ODM, prise en charge de l'\u00e9chantillonnage gratuit<\/td>\n<\/tr>\n<\/tbody>\n<\/table>","protected":false},"featured_media":2322,"comment_status":"closed","ping_status":"closed","template":"","meta":{"_acf_changed":false},"product_brand":[],"product_cat":[32,30],"product_tag":[],"class_list":{"0":"post-2317","1":"product","2":"type-product","3":"status-publish","4":"has-post-thumbnail","6":"product_cat-spout-pouch-manufacturer","7":"product_cat-stand-up-pouch-manufacturer","8":"pa_food-packaging-sauce-condiment-pouches","10":"first","11":"instock","12":"shipping-taxable","13":"product-type-simple"},"acf":[],"_links":{"self":[{"href":"https:\/\/www.stanleypackage.com\/fr\/wp-json\/wp\/v2\/product\/2317","targetHints":{"allow":["GET"]}}],"collection":[{"href":"https:\/\/www.stanleypackage.com\/fr\/wp-json\/wp\/v2\/product"}],"about":[{"href":"https:\/\/www.stanleypackage.com\/fr\/wp-json\/wp\/v2\/types\/product"}],"replies":[{"embeddable":true,"href":"https:\/\/www.stanleypackage.com\/fr\/wp-json\/wp\/v2\/comments?post=2317"}],"wp:featuredmedia":[{"embeddable":true,"href":"https:\/\/www.stanleypackage.com\/fr\/wp-json\/wp\/v2\/media\/2322"}],"wp:attachment":[{"href":"https:\/\/www.stanleypackage.com\/fr\/wp-json\/wp\/v2\/media?parent=2317"}],"wp:term":[{"taxonomy":"product_brand","embeddable":true,"href":"https:\/\/www.stanleypackage.com\/fr\/wp-json\/wp\/v2\/product_brand?post=2317"},{"taxonomy":"product_cat","embeddable":true,"href":"https:\/\/www.stanleypackage.com\/fr\/wp-json\/wp\/v2\/product_cat?post=2317"},{"taxonomy":"product_tag","embeddable":true,"href":"https:\/\/www.stanleypackage.com\/fr\/wp-json\/wp\/v2\/product_tag?post=2317"}],"curies":[{"name":"wp","href":"https:\/\/api.w.org\/{rel}","templated":true}]}}