{"id":2335,"date":"2025-07-02T02:40:23","date_gmt":"2025-07-02T02:40:23","guid":{"rendered":"https:\/\/www.stanleypackage.com\/?post_type=product&#038;p=2335"},"modified":"2025-09-06T02:03:21","modified_gmt":"2025-09-06T02:03:21","slug":"custom-printed-kraft-stand-up-pouches","status":"publish","type":"product","link":"https:\/\/www.stanleypackage.com\/fr\/product\/custom-printed-kraft-stand-up-pouches\/","title":{"rendered":"Shampooing Imprim\u00e9 Personnalis\u00e9 Kraft Stand Up Pouches With Spout"},"content":{"rendered":"<div class=\"wp-block-columns is-layout-flex wp-container-core-columns-is-layout-9d6595d7 wp-block-columns-is-layout-flex\">\n<div class=\"wp-block-column is-layout-flow wp-block-column-is-layout-flow\">\n<h2 class=\"wp-block-heading\">Caract\u00e9ristiques des pochettes kraft imprim\u00e9es sur mesure<\/h2>\n\n\n\n<ul class=\"wp-block-list\">\n<li><strong>Couche ext\u00e9rieure en papier kraft naturel, am\u00e9liorant la texture de l'environnement : <\/strong>Ces pochettes kraft imprim\u00e9es sur mesure sont fabriqu\u00e9es en papier kraft jaune, v\u00e9hiculant une image de marque naturelle et biologique, et sont populaires sur le march\u00e9 des consommateurs verts.<\/li>\n\n\n\n<li><strong>Structure composite \u00e0 trois couches, haute performance de barri\u00e8re sup\u00e9rieure : <\/strong>La feuille d'aluminium et la couche int\u00e9rieure en PE de nos sachets kraft en gros offrent d'excellentes fonctions de protection contre l'humidit\u00e9, la lumi\u00e8re et les fuites, prot\u00e9geant ainsi efficacement la qualit\u00e9 du shampoing.<\/li>\n\n\n\n<li><strong>La conception de la buse d'aspiration permet une utilisation pratique et hygi\u00e9nique : <\/strong>La structure de la buse d'aspiration de ces pochettes kraft imprim\u00e9es personnalis\u00e9es est pratique pour contr\u00f4ler la quantit\u00e9 d'utilisation, \u00e9viter le gaspillage, et la fermeture est \u00e9tanche, convenant \u00e0 l'ouverture et \u00e0 la fermeture multiples.<\/li>\n\n\n\n<li><strong>Type de sac autoportant, bon effet de pr\u00e9sentation : <\/strong>Le fond stable de ces pochettes kraft est pratique pour la mise en rayon, am\u00e9liorant la visibilit\u00e9 et le professionnalisme de la marque sur le march\u00e9 des terminaux.<\/li>\n\n\n\n<li><strong>Support d'impression personnalis\u00e9 pour cr\u00e9er des emballages exclusifs : <\/strong>Nos pochettes kraft imprim\u00e9es peuvent \u00eatre personnalis\u00e9es avec des motifs, des couleurs et des proc\u00e9d\u00e9s de surface (tels que mat, brillant, etc.) selon les exigences de la marque pour am\u00e9liorer la reconnaissance du produit et l'attrait visuel.<\/li>\n<\/ul>\n\n\n\n<div class=\"wp-block-columns is-layout-flex wp-container-core-columns-is-layout-9d6595d7 wp-block-columns-is-layout-flex\">\n<div class=\"wp-block-column is-layout-flow wp-block-column-is-layout-flow\">\n<figure class=\"wp-block-image size-full\"><img decoding=\"async\" width=\"750\" height=\"750\" src=\"https:\/\/www.stanleypackage.com\/wp-content\/uploads\/2025\/07\/Shampoo-Custom-Printed-Kraft-Stand-Up-Pouches-With-Spout-3.webp\" alt=\"Shampoing Pochettes kraft imprim\u00e9es avec bec verseur-3\" class=\"wp-image-2338\" srcset=\"https:\/\/www.stanleypackage.com\/wp-content\/uploads\/2025\/07\/Shampoo-Custom-Printed-Kraft-Stand-Up-Pouches-With-Spout-3.webp 750w, https:\/\/www.stanleypackage.com\/wp-content\/uploads\/2025\/07\/Shampoo-Custom-Printed-Kraft-Stand-Up-Pouches-With-Spout-3-300x300.webp 300w, https:\/\/www.stanleypackage.com\/wp-content\/uploads\/2025\/07\/Shampoo-Custom-Printed-Kraft-Stand-Up-Pouches-With-Spout-3-150x150.webp 150w, https:\/\/www.stanleypackage.com\/wp-content\/uploads\/2025\/07\/Shampoo-Custom-Printed-Kraft-Stand-Up-Pouches-With-Spout-3-12x12.webp 12w, https:\/\/www.stanleypackage.com\/wp-content\/uploads\/2025\/07\/Shampoo-Custom-Printed-Kraft-Stand-Up-Pouches-With-Spout-3-600x600.webp 600w, https:\/\/www.stanleypackage.com\/wp-content\/uploads\/2025\/07\/Shampoo-Custom-Printed-Kraft-Stand-Up-Pouches-With-Spout-3-100x100.webp 100w\" sizes=\"(max-width: 750px) 100vw, 750px\" \/><\/figure>\n<\/div>\n\n\n\n<div class=\"wp-block-column is-layout-flow wp-block-column-is-layout-flow\">\n<figure class=\"wp-block-image size-full\"><img decoding=\"async\" width=\"750\" height=\"750\" src=\"https:\/\/www.stanleypackage.com\/wp-content\/uploads\/2025\/07\/Shampoo-Custom-Printed-Kraft-Stand-Up-Pouches-With-Spout-2.webp\" alt=\"Shampooing Imprim\u00e9 Personnalis\u00e9 Kraft Stand Up Pouches With Spout-2\" class=\"wp-image-2337\" srcset=\"https:\/\/www.stanleypackage.com\/wp-content\/uploads\/2025\/07\/Shampoo-Custom-Printed-Kraft-Stand-Up-Pouches-With-Spout-2.webp 750w, https:\/\/www.stanleypackage.com\/wp-content\/uploads\/2025\/07\/Shampoo-Custom-Printed-Kraft-Stand-Up-Pouches-With-Spout-2-300x300.webp 300w, https:\/\/www.stanleypackage.com\/wp-content\/uploads\/2025\/07\/Shampoo-Custom-Printed-Kraft-Stand-Up-Pouches-With-Spout-2-150x150.webp 150w, https:\/\/www.stanleypackage.com\/wp-content\/uploads\/2025\/07\/Shampoo-Custom-Printed-Kraft-Stand-Up-Pouches-With-Spout-2-12x12.webp 12w, https:\/\/www.stanleypackage.com\/wp-content\/uploads\/2025\/07\/Shampoo-Custom-Printed-Kraft-Stand-Up-Pouches-With-Spout-2-600x600.webp 600w, https:\/\/www.stanleypackage.com\/wp-content\/uploads\/2025\/07\/Shampoo-Custom-Printed-Kraft-Stand-Up-Pouches-With-Spout-2-100x100.webp 100w\" sizes=\"(max-width: 750px) 100vw, 750px\" \/><\/figure>\n<\/div>\n<\/div>\n<\/div>\n<\/div>","protected":false},"excerpt":{"rendered":"<p>Nous vous invitons \u00e0 acheter des pochettes kraft imprim\u00e9es personnalis\u00e9es. Nos sachets kraft en gros adoptent une structure en mat\u00e9riau composite \u00e0 trois couches, qui combine une texture naturelle et de fortes propri\u00e9t\u00e9s de barri\u00e8re, convenant au shampoing, au gel douche, etc.<\/p>\n<table style=\"border-collapse: collapse; width: 365.02pt;\" border=\"0\" width=\"365\" cellspacing=\"0\" cellpadding=\"0\">\n<tbody>\n<tr style=\"height: 16.00pt;\">\n<td class=\"et2\" style=\"height: 16.00pt; width: 97.50pt;\" width=\"97\" height=\"16\">Fabricant<\/td>\n<td class=\"et2\" style=\"width: 267.50pt;\" width=\"267\">Stanley<\/td>\n<\/tr>\n<tr style=\"height: 16.00pt;\">\n<td class=\"et2\" style=\"height: 16.00pt; width: 97.50pt;\" width=\"97\" height=\"16\">Types de pochettes<\/td>\n<td class=\"et3\">Stand Up Pouch, Spout Pouch, Kraft Pouch<\/td>\n<\/tr>\n<tr style=\"height: 16.00pt;\">\n<td class=\"et2\" style=\"height: 16.00pt; width: 97.50pt;\" width=\"97\" height=\"16\">Mat\u00e9riau<\/td>\n<td class=\"et2\" style=\"width: 267.50pt;\" width=\"267\">Papier kraft 70g \/ AL7 \/ PE100<\/td>\n<\/tr>\n<tr style=\"height: 16.00pt;\">\n<td class=\"et2\" style=\"height: 16.00pt; width: 97.50pt;\" width=\"97\" height=\"16\">Dossier sp\u00e9cial<\/td>\n<td class=\"et2\" style=\"width: 267.50pt;\" width=\"267\">Bec, fond debout, haute barri\u00e8re<\/td>\n<\/tr>\n<tr style=\"height: 16.00pt;\">\n<td class=\"et2\" style=\"height: 16.00pt; width: 97.50pt;\" width=\"97\" height=\"16\">Manipulation de surface<\/td>\n<td class=\"et2\" style=\"width: 267.50pt;\" width=\"267\">Impression en h\u00e9liogravure<\/td>\n<\/tr>\n<tr style=\"height: 16.00pt;\">\n<td class=\"et2\" style=\"height: 16.00pt; width: 97.50pt;\" width=\"97\" height=\"16\">Couleur<\/td>\n<td class=\"et2\" style=\"width: 267.50pt;\" width=\"267\">Impression recto-verso, jusqu'\u00e0 10 couleurs<\/td>\n<\/tr>\n<tr style=\"height: 16.00pt;\">\n<td class=\"et2\" style=\"height: 16.00pt; width: 97.50pt;\" width=\"97\" height=\"16\">Utilisation<\/td>\n<td class=\"et2\" style=\"width: 267.50pt;\" width=\"267\">Shampooing, gel douche, cr\u00e8me, lotion<\/td>\n<\/tr>\n<tr style=\"height: 16.00pt;\">\n<td class=\"et2\" style=\"height: 16.00pt; width: 97.50pt;\" width=\"97\" height=\"16\">MOQ<\/td>\n<td class=\"et2\" style=\"width: 267.50pt;\" width=\"267\">50 000 pi\u00e8ces<\/td>\n<\/tr>\n<tr style=\"height: 16.00pt;\">\n<td class=\"et2\" style=\"height: 16.00pt; width: 97.50pt;\" width=\"97\" height=\"16\">Commande personnalis\u00e9e<\/td>\n<td class=\"et2\" style=\"width: 267.50pt;\" width=\"267\">Acceptation de l'OEM et de l'ODM, prise en charge de l'\u00e9chantillonnage gratuit<\/td>\n<\/tr>\n<\/tbody>\n<\/table>","protected":false},"featured_media":2339,"comment_status":"closed","ping_status":"closed","template":"","meta":{"_acf_changed":false},"product_brand":[],"product_cat":[32,30],"product_tag":[],"class_list":{"0":"post-2335","1":"product","2":"type-product","3":"status-publish","4":"has-post-thumbnail","6":"product_cat-spout-pouch-manufacturer","7":"product_cat-stand-up-pouch-manufacturer","8":"pa_material-kraft-paper","9":"pa_non-food-packaging-cosmetic-packaging-pouches","10":"pa_non-food-packaging-soap-detergent-pouches","12":"first","13":"instock","14":"shipping-taxable","15":"product-type-simple"},"acf":[],"_links":{"self":[{"href":"https:\/\/www.stanleypackage.com\/fr\/wp-json\/wp\/v2\/product\/2335","targetHints":{"allow":["GET"]}}],"collection":[{"href":"https:\/\/www.stanleypackage.com\/fr\/wp-json\/wp\/v2\/product"}],"about":[{"href":"https:\/\/www.stanleypackage.com\/fr\/wp-json\/wp\/v2\/types\/product"}],"replies":[{"embeddable":true,"href":"https:\/\/www.stanleypackage.com\/fr\/wp-json\/wp\/v2\/comments?post=2335"}],"wp:featuredmedia":[{"embeddable":true,"href":"https:\/\/www.stanleypackage.com\/fr\/wp-json\/wp\/v2\/media\/2339"}],"wp:attachment":[{"href":"https:\/\/www.stanleypackage.com\/fr\/wp-json\/wp\/v2\/media?parent=2335"}],"wp:term":[{"taxonomy":"product_brand","embeddable":true,"href":"https:\/\/www.stanleypackage.com\/fr\/wp-json\/wp\/v2\/product_brand?post=2335"},{"taxonomy":"product_cat","embeddable":true,"href":"https:\/\/www.stanleypackage.com\/fr\/wp-json\/wp\/v2\/product_cat?post=2335"},{"taxonomy":"product_tag","embeddable":true,"href":"https:\/\/www.stanleypackage.com\/fr\/wp-json\/wp\/v2\/product_tag?post=2335"}],"curies":[{"name":"wp","href":"https:\/\/api.w.org\/{rel}","templated":true}]}}