{"id":2341,"date":"2025-07-02T03:14:41","date_gmt":"2025-07-02T03:14:41","guid":{"rendered":"https:\/\/www.stanleypackage.com\/?post_type=product&#038;p=2341"},"modified":"2025-09-06T01:41:45","modified_gmt":"2025-09-06T01:41:45","slug":"custom-shrink-sleeves","status":"publish","type":"product","link":"https:\/\/www.stanleypackage.com\/fr\/product\/custom-shrink-sleeves\/","title":{"rendered":"Manchons thermor\u00e9tractables sur mesure, film thermor\u00e9tractable PET pour bouteilles"},"content":{"rendered":"<div class=\"wp-block-columns is-layout-flex wp-container-core-columns-is-layout-9d6595d7 wp-block-columns-is-layout-flex\">\n<div class=\"wp-block-column is-layout-flow wp-block-column-is-layout-flow\">\n<h2 class=\"wp-block-heading\">Caract\u00e9ristiques des gaines thermor\u00e9tractables sur mesure<\/h2>\n\n\n\n<ul class=\"wp-block-list\">\n<li><strong>Taux de r\u00e9traction \u00e9lev\u00e9, proximit\u00e9 de la bouteille sans d\u00e9formation :<\/strong> Cette housse r\u00e9tractable personnalis\u00e9e est fabriqu\u00e9e en PET, avec un taux de r\u00e9traction lat\u00e9rale sup\u00e9rieur \u00e0 70%. Elle convient aux bouteilles de forme sp\u00e9ciale et aux bouteilles incurv\u00e9es, avec des effets visuels et un ajustement complets.<\/li>\n\n\n\n<li><strong>Impression haute d\u00e9finition, forte expression de la marque : <\/strong>Notre film r\u00e9tractable pour bouteille en gros supporte l'impression en h\u00e9liogravure, avec des motifs clairs et lumineux, en option mat, brillant, partiellement UV et autres processus de surface pour am\u00e9liorer la qualit\u00e9 de l'emballage.<\/li>\n\n\n\n<li><strong>Mat\u00e9riaux respectueux de l'environnement, recyclables :<\/strong> Nos manchons r\u00e9tractables personnalis\u00e9s en PET ne contiennent pas de chlore, r\u00e9pondent aux normes de protection de l'environnement, sont recyclables et conviennent aux march\u00e9s d'exportation.<\/li>\n\n\n\n<li><strong>Emballage s\u00fbr, fonction anti-fraude : <\/strong>Nos manchons r\u00e9tractables pour bouteilles peuvent \u00eatre combin\u00e9s avec un design anti-contrefa\u00e7on et anti-tampering pour am\u00e9liorer le niveau d'anti-contrefa\u00e7on du produit et la confiance du consommateur.<\/li>\n\n\n\n<li><strong>Compatible avec l'\u00e9quipement d'\u00e9tiquetage automatique, production efficace : <\/strong>Nos manchons r\u00e9tractables personnalis\u00e9s conviennent \u00e0 tous les types de machines d'\u00e9tiquetage par r\u00e9traction \u00e0 air chaud\/vapeur \u00e0 grande vitesse, avec un \u00e9tiquetage soign\u00e9 et une grande efficacit\u00e9, convenant aux lignes de production \u00e0 grande \u00e9chelle.<\/li>\n<\/ul>\n\n\n\n<div class=\"wp-block-columns is-layout-flex wp-container-core-columns-is-layout-9d6595d7 wp-block-columns-is-layout-flex\">\n<div class=\"wp-block-column is-layout-flow wp-block-column-is-layout-flow\">\n<figure class=\"wp-block-image size-full\"><img decoding=\"async\" width=\"750\" height=\"750\" src=\"https:\/\/www.stanleypackage.com\/wp-content\/uploads\/2025\/07\/Custom-Shrink-Sleeves-PET-Shrink-Sleeves-Film-For-Bottle-4.webp\" alt=\"Manchons thermor\u00e9tractables sur mesure, film thermor\u00e9tractable PET pour bouteilles-4\" class=\"wp-image-2345\" srcset=\"https:\/\/www.stanleypackage.com\/wp-content\/uploads\/2025\/07\/Custom-Shrink-Sleeves-PET-Shrink-Sleeves-Film-For-Bottle-4.webp 750w, https:\/\/www.stanleypackage.com\/wp-content\/uploads\/2025\/07\/Custom-Shrink-Sleeves-PET-Shrink-Sleeves-Film-For-Bottle-4-300x300.webp 300w, https:\/\/www.stanleypackage.com\/wp-content\/uploads\/2025\/07\/Custom-Shrink-Sleeves-PET-Shrink-Sleeves-Film-For-Bottle-4-150x150.webp 150w, https:\/\/www.stanleypackage.com\/wp-content\/uploads\/2025\/07\/Custom-Shrink-Sleeves-PET-Shrink-Sleeves-Film-For-Bottle-4-12x12.webp 12w, https:\/\/www.stanleypackage.com\/wp-content\/uploads\/2025\/07\/Custom-Shrink-Sleeves-PET-Shrink-Sleeves-Film-For-Bottle-4-600x600.webp 600w, https:\/\/www.stanleypackage.com\/wp-content\/uploads\/2025\/07\/Custom-Shrink-Sleeves-PET-Shrink-Sleeves-Film-For-Bottle-4-100x100.webp 100w\" sizes=\"(max-width: 750px) 100vw, 750px\" \/><\/figure>\n<\/div>\n\n\n\n<div class=\"wp-block-column is-layout-flow wp-block-column-is-layout-flow\">\n<figure class=\"wp-block-image size-full\"><img decoding=\"async\" width=\"750\" height=\"750\" src=\"https:\/\/www.stanleypackage.com\/wp-content\/uploads\/2025\/07\/Custom-Shrink-Sleeves-PET-Shrink-Sleeves-Film-For-Bottle-6.webp\" alt=\"Manchons thermor\u00e9tractables sur mesure, film thermor\u00e9tractable PET pour bouteilles-6\" class=\"wp-image-2347\" srcset=\"https:\/\/www.stanleypackage.com\/wp-content\/uploads\/2025\/07\/Custom-Shrink-Sleeves-PET-Shrink-Sleeves-Film-For-Bottle-6.webp 750w, https:\/\/www.stanleypackage.com\/wp-content\/uploads\/2025\/07\/Custom-Shrink-Sleeves-PET-Shrink-Sleeves-Film-For-Bottle-6-300x300.webp 300w, https:\/\/www.stanleypackage.com\/wp-content\/uploads\/2025\/07\/Custom-Shrink-Sleeves-PET-Shrink-Sleeves-Film-For-Bottle-6-150x150.webp 150w, https:\/\/www.stanleypackage.com\/wp-content\/uploads\/2025\/07\/Custom-Shrink-Sleeves-PET-Shrink-Sleeves-Film-For-Bottle-6-12x12.webp 12w, https:\/\/www.stanleypackage.com\/wp-content\/uploads\/2025\/07\/Custom-Shrink-Sleeves-PET-Shrink-Sleeves-Film-For-Bottle-6-600x600.webp 600w, https:\/\/www.stanleypackage.com\/wp-content\/uploads\/2025\/07\/Custom-Shrink-Sleeves-PET-Shrink-Sleeves-Film-For-Bottle-6-100x100.webp 100w\" sizes=\"(max-width: 750px) 100vw, 750px\" \/><\/figure>\n<\/div>\n<\/div>\n<\/div>\n<\/div>","protected":false},"excerpt":{"rendered":"<p>Nous vous invitons \u00e0 acheter des manchons r\u00e9tractables personnalis\u00e9s. Notre film r\u00e9tractable pour bouteille en gros a d'excellentes performances de r\u00e9traction, peut s'adapter \u00e0 la forme des bouteilles de produits chimiques quotidiens \u00e0 360\u00b0, et permet une pr\u00e9sentation de la marque et une protection du produit de haute qualit\u00e9.<\/p>\n<table style=\"border-collapse: collapse; width: 365.02pt;\" border=\"0\" width=\"365\" cellspacing=\"0\" cellpadding=\"0\">\n<tbody>\n<tr style=\"height: 16.00pt;\">\n<td class=\"et2\" style=\"height: 16.00pt; width: 97.50pt;\" width=\"97\" height=\"16\">Fabricant<\/td>\n<td class=\"et2\" style=\"width: 267.50pt;\" width=\"267\">Stanley<\/td>\n<\/tr>\n<tr style=\"height: 16.00pt;\">\n<td class=\"et2\" style=\"height: 16.00pt; width: 97.50pt;\" width=\"97\" height=\"16\">Types de pochettes<\/td>\n<td class=\"et3\">Manchons thermor\u00e9tractables Film<\/td>\n<\/tr>\n<tr style=\"height: 16.00pt;\">\n<td class=\"et2\" style=\"height: 16.00pt; width: 97.50pt;\" width=\"97\" height=\"16\">Mat\u00e9riau<\/td>\n<td class=\"et2\" style=\"width: 267.50pt;\" width=\"267\">PET<\/td>\n<\/tr>\n<tr style=\"height: 16.00pt;\">\n<td class=\"et2\" style=\"height: 16.00pt; width: 97.50pt;\" width=\"97\" height=\"16\">Dossier sp\u00e9cial<\/td>\n<td class=\"et2\" style=\"width: 267.50pt;\" width=\"267\">Couverture \u00e0 360\u00b0, forte performance de r\u00e9traction<\/td>\n<\/tr>\n<tr style=\"height: 16.00pt;\">\n<td class=\"et2\" style=\"height: 16.00pt; width: 97.50pt;\" width=\"97\" height=\"16\">Manipulation de surface<\/td>\n<td class=\"et2\" style=\"width: 267.50pt;\" width=\"267\">Impression en h\u00e9liogravure<\/td>\n<\/tr>\n<tr style=\"height: 16.00pt;\">\n<td class=\"et2\" style=\"height: 16.00pt; width: 97.50pt;\" width=\"97\" height=\"16\">Couleur<\/td>\n<td class=\"et2\" style=\"width: 267.50pt;\" width=\"267\">Jusqu'\u00e0 10 couleurs<\/td>\n<\/tr>\n<tr style=\"height: 16.00pt;\">\n<td class=\"et2\" style=\"height: 16.00pt; width: 97.50pt;\" width=\"97\" height=\"16\">Utilisation<\/td>\n<td class=\"et2\" style=\"width: 267.50pt;\" width=\"267\">Flacon de shampoing, gel douche, lotion<\/td>\n<\/tr>\n<tr style=\"height: 16.00pt;\">\n<td class=\"et2\" style=\"height: 16.00pt; width: 97.50pt;\" width=\"97\" height=\"16\">MOQ<\/td>\n<td class=\"et2\" style=\"width: 267.50pt;\" width=\"267\">50 000 pi\u00e8ces<\/td>\n<\/tr>\n<tr style=\"height: 16.00pt;\">\n<td class=\"et2\" style=\"height: 16.00pt; width: 97.50pt;\" width=\"97\" height=\"16\">Commande personnalis\u00e9e<\/td>\n<td class=\"et2\" style=\"width: 267.50pt;\" width=\"267\">Acceptation de l'OEM et de l'ODM, prise en charge de l'\u00e9chantillonnage gratuit<\/td>\n<\/tr>\n<\/tbody>\n<\/table>","protected":false},"featured_media":2342,"comment_status":"closed","ping_status":"closed","template":"","meta":{"_acf_changed":false},"product_brand":[],"product_cat":[72,26],"product_tag":[],"class_list":{"0":"post-2341","1":"product","2":"type-product","3":"status-publish","4":"has-post-thumbnail","6":"product_cat-shrink-film-manufacturer","7":"product_cat-packaging-film-manufacturer","8":"pa_non-food-packaging-soap-detergent-pouches","10":"first","11":"instock","12":"shipping-taxable","13":"product-type-simple"},"acf":[],"_links":{"self":[{"href":"https:\/\/www.stanleypackage.com\/fr\/wp-json\/wp\/v2\/product\/2341","targetHints":{"allow":["GET"]}}],"collection":[{"href":"https:\/\/www.stanleypackage.com\/fr\/wp-json\/wp\/v2\/product"}],"about":[{"href":"https:\/\/www.stanleypackage.com\/fr\/wp-json\/wp\/v2\/types\/product"}],"replies":[{"embeddable":true,"href":"https:\/\/www.stanleypackage.com\/fr\/wp-json\/wp\/v2\/comments?post=2341"}],"wp:featuredmedia":[{"embeddable":true,"href":"https:\/\/www.stanleypackage.com\/fr\/wp-json\/wp\/v2\/media\/2342"}],"wp:attachment":[{"href":"https:\/\/www.stanleypackage.com\/fr\/wp-json\/wp\/v2\/media?parent=2341"}],"wp:term":[{"taxonomy":"product_brand","embeddable":true,"href":"https:\/\/www.stanleypackage.com\/fr\/wp-json\/wp\/v2\/product_brand?post=2341"},{"taxonomy":"product_cat","embeddable":true,"href":"https:\/\/www.stanleypackage.com\/fr\/wp-json\/wp\/v2\/product_cat?post=2341"},{"taxonomy":"product_tag","embeddable":true,"href":"https:\/\/www.stanleypackage.com\/fr\/wp-json\/wp\/v2\/product_tag?post=2341"}],"curies":[{"name":"wp","href":"https:\/\/api.w.org\/{rel}","templated":true}]}}