{"id":2348,"date":"2025-07-02T03:49:19","date_gmt":"2025-07-02T03:49:19","guid":{"rendered":"https:\/\/www.stanleypackage.com\/?post_type=product&#038;p=2348"},"modified":"2025-09-06T01:41:31","modified_gmt":"2025-09-06T01:41:31","slug":"custom-shrink-sleeves-for-bottles","status":"publish","type":"product","link":"https:\/\/www.stanleypackage.com\/fr\/product\/custom-shrink-sleeves-for-bottles\/","title":{"rendered":"Manchons r\u00e9tractables personnalis\u00e9s pour bouteilles, film r\u00e9tractable PET en gros"},"content":{"rendered":"<div class=\"wp-block-columns is-layout-flex wp-container-core-columns-is-layout-9d6595d7 wp-block-columns-is-layout-flex\">\n<div class=\"wp-block-column is-layout-flow wp-block-column-is-layout-flow\">\n<h2 class=\"wp-block-heading\">Caract\u00e9ristiques des manchons thermor\u00e9tractables personnalis\u00e9s pour bouteilles<\/h2>\n\n\n\n<ul class=\"wp-block-list\">\n<li><strong>Mat\u00e9riau PET respectueux de l'environnement, clair et lumineux : <\/strong>Le mat\u00e9riau de ces manchons r\u00e9tractables personnalis\u00e9s pour bouteilles est recyclable, pr\u00e9sente une bonne rigidit\u00e9 et une bonne r\u00e9sistance \u00e0 la chaleur, et s'inscrit dans la tendance mondiale des emballages respectueux de l'environnement.<\/li>\n\n\n\n<li><strong>Conception des trous d'\u00e9chappement, anti-bulles et anti-froissement : <\/strong>Ces films r\u00e9tractables en gros sont dot\u00e9s de minuscules trous d'\u00e9chappement dispos\u00e9s avec pr\u00e9cision, qui permettent d'\u00e9vacuer efficacement le gaz g\u00e9n\u00e9r\u00e9 pendant le processus de r\u00e9traction et d'am\u00e9liorer la plan\u00e9it\u00e9 de l'\u00e9tiquette.<\/li>\n\n\n\n<li><strong>Couverture compl\u00e8te \u00e0 360\u00b0, affichage fort de la marque :<\/strong> Nos manchons r\u00e9tractables personnalis\u00e9s pour bouteilles peuvent envelopper compl\u00e8tement le corps de la bouteille, permettre l'affichage complet des motifs et des informations, et am\u00e9liorer l'attrait en rayon.<\/li>\n\n\n\n<li><strong>Performance de r\u00e9traction stable, adapt\u00e9e \u00e0 diff\u00e9rentes formes de bouteilles :<\/strong> Nos films r\u00e9tractables en gros ont un taux de r\u00e9traction lat\u00e9ral \u00e9lev\u00e9, peuvent s'adapter \u00e0 des bouteilles de forme sp\u00e9ciale ou incurv\u00e9e et conviennent \u00e0 divers sc\u00e9narios d'emballage.<\/li>\n\n\n\n<li><strong>Prise en charge de l'impression personnalis\u00e9e et de l'artisanat sp\u00e9cial :<\/strong> Nos manchons r\u00e9tractables pour bouteilles peuvent \u00eatre personnalis\u00e9s en termes de couleur, de motif et d'effet de surface (mat, brillant, partiellement UV, etc.) en fonction des besoins afin de r\u00e9pondre \u00e0 l'expression personnalis\u00e9e de la marque.<\/li>\n<\/ul>\n\n\n\n<div class=\"wp-block-columns is-layout-flex wp-container-core-columns-is-layout-9d6595d7 wp-block-columns-is-layout-flex\">\n<div class=\"wp-block-column is-layout-flow wp-block-column-is-layout-flow\">\n<figure class=\"wp-block-image size-full\"><img decoding=\"async\" width=\"750\" height=\"750\" src=\"https:\/\/www.stanleypackage.com\/wp-content\/uploads\/2025\/07\/Custom-Shrink-Sleeves-For-Bottles-PET-Shrink-Film-Wholesale-5.webp\" alt=\"Manchons thermor\u00e9tractables personnalis\u00e9s pour bouteilles, film thermor\u00e9tractable PET en gros-5\" class=\"wp-image-2353\" srcset=\"https:\/\/www.stanleypackage.com\/wp-content\/uploads\/2025\/07\/Custom-Shrink-Sleeves-For-Bottles-PET-Shrink-Film-Wholesale-5.webp 750w, https:\/\/www.stanleypackage.com\/wp-content\/uploads\/2025\/07\/Custom-Shrink-Sleeves-For-Bottles-PET-Shrink-Film-Wholesale-5-300x300.webp 300w, https:\/\/www.stanleypackage.com\/wp-content\/uploads\/2025\/07\/Custom-Shrink-Sleeves-For-Bottles-PET-Shrink-Film-Wholesale-5-150x150.webp 150w, https:\/\/www.stanleypackage.com\/wp-content\/uploads\/2025\/07\/Custom-Shrink-Sleeves-For-Bottles-PET-Shrink-Film-Wholesale-5-12x12.webp 12w, https:\/\/www.stanleypackage.com\/wp-content\/uploads\/2025\/07\/Custom-Shrink-Sleeves-For-Bottles-PET-Shrink-Film-Wholesale-5-600x600.webp 600w, https:\/\/www.stanleypackage.com\/wp-content\/uploads\/2025\/07\/Custom-Shrink-Sleeves-For-Bottles-PET-Shrink-Film-Wholesale-5-100x100.webp 100w\" sizes=\"(max-width: 750px) 100vw, 750px\" \/><\/figure>\n<\/div>\n\n\n\n<div class=\"wp-block-column is-layout-flow wp-block-column-is-layout-flow\">\n<figure class=\"wp-block-image size-full\"><img decoding=\"async\" width=\"750\" height=\"750\" src=\"https:\/\/www.stanleypackage.com\/wp-content\/uploads\/2025\/07\/Custom-Shrink-Sleeves-For-Bottles-PET-Shrink-Film-Wholesale-2.webp\" alt=\"Manchons r\u00e9tractables personnalis\u00e9s pour bouteilles, film r\u00e9tractable PET en gros-2\" class=\"wp-image-2350\" srcset=\"https:\/\/www.stanleypackage.com\/wp-content\/uploads\/2025\/07\/Custom-Shrink-Sleeves-For-Bottles-PET-Shrink-Film-Wholesale-2.webp 750w, https:\/\/www.stanleypackage.com\/wp-content\/uploads\/2025\/07\/Custom-Shrink-Sleeves-For-Bottles-PET-Shrink-Film-Wholesale-2-300x300.webp 300w, https:\/\/www.stanleypackage.com\/wp-content\/uploads\/2025\/07\/Custom-Shrink-Sleeves-For-Bottles-PET-Shrink-Film-Wholesale-2-150x150.webp 150w, https:\/\/www.stanleypackage.com\/wp-content\/uploads\/2025\/07\/Custom-Shrink-Sleeves-For-Bottles-PET-Shrink-Film-Wholesale-2-12x12.webp 12w, https:\/\/www.stanleypackage.com\/wp-content\/uploads\/2025\/07\/Custom-Shrink-Sleeves-For-Bottles-PET-Shrink-Film-Wholesale-2-600x600.webp 600w, https:\/\/www.stanleypackage.com\/wp-content\/uploads\/2025\/07\/Custom-Shrink-Sleeves-For-Bottles-PET-Shrink-Film-Wholesale-2-100x100.webp 100w\" sizes=\"(max-width: 750px) 100vw, 750px\" \/><\/figure>\n<\/div>\n<\/div>\n<\/div>\n<\/div>","protected":false},"excerpt":{"rendered":"<p>Nous vous invitons \u00e0 acheter des films r\u00e9tractables en gros. Nos manchons r\u00e9tractables personnalis\u00e9s pour bouteilles sont \u00e9quip\u00e9s de trous d'\u00e9vacuation, qui emp\u00eachent efficacement la formation de bulles ou de plis pendant le processus de r\u00e9traction et garantissent une bonne tenue de l'\u00e9tiquette.<\/p>\n<table style=\"border-collapse: collapse; width: 365.02pt;\" border=\"0\" width=\"365\" cellspacing=\"0\" cellpadding=\"0\">\n<tbody>\n<tr style=\"height: 16.00pt;\">\n<td class=\"et2\" style=\"height: 16.00pt; width: 97.50pt;\" width=\"97\" height=\"16\">Fabricant<\/td>\n<td class=\"et2\" style=\"width: 267.50pt;\" width=\"267\">Stanley<\/td>\n<\/tr>\n<tr style=\"height: 16.00pt;\">\n<td class=\"et2\" style=\"height: 16.00pt; width: 97.50pt;\" width=\"97\" height=\"16\">Types de pochettes<\/td>\n<td class=\"et3\">Manchons thermor\u00e9tractables Film<\/td>\n<\/tr>\n<tr style=\"height: 16.00pt;\">\n<td class=\"et2\" style=\"height: 16.00pt; width: 97.50pt;\" width=\"97\" height=\"16\">Mat\u00e9riau<\/td>\n<td class=\"et2\" style=\"width: 267.50pt;\" width=\"267\">PET<\/td>\n<\/tr>\n<tr style=\"height: 31.00pt;\">\n<td class=\"et2\" style=\"height: 31.00pt; width: 97.50pt;\" width=\"97\" height=\"31\">Dossier sp\u00e9cial<\/td>\n<td class=\"et2\" style=\"width: 267.50pt;\" width=\"267\">Couverture \u00e0 360\u00b0, forte performance de r\u00e9traction, trous d'\u00e9chappement<\/td>\n<\/tr>\n<tr style=\"height: 16.00pt;\">\n<td class=\"et2\" style=\"height: 16.00pt; width: 97.50pt;\" width=\"97\" height=\"16\">Manipulation de surface<\/td>\n<td class=\"et2\" style=\"width: 267.50pt;\" width=\"267\">Impression en h\u00e9liogravure<\/td>\n<\/tr>\n<tr style=\"height: 16.00pt;\">\n<td class=\"et2\" style=\"height: 16.00pt; width: 97.50pt;\" width=\"97\" height=\"16\">Couleur<\/td>\n<td class=\"et2\" style=\"width: 267.50pt;\" width=\"267\">Jusqu'\u00e0 10 couleurs<\/td>\n<\/tr>\n<tr style=\"height: 16.00pt;\">\n<td class=\"et2\" style=\"height: 16.00pt; width: 97.50pt;\" width=\"97\" height=\"16\">Utilisation<\/td>\n<td class=\"et2\" style=\"width: 267.50pt;\" width=\"267\">Flacon de shampoing, gel douche, lotion<\/td>\n<\/tr>\n<tr style=\"height: 16.00pt;\">\n<td class=\"et2\" style=\"height: 16.00pt; width: 97.50pt;\" width=\"97\" height=\"16\">MOQ<\/td>\n<td class=\"et2\" style=\"width: 267.50pt;\" width=\"267\">50 000 pi\u00e8ces<\/td>\n<\/tr>\n<tr style=\"height: 16.00pt;\">\n<td class=\"et2\" style=\"height: 16.00pt; width: 97.50pt;\" width=\"97\" height=\"16\">Commande personnalis\u00e9e<\/td>\n<td class=\"et2\" style=\"width: 267.50pt;\" width=\"267\">Acceptation de l'OEM et de l'ODM, prise en charge de l'\u00e9chantillonnage gratuit<\/td>\n<\/tr>\n<\/tbody>\n<\/table>","protected":false},"featured_media":2352,"comment_status":"closed","ping_status":"closed","template":"","meta":{"_acf_changed":false},"product_brand":[],"product_cat":[72,26],"product_tag":[],"class_list":{"0":"post-2348","1":"product","2":"type-product","3":"status-publish","4":"has-post-thumbnail","6":"product_cat-shrink-film-manufacturer","7":"product_cat-packaging-film-manufacturer","8":"pa_non-food-packaging-soap-detergent-pouches","10":"first","11":"instock","12":"shipping-taxable","13":"product-type-simple"},"acf":[],"_links":{"self":[{"href":"https:\/\/www.stanleypackage.com\/fr\/wp-json\/wp\/v2\/product\/2348","targetHints":{"allow":["GET"]}}],"collection":[{"href":"https:\/\/www.stanleypackage.com\/fr\/wp-json\/wp\/v2\/product"}],"about":[{"href":"https:\/\/www.stanleypackage.com\/fr\/wp-json\/wp\/v2\/types\/product"}],"replies":[{"embeddable":true,"href":"https:\/\/www.stanleypackage.com\/fr\/wp-json\/wp\/v2\/comments?post=2348"}],"wp:featuredmedia":[{"embeddable":true,"href":"https:\/\/www.stanleypackage.com\/fr\/wp-json\/wp\/v2\/media\/2352"}],"wp:attachment":[{"href":"https:\/\/www.stanleypackage.com\/fr\/wp-json\/wp\/v2\/media?parent=2348"}],"wp:term":[{"taxonomy":"product_brand","embeddable":true,"href":"https:\/\/www.stanleypackage.com\/fr\/wp-json\/wp\/v2\/product_brand?post=2348"},{"taxonomy":"product_cat","embeddable":true,"href":"https:\/\/www.stanleypackage.com\/fr\/wp-json\/wp\/v2\/product_cat?post=2348"},{"taxonomy":"product_tag","embeddable":true,"href":"https:\/\/www.stanleypackage.com\/fr\/wp-json\/wp\/v2\/product_tag?post=2348"}],"curies":[{"name":"wp","href":"https:\/\/api.w.org\/{rel}","templated":true}]}}