{"id":2357,"date":"2025-07-12T03:20:25","date_gmt":"2025-07-12T03:20:25","guid":{"rendered":"https:\/\/www.stanleypackage.com\/?post_type=product&#038;p=2357"},"modified":"2025-07-12T03:58:20","modified_gmt":"2025-07-12T03:58:20","slug":"stand-up-pouch-wholesale","status":"publish","type":"product","link":"https:\/\/www.stanleypackage.com\/fr\/product\/stand-up-pouch-wholesale\/","title":{"rendered":"Forme personnalis\u00e9e Stand Up Pouch Wholesale pour boissons et snacks"},"content":{"rendered":"<div class=\"wp-block-columns is-layout-flex wp-container-core-columns-is-layout-9d6595d7 wp-block-columns-is-layout-flex\">\n<div class=\"wp-block-column is-layout-flow wp-block-column-is-layout-flow\">\n<h2 class=\"wp-block-heading\">Caract\u00e9ristiques de Custom Shape Stand Up Pouch Wholesale<\/h2>\n\n\n\n<ul class=\"wp-block-list\">\n<li><strong>Forme sp\u00e9ciale, forme accrocheuse : <\/strong>Nos sachets souples en gros permettent une vari\u00e9t\u00e9 de contours et de types de sachets personnalis\u00e9s, brisant ainsi les contraintes de l'emballage traditionnel, am\u00e9liorant la reconnaissance de la marque et l'attrait en rayon.<\/li>\n\n\n\n<li><strong>Structure mat\u00e9rielle tr\u00e8s performante : <\/strong>Nos sachets d'emballage personnalis\u00e9s utilisent un mat\u00e9riau composite \u00e0 trois couches PET12\/BOPA15\/MBPE55, qui pr\u00e9sente de bonnes propri\u00e9t\u00e9s de barri\u00e8re, de r\u00e9sistance \u00e0 la perforation et de scellage \u00e0 chaud pour garantir la fra\u00eecheur et la s\u00e9curit\u00e9 du contenu.<\/li>\n\n\n\n<li><strong>Facile \u00e0 d\u00e9chirer, facile \u00e0 ouvrir : <\/strong>Ce stand up pouch wholesale est \u00e9quip\u00e9 d'une encoche facile \u00e0 d\u00e9chirer, qui permet aux consommateurs de l'ouvrir facilement sans outils auxiliaires, am\u00e9liorant ainsi l'exp\u00e9rience de l'utilisateur.<\/li>\n\n\n\n<li><strong>Technologie des bandes de chant, structure plus stable : <\/strong>Le traitement des bords de ces sachets d'emballage personnalis\u00e9s am\u00e9liore la r\u00e9sistance \u00e0 la pression et la capacit\u00e9 de charge du corps du sachet. Ils sont \u00e9tanches et antid\u00e9flagrants et conviennent \u00e0 une grande vari\u00e9t\u00e9 de produits liquides ou granuleux.<\/li>\n\n\n\n<li><strong>La conception du fond de l'appareil permet une belle pr\u00e9sentation : <\/strong>La structure de cette pochette sur pied am\u00e9liore l'effet de pr\u00e9sentation en rayon tout en \u00e9conomisant de l'espace de stockage. Elle convient aussi bien aux canaux de vente au d\u00e9tail qu'aux canaux de vente en ligne.<\/li>\n<\/ul>\n\n\n\n<div class=\"wp-block-columns is-layout-flex wp-container-core-columns-is-layout-9d6595d7 wp-block-columns-is-layout-flex\">\n<div class=\"wp-block-column is-layout-flow wp-block-column-is-layout-flow\">\n<figure class=\"wp-block-image size-full\"><img decoding=\"async\" width=\"750\" height=\"750\" src=\"https:\/\/www.stanleypackage.com\/wp-content\/uploads\/2025\/07\/Custom-Shape-Stand-Up-Pouch-Wholesale-For-Beverage-Snack-6.webp\" alt=\"Forme personnalis\u00e9e Stand Up Pouch Wholesale pour boissons et snacks-6\" class=\"wp-image-2363\" srcset=\"https:\/\/www.stanleypackage.com\/wp-content\/uploads\/2025\/07\/Custom-Shape-Stand-Up-Pouch-Wholesale-For-Beverage-Snack-6.webp 750w, https:\/\/www.stanleypackage.com\/wp-content\/uploads\/2025\/07\/Custom-Shape-Stand-Up-Pouch-Wholesale-For-Beverage-Snack-6-300x300.webp 300w, https:\/\/www.stanleypackage.com\/wp-content\/uploads\/2025\/07\/Custom-Shape-Stand-Up-Pouch-Wholesale-For-Beverage-Snack-6-150x150.webp 150w, https:\/\/www.stanleypackage.com\/wp-content\/uploads\/2025\/07\/Custom-Shape-Stand-Up-Pouch-Wholesale-For-Beverage-Snack-6-12x12.webp 12w, https:\/\/www.stanleypackage.com\/wp-content\/uploads\/2025\/07\/Custom-Shape-Stand-Up-Pouch-Wholesale-For-Beverage-Snack-6-600x600.webp 600w, https:\/\/www.stanleypackage.com\/wp-content\/uploads\/2025\/07\/Custom-Shape-Stand-Up-Pouch-Wholesale-For-Beverage-Snack-6-100x100.webp 100w\" sizes=\"(max-width: 750px) 100vw, 750px\" \/><\/figure>\n<\/div>\n\n\n\n<div class=\"wp-block-column is-layout-flow wp-block-column-is-layout-flow\">\n<figure class=\"wp-block-image size-full\"><img decoding=\"async\" width=\"750\" height=\"750\" src=\"https:\/\/www.stanleypackage.com\/wp-content\/uploads\/2025\/07\/Custom-Shape-Stand-Up-Pouch-Wholesale-For-Beverage-Snack-1.webp\" alt=\"Forme personnalis\u00e9e Stand Up Pouch Wholesale pour boissons et snacks-1\" class=\"wp-image-2358\" srcset=\"https:\/\/www.stanleypackage.com\/wp-content\/uploads\/2025\/07\/Custom-Shape-Stand-Up-Pouch-Wholesale-For-Beverage-Snack-1.webp 750w, https:\/\/www.stanleypackage.com\/wp-content\/uploads\/2025\/07\/Custom-Shape-Stand-Up-Pouch-Wholesale-For-Beverage-Snack-1-300x300.webp 300w, https:\/\/www.stanleypackage.com\/wp-content\/uploads\/2025\/07\/Custom-Shape-Stand-Up-Pouch-Wholesale-For-Beverage-Snack-1-150x150.webp 150w, https:\/\/www.stanleypackage.com\/wp-content\/uploads\/2025\/07\/Custom-Shape-Stand-Up-Pouch-Wholesale-For-Beverage-Snack-1-12x12.webp 12w, https:\/\/www.stanleypackage.com\/wp-content\/uploads\/2025\/07\/Custom-Shape-Stand-Up-Pouch-Wholesale-For-Beverage-Snack-1-600x600.webp 600w, https:\/\/www.stanleypackage.com\/wp-content\/uploads\/2025\/07\/Custom-Shape-Stand-Up-Pouch-Wholesale-For-Beverage-Snack-1-100x100.webp 100w\" sizes=\"(max-width: 750px) 100vw, 750px\" \/><\/figure>\n<\/div>\n<\/div>\n<\/div>\n<\/div>","protected":false},"excerpt":{"rendered":"<p>Nous vous invitons \u00e0 commander des sachets d'emballage personnalis\u00e9s. Cette pochette est fabriqu\u00e9e \u00e0 partir d'un mat\u00e9riau composite tr\u00e8s r\u00e9sistant, avec une excellente r\u00e9sistance \u00e0 la perforation et d'excellentes performances de scellage. Elle convient \u00e0 toutes sortes d'emballages de boissons et d'en-cas.<\/p>\n<table style=\"border-collapse: collapse; width: 365.02pt;\" border=\"0\" width=\"365\" cellspacing=\"0\" cellpadding=\"0\">\n<tbody>\n<tr style=\"height: 16.00pt;\">\n<td class=\"et2\" style=\"height: 16.00pt; width: 97.50pt;\" width=\"97\" height=\"16\">Fabricant<\/td>\n<td class=\"et2\" style=\"width: 267.50pt;\" width=\"267\">Stanley<\/td>\n<\/tr>\n<tr style=\"height: 16.00pt;\">\n<td class=\"et2\" style=\"height: 16.00pt; width: 97.50pt;\" width=\"97\" height=\"16\">Types de pochettes<\/td>\n<td class=\"et3\">Stand Up Pouch, pochette de forme sp\u00e9ciale<\/td>\n<\/tr>\n<tr style=\"height: 16.00pt;\">\n<td class=\"et2\" style=\"height: 16.00pt; width: 97.50pt;\" width=\"97\" height=\"16\">Mat\u00e9riau<\/td>\n<td class=\"et2\" style=\"width: 267.50pt;\" width=\"267\">PET12\/BOPA15\/MBPE55<\/td>\n<\/tr>\n<tr style=\"height: 31.00pt;\">\n<td class=\"et2\" style=\"height: 31.00pt; width: 97.50pt;\" width=\"97\" height=\"31\">Dossier sp\u00e9cial<\/td>\n<td class=\"et2\" style=\"width: 267.50pt;\" width=\"267\">Bande de chant, encoche \u00e0 d\u00e9chirure facile, fond debout, forme sp\u00e9ciale<\/td>\n<\/tr>\n<tr style=\"height: 16.00pt;\">\n<td class=\"et2\" style=\"height: 16.00pt; width: 97.50pt;\" width=\"97\" height=\"16\">Manipulation de surface<\/td>\n<td class=\"et2\" style=\"width: 267.50pt;\" width=\"267\">Impression en h\u00e9liogravure<\/td>\n<\/tr>\n<tr style=\"height: 16.00pt;\">\n<td class=\"et2\" style=\"height: 16.00pt; width: 97.50pt;\" width=\"97\" height=\"16\">Couleur<\/td>\n<td class=\"et2\" style=\"width: 267.50pt;\" width=\"267\">Jusqu'\u00e0 10 couleurs<\/td>\n<\/tr>\n<tr style=\"height: 16.00pt;\">\n<td class=\"et2\" style=\"height: 16.00pt; width: 97.50pt;\" width=\"97\" height=\"16\">Utilisation<\/td>\n<td class=\"et2\" style=\"width: 267.50pt;\" width=\"267\">Boisson, Boisson g\u00e9lifi\u00e9e, Boisson douce<\/td>\n<\/tr>\n<tr style=\"height: 16.00pt;\">\n<td class=\"et2\" style=\"height: 16.00pt; width: 97.50pt;\" width=\"97\" height=\"16\">MOQ<\/td>\n<td class=\"et2\" style=\"width: 267.50pt;\" width=\"267\">50 000 pi\u00e8ces<\/td>\n<\/tr>\n<tr style=\"height: 16.00pt;\">\n<td class=\"et2\" style=\"height: 16.00pt; width: 97.50pt;\" width=\"97\" height=\"16\">Commande personnalis\u00e9e<\/td>\n<td class=\"et2\" style=\"width: 267.50pt;\" width=\"267\">Acceptation de l'OEM et de l'ODM, prise en charge de l'\u00e9chantillonnage gratuit<\/td>\n<\/tr>\n<\/tbody>\n<\/table>","protected":false},"featured_media":2361,"comment_status":"closed","ping_status":"closed","template":"","meta":{"_acf_changed":false},"product_brand":[],"product_cat":[30,22],"product_tag":[],"class_list":{"0":"post-2357","1":"product","2":"type-product","3":"status-publish","4":"has-post-thumbnail","6":"product_cat-stand-up-pouch-manufacturer","7":"product_cat-shaped-pouches-factory","8":"pa_food-packaging-drink-beverage-pouch","10":"first","11":"instock","12":"shipping-taxable","13":"product-type-simple"},"acf":[],"_links":{"self":[{"href":"https:\/\/www.stanleypackage.com\/fr\/wp-json\/wp\/v2\/product\/2357","targetHints":{"allow":["GET"]}}],"collection":[{"href":"https:\/\/www.stanleypackage.com\/fr\/wp-json\/wp\/v2\/product"}],"about":[{"href":"https:\/\/www.stanleypackage.com\/fr\/wp-json\/wp\/v2\/types\/product"}],"replies":[{"embeddable":true,"href":"https:\/\/www.stanleypackage.com\/fr\/wp-json\/wp\/v2\/comments?post=2357"}],"wp:featuredmedia":[{"embeddable":true,"href":"https:\/\/www.stanleypackage.com\/fr\/wp-json\/wp\/v2\/media\/2361"}],"wp:attachment":[{"href":"https:\/\/www.stanleypackage.com\/fr\/wp-json\/wp\/v2\/media?parent=2357"}],"wp:term":[{"taxonomy":"product_brand","embeddable":true,"href":"https:\/\/www.stanleypackage.com\/fr\/wp-json\/wp\/v2\/product_brand?post=2357"},{"taxonomy":"product_cat","embeddable":true,"href":"https:\/\/www.stanleypackage.com\/fr\/wp-json\/wp\/v2\/product_cat?post=2357"},{"taxonomy":"product_tag","embeddable":true,"href":"https:\/\/www.stanleypackage.com\/fr\/wp-json\/wp\/v2\/product_tag?post=2357"}],"curies":[{"name":"wp","href":"https:\/\/api.w.org\/{rel}","templated":true}]}}