{"id":2364,"date":"2025-07-12T04:03:27","date_gmt":"2025-07-12T04:03:27","guid":{"rendered":"https:\/\/www.stanleypackage.com\/?post_type=product&#038;p=2364"},"modified":"2025-07-12T04:13:25","modified_gmt":"2025-07-12T04:13:25","slug":"flat-bottom-spout-pouch-customized","status":"publish","type":"product","link":"https:\/\/www.stanleypackage.com\/fr\/product\/flat-bottom-spout-pouch-customized\/","title":{"rendered":"Pochette \u00e0 bec \u00e0 fond plat personnalis\u00e9e, pochette \u00e0 shampoing en gros"},"content":{"rendered":"<div class=\"wp-block-columns is-layout-flex wp-container-core-columns-is-layout-9d6595d7 wp-block-columns-is-layout-flex\">\n<div class=\"wp-block-column is-layout-flow wp-block-column-is-layout-flow\">\n<h2 class=\"wp-block-heading\">Caract\u00e9ristiques de la pochette \u00e0 bec \u00e0 fond plat personnalis\u00e9e<\/h2>\n\n\n\n<ul class=\"wp-block-list\">\n<li><strong>Conception de la buse, facile \u00e0 verser et \u00e0 r\u00e9utiliser : <\/strong>Cette poche \u00e0 fond plat et \u00e0 bec personnalis\u00e9 est \u00e9quip\u00e9e d'une buse d'aspiration scell\u00e9e, ce qui permet aux consommateurs de contr\u00f4ler la quantit\u00e9, d'am\u00e9liorer la portabilit\u00e9 et l'exp\u00e9rience de l'utilisateur, et convient aux produits de lavage et d'entretien liquides.<\/li>\n\n\n\n<li><strong>Fond plat, pr\u00e9sentation stable :<\/strong> Le fond plat de ces sachets de shampoing en gros renforce la stabilit\u00e9 du corps du sachet, ce qui permet \u00e0 l'emballage de se tenir naturellement sur l'\u00e9tag\u00e8re, am\u00e9liorant ainsi la beaut\u00e9 de l'exposition et l'image de marque.<\/li>\n\n\n\n<li><strong>Structure de forme sp\u00e9ciale, permettant de personnaliser la forme du sac : <\/strong>Nos sachets \u00e0 fond plat peuvent \u00eatre personnalis\u00e9s en fonction des besoins de la marque, cr\u00e9er un aspect diff\u00e9renci\u00e9 et am\u00e9liorer la reconnaissance du march\u00e9 et l'attrait visuel.<\/li>\n\n\n\n<li><strong>Structure composite \u00e0 trois couches \u00e0 haute barri\u00e8re :<\/strong> Nos sachets de shampoing en gros sont fabriqu\u00e9s en PET19\/BOPA15\/MBPE155. Ils sont r\u00e9sistants \u00e0 la d\u00e9chirure, \u00e0 la pression et aux fuites et prot\u00e8gent leur contenu de la lumi\u00e8re, de l'oxyg\u00e8ne et de l'humidit\u00e9.<\/li>\n\n\n\n<li><strong>Impression en h\u00e9liogravure jusqu'\u00e0 10 couleurs, couleurs vives et durables : <\/strong>La pochette \u00e0 bec \u00e0 fond plat personnalis\u00e9e prend en charge l'impression personnalis\u00e9e de haute pr\u00e9cision, r\u00e9tablit parfaitement les mod\u00e8les de marque et le langage visuel, et aide \u00e0 cr\u00e9er des solutions d'emballage \u00e0 la fois haut de gamme et professionnelles.<\/li>\n<\/ul>\n\n\n\n<div class=\"wp-block-columns is-layout-flex wp-container-core-columns-is-layout-9d6595d7 wp-block-columns-is-layout-flex\">\n<div class=\"wp-block-column is-layout-flow wp-block-column-is-layout-flow\">\n<figure class=\"wp-block-image size-full\"><img decoding=\"async\" width=\"750\" height=\"750\" src=\"https:\/\/www.stanleypackage.com\/wp-content\/uploads\/2025\/07\/Flat-Bottom-Spout-Pouch-Customized-Shampoo-Pouch-Wholesale-2.webp\" alt=\"Pochette \u00e0 bec \u00e0 fond plat personnalis\u00e9e, pochette \u00e0 shampoing Wholesale-2\" class=\"wp-image-2366\" srcset=\"https:\/\/www.stanleypackage.com\/wp-content\/uploads\/2025\/07\/Flat-Bottom-Spout-Pouch-Customized-Shampoo-Pouch-Wholesale-2.webp 750w, https:\/\/www.stanleypackage.com\/wp-content\/uploads\/2025\/07\/Flat-Bottom-Spout-Pouch-Customized-Shampoo-Pouch-Wholesale-2-300x300.webp 300w, https:\/\/www.stanleypackage.com\/wp-content\/uploads\/2025\/07\/Flat-Bottom-Spout-Pouch-Customized-Shampoo-Pouch-Wholesale-2-150x150.webp 150w, https:\/\/www.stanleypackage.com\/wp-content\/uploads\/2025\/07\/Flat-Bottom-Spout-Pouch-Customized-Shampoo-Pouch-Wholesale-2-12x12.webp 12w, https:\/\/www.stanleypackage.com\/wp-content\/uploads\/2025\/07\/Flat-Bottom-Spout-Pouch-Customized-Shampoo-Pouch-Wholesale-2-600x600.webp 600w, https:\/\/www.stanleypackage.com\/wp-content\/uploads\/2025\/07\/Flat-Bottom-Spout-Pouch-Customized-Shampoo-Pouch-Wholesale-2-100x100.webp 100w\" sizes=\"(max-width: 750px) 100vw, 750px\" \/><\/figure>\n<\/div>\n\n\n\n<div class=\"wp-block-column is-layout-flow wp-block-column-is-layout-flow\">\n<figure class=\"wp-block-image size-full\"><img decoding=\"async\" width=\"750\" height=\"750\" src=\"https:\/\/www.stanleypackage.com\/wp-content\/uploads\/2025\/07\/Flat-Bottom-Spout-Pouch-Customized-Shampoo-Pouch-Wholesale-4.webp\" alt=\"Pochette \u00e0 bec \u00e0 fond plat personnalis\u00e9e, pochette \u00e0 shampoing en gros-4\" class=\"wp-image-2368\" srcset=\"https:\/\/www.stanleypackage.com\/wp-content\/uploads\/2025\/07\/Flat-Bottom-Spout-Pouch-Customized-Shampoo-Pouch-Wholesale-4.webp 750w, https:\/\/www.stanleypackage.com\/wp-content\/uploads\/2025\/07\/Flat-Bottom-Spout-Pouch-Customized-Shampoo-Pouch-Wholesale-4-300x300.webp 300w, https:\/\/www.stanleypackage.com\/wp-content\/uploads\/2025\/07\/Flat-Bottom-Spout-Pouch-Customized-Shampoo-Pouch-Wholesale-4-150x150.webp 150w, https:\/\/www.stanleypackage.com\/wp-content\/uploads\/2025\/07\/Flat-Bottom-Spout-Pouch-Customized-Shampoo-Pouch-Wholesale-4-12x12.webp 12w, https:\/\/www.stanleypackage.com\/wp-content\/uploads\/2025\/07\/Flat-Bottom-Spout-Pouch-Customized-Shampoo-Pouch-Wholesale-4-600x600.webp 600w, https:\/\/www.stanleypackage.com\/wp-content\/uploads\/2025\/07\/Flat-Bottom-Spout-Pouch-Customized-Shampoo-Pouch-Wholesale-4-100x100.webp 100w\" sizes=\"(max-width: 750px) 100vw, 750px\" \/><\/figure>\n<\/div>\n<\/div>\n<\/div>\n<\/div>","protected":false},"excerpt":{"rendered":"<p>Nous vous invitons \u00e0 acheter des sachets de shampoing en gros. Cette pochette \u00e0 bec \u00e0 fond plat personnalis\u00e9e pour le shampooing, le gel douche, l'apr\u00e8s-shampooing et d'autres produits liquides pr\u00e9sente une excellente r\u00e9sistance \u00e0 la pression et \u00e0 l'\u00e9tanch\u00e9it\u00e9.<\/p>\n<table style=\"border-collapse: collapse; width: 365.02pt;\" border=\"0\" width=\"365\" cellspacing=\"0\" cellpadding=\"0\">\n<tbody>\n<tr style=\"height: 16.00pt;\">\n<td class=\"et2\" style=\"height: 16.00pt; width: 97.50pt;\" width=\"97\" height=\"16\">Fabricant<\/td>\n<td class=\"et2\" style=\"width: 267.50pt;\" width=\"267\">Stanley<\/td>\n<\/tr>\n<tr style=\"height: 16.00pt;\">\n<td class=\"et2\" style=\"height: 16.00pt; width: 97.50pt;\" width=\"97\" height=\"16\">Types de pochettes<\/td>\n<td class=\"et3\">Stand Up Pouch, Spout Pouch, Shaped Pouch<\/td>\n<\/tr>\n<tr style=\"height: 16.00pt;\">\n<td class=\"et2\" style=\"height: 16.00pt; width: 97.50pt;\" width=\"97\" height=\"16\">Mat\u00e9riau<\/td>\n<td class=\"et2\" style=\"width: 267.50pt;\" width=\"267\">PET19\/BOPA15\/MBPE155<\/td>\n<\/tr>\n<tr style=\"height: 16.00pt;\">\n<td class=\"et2\" style=\"height: 16.00pt; width: 97.50pt;\" width=\"97\" height=\"16\">Dossier sp\u00e9cial<\/td>\n<td class=\"et2\" style=\"width: 267.50pt;\" width=\"267\">Bec, fond debout, forme sp\u00e9ciale<\/td>\n<\/tr>\n<tr style=\"height: 16.00pt;\">\n<td class=\"et2\" style=\"height: 16.00pt; width: 97.50pt;\" width=\"97\" height=\"16\">Manipulation de surface<\/td>\n<td class=\"et2\" style=\"width: 267.50pt;\" width=\"267\">Impression en h\u00e9liogravure<\/td>\n<\/tr>\n<tr style=\"height: 16.00pt;\">\n<td class=\"et2\" style=\"height: 16.00pt; width: 97.50pt;\" width=\"97\" height=\"16\">Couleur<\/td>\n<td class=\"et2\" style=\"width: 267.50pt;\" width=\"267\">Jusqu'\u00e0 10 couleurs<\/td>\n<\/tr>\n<tr style=\"height: 16.00pt;\">\n<td class=\"et2\" style=\"height: 16.00pt; width: 97.50pt;\" width=\"97\" height=\"16\">Utilisation<\/td>\n<td class=\"et2\" style=\"width: 267.50pt;\" width=\"267\">Shampooing, gel douche, gel douche, apr\u00e8s-shampooing<\/td>\n<\/tr>\n<tr style=\"height: 16.00pt;\">\n<td class=\"et2\" style=\"height: 16.00pt; width: 97.50pt;\" width=\"97\" height=\"16\">MOQ<\/td>\n<td class=\"et2\" style=\"width: 267.50pt;\" width=\"267\">50 000 pi\u00e8ces<\/td>\n<\/tr>\n<tr style=\"height: 16.00pt;\">\n<td class=\"et2\" style=\"height: 16.00pt; width: 97.50pt;\" width=\"97\" height=\"16\">Commande personnalis\u00e9e<\/td>\n<td class=\"et2\" style=\"width: 267.50pt;\" width=\"267\">Acceptation de l'OEM et de l'ODM, prise en charge de l'\u00e9chantillonnage gratuit<\/td>\n<\/tr>\n<\/tbody>\n<\/table>","protected":false},"featured_media":2367,"comment_status":"closed","ping_status":"closed","template":"","meta":{"_acf_changed":false},"product_brand":[],"product_cat":[30,32,22],"product_tag":[],"class_list":{"0":"post-2364","1":"product","2":"type-product","3":"status-publish","4":"has-post-thumbnail","6":"product_cat-stand-up-pouch-manufacturer","7":"product_cat-spout-pouch-manufacturer","8":"product_cat-shaped-pouches-factory","9":"pa_non-food-packaging-soap-detergent-pouches","11":"first","12":"instock","13":"shipping-taxable","14":"product-type-simple"},"acf":[],"_links":{"self":[{"href":"https:\/\/www.stanleypackage.com\/fr\/wp-json\/wp\/v2\/product\/2364","targetHints":{"allow":["GET"]}}],"collection":[{"href":"https:\/\/www.stanleypackage.com\/fr\/wp-json\/wp\/v2\/product"}],"about":[{"href":"https:\/\/www.stanleypackage.com\/fr\/wp-json\/wp\/v2\/types\/product"}],"replies":[{"embeddable":true,"href":"https:\/\/www.stanleypackage.com\/fr\/wp-json\/wp\/v2\/comments?post=2364"}],"wp:featuredmedia":[{"embeddable":true,"href":"https:\/\/www.stanleypackage.com\/fr\/wp-json\/wp\/v2\/media\/2367"}],"wp:attachment":[{"href":"https:\/\/www.stanleypackage.com\/fr\/wp-json\/wp\/v2\/media?parent=2364"}],"wp:term":[{"taxonomy":"product_brand","embeddable":true,"href":"https:\/\/www.stanleypackage.com\/fr\/wp-json\/wp\/v2\/product_brand?post=2364"},{"taxonomy":"product_cat","embeddable":true,"href":"https:\/\/www.stanleypackage.com\/fr\/wp-json\/wp\/v2\/product_cat?post=2364"},{"taxonomy":"product_tag","embeddable":true,"href":"https:\/\/www.stanleypackage.com\/fr\/wp-json\/wp\/v2\/product_tag?post=2364"}],"curies":[{"name":"wp","href":"https:\/\/api.w.org\/{rel}","templated":true}]}}