{"id":2378,"date":"2025-07-12T06:30:36","date_gmt":"2025-07-12T06:30:36","guid":{"rendered":"https:\/\/www.stanleypackage.com\/?post_type=product&#038;p=2378"},"modified":"2025-07-12T06:42:04","modified_gmt":"2025-07-12T06:42:04","slug":"cosmetic-packaging-wholesale","status":"publish","type":"product","link":"https:\/\/www.stanleypackage.com\/fr\/product\/cosmetic-packaging-wholesale\/","title":{"rendered":"Emballage cosm\u00e9tique flexible sur mesure avec brosse"},"content":{"rendered":"<div class=\"wp-block-columns is-layout-flex wp-container-core-columns-is-layout-9d6595d7 wp-block-columns-is-layout-flex\">\n<div class=\"wp-block-column is-layout-flow wp-block-column-is-layout-flow\">\n<h2 class=\"wp-block-heading\">Caract\u00e9ristiques de l'emballage cosm\u00e9tique en gros<\/h2>\n\n\n\n<ul class=\"wp-block-list\">\n<li><strong>T\u00eate de brosse int\u00e9gr\u00e9e pour une application facile : <\/strong>La buse de cet emballage cosm\u00e9tique en gros est reli\u00e9e \u00e0 la t\u00eate du pinceau souple, aucun outil suppl\u00e9mentaire n'est n\u00e9cessaire, ce qui est pratique pour une application pr\u00e9cise du maquillage et am\u00e9liore la commodit\u00e9 et le professionnalisme des consommateurs.<\/li>\n\n\n\n<li><strong>Mat\u00e9riau composite \u00e0 haute barri\u00e8re pour prot\u00e9ger l'activit\u00e9 de la formule : <\/strong>Nos sachets de lotion solaire personnalis\u00e9s adoptent la structure mat\u00e9rielle du PET12\/VMPET12\/PE115, offrant d'excellentes performances en mati\u00e8re d'\u00e9tanch\u00e9it\u00e9 \u00e0 la lumi\u00e8re, \u00e0 l'oxyg\u00e8ne et \u00e0 l'eau, prolongeant efficacement la dur\u00e9e de conservation des produits cosm\u00e9tiques et emp\u00eachant l'oxydation ou la d\u00e9t\u00e9rioration des ingr\u00e9dients.<\/li>\n\n\n\n<li><strong>Mat\u00e9riau flexible pour une extrusion facile : <\/strong>L'emballage de cet emballage cosm\u00e9tique en gros est souple et extrudable, adapt\u00e9 aux produits en p\u00e2te, liquides et \u00e9mulsions, ce qui permet aux utilisateurs d'utiliser le contenu du produit de mani\u00e8re plus compl\u00e8te.<\/li>\n\n\n\n<li><strong>Personnalisation flexible pour r\u00e9pondre aux besoins de plusieurs marques : <\/strong>Nos sachets de lotion solaire personnalis\u00e9s permettent une personnalisation compl\u00e8te, y compris la forme de la t\u00eate de brosse, l'impression de couleur, la s\u00e9lection de la capacit\u00e9, etc., convenant \u00e0 une vari\u00e9t\u00e9 de solutions d'emballage de produits cosm\u00e9tiques et de soins de la peau.<\/li>\n\n\n\n<li><strong>L\u00e9ger et portable, il convient au commerce \u00e9lectronique et aux coffrets cadeaux :<\/strong> Nos emballages cosm\u00e9tiques en gros sont l\u00e9gers et faciles \u00e0 ranger. Ils conviennent particuli\u00e8rement aux sc\u00e8nes de maquillage mobiles, aux packs d'essai, aux ensembles de commerce \u00e9lectronique et aux solutions d'emballage de voyage, afin d'am\u00e9liorer la valeur ajout\u00e9e des produits.<\/li>\n<\/ul>\n\n\n\n<div class=\"wp-block-columns is-layout-flex wp-container-core-columns-is-layout-9d6595d7 wp-block-columns-is-layout-flex\">\n<div class=\"wp-block-column is-layout-flow wp-block-column-is-layout-flow\">\n<figure class=\"wp-block-image size-full\"><img decoding=\"async\" width=\"750\" height=\"750\" src=\"https:\/\/www.stanleypackage.com\/wp-content\/uploads\/2025\/07\/Custom-Flexible-Cosmetic-Packaging-Wholesale-With-Brush-5.webp\" alt=\"\" class=\"wp-image-2383\" srcset=\"https:\/\/www.stanleypackage.com\/wp-content\/uploads\/2025\/07\/Custom-Flexible-Cosmetic-Packaging-Wholesale-With-Brush-5.webp 750w, https:\/\/www.stanleypackage.com\/wp-content\/uploads\/2025\/07\/Custom-Flexible-Cosmetic-Packaging-Wholesale-With-Brush-5-300x300.webp 300w, https:\/\/www.stanleypackage.com\/wp-content\/uploads\/2025\/07\/Custom-Flexible-Cosmetic-Packaging-Wholesale-With-Brush-5-150x150.webp 150w, https:\/\/www.stanleypackage.com\/wp-content\/uploads\/2025\/07\/Custom-Flexible-Cosmetic-Packaging-Wholesale-With-Brush-5-12x12.webp 12w, https:\/\/www.stanleypackage.com\/wp-content\/uploads\/2025\/07\/Custom-Flexible-Cosmetic-Packaging-Wholesale-With-Brush-5-600x600.webp 600w, https:\/\/www.stanleypackage.com\/wp-content\/uploads\/2025\/07\/Custom-Flexible-Cosmetic-Packaging-Wholesale-With-Brush-5-100x100.webp 100w\" sizes=\"(max-width: 750px) 100vw, 750px\" \/><\/figure>\n<\/div>\n\n\n\n<div class=\"wp-block-column is-layout-flow wp-block-column-is-layout-flow\">\n<figure class=\"wp-block-image size-full\"><img decoding=\"async\" width=\"750\" height=\"750\" src=\"https:\/\/www.stanleypackage.com\/wp-content\/uploads\/2025\/07\/Custom-Flexible-Cosmetic-Packaging-Wholesale-With-Brush-6.webp\" alt=\"Emballage cosm\u00e9tique flexible sur mesure Wholesale With Brush-6\" class=\"wp-image-2384\" srcset=\"https:\/\/www.stanleypackage.com\/wp-content\/uploads\/2025\/07\/Custom-Flexible-Cosmetic-Packaging-Wholesale-With-Brush-6.webp 750w, https:\/\/www.stanleypackage.com\/wp-content\/uploads\/2025\/07\/Custom-Flexible-Cosmetic-Packaging-Wholesale-With-Brush-6-300x300.webp 300w, https:\/\/www.stanleypackage.com\/wp-content\/uploads\/2025\/07\/Custom-Flexible-Cosmetic-Packaging-Wholesale-With-Brush-6-150x150.webp 150w, https:\/\/www.stanleypackage.com\/wp-content\/uploads\/2025\/07\/Custom-Flexible-Cosmetic-Packaging-Wholesale-With-Brush-6-12x12.webp 12w, https:\/\/www.stanleypackage.com\/wp-content\/uploads\/2025\/07\/Custom-Flexible-Cosmetic-Packaging-Wholesale-With-Brush-6-600x600.webp 600w, https:\/\/www.stanleypackage.com\/wp-content\/uploads\/2025\/07\/Custom-Flexible-Cosmetic-Packaging-Wholesale-With-Brush-6-100x100.webp 100w\" sizes=\"(max-width: 750px) 100vw, 750px\" \/><\/figure>\n<\/div>\n<\/div>\n<\/div>\n<\/div>","protected":false},"excerpt":{"rendered":"<p>Bienvenue sur le march\u00e9 de la vente en gros d'emballages cosm\u00e9tiques personnalis\u00e9s. Ce sachet de lotion solaire personnalis\u00e9 a d'excellentes propri\u00e9t\u00e9s de barri\u00e8re et de flexibilit\u00e9. Il convient au maquillage liquide tel que la cr\u00e8me solaire, le gla\u00e7age des l\u00e8vres, l'anticerne, etc.<\/p>\n<table style=\"border-collapse: collapse; width: 334.02pt;\" border=\"0\" width=\"334\" cellspacing=\"0\" cellpadding=\"0\">\n<tbody>\n<tr style=\"height: 16.00pt;\">\n<td class=\"et2\" style=\"height: 16.00pt; width: 97.50pt;\" width=\"97\" height=\"16\">Fabricant<\/td>\n<td class=\"et2\" style=\"width: 236.80pt;\" width=\"236\">Stanley<\/td>\n<\/tr>\n<tr style=\"height: 16.00pt;\">\n<td class=\"et2\" style=\"height: 16.00pt; width: 97.50pt;\" width=\"97\" height=\"16\">Types de pochettes<\/td>\n<td class=\"et3\">Pochette \u00e0 bec, pochette fa\u00e7onn\u00e9e<\/td>\n<\/tr>\n<tr style=\"height: 16.00pt;\">\n<td class=\"et2\" style=\"height: 16.00pt; width: 97.50pt;\" width=\"97\" height=\"16\">Mat\u00e9riau<\/td>\n<td class=\"et2\" style=\"width: 236.80pt;\" width=\"236\">PET12\/VMPET12\/PE115<\/td>\n<\/tr>\n<tr style=\"height: 16.00pt;\">\n<td class=\"et2\" style=\"height: 16.00pt; width: 97.50pt;\" width=\"97\" height=\"16\">Dossier sp\u00e9cial<\/td>\n<td class=\"et2\" style=\"width: 236.80pt;\" width=\"236\">Bec, brosse<\/td>\n<\/tr>\n<tr style=\"height: 16.00pt;\">\n<td class=\"et2\" style=\"height: 16.00pt; width: 97.50pt;\" width=\"97\" height=\"16\">Manipulation de surface<\/td>\n<td class=\"et2\" style=\"width: 236.80pt;\" width=\"236\">Impression en h\u00e9liogravure<\/td>\n<\/tr>\n<tr style=\"height: 16.00pt;\">\n<td class=\"et2\" style=\"height: 16.00pt; width: 97.50pt;\" width=\"97\" height=\"16\">Couleur<\/td>\n<td class=\"et2\" style=\"width: 236.80pt;\" width=\"236\">Jusqu'\u00e0 10 couleurs<\/td>\n<\/tr>\n<tr style=\"height: 16.00pt;\">\n<td class=\"et2\" style=\"height: 16.00pt; width: 97.50pt;\" width=\"97\" height=\"16\">Utilisation<\/td>\n<td class=\"et3\">Cosm\u00e9tique, Rouge \u00e0 l\u00e8vres liquide, Cr\u00e8me, Lotion<\/td>\n<\/tr>\n<tr style=\"height: 16.00pt;\">\n<td class=\"et2\" style=\"height: 16.00pt; width: 97.50pt;\" width=\"97\" height=\"16\">MOQ<\/td>\n<td class=\"et2\" style=\"width: 236.80pt;\" width=\"236\">50 000 pi\u00e8ces<\/td>\n<\/tr>\n<tr style=\"height: 16.00pt;\">\n<td class=\"et2\" style=\"height: 16.00pt; width: 97.50pt;\" width=\"97\" height=\"16\">Commande personnalis\u00e9e<\/td>\n<td class=\"et2\" style=\"width: 236.80pt;\" width=\"236\">Acceptation de l'OEM et de l'ODM, prise en charge de l'\u00e9chantillonnage gratuit<\/td>\n<\/tr>\n<\/tbody>\n<\/table>","protected":false},"featured_media":2379,"comment_status":"closed","ping_status":"closed","template":"","meta":{"_acf_changed":false},"product_brand":[],"product_cat":[32,22],"product_tag":[],"class_list":{"0":"post-2378","1":"product","2":"type-product","3":"status-publish","4":"has-post-thumbnail","6":"product_cat-spout-pouch-manufacturer","7":"product_cat-shaped-pouches-factory","8":"pa_non-food-packaging-cosmetic-packaging-pouches","10":"first","11":"instock","12":"shipping-taxable","13":"product-type-simple"},"acf":[],"_links":{"self":[{"href":"https:\/\/www.stanleypackage.com\/fr\/wp-json\/wp\/v2\/product\/2378","targetHints":{"allow":["GET"]}}],"collection":[{"href":"https:\/\/www.stanleypackage.com\/fr\/wp-json\/wp\/v2\/product"}],"about":[{"href":"https:\/\/www.stanleypackage.com\/fr\/wp-json\/wp\/v2\/types\/product"}],"replies":[{"embeddable":true,"href":"https:\/\/www.stanleypackage.com\/fr\/wp-json\/wp\/v2\/comments?post=2378"}],"wp:featuredmedia":[{"embeddable":true,"href":"https:\/\/www.stanleypackage.com\/fr\/wp-json\/wp\/v2\/media\/2379"}],"wp:attachment":[{"href":"https:\/\/www.stanleypackage.com\/fr\/wp-json\/wp\/v2\/media?parent=2378"}],"wp:term":[{"taxonomy":"product_brand","embeddable":true,"href":"https:\/\/www.stanleypackage.com\/fr\/wp-json\/wp\/v2\/product_brand?post=2378"},{"taxonomy":"product_cat","embeddable":true,"href":"https:\/\/www.stanleypackage.com\/fr\/wp-json\/wp\/v2\/product_cat?post=2378"},{"taxonomy":"product_tag","embeddable":true,"href":"https:\/\/www.stanleypackage.com\/fr\/wp-json\/wp\/v2\/product_tag?post=2378"}],"curies":[{"name":"wp","href":"https:\/\/api.w.org\/{rel}","templated":true}]}}