{"id":2385,"date":"2025-07-12T06:44:39","date_gmt":"2025-07-12T06:44:39","guid":{"rendered":"https:\/\/www.stanleypackage.com\/?post_type=product&#038;p=2385"},"modified":"2025-07-12T06:53:43","modified_gmt":"2025-07-12T06:53:43","slug":"wholesale-flat-bottom-spout-pouch","status":"publish","type":"product","link":"https:\/\/www.stanleypackage.com\/fr\/product\/wholesale-flat-bottom-spout-pouch\/","title":{"rendered":"Poche \u00e0 bec \u00e0 fond plat en gros, poche \u00e0 d\u00e9tergent liquide"},"content":{"rendered":"<div class=\"wp-block-columns is-layout-flex wp-container-core-columns-is-layout-9d6595d7 wp-block-columns-is-layout-flex\">\n<div class=\"wp-block-column is-layout-flow wp-block-column-is-layout-flow\">\n<h2 class=\"wp-block-heading\">Caract\u00e9ristiques de la pochette \u00e0 bec \u00e0 fond plat pour le commerce de gros<\/h2>\n\n\n\n<ul class=\"wp-block-list\">\n<li><strong>Structure \u00e0 trois couches \u00e0 haute barri\u00e8re pour prot\u00e9ger la qualit\u00e9 du liquide : <\/strong>Cette poche \u00e0 bec \u00e0 fond plat adopte le mat\u00e9riau composite PET12\/VMPET12\/MBPE120, qui est efficace pour r\u00e9sister \u00e0 l'humidit\u00e9, \u00e0 l'oxyg\u00e8ne et aux fuites, garantissant un stockage stable et la s\u00e9curit\u00e9 du transport des d\u00e9tergents.<\/li>\n\n\n\n<li><strong>Conception \u00e0 fond plat, autoportante plus stable : <\/strong>Le fond \u00e9largi de ce sachet de d\u00e9tergent liquide personnalis\u00e9 am\u00e9liore la stabilit\u00e9 du sachet, ce qui est pratique pour la mise en rayon et le stockage \u00e0 domicile, et renforce l'effet d'affichage de la marque.<\/li>\n\n\n\n<li><strong>Remplissage par le haut + buse d'aspiration lat\u00e9rale, facile \u00e0 utiliser : <\/strong>La conception de la mise en conserve par le haut de cette poche \u00e0 bec \u00e0 fond plat est pratique pour le remplissage automatique sur la ligne de production, et la conception de la buse d'aspiration lat\u00e9rale facilite l'utilisation et le contr\u00f4le du flux de versement par les consommateurs.<\/li>\n\n\n\n<li><strong>\u00c9conomiser les co\u00fbts d'emballage et de transport :<\/strong> Par rapport \u00e0 l'emballage traditionnel en bouteille plastique, notre solution de sachet de d\u00e9tergent liquide personnalis\u00e9 est plus l\u00e9g\u00e8re, prend moins de place et r\u00e9duit les co\u00fbts de transport et de stockage.<\/li>\n\n\n\n<li><strong>Possibilit\u00e9 d'impression et de conception structurelle personnalis\u00e9es :<\/strong> Nos sachets \u00e0 fond plat peuvent \u00eatre personnalis\u00e9s en fonction des besoins du client en termes de capacit\u00e9 (par exemple 500ml-5L), de style de buse et d'impression en couleur pour r\u00e9pondre aux besoins de marketing de diff\u00e9renciation de la marque.<\/li>\n<\/ul>\n\n\n\n<div class=\"wp-block-columns is-layout-flex wp-container-core-columns-is-layout-9d6595d7 wp-block-columns-is-layout-flex\">\n<div class=\"wp-block-column is-layout-flow wp-block-column-is-layout-flow\">\n<figure class=\"wp-block-image size-full\"><img decoding=\"async\" width=\"750\" height=\"750\" src=\"https:\/\/www.stanleypackage.com\/wp-content\/uploads\/2025\/07\/Wholesale-Flat-Bottom-Spout-Pouch-Detergent-Liquid-Pouch-2.webp\" alt=\"Poche \u00e0 bec \u00e0 fond plat en gros, poche \u00e0 d\u00e9tergent liquide-2\" class=\"wp-image-2387\" srcset=\"https:\/\/www.stanleypackage.com\/wp-content\/uploads\/2025\/07\/Wholesale-Flat-Bottom-Spout-Pouch-Detergent-Liquid-Pouch-2.webp 750w, https:\/\/www.stanleypackage.com\/wp-content\/uploads\/2025\/07\/Wholesale-Flat-Bottom-Spout-Pouch-Detergent-Liquid-Pouch-2-300x300.webp 300w, https:\/\/www.stanleypackage.com\/wp-content\/uploads\/2025\/07\/Wholesale-Flat-Bottom-Spout-Pouch-Detergent-Liquid-Pouch-2-150x150.webp 150w, https:\/\/www.stanleypackage.com\/wp-content\/uploads\/2025\/07\/Wholesale-Flat-Bottom-Spout-Pouch-Detergent-Liquid-Pouch-2-12x12.webp 12w, https:\/\/www.stanleypackage.com\/wp-content\/uploads\/2025\/07\/Wholesale-Flat-Bottom-Spout-Pouch-Detergent-Liquid-Pouch-2-600x600.webp 600w, https:\/\/www.stanleypackage.com\/wp-content\/uploads\/2025\/07\/Wholesale-Flat-Bottom-Spout-Pouch-Detergent-Liquid-Pouch-2-100x100.webp 100w\" sizes=\"(max-width: 750px) 100vw, 750px\" \/><\/figure>\n<\/div>\n\n\n\n<div class=\"wp-block-column is-layout-flow wp-block-column-is-layout-flow\">\n<figure class=\"wp-block-image size-full\"><img decoding=\"async\" width=\"750\" height=\"750\" src=\"https:\/\/www.stanleypackage.com\/wp-content\/uploads\/2025\/07\/Wholesale-Flat-Bottom-Spout-Pouch-Detergent-Liquid-Pouch-3.webp\" alt=\"Poche \u00e0 bec \u00e0 fond plat en gros, poche \u00e0 d\u00e9tergent liquide-3\" class=\"wp-image-2388\" srcset=\"https:\/\/www.stanleypackage.com\/wp-content\/uploads\/2025\/07\/Wholesale-Flat-Bottom-Spout-Pouch-Detergent-Liquid-Pouch-3.webp 750w, https:\/\/www.stanleypackage.com\/wp-content\/uploads\/2025\/07\/Wholesale-Flat-Bottom-Spout-Pouch-Detergent-Liquid-Pouch-3-300x300.webp 300w, https:\/\/www.stanleypackage.com\/wp-content\/uploads\/2025\/07\/Wholesale-Flat-Bottom-Spout-Pouch-Detergent-Liquid-Pouch-3-150x150.webp 150w, https:\/\/www.stanleypackage.com\/wp-content\/uploads\/2025\/07\/Wholesale-Flat-Bottom-Spout-Pouch-Detergent-Liquid-Pouch-3-12x12.webp 12w, https:\/\/www.stanleypackage.com\/wp-content\/uploads\/2025\/07\/Wholesale-Flat-Bottom-Spout-Pouch-Detergent-Liquid-Pouch-3-600x600.webp 600w, https:\/\/www.stanleypackage.com\/wp-content\/uploads\/2025\/07\/Wholesale-Flat-Bottom-Spout-Pouch-Detergent-Liquid-Pouch-3-100x100.webp 100w\" sizes=\"(max-width: 750px) 100vw, 750px\" \/><\/figure>\n<\/div>\n<\/div>\n<\/div>\n<\/div>","protected":false},"excerpt":{"rendered":"<p>Nous vous invitons \u00e0 acheter en gros des poches \u00e0 bec \u00e0 fond plat. Cette poche de d\u00e9tergent liquide personnalis\u00e9e a une excellente r\u00e9sistance \u00e0 la perforation, \u00e0 l'\u00e9tanch\u00e9it\u00e9 et \u00e0 la pression. Remplissage par le haut, conception de la buse d'aspiration lat\u00e9rale, structure de fond autoportante.<\/p>\n<table style=\"border-collapse: collapse; width: 334.02pt;\" border=\"0\" width=\"334\" cellspacing=\"0\" cellpadding=\"0\">\n<tbody>\n<tr style=\"height: 16.00pt;\">\n<td class=\"et2\" style=\"height: 16.00pt; width: 97.50pt;\" width=\"97\" height=\"16\">Fabricant<\/td>\n<td class=\"et2\" style=\"width: 236.80pt;\" width=\"236\">Stanley<\/td>\n<\/tr>\n<tr style=\"height: 16.00pt;\">\n<td class=\"et2\" style=\"height: 16.00pt; width: 97.50pt;\" width=\"97\" height=\"16\">Types de pochettes<\/td>\n<td class=\"et3\">Pochette \u00e0 bec, pochette \u00e0 hauteur d'homme<\/td>\n<\/tr>\n<tr style=\"height: 16.00pt;\">\n<td class=\"et2\" style=\"height: 16.00pt; width: 97.50pt;\" width=\"97\" height=\"16\">Mat\u00e9riau<\/td>\n<td class=\"et2\" style=\"width: 236.80pt;\" width=\"236\">PET12\/VMPET12\/MBPE120<\/td>\n<\/tr>\n<tr style=\"height: 16.00pt;\">\n<td class=\"et2\" style=\"height: 16.00pt; width: 97.50pt;\" width=\"97\" height=\"16\">Dossier sp\u00e9cial<\/td>\n<td class=\"et2\" style=\"width: 236.80pt;\" width=\"236\">Remplissage par le haut, bec lat\u00e9ral, autoportant<\/td>\n<\/tr>\n<tr style=\"height: 16.00pt;\">\n<td class=\"et2\" style=\"height: 16.00pt; width: 97.50pt;\" width=\"97\" height=\"16\">Manipulation de surface<\/td>\n<td class=\"et2\" style=\"width: 236.80pt;\" width=\"236\">Impression en h\u00e9liogravure<\/td>\n<\/tr>\n<tr style=\"height: 16.00pt;\">\n<td class=\"et2\" style=\"height: 16.00pt; width: 97.50pt;\" width=\"97\" height=\"16\">Couleur<\/td>\n<td class=\"et2\" style=\"width: 236.80pt;\" width=\"236\">Jusqu'\u00e0 10 couleurs<\/td>\n<\/tr>\n<tr style=\"height: 16.00pt;\">\n<td class=\"et2\" style=\"height: 16.00pt; width: 97.50pt;\" width=\"97\" height=\"16\">Utilisation<\/td>\n<td>D\u00e9tergent, shampoing, savon pour les mains<\/td>\n<\/tr>\n<tr style=\"height: 16.00pt;\">\n<td class=\"et2\" style=\"height: 16.00pt; width: 97.50pt;\" width=\"97\" height=\"16\">MOQ<\/td>\n<td class=\"et2\" style=\"width: 236.80pt;\" width=\"236\">50 000 pi\u00e8ces<\/td>\n<\/tr>\n<tr style=\"height: 16.00pt;\">\n<td class=\"et2\" style=\"height: 16.00pt; width: 97.50pt;\" width=\"97\" height=\"16\">Commande personnalis\u00e9e<\/td>\n<td class=\"et2\" style=\"width: 236.80pt;\" width=\"236\">Acceptation de l'OEM et de l'ODM, prise en charge de l'\u00e9chantillonnage gratuit<\/td>\n<\/tr>\n<\/tbody>\n<\/table>","protected":false},"featured_media":2390,"comment_status":"closed","ping_status":"closed","template":"","meta":{"_acf_changed":false},"product_brand":[],"product_cat":[30,32],"product_tag":[],"class_list":{"0":"post-2385","1":"product","2":"type-product","3":"status-publish","4":"has-post-thumbnail","6":"product_cat-stand-up-pouch-manufacturer","7":"product_cat-spout-pouch-manufacturer","8":"pa_non-food-packaging-soap-detergent-pouches","10":"first","11":"instock","12":"shipping-taxable","13":"product-type-simple"},"acf":[],"_links":{"self":[{"href":"https:\/\/www.stanleypackage.com\/fr\/wp-json\/wp\/v2\/product\/2385","targetHints":{"allow":["GET"]}}],"collection":[{"href":"https:\/\/www.stanleypackage.com\/fr\/wp-json\/wp\/v2\/product"}],"about":[{"href":"https:\/\/www.stanleypackage.com\/fr\/wp-json\/wp\/v2\/types\/product"}],"replies":[{"embeddable":true,"href":"https:\/\/www.stanleypackage.com\/fr\/wp-json\/wp\/v2\/comments?post=2385"}],"wp:featuredmedia":[{"embeddable":true,"href":"https:\/\/www.stanleypackage.com\/fr\/wp-json\/wp\/v2\/media\/2390"}],"wp:attachment":[{"href":"https:\/\/www.stanleypackage.com\/fr\/wp-json\/wp\/v2\/media?parent=2385"}],"wp:term":[{"taxonomy":"product_brand","embeddable":true,"href":"https:\/\/www.stanleypackage.com\/fr\/wp-json\/wp\/v2\/product_brand?post=2385"},{"taxonomy":"product_cat","embeddable":true,"href":"https:\/\/www.stanleypackage.com\/fr\/wp-json\/wp\/v2\/product_cat?post=2385"},{"taxonomy":"product_tag","embeddable":true,"href":"https:\/\/www.stanleypackage.com\/fr\/wp-json\/wp\/v2\/product_tag?post=2385"}],"curies":[{"name":"wp","href":"https:\/\/api.w.org\/{rel}","templated":true}]}}