{"id":2395,"date":"2025-07-15T09:16:29","date_gmt":"2025-07-15T09:16:29","guid":{"rendered":"https:\/\/www.stanleypackage.com\/?post_type=product&#038;p=2395"},"modified":"2025-09-06T01:27:44","modified_gmt":"2025-09-06T01:27:44","slug":"custom-design-cosmetic-packaging","status":"publish","type":"product","link":"https:\/\/www.stanleypackage.com\/fr\/product\/custom-design-cosmetic-packaging\/","title":{"rendered":"Emballage cosm\u00e9tique sur mesure, pochette \u00e0 bec pour sachets en vrac"},"content":{"rendered":"<div class=\"wp-block-columns is-layout-flex wp-container-core-columns-is-layout-9d6595d7 wp-block-columns-is-layout-flex\">\n<div class=\"wp-block-column is-layout-flow wp-block-column-is-layout-flow\">\n<h2 class=\"wp-block-heading\">Caract\u00e9ristiques de l'emballage cosm\u00e9tique sur mesure<\/h2>\n\n\n\n<ul class=\"wp-block-list\">\n<li><strong>Structure multicouche de haute qualit\u00e9 pour prot\u00e9ger le mat\u00e9riau int\u00e9rieur plus longtemps : <\/strong>Cet emballage cosm\u00e9tique personnalis\u00e9 utilise un mat\u00e9riau composite Matte PET15\/AL7\/PE100, qui pr\u00e9sente d'excellents effets de barri\u00e8re en mati\u00e8re d'\u00e9tanch\u00e9it\u00e9, d'anti-oxydation et de p\u00e9n\u00e9tration des odeurs.<\/li>\n\n\n\n<li><strong>Texture de surface mate pour am\u00e9liorer la qualit\u00e9 de l'emballage de la marque : <\/strong>Notre couche ext\u00e9rieure en PET mat de haute qualit\u00e9 rend l'emballage visuellement plus doux et plus agr\u00e9able au toucher, ce qui convient au positionnement sur le march\u00e9 des cosm\u00e9tiques haut de gamme.<\/li>\n\n\n\n<li><strong>Buse + structure d'\u00e9tanch\u00e9it\u00e9 lat\u00e9rale pour faciliter le remplissage et l'utilisation : <\/strong>Nos emballages cosm\u00e9tiques sur mesure sont \u00e9quip\u00e9s d'une buse et d'un joint lat\u00e9ral, ce qui permet une utilisation pr\u00e9cise, \u00e9vite le gaspillage et am\u00e9liore l'exp\u00e9rience de l'utilisateur.<\/li>\n\n\n\n<li><strong>Prise en charge de l'impression personnalis\u00e9e et de la personnalisation des sp\u00e9cifications : <\/strong>Nos sachets \u00e0 bec en gros peuvent \u00eatre personnalis\u00e9s en termes de motifs, de tailles, de couleurs de buses et de positions en fonction des exigences de la marque afin de r\u00e9pondre aux divers besoins du march\u00e9.<\/li>\n\n\n\n<li><strong>Convient \u00e0 divers types d'emballages cosm\u00e9tiques :<\/strong> Cet emballage cosm\u00e9tique personnalis\u00e9 convient \u00e0 l'emballage de lotions, d'essences pour masques faciaux, de shampooings, de lotions corporelles et d'autres produits liquides ou p\u00e2teux. Il est largement utilis\u00e9 et pratique pour les activit\u00e9s de distribution et de promotion.<\/li>\n<\/ul>\n\n\n\n<div class=\"wp-block-columns is-layout-flex wp-container-core-columns-is-layout-9d6595d7 wp-block-columns-is-layout-flex\">\n<div class=\"wp-block-column is-layout-flow wp-block-column-is-layout-flow\">\n<figure class=\"wp-block-image size-full\"><img decoding=\"async\" width=\"750\" height=\"750\" src=\"https:\/\/www.stanleypackage.com\/wp-content\/uploads\/2025\/07\/Custom-Design-Cosmetic-Packaging-Bulk-Sachet-Spout-Pouch-2.webp\" alt=\"Emballage cosm\u00e9tique personnalis\u00e9, pochette \u00e0 bec pour sachet en vrac-2\" class=\"wp-image-2397\" srcset=\"https:\/\/www.stanleypackage.com\/wp-content\/uploads\/2025\/07\/Custom-Design-Cosmetic-Packaging-Bulk-Sachet-Spout-Pouch-2.webp 750w, https:\/\/www.stanleypackage.com\/wp-content\/uploads\/2025\/07\/Custom-Design-Cosmetic-Packaging-Bulk-Sachet-Spout-Pouch-2-300x300.webp 300w, https:\/\/www.stanleypackage.com\/wp-content\/uploads\/2025\/07\/Custom-Design-Cosmetic-Packaging-Bulk-Sachet-Spout-Pouch-2-150x150.webp 150w, https:\/\/www.stanleypackage.com\/wp-content\/uploads\/2025\/07\/Custom-Design-Cosmetic-Packaging-Bulk-Sachet-Spout-Pouch-2-12x12.webp 12w, https:\/\/www.stanleypackage.com\/wp-content\/uploads\/2025\/07\/Custom-Design-Cosmetic-Packaging-Bulk-Sachet-Spout-Pouch-2-600x600.webp 600w, https:\/\/www.stanleypackage.com\/wp-content\/uploads\/2025\/07\/Custom-Design-Cosmetic-Packaging-Bulk-Sachet-Spout-Pouch-2-100x100.webp 100w\" sizes=\"(max-width: 750px) 100vw, 750px\" \/><\/figure>\n<\/div>\n\n\n\n<div class=\"wp-block-column is-layout-flow wp-block-column-is-layout-flow\">\n<figure class=\"wp-block-image size-full\"><img decoding=\"async\" width=\"750\" height=\"750\" src=\"https:\/\/www.stanleypackage.com\/wp-content\/uploads\/2025\/07\/Custom-Design-Cosmetic-Packaging-Bulk-Sachet-Spout-Pouch-3.webp\" alt=\"Emballage cosm\u00e9tique personnalis\u00e9, pochette \u00e0 bec pour sachet en vrac-3\" class=\"wp-image-2398\" srcset=\"https:\/\/www.stanleypackage.com\/wp-content\/uploads\/2025\/07\/Custom-Design-Cosmetic-Packaging-Bulk-Sachet-Spout-Pouch-3.webp 750w, https:\/\/www.stanleypackage.com\/wp-content\/uploads\/2025\/07\/Custom-Design-Cosmetic-Packaging-Bulk-Sachet-Spout-Pouch-3-300x300.webp 300w, https:\/\/www.stanleypackage.com\/wp-content\/uploads\/2025\/07\/Custom-Design-Cosmetic-Packaging-Bulk-Sachet-Spout-Pouch-3-150x150.webp 150w, https:\/\/www.stanleypackage.com\/wp-content\/uploads\/2025\/07\/Custom-Design-Cosmetic-Packaging-Bulk-Sachet-Spout-Pouch-3-12x12.webp 12w, https:\/\/www.stanleypackage.com\/wp-content\/uploads\/2025\/07\/Custom-Design-Cosmetic-Packaging-Bulk-Sachet-Spout-Pouch-3-600x600.webp 600w, https:\/\/www.stanleypackage.com\/wp-content\/uploads\/2025\/07\/Custom-Design-Cosmetic-Packaging-Bulk-Sachet-Spout-Pouch-3-100x100.webp 100w\" sizes=\"(max-width: 750px) 100vw, 750px\" \/><\/figure>\n<\/div>\n<\/div>\n<\/div>\n<\/div>","protected":false},"excerpt":{"rendered":"<p>Nous vous invitons \u00e0 acheter en gros des sachets \u00e0 bec verseur. Cet emballage cosm\u00e9tique de conception personnalis\u00e9e a une texture de haute qualit\u00e9 et de fortes propri\u00e9t\u00e9s de barri\u00e8re. Il est \u00e9quip\u00e9 d'une buse et d'une structure de scellage lat\u00e9rale. Il convient \u00e0 l'emballage de produits cosm\u00e9tiques liquides tels que les lotions et les essences.<\/p>\n<table style=\"border-collapse: collapse; width: 334.02pt;\" border=\"0\" width=\"334\" cellspacing=\"0\" cellpadding=\"0\">\n<tbody>\n<tr style=\"height: 16.00pt;\">\n<td class=\"et2\" style=\"height: 16.00pt; width: 97.50pt;\" width=\"97\" height=\"16\">Fabricant<\/td>\n<td class=\"et2\" style=\"width: 236.80pt;\" width=\"236\">Stanley<\/td>\n<\/tr>\n<tr style=\"height: 16.00pt;\">\n<td class=\"et2\" style=\"height: 16.00pt; width: 97.50pt;\" width=\"97\" height=\"16\">Types de pochettes<\/td>\n<td class=\"et3\">Pochette \u00e0 bec, pochette \u00e0 plat<\/td>\n<\/tr>\n<tr style=\"height: 16.00pt;\">\n<td class=\"et2\" style=\"height: 16.00pt; width: 97.50pt;\" width=\"97\" height=\"16\">Mat\u00e9riau<\/td>\n<td class=\"et2\" style=\"width: 236.80pt;\" width=\"236\">Mat PET15\/AL7\/PE100<\/td>\n<\/tr>\n<tr style=\"height: 16.00pt;\">\n<td class=\"et2\" style=\"height: 16.00pt; width: 97.50pt;\" width=\"97\" height=\"16\">Dossier sp\u00e9cial<\/td>\n<td class=\"et2\" style=\"width: 236.80pt;\" width=\"236\">Bec, joint lat\u00e9ral<\/td>\n<\/tr>\n<tr style=\"height: 16.00pt;\">\n<td class=\"et2\" style=\"height: 16.00pt; width: 97.50pt;\" width=\"97\" height=\"16\">Manipulation de surface<\/td>\n<td class=\"et2\" style=\"width: 236.80pt;\" width=\"236\">Impression en h\u00e9liogravure<\/td>\n<\/tr>\n<tr style=\"height: 16.00pt;\">\n<td class=\"et2\" style=\"height: 16.00pt; width: 97.50pt;\" width=\"97\" height=\"16\">Couleur<\/td>\n<td class=\"et2\" style=\"width: 236.80pt;\" width=\"236\">Jusqu'\u00e0 10 couleurs<\/td>\n<\/tr>\n<tr style=\"height: 16.00pt;\">\n<td class=\"et2\" style=\"height: 16.00pt; width: 97.50pt;\" width=\"97\" height=\"16\">Utilisation<\/td>\n<td>Cr\u00e8me, Lotion\uff0cFondation, Cr\u00e8me solaire<\/td>\n<\/tr>\n<tr style=\"height: 16.00pt;\">\n<td class=\"et2\" style=\"height: 16.00pt; width: 97.50pt;\" width=\"97\" height=\"16\">MOQ<\/td>\n<td class=\"et2\" style=\"width: 236.80pt;\" width=\"236\">50 000 pi\u00e8ces<\/td>\n<\/tr>\n<tr style=\"height: 16.00pt;\">\n<td class=\"et2\" style=\"height: 16.00pt; width: 97.50pt;\" width=\"97\" height=\"16\">Commande personnalis\u00e9e<\/td>\n<td class=\"et2\" style=\"width: 236.80pt;\" width=\"236\">Acceptation de l'OEM et de l'ODM, prise en charge de l'\u00e9chantillonnage gratuit<\/td>\n<\/tr>\n<\/tbody>\n<\/table>","protected":false},"featured_media":2401,"comment_status":"closed","ping_status":"closed","template":"","meta":{"_acf_changed":false},"product_brand":[],"product_cat":[32],"product_tag":[],"class_list":{"0":"post-2395","1":"product","2":"type-product","3":"status-publish","4":"has-post-thumbnail","6":"product_cat-spout-pouch-manufacturer","7":"pa_non-food-packaging-cosmetic-packaging-pouches","9":"first","10":"instock","11":"shipping-taxable","12":"product-type-simple"},"acf":[],"_links":{"self":[{"href":"https:\/\/www.stanleypackage.com\/fr\/wp-json\/wp\/v2\/product\/2395","targetHints":{"allow":["GET"]}}],"collection":[{"href":"https:\/\/www.stanleypackage.com\/fr\/wp-json\/wp\/v2\/product"}],"about":[{"href":"https:\/\/www.stanleypackage.com\/fr\/wp-json\/wp\/v2\/types\/product"}],"replies":[{"embeddable":true,"href":"https:\/\/www.stanleypackage.com\/fr\/wp-json\/wp\/v2\/comments?post=2395"}],"wp:featuredmedia":[{"embeddable":true,"href":"https:\/\/www.stanleypackage.com\/fr\/wp-json\/wp\/v2\/media\/2401"}],"wp:attachment":[{"href":"https:\/\/www.stanleypackage.com\/fr\/wp-json\/wp\/v2\/media?parent=2395"}],"wp:term":[{"taxonomy":"product_brand","embeddable":true,"href":"https:\/\/www.stanleypackage.com\/fr\/wp-json\/wp\/v2\/product_brand?post=2395"},{"taxonomy":"product_cat","embeddable":true,"href":"https:\/\/www.stanleypackage.com\/fr\/wp-json\/wp\/v2\/product_cat?post=2395"},{"taxonomy":"product_tag","embeddable":true,"href":"https:\/\/www.stanleypackage.com\/fr\/wp-json\/wp\/v2\/product_tag?post=2395"}],"curies":[{"name":"wp","href":"https:\/\/api.w.org\/{rel}","templated":true}]}}