{"id":2402,"date":"2025-07-15T09:38:07","date_gmt":"2025-07-15T09:38:07","guid":{"rendered":"https:\/\/www.stanleypackage.com\/?post_type=product&#038;p=2402"},"modified":"2025-07-15T09:44:28","modified_gmt":"2025-07-15T09:44:28","slug":"custom-printed-cosmetic-packaging","status":"publish","type":"product","link":"https:\/\/www.stanleypackage.com\/fr\/product\/custom-printed-cosmetic-packaging\/","title":{"rendered":"Emballage cosm\u00e9tique imprim\u00e9 sur mesure, pochette \u00e0 bec Wholesale"},"content":{"rendered":"<div class=\"wp-block-columns is-layout-flex wp-container-core-columns-is-layout-9d6595d7 wp-block-columns-is-layout-flex\">\n<div class=\"wp-block-column is-layout-flow wp-block-column-is-layout-flow\">\n<h2 class=\"wp-block-heading\">Caract\u00e9ristiques de l'emballage cosm\u00e9tique imprim\u00e9 sur mesure<\/h2>\n\n\n\n<ul class=\"wp-block-list\">\n<li><strong>Structure multicouche de haute qualit\u00e9 pour prot\u00e9ger le mat\u00e9riau int\u00e9rieur plus longtemps : <\/strong>Cet emballage cosm\u00e9tique imprim\u00e9 personnalis\u00e9 utilise un mat\u00e9riau composite Matte PET15\/AL7\/PE100, qui pr\u00e9sente d'excellents effets de barri\u00e8re contre l'eau, l'oxydation et la p\u00e9n\u00e9tration des odeurs.<\/li>\n\n\n\n<li><strong>Texture de surface mate pour am\u00e9liorer la qualit\u00e9 de l'emballage de la marque : <\/strong>La couche ext\u00e9rieure en PET mat de qualit\u00e9 sup\u00e9rieure de notre poche \u00e0 bec rend l'emballage visuellement plus doux et plus agr\u00e9able au toucher, ce qui convient au positionnement sur le march\u00e9 des cosm\u00e9tiques haut de gamme.<\/li>\n\n\n\n<li><strong>Buse d'aspiration + joint lat\u00e9ral + fond debout pour une utilisation et une pr\u00e9sentation ais\u00e9es : <\/strong>Nos emballages cosm\u00e9tiques imprim\u00e9s personnalis\u00e9s sont \u00e9quip\u00e9s d'une buse d'aspiration et d'un fond vertical pour faciliter le remplissage, le transport et la mise en rayon.<\/li>\n\n\n\n<li><strong>Prise en charge de l'impression personnalis\u00e9e et de la personnalisation des sp\u00e9cifications : <\/strong>Notre pochette \u00e0 bec en gros peut personnaliser le motif, la taille, la couleur de la buse d'aspiration et la position en fonction des exigences de la marque pour r\u00e9pondre aux divers besoins du march\u00e9.<\/li>\n\n\n\n<li><strong>L'aspect bleu vif attire l'attention des consommateurs : <\/strong>Cet emballage cosm\u00e9tique personnalis\u00e9 est imprim\u00e9 en bleu vif, ce qui lui permet de se d\u00e9marquer plus facilement dans les rayons, d'am\u00e9liorer la reconnaissance de la marque et de susciter l'envie d'acheter.<\/li>\n<\/ul>\n\n\n\n<div class=\"wp-block-columns is-layout-flex wp-container-core-columns-is-layout-9d6595d7 wp-block-columns-is-layout-flex\">\n<div class=\"wp-block-column is-layout-flow wp-block-column-is-layout-flow\">\n<figure class=\"wp-block-image size-full\"><img decoding=\"async\" width=\"750\" height=\"750\" src=\"https:\/\/www.stanleypackage.com\/wp-content\/uploads\/2025\/07\/Custom-Printed-Cosmetic-Packaging-Spout-Pouch-Wholesale-1.webp\" alt=\"Emballage cosm\u00e9tique imprim\u00e9 sur mesure, pochette \u00e0 bec Wholesale-1\" class=\"wp-image-2403\" srcset=\"https:\/\/www.stanleypackage.com\/wp-content\/uploads\/2025\/07\/Custom-Printed-Cosmetic-Packaging-Spout-Pouch-Wholesale-1.webp 750w, https:\/\/www.stanleypackage.com\/wp-content\/uploads\/2025\/07\/Custom-Printed-Cosmetic-Packaging-Spout-Pouch-Wholesale-1-300x300.webp 300w, https:\/\/www.stanleypackage.com\/wp-content\/uploads\/2025\/07\/Custom-Printed-Cosmetic-Packaging-Spout-Pouch-Wholesale-1-150x150.webp 150w, https:\/\/www.stanleypackage.com\/wp-content\/uploads\/2025\/07\/Custom-Printed-Cosmetic-Packaging-Spout-Pouch-Wholesale-1-12x12.webp 12w, https:\/\/www.stanleypackage.com\/wp-content\/uploads\/2025\/07\/Custom-Printed-Cosmetic-Packaging-Spout-Pouch-Wholesale-1-600x600.webp 600w, https:\/\/www.stanleypackage.com\/wp-content\/uploads\/2025\/07\/Custom-Printed-Cosmetic-Packaging-Spout-Pouch-Wholesale-1-100x100.webp 100w\" sizes=\"(max-width: 750px) 100vw, 750px\" \/><\/figure>\n<\/div>\n\n\n\n<div class=\"wp-block-column is-layout-flow wp-block-column-is-layout-flow\">\n<figure class=\"wp-block-image size-full\"><img decoding=\"async\" width=\"750\" height=\"750\" src=\"https:\/\/www.stanleypackage.com\/wp-content\/uploads\/2025\/07\/Custom-Printed-Cosmetic-Packaging-Spout-Pouch-Wholesale-2.webp\" alt=\"Emballage cosm\u00e9tique imprim\u00e9 sur mesure, pochette \u00e0 bec Wholesale-2\" class=\"wp-image-2404\" srcset=\"https:\/\/www.stanleypackage.com\/wp-content\/uploads\/2025\/07\/Custom-Printed-Cosmetic-Packaging-Spout-Pouch-Wholesale-2.webp 750w, https:\/\/www.stanleypackage.com\/wp-content\/uploads\/2025\/07\/Custom-Printed-Cosmetic-Packaging-Spout-Pouch-Wholesale-2-300x300.webp 300w, https:\/\/www.stanleypackage.com\/wp-content\/uploads\/2025\/07\/Custom-Printed-Cosmetic-Packaging-Spout-Pouch-Wholesale-2-150x150.webp 150w, https:\/\/www.stanleypackage.com\/wp-content\/uploads\/2025\/07\/Custom-Printed-Cosmetic-Packaging-Spout-Pouch-Wholesale-2-12x12.webp 12w, https:\/\/www.stanleypackage.com\/wp-content\/uploads\/2025\/07\/Custom-Printed-Cosmetic-Packaging-Spout-Pouch-Wholesale-2-600x600.webp 600w, https:\/\/www.stanleypackage.com\/wp-content\/uploads\/2025\/07\/Custom-Printed-Cosmetic-Packaging-Spout-Pouch-Wholesale-2-100x100.webp 100w\" sizes=\"(max-width: 750px) 100vw, 750px\" \/><\/figure>\n<\/div>\n<\/div>\n<\/div>\n<\/div>","protected":false},"excerpt":{"rendered":"<p>Bienvenue sur le site d'achat en gros de pochettes \u00e0 bec. Cet emballage cosm\u00e9tique imprim\u00e9 personnalis\u00e9 est dot\u00e9 d'un design de type \"stand-up\" au fond, avec un aspect bleu vif, qui est \u00e0 la fois pratique et visuellement attrayant.<\/p>\n<table style=\"border-collapse: collapse; width: 334.02pt;\" border=\"0\" width=\"334\" cellspacing=\"0\" cellpadding=\"0\">\n<tbody>\n<tr style=\"height: 16.00pt;\">\n<td class=\"et2\" style=\"height: 16.00pt; width: 97.50pt;\" width=\"97\" height=\"16\">Fabricant<\/td>\n<td class=\"et2\" style=\"width: 236.80pt;\" width=\"236\">Stanley<\/td>\n<\/tr>\n<tr style=\"height: 16.00pt;\">\n<td class=\"et2\" style=\"height: 16.00pt; width: 97.50pt;\" width=\"97\" height=\"16\">Types de pochettes<\/td>\n<td class=\"et3\">Pochette \u00e0 bec, pochette \u00e0 hauteur d'homme<\/td>\n<\/tr>\n<tr style=\"height: 16.00pt;\">\n<td class=\"et2\" style=\"height: 16.00pt; width: 97.50pt;\" width=\"97\" height=\"16\">Mat\u00e9riau<\/td>\n<td class=\"et2\" style=\"width: 236.80pt;\" width=\"236\">Mat PET15\/AL7\/PE100<\/td>\n<\/tr>\n<tr style=\"height: 16.00pt;\">\n<td class=\"et2\" style=\"height: 16.00pt; width: 97.50pt;\" width=\"97\" height=\"16\">Dossier sp\u00e9cial<\/td>\n<td class=\"et2\" style=\"width: 236.80pt;\" width=\"236\">Bec, fond autoportant<\/td>\n<\/tr>\n<tr style=\"height: 16.00pt;\">\n<td class=\"et2\" style=\"height: 16.00pt; width: 97.50pt;\" width=\"97\" height=\"16\">Manipulation de surface<\/td>\n<td class=\"et2\" style=\"width: 236.80pt;\" width=\"236\">Impression en h\u00e9liogravure<\/td>\n<\/tr>\n<tr style=\"height: 16.00pt;\">\n<td class=\"et2\" style=\"height: 16.00pt; width: 97.50pt;\" width=\"97\" height=\"16\">Couleur<\/td>\n<td class=\"et2\" style=\"width: 236.80pt;\" width=\"236\">Jusqu'\u00e0 10 couleurs<\/td>\n<\/tr>\n<tr style=\"height: 16.00pt;\">\n<td class=\"et2\" style=\"height: 16.00pt; width: 97.50pt;\" width=\"97\" height=\"16\">Utilisation<\/td>\n<td>Cr\u00e8me, Lotion\uff0cFondation, Cr\u00e8me solaire<\/td>\n<\/tr>\n<tr style=\"height: 16.00pt;\">\n<td class=\"et2\" style=\"height: 16.00pt; width: 97.50pt;\" width=\"97\" height=\"16\">MOQ<\/td>\n<td class=\"et2\" style=\"width: 236.80pt;\" width=\"236\">50 000 pi\u00e8ces<\/td>\n<\/tr>\n<tr style=\"height: 16.00pt;\">\n<td class=\"et2\" style=\"height: 16.00pt; width: 97.50pt;\" width=\"97\" height=\"16\">Commande personnalis\u00e9e<\/td>\n<td class=\"et2\" style=\"width: 236.80pt;\" width=\"236\">Acceptation de l'OEM et de l'ODM, prise en charge de l'\u00e9chantillonnage gratuit<\/td>\n<\/tr>\n<\/tbody>\n<\/table>","protected":false},"featured_media":2408,"comment_status":"closed","ping_status":"closed","template":"","meta":{"_acf_changed":false},"product_brand":[],"product_cat":[32,30],"product_tag":[],"class_list":{"0":"post-2402","1":"product","2":"type-product","3":"status-publish","4":"has-post-thumbnail","6":"product_cat-spout-pouch-manufacturer","7":"product_cat-stand-up-pouch-manufacturer","8":"pa_non-food-packaging-cosmetic-packaging-pouches","10":"first","11":"instock","12":"shipping-taxable","13":"product-type-simple"},"acf":[],"_links":{"self":[{"href":"https:\/\/www.stanleypackage.com\/fr\/wp-json\/wp\/v2\/product\/2402","targetHints":{"allow":["GET"]}}],"collection":[{"href":"https:\/\/www.stanleypackage.com\/fr\/wp-json\/wp\/v2\/product"}],"about":[{"href":"https:\/\/www.stanleypackage.com\/fr\/wp-json\/wp\/v2\/types\/product"}],"replies":[{"embeddable":true,"href":"https:\/\/www.stanleypackage.com\/fr\/wp-json\/wp\/v2\/comments?post=2402"}],"wp:featuredmedia":[{"embeddable":true,"href":"https:\/\/www.stanleypackage.com\/fr\/wp-json\/wp\/v2\/media\/2408"}],"wp:attachment":[{"href":"https:\/\/www.stanleypackage.com\/fr\/wp-json\/wp\/v2\/media?parent=2402"}],"wp:term":[{"taxonomy":"product_brand","embeddable":true,"href":"https:\/\/www.stanleypackage.com\/fr\/wp-json\/wp\/v2\/product_brand?post=2402"},{"taxonomy":"product_cat","embeddable":true,"href":"https:\/\/www.stanleypackage.com\/fr\/wp-json\/wp\/v2\/product_cat?post=2402"},{"taxonomy":"product_tag","embeddable":true,"href":"https:\/\/www.stanleypackage.com\/fr\/wp-json\/wp\/v2\/product_tag?post=2402"}],"curies":[{"name":"wp","href":"https:\/\/api.w.org\/{rel}","templated":true}]}}