{"id":2415,"date":"2025-07-15T09:54:00","date_gmt":"2025-07-15T09:54:00","guid":{"rendered":"https:\/\/www.stanleypackage.com\/?post_type=product&#038;p=2415"},"modified":"2025-07-15T10:02:58","modified_gmt":"2025-07-15T10:02:58","slug":"customized-stand-up-pouches","status":"publish","type":"product","link":"https:\/\/www.stanleypackage.com\/fr\/product\/customized-stand-up-pouches\/","title":{"rendered":"Vente en gros de petites pochettes personnalis\u00e9es pour gels douche"},"content":{"rendered":"<div class=\"wp-block-columns is-layout-flex wp-container-core-columns-is-layout-9d6595d7 wp-block-columns-is-layout-flex\">\n<div class=\"wp-block-column is-layout-flow wp-block-column-is-layout-flow\">\n<h2 class=\"wp-block-heading\">Caract\u00e9ristiques des pochettes \u00e0 rabat personnalis\u00e9es<\/h2>\n\n\n\n<ul class=\"wp-block-list\">\n<li><strong>Structure composite \u00e0 trois couches, emballage stable et r\u00e9sistant \u00e0 la rupture : <\/strong>Nos sachets \u00e0 fond plat personnalis\u00e9s sont fabriqu\u00e9s en PET12\/PET12\/MBPE85. Ils sont \u00e9tanches et r\u00e9sistants \u00e0 la pression et conviennent au stockage \u00e0 long terme de produits liquides.<\/li>\n\n\n\n<li><strong>La conception de la buse d'aspiration facilite l'acc\u00e8s et \u00e9vite le gaspillage : <\/strong>La conception de la buse de ces sachets d'emballage en gros est pratique pour un contr\u00f4le pr\u00e9cis du dosage, adapt\u00e9 \u00e0 une utilisation quotidienne.<\/li>\n\n\n\n<li><strong>Fond autoportant, facile \u00e0 placer et \u00e0 exposer :<\/strong> Le fond de ces pochettes personnalis\u00e9es peut se relever, ce qui am\u00e9liore l'effet de pr\u00e9sentation en rayon et renforce l'image de la marque.<\/li>\n\n\n\n<li><strong>Les couleurs d\u00e9grad\u00e9es am\u00e9liorent l'attrait visuel : <\/strong>Nos sachets d'emballage en gros adoptent un design populaire de couleur d\u00e9grad\u00e9e, qui est plus moderne et aide le produit \u00e0 se d\u00e9marquer de la m\u00eame cat\u00e9gorie.<\/li>\n\n\n\n<li><strong>Prise en charge de l'impression personnalis\u00e9e et de la personnalisation des petits formats : <\/strong>Nos sachets sur mesure peuvent \u00eatre personnalis\u00e9s avec des motifs, des capacit\u00e9s et des sp\u00e9cifications de buse selon les exigences de la marque afin de r\u00e9pondre aux divers positionnements sur le march\u00e9 et sc\u00e9narios d'application.<\/li>\n<\/ul>\n\n\n\n<div class=\"wp-block-columns is-layout-flex wp-container-core-columns-is-layout-9d6595d7 wp-block-columns-is-layout-flex\">\n<div class=\"wp-block-column is-layout-flow wp-block-column-is-layout-flow\">\n<figure class=\"wp-block-image size-full\"><img decoding=\"async\" width=\"750\" height=\"750\" src=\"https:\/\/www.stanleypackage.com\/wp-content\/uploads\/2025\/07\/Wholesale-Small-Customized-Stand-Up-Pouches-for-Shower-Gels-5.webp\" alt=\"Vente en gros de petites pochettes personnalis\u00e9es pour gels douche-5\" class=\"wp-image-2420\" srcset=\"https:\/\/www.stanleypackage.com\/wp-content\/uploads\/2025\/07\/Wholesale-Small-Customized-Stand-Up-Pouches-for-Shower-Gels-5.webp 750w, https:\/\/www.stanleypackage.com\/wp-content\/uploads\/2025\/07\/Wholesale-Small-Customized-Stand-Up-Pouches-for-Shower-Gels-5-300x300.webp 300w, https:\/\/www.stanleypackage.com\/wp-content\/uploads\/2025\/07\/Wholesale-Small-Customized-Stand-Up-Pouches-for-Shower-Gels-5-150x150.webp 150w, https:\/\/www.stanleypackage.com\/wp-content\/uploads\/2025\/07\/Wholesale-Small-Customized-Stand-Up-Pouches-for-Shower-Gels-5-12x12.webp 12w, https:\/\/www.stanleypackage.com\/wp-content\/uploads\/2025\/07\/Wholesale-Small-Customized-Stand-Up-Pouches-for-Shower-Gels-5-600x600.webp 600w, https:\/\/www.stanleypackage.com\/wp-content\/uploads\/2025\/07\/Wholesale-Small-Customized-Stand-Up-Pouches-for-Shower-Gels-5-100x100.webp 100w\" sizes=\"(max-width: 750px) 100vw, 750px\" \/><\/figure>\n<\/div>\n\n\n\n<div class=\"wp-block-column is-layout-flow wp-block-column-is-layout-flow\">\n<figure class=\"wp-block-image size-full\"><img decoding=\"async\" width=\"750\" height=\"750\" src=\"https:\/\/www.stanleypackage.com\/wp-content\/uploads\/2025\/07\/Wholesale-Small-Customized-Stand-Up-Pouches-for-Shower-Gels-4.webp\" alt=\"Vente en gros de petites pochettes personnalis\u00e9es pour gels douche-4\" class=\"wp-image-2419\" srcset=\"https:\/\/www.stanleypackage.com\/wp-content\/uploads\/2025\/07\/Wholesale-Small-Customized-Stand-Up-Pouches-for-Shower-Gels-4.webp 750w, https:\/\/www.stanleypackage.com\/wp-content\/uploads\/2025\/07\/Wholesale-Small-Customized-Stand-Up-Pouches-for-Shower-Gels-4-300x300.webp 300w, https:\/\/www.stanleypackage.com\/wp-content\/uploads\/2025\/07\/Wholesale-Small-Customized-Stand-Up-Pouches-for-Shower-Gels-4-150x150.webp 150w, https:\/\/www.stanleypackage.com\/wp-content\/uploads\/2025\/07\/Wholesale-Small-Customized-Stand-Up-Pouches-for-Shower-Gels-4-12x12.webp 12w, https:\/\/www.stanleypackage.com\/wp-content\/uploads\/2025\/07\/Wholesale-Small-Customized-Stand-Up-Pouches-for-Shower-Gels-4-600x600.webp 600w, https:\/\/www.stanleypackage.com\/wp-content\/uploads\/2025\/07\/Wholesale-Small-Customized-Stand-Up-Pouches-for-Shower-Gels-4-100x100.webp 100w\" sizes=\"(max-width: 750px) 100vw, 750px\" \/><\/figure>\n<\/div>\n<\/div>\n<\/div>\n<\/div>","protected":false},"excerpt":{"rendered":"<p>Nous vous invitons \u00e0 acheter des sachets d'emballage en gros. Nos pochettes d'emballage personnalis\u00e9es sont durables, bien scell\u00e9es et ont un fond autoportant avec une structure de buse, ce qui est facile \u00e0 utiliser et \u00e0 placer. Les couleurs d\u00e9grad\u00e9es sont \u00e0 la mode et attirent l'attention.<\/p>\n<table style=\"border-collapse: collapse; width: 334.02pt;\" border=\"0\" width=\"334\" cellspacing=\"0\" cellpadding=\"0\">\n<tbody>\n<tr style=\"height: 16.00pt;\">\n<td class=\"et2\" style=\"height: 16.00pt; width: 97.50pt;\" width=\"97\" height=\"16\">Fabricant<\/td>\n<td class=\"et2\" style=\"width: 236.80pt;\" width=\"236\">Stanley<\/td>\n<\/tr>\n<tr style=\"height: 16.00pt;\">\n<td class=\"et2\" style=\"height: 16.00pt; width: 97.50pt;\" width=\"97\" height=\"16\">Types de pochettes<\/td>\n<td class=\"et3\">Pochette \u00e0 bec, pochette \u00e0 hauteur d'homme<\/td>\n<\/tr>\n<tr style=\"height: 16.00pt;\">\n<td class=\"et2\" style=\"height: 16.00pt; width: 97.50pt;\" width=\"97\" height=\"16\">Mat\u00e9riau<\/td>\n<td class=\"et2\" style=\"width: 236.80pt;\" width=\"236\">PET12\/PET12\/MBPE85<\/td>\n<\/tr>\n<tr style=\"height: 16.00pt;\">\n<td class=\"et2\" style=\"height: 16.00pt; width: 97.50pt;\" width=\"97\" height=\"16\">Dossier sp\u00e9cial<\/td>\n<td class=\"et2\" style=\"width: 236.80pt;\" width=\"236\">Bec, fond autoportant<\/td>\n<\/tr>\n<tr style=\"height: 16.00pt;\">\n<td class=\"et2\" style=\"height: 16.00pt; width: 97.50pt;\" width=\"97\" height=\"16\">Manipulation de surface<\/td>\n<td class=\"et2\" style=\"width: 236.80pt;\" width=\"236\">Impression en h\u00e9liogravure<\/td>\n<\/tr>\n<tr style=\"height: 16.00pt;\">\n<td class=\"et2\" style=\"height: 16.00pt; width: 97.50pt;\" width=\"97\" height=\"16\">Couleur<\/td>\n<td class=\"et2\" style=\"width: 236.80pt;\" width=\"236\">Jusqu'\u00e0 10 couleurs<\/td>\n<\/tr>\n<tr style=\"height: 16.00pt;\">\n<td class=\"et2\" style=\"height: 16.00pt; width: 97.50pt;\" width=\"97\" height=\"16\">Utilisation<\/td>\n<td class=\"et3\">D\u00e9tergent, shampoing, savon pour les mains<\/td>\n<\/tr>\n<tr style=\"height: 16.00pt;\">\n<td class=\"et2\" style=\"height: 16.00pt; width: 97.50pt;\" width=\"97\" height=\"16\">MOQ<\/td>\n<td class=\"et2\" style=\"width: 236.80pt;\" width=\"236\">50 000 pi\u00e8ces<\/td>\n<\/tr>\n<tr style=\"height: 16.00pt;\">\n<td class=\"et2\" style=\"height: 16.00pt; width: 97.50pt;\" width=\"97\" height=\"16\">Commande personnalis\u00e9e<\/td>\n<td class=\"et2\" style=\"width: 236.80pt;\" width=\"236\">Acceptation de l'OEM et de l'ODM, prise en charge de l'\u00e9chantillonnage gratuit<\/td>\n<\/tr>\n<\/tbody>\n<\/table>","protected":false},"featured_media":2416,"comment_status":"closed","ping_status":"closed","template":"","meta":{"_acf_changed":false},"product_brand":[],"product_cat":[32,30],"product_tag":[],"class_list":{"0":"post-2415","1":"product","2":"type-product","3":"status-publish","4":"has-post-thumbnail","6":"product_cat-spout-pouch-manufacturer","7":"product_cat-stand-up-pouch-manufacturer","8":"pa_non-food-packaging-soap-detergent-pouches","10":"first","11":"instock","12":"shipping-taxable","13":"product-type-simple"},"acf":[],"_links":{"self":[{"href":"https:\/\/www.stanleypackage.com\/fr\/wp-json\/wp\/v2\/product\/2415","targetHints":{"allow":["GET"]}}],"collection":[{"href":"https:\/\/www.stanleypackage.com\/fr\/wp-json\/wp\/v2\/product"}],"about":[{"href":"https:\/\/www.stanleypackage.com\/fr\/wp-json\/wp\/v2\/types\/product"}],"replies":[{"embeddable":true,"href":"https:\/\/www.stanleypackage.com\/fr\/wp-json\/wp\/v2\/comments?post=2415"}],"wp:featuredmedia":[{"embeddable":true,"href":"https:\/\/www.stanleypackage.com\/fr\/wp-json\/wp\/v2\/media\/2416"}],"wp:attachment":[{"href":"https:\/\/www.stanleypackage.com\/fr\/wp-json\/wp\/v2\/media?parent=2415"}],"wp:term":[{"taxonomy":"product_brand","embeddable":true,"href":"https:\/\/www.stanleypackage.com\/fr\/wp-json\/wp\/v2\/product_brand?post=2415"},{"taxonomy":"product_cat","embeddable":true,"href":"https:\/\/www.stanleypackage.com\/fr\/wp-json\/wp\/v2\/product_cat?post=2415"},{"taxonomy":"product_tag","embeddable":true,"href":"https:\/\/www.stanleypackage.com\/fr\/wp-json\/wp\/v2\/product_tag?post=2415"}],"curies":[{"name":"wp","href":"https:\/\/api.w.org\/{rel}","templated":true}]}}