{"id":2440,"date":"2025-07-21T03:57:12","date_gmt":"2025-07-21T03:57:12","guid":{"rendered":"https:\/\/www.stanleypackage.com\/?post_type=product&#038;p=2440"},"modified":"2025-07-21T06:11:07","modified_gmt":"2025-07-21T06:11:07","slug":"cosmetic-packaging-pouches-wholesale","status":"publish","type":"product","link":"https:\/\/www.stanleypackage.com\/fr\/product\/cosmetic-packaging-pouches-wholesale\/","title":{"rendered":"Pochettes d'emballage cosm\u00e9tique avec bec verseur Wholesale pour gel d'aloe vera"},"content":{"rendered":"<div class=\"wp-block-columns is-layout-flex wp-container-core-columns-is-layout-9d6595d7 wp-block-columns-is-layout-flex\">\n<div class=\"wp-block-column is-layout-flow wp-block-column-is-layout-flow\">\n<h2 class=\"wp-block-heading\">Caract\u00e9ristiques des sachets d'emballage cosm\u00e9tique en gros<\/h2>\n\n\n\n<ul class=\"wp-block-list\">\n<li><strong>Transparent Design : <\/strong>Nos sachets d'emballage cosm\u00e9tique en gros sont transparents, ce qui permet d'afficher la couleur et la texture du contenu, d'am\u00e9liorer l'attrait du produit et de renforcer la confiance des consommateurs.<\/li>\n\n\n\n<li><strong>Mat\u00e9riau multicouche durable : <\/strong>Ces sachets \u00e0 bec personnalis\u00e9s adoptent une structure multicouche MOPP25\/PET12\/PE70, avec d'excellentes propri\u00e9t\u00e9s d'\u00e9tanch\u00e9it\u00e9, de r\u00e9sistance \u00e0 l'humidit\u00e9 et \u00e0 la d\u00e9chirure, convenant \u00e0 une vari\u00e9t\u00e9 d'emballages de liquides visqueux.<\/li>\n\n\n\n<li><strong>Id\u00e9al pour les gels, les cr\u00e8mes et les lotions : <\/strong>Nos sachets d'emballage cosm\u00e9tique en gros sont sp\u00e9cialement con\u00e7us pour les produits de soins de la peau semi-fluides tels que le gel d'aloe vera, la cr\u00e8me, la lotion, etc., faciles \u00e0 utiliser et adapt\u00e9s \u00e0 une vari\u00e9t\u00e9 de lignes de remplissage et de m\u00e9thodes de distribution.<\/li>\n\n\n\n<li><strong>Fermeture s\u00e9curis\u00e9e du bec :<\/strong> Nos sachets \u00e0 bec personnalis\u00e9s ont une structure de fermeture solide et sont faciles \u00e0 ouvrir et \u00e0 fermer, ce qui permet d'\u00e9viter la pollution et les d\u00e9chets et d'am\u00e9liorer l'exp\u00e9rience de l'utilisateur.<\/li>\n\n\n\n<li><strong>Vente en gros et personnalisation possible : <\/strong>Nos pochettes d'emballage cosm\u00e9tique en gros peuvent \u00eatre personnalis\u00e9es avec des motifs d'impression, des sp\u00e9cifications et des tailles, un LOGO et un design d'emballage pour r\u00e9pondre aux besoins personnalis\u00e9s de la marque.<\/li>\n<\/ul>\n\n\n\n<div class=\"wp-block-columns is-layout-flex wp-container-core-columns-is-layout-9d6595d7 wp-block-columns-is-layout-flex\">\n<div class=\"wp-block-column is-layout-flow wp-block-column-is-layout-flow\">\n<figure class=\"wp-block-image size-full\"><img decoding=\"async\" width=\"750\" height=\"750\" src=\"https:\/\/www.stanleypackage.com\/wp-content\/uploads\/2025\/07\/Spout-Cosmetic-Packaging-Pouches-Wholesale-For-Aloe-Vera-Gel-1.webp\" alt=\"Pochettes d&#039;emballage cosm\u00e9tique avec bec verseur Wholesale pour gel d&#039;aloe vera-1\" class=\"wp-image-2441\" srcset=\"https:\/\/www.stanleypackage.com\/wp-content\/uploads\/2025\/07\/Spout-Cosmetic-Packaging-Pouches-Wholesale-For-Aloe-Vera-Gel-1.webp 750w, https:\/\/www.stanleypackage.com\/wp-content\/uploads\/2025\/07\/Spout-Cosmetic-Packaging-Pouches-Wholesale-For-Aloe-Vera-Gel-1-300x300.webp 300w, https:\/\/www.stanleypackage.com\/wp-content\/uploads\/2025\/07\/Spout-Cosmetic-Packaging-Pouches-Wholesale-For-Aloe-Vera-Gel-1-150x150.webp 150w, https:\/\/www.stanleypackage.com\/wp-content\/uploads\/2025\/07\/Spout-Cosmetic-Packaging-Pouches-Wholesale-For-Aloe-Vera-Gel-1-12x12.webp 12w, https:\/\/www.stanleypackage.com\/wp-content\/uploads\/2025\/07\/Spout-Cosmetic-Packaging-Pouches-Wholesale-For-Aloe-Vera-Gel-1-600x600.webp 600w, https:\/\/www.stanleypackage.com\/wp-content\/uploads\/2025\/07\/Spout-Cosmetic-Packaging-Pouches-Wholesale-For-Aloe-Vera-Gel-1-100x100.webp 100w\" sizes=\"(max-width: 750px) 100vw, 750px\" \/><\/figure>\n<\/div>\n\n\n\n<div class=\"wp-block-column is-layout-flow wp-block-column-is-layout-flow\">\n<figure class=\"wp-block-image size-full\"><img decoding=\"async\" width=\"750\" height=\"750\" src=\"https:\/\/www.stanleypackage.com\/wp-content\/uploads\/2025\/07\/Spout-Cosmetic-Packaging-Pouches-Wholesale-For-Aloe-Vera-Gel-2.webp\" alt=\"Pochettes d&#039;emballage cosm\u00e9tique avec bec verseur Wholesale pour gel d&#039;aloe vera-2\" class=\"wp-image-2442\" srcset=\"https:\/\/www.stanleypackage.com\/wp-content\/uploads\/2025\/07\/Spout-Cosmetic-Packaging-Pouches-Wholesale-For-Aloe-Vera-Gel-2.webp 750w, https:\/\/www.stanleypackage.com\/wp-content\/uploads\/2025\/07\/Spout-Cosmetic-Packaging-Pouches-Wholesale-For-Aloe-Vera-Gel-2-300x300.webp 300w, https:\/\/www.stanleypackage.com\/wp-content\/uploads\/2025\/07\/Spout-Cosmetic-Packaging-Pouches-Wholesale-For-Aloe-Vera-Gel-2-150x150.webp 150w, https:\/\/www.stanleypackage.com\/wp-content\/uploads\/2025\/07\/Spout-Cosmetic-Packaging-Pouches-Wholesale-For-Aloe-Vera-Gel-2-12x12.webp 12w, https:\/\/www.stanleypackage.com\/wp-content\/uploads\/2025\/07\/Spout-Cosmetic-Packaging-Pouches-Wholesale-For-Aloe-Vera-Gel-2-600x600.webp 600w, https:\/\/www.stanleypackage.com\/wp-content\/uploads\/2025\/07\/Spout-Cosmetic-Packaging-Pouches-Wholesale-For-Aloe-Vera-Gel-2-100x100.webp 100w\" sizes=\"(max-width: 750px) 100vw, 750px\" \/><\/figure>\n<\/div>\n<\/div>\n<\/div>\n<\/div>","protected":false},"excerpt":{"rendered":"<p>Bienvenue dans le monde des pochettes \u00e0 bec personnalis\u00e9es. Nos sachets d'emballage cosm\u00e9tique transparents sont \u00e0 la fois flexibles et herm\u00e9tiques. Ils conviennent \u00e0 toutes sortes de produits semi-fluides tels que le gel d'aloe vera, la cr\u00e8me, la lotion, etc. Nous prenons en charge la personnalisation compl\u00e8te.<\/p>\n<table style=\"border-collapse: collapse; width: 334.02pt;\" border=\"0\" width=\"334\" cellspacing=\"0\" cellpadding=\"0\">\n<tbody>\n<tr style=\"height: 16.00pt;\">\n<td class=\"et2\" style=\"height: 16.00pt; width: 97.50pt;\" width=\"97\" height=\"16\">Fabricant<\/td>\n<td class=\"et2\" style=\"width: 236.80pt;\" width=\"236\">Stanley<\/td>\n<\/tr>\n<tr style=\"height: 16.00pt;\">\n<td class=\"et2\" style=\"height: 16.00pt; width: 97.50pt;\" width=\"97\" height=\"16\">Types de pochettes<\/td>\n<td class=\"et3\">Pochette \u00e0 bec<\/td>\n<\/tr>\n<tr style=\"height: 16.00pt;\">\n<td class=\"et2\" style=\"height: 16.00pt; width: 97.50pt;\" width=\"97\" height=\"16\">Mat\u00e9riau<\/td>\n<td class=\"et2\" style=\"width: 236.80pt;\" width=\"236\">MOPP25\/PET12\/PE70<\/td>\n<\/tr>\n<tr style=\"height: 16.00pt;\">\n<td class=\"et2\" style=\"height: 16.00pt; width: 97.50pt;\" width=\"97\" height=\"16\">Dossier sp\u00e9cial<\/td>\n<td class=\"et2\" style=\"width: 236.80pt;\" width=\"236\">Bec verseur<\/td>\n<\/tr>\n<tr style=\"height: 16.00pt;\">\n<td class=\"et2\" style=\"height: 16.00pt; width: 97.50pt;\" width=\"97\" height=\"16\">Manipulation de surface<\/td>\n<td class=\"et2\" style=\"width: 236.80pt;\" width=\"236\">Impression en h\u00e9liogravure<\/td>\n<\/tr>\n<tr style=\"height: 16.00pt;\">\n<td class=\"et2\" style=\"height: 16.00pt; width: 97.50pt;\" width=\"97\" height=\"16\">Couleur<\/td>\n<td class=\"et2\" style=\"width: 236.80pt;\" width=\"236\">Jusqu'\u00e0 10 couleurs<\/td>\n<\/tr>\n<tr style=\"height: 16.00pt;\">\n<td class=\"et2\" style=\"height: 16.00pt; width: 97.50pt;\" width=\"97\" height=\"16\">Utilisation<\/td>\n<td class=\"et3\">Gel, cr\u00e8me, lotion<\/td>\n<\/tr>\n<tr style=\"height: 16.00pt;\">\n<td class=\"et2\" style=\"height: 16.00pt; width: 97.50pt;\" width=\"97\" height=\"16\">MOQ<\/td>\n<td class=\"et2\" style=\"width: 236.80pt;\" width=\"236\">50 000 pi\u00e8ces<\/td>\n<\/tr>\n<tr style=\"height: 16.00pt;\">\n<td class=\"et2\" style=\"height: 16.00pt; width: 97.50pt;\" width=\"97\" height=\"16\">Commande personnalis\u00e9e<\/td>\n<td class=\"et2\" style=\"width: 236.80pt;\" width=\"236\">Acceptation de l'OEM et de l'ODM, prise en charge de l'\u00e9chantillonnage gratuit<\/td>\n<\/tr>\n<\/tbody>\n<\/table>","protected":false},"featured_media":2444,"comment_status":"closed","ping_status":"closed","template":"","meta":{"_acf_changed":false},"product_brand":[],"product_cat":[32],"product_tag":[],"class_list":{"0":"post-2440","1":"product","2":"type-product","3":"status-publish","4":"has-post-thumbnail","6":"product_cat-spout-pouch-manufacturer","7":"pa_non-food-packaging-cosmetic-packaging-pouches","9":"first","10":"instock","11":"shipping-taxable","12":"product-type-simple"},"acf":[],"_links":{"self":[{"href":"https:\/\/www.stanleypackage.com\/fr\/wp-json\/wp\/v2\/product\/2440","targetHints":{"allow":["GET"]}}],"collection":[{"href":"https:\/\/www.stanleypackage.com\/fr\/wp-json\/wp\/v2\/product"}],"about":[{"href":"https:\/\/www.stanleypackage.com\/fr\/wp-json\/wp\/v2\/types\/product"}],"replies":[{"embeddable":true,"href":"https:\/\/www.stanleypackage.com\/fr\/wp-json\/wp\/v2\/comments?post=2440"}],"wp:featuredmedia":[{"embeddable":true,"href":"https:\/\/www.stanleypackage.com\/fr\/wp-json\/wp\/v2\/media\/2444"}],"wp:attachment":[{"href":"https:\/\/www.stanleypackage.com\/fr\/wp-json\/wp\/v2\/media?parent=2440"}],"wp:term":[{"taxonomy":"product_brand","embeddable":true,"href":"https:\/\/www.stanleypackage.com\/fr\/wp-json\/wp\/v2\/product_brand?post=2440"},{"taxonomy":"product_cat","embeddable":true,"href":"https:\/\/www.stanleypackage.com\/fr\/wp-json\/wp\/v2\/product_cat?post=2440"},{"taxonomy":"product_tag","embeddable":true,"href":"https:\/\/www.stanleypackage.com\/fr\/wp-json\/wp\/v2\/product_tag?post=2440"}],"curies":[{"name":"wp","href":"https:\/\/api.w.org\/{rel}","templated":true}]}}