{"id":2446,"date":"2025-07-21T06:13:26","date_gmt":"2025-07-21T06:13:26","guid":{"rendered":"https:\/\/www.stanleypackage.com\/?post_type=product&#038;p=2446"},"modified":"2025-09-06T01:27:34","modified_gmt":"2025-09-06T01:27:34","slug":"spout-bags-wholesale","status":"publish","type":"product","link":"https:\/\/www.stanleypackage.com\/fr\/product\/spout-bags-wholesale\/","title":{"rendered":"Sacs \u00e0 bec imprim\u00e9s sur mesure en gros, emballage de pochettes de cosm\u00e9tiques"},"content":{"rendered":"<div class=\"wp-block-columns is-layout-flex wp-container-core-columns-is-layout-9d6595d7 wp-block-columns-is-layout-flex\">\n<div class=\"wp-block-column is-layout-flow wp-block-column-is-layout-flow\">\n<h2 class=\"wp-block-heading\">Caract\u00e9ristiques des sacs \u00e0 bec cosm\u00e9tique Wholesale<\/h2>\n\n\n\n<ul class=\"wp-block-list\">\n<li><strong>Finition en aluminium mat de premi\u00e8re qualit\u00e9 :<\/strong> Ces sacs \u00e0 bec en gros ont une surface de film d'impression matte en aluminium pur, qui a une sensation d\u00e9licate \u00e0 la main et une texture haut de gamme, donnant \u00e0 la marque une image professionnelle et am\u00e9liorant la qualit\u00e9 du produit.<\/li>\n\n\n\n<li><strong>Excellente performance en mati\u00e8re de barri\u00e8re :<\/strong> La couche d'aluminium de cet emballage cosm\u00e9tique personnalis\u00e9 a d'excellentes fonctions de protection contre la lumi\u00e8re, l'humidit\u00e9 et l'oxydation, ce qui prot\u00e8ge enti\u00e8rement le contenu et prolonge la dur\u00e9e de conservation du produit.<\/li>\n\n\n\n<li><strong>Id\u00e9al pour les gels, les cr\u00e8mes et les lotions : <\/strong>Nos sacs \u00e0 bec en gros conviennent aux produits semi-fluides tels que le gel d'aloe vera, la cr\u00e8me pour le visage, la lotion pour le corps, etc. La structure du bec est pratique pour le remplissage et l'utilisation, et l'exp\u00e9rience de l'utilisateur est conviviale.<\/li>\n\n\n\n<li><strong>Structure multicouche durable : <\/strong>Nos emballages cosm\u00e9tiques personnalis\u00e9s adoptent la structure MOPP25\/AL7\/PET12\/PE70, qui est r\u00e9sistante \u00e0 la pression, \u00e0 la d\u00e9chirure et aux fuites. Ils conviennent \u00e0 toutes sortes d'emballages de produits de soins de la peau et \u00e0 tous les besoins de transport.<\/li>\n\n\n\n<li><strong>Impression personnalis\u00e9e pour le marquage : <\/strong>Nos sacs \u00e0 bec en gros prennent en charge l'impression personnalis\u00e9e en couleur, et le LOGO, le motif et le texte peuvent \u00eatre pr\u00e9sent\u00e9s avec pr\u00e9cision pour aider \u00e0 la communication visuelle de la marque.<\/li>\n<\/ul>\n\n\n\n<div class=\"wp-block-columns is-layout-flex wp-container-core-columns-is-layout-9d6595d7 wp-block-columns-is-layout-flex\">\n<div class=\"wp-block-column is-layout-flow wp-block-column-is-layout-flow\">\n<figure class=\"wp-block-image size-full\"><img decoding=\"async\" width=\"750\" height=\"750\" src=\"https:\/\/www.stanleypackage.com\/wp-content\/uploads\/2025\/07\/Custom-Print-Spout-Bags-Wholesale-Cosmetic-Pouch-Packaging-3.webp\" alt=\"Sacs \u00e0 bec imprim\u00e9s sur mesure grossiste, pochettes cosm\u00e9tiques emballage-3\" class=\"wp-image-2449\" srcset=\"https:\/\/www.stanleypackage.com\/wp-content\/uploads\/2025\/07\/Custom-Print-Spout-Bags-Wholesale-Cosmetic-Pouch-Packaging-3.webp 750w, https:\/\/www.stanleypackage.com\/wp-content\/uploads\/2025\/07\/Custom-Print-Spout-Bags-Wholesale-Cosmetic-Pouch-Packaging-3-300x300.webp 300w, https:\/\/www.stanleypackage.com\/wp-content\/uploads\/2025\/07\/Custom-Print-Spout-Bags-Wholesale-Cosmetic-Pouch-Packaging-3-150x150.webp 150w, https:\/\/www.stanleypackage.com\/wp-content\/uploads\/2025\/07\/Custom-Print-Spout-Bags-Wholesale-Cosmetic-Pouch-Packaging-3-12x12.webp 12w, https:\/\/www.stanleypackage.com\/wp-content\/uploads\/2025\/07\/Custom-Print-Spout-Bags-Wholesale-Cosmetic-Pouch-Packaging-3-600x600.webp 600w, https:\/\/www.stanleypackage.com\/wp-content\/uploads\/2025\/07\/Custom-Print-Spout-Bags-Wholesale-Cosmetic-Pouch-Packaging-3-100x100.webp 100w\" sizes=\"(max-width: 750px) 100vw, 750px\" \/><\/figure>\n<\/div>\n\n\n\n<div class=\"wp-block-column is-layout-flow wp-block-column-is-layout-flow\">\n<figure class=\"wp-block-image size-full\"><img decoding=\"async\" width=\"750\" height=\"750\" src=\"https:\/\/www.stanleypackage.com\/wp-content\/uploads\/2025\/07\/Custom-Print-Spout-Bags-Wholesale-Cosmetic-Pouch-Packaging-4.webp\" alt=\"Sacs \u00e0 bec imprim\u00e9s sur mesure Wholesale, Cosmetic Pouch Packaging-4\" class=\"wp-image-2450\" srcset=\"https:\/\/www.stanleypackage.com\/wp-content\/uploads\/2025\/07\/Custom-Print-Spout-Bags-Wholesale-Cosmetic-Pouch-Packaging-4.webp 750w, https:\/\/www.stanleypackage.com\/wp-content\/uploads\/2025\/07\/Custom-Print-Spout-Bags-Wholesale-Cosmetic-Pouch-Packaging-4-300x300.webp 300w, https:\/\/www.stanleypackage.com\/wp-content\/uploads\/2025\/07\/Custom-Print-Spout-Bags-Wholesale-Cosmetic-Pouch-Packaging-4-150x150.webp 150w, https:\/\/www.stanleypackage.com\/wp-content\/uploads\/2025\/07\/Custom-Print-Spout-Bags-Wholesale-Cosmetic-Pouch-Packaging-4-12x12.webp 12w, https:\/\/www.stanleypackage.com\/wp-content\/uploads\/2025\/07\/Custom-Print-Spout-Bags-Wholesale-Cosmetic-Pouch-Packaging-4-600x600.webp 600w, https:\/\/www.stanleypackage.com\/wp-content\/uploads\/2025\/07\/Custom-Print-Spout-Bags-Wholesale-Cosmetic-Pouch-Packaging-4-100x100.webp 100w\" sizes=\"(max-width: 750px) 100vw, 750px\" \/><\/figure>\n<\/div>\n<\/div>\n<\/div>\n<\/div>","protected":false},"excerpt":{"rendered":"<p>Bienvenue sur le site de vente en gros de sacs \u00e0 bec. Cet emballage de poche cosm\u00e9tique personnalis\u00e9 adopte un film d'impression mat en aluminium pur, qui a une texture de haute qualit\u00e9 et d'excellentes performances de barri\u00e8re. Service d'impression personnalis\u00e9.<\/p>\n<table style=\"border-collapse: collapse; width: 334.02pt;\" border=\"0\" width=\"334\" cellspacing=\"0\" cellpadding=\"0\">\n<tbody>\n<tr style=\"height: 16.00pt;\">\n<td class=\"et2\" style=\"height: 16.00pt; width: 97.50pt;\" width=\"97\" height=\"16\">Fabricant<\/td>\n<td class=\"et2\" style=\"width: 236.80pt;\" width=\"236\">Stanley<\/td>\n<\/tr>\n<tr style=\"height: 16.00pt;\">\n<td class=\"et2\" style=\"height: 16.00pt; width: 97.50pt;\" width=\"97\" height=\"16\">Types de pochettes<\/td>\n<td class=\"et3\">Pochette \u00e0 bec, pochette \u00e0 plat<\/td>\n<\/tr>\n<tr style=\"height: 16.00pt;\">\n<td class=\"et2\" style=\"height: 16.00pt; width: 97.50pt;\" width=\"97\" height=\"16\">Mat\u00e9riau<\/td>\n<td class=\"et2\" style=\"width: 236.80pt;\" width=\"236\">MOPP25\/AL7\/PET12\/PE70<\/td>\n<\/tr>\n<tr style=\"height: 16.00pt;\">\n<td class=\"et2\" style=\"height: 16.00pt; width: 97.50pt;\" width=\"97\" height=\"16\">Dossier sp\u00e9cial<\/td>\n<td class=\"et2\" style=\"width: 236.80pt;\" width=\"236\">Bec, remplissage par le bas<\/td>\n<\/tr>\n<tr style=\"height: 16.00pt;\">\n<td class=\"et2\" style=\"height: 16.00pt; width: 97.50pt;\" width=\"97\" height=\"16\">Manipulation de surface<\/td>\n<td class=\"et2\" style=\"width: 236.80pt;\" width=\"236\">Impression en h\u00e9liogravure<\/td>\n<\/tr>\n<tr style=\"height: 16.00pt;\">\n<td class=\"et2\" style=\"height: 16.00pt; width: 97.50pt;\" width=\"97\" height=\"16\">Couleur<\/td>\n<td class=\"et2\" style=\"width: 236.80pt;\" width=\"236\">Jusqu'\u00e0 10 couleurs<\/td>\n<\/tr>\n<tr style=\"height: 16.00pt;\">\n<td class=\"et2\" style=\"height: 16.00pt; width: 97.50pt;\" width=\"97\" height=\"16\">Utilisation<\/td>\n<td class=\"et3\">Gel, cr\u00e8me, lotion<\/td>\n<\/tr>\n<tr style=\"height: 16.00pt;\">\n<td class=\"et2\" style=\"height: 16.00pt; width: 97.50pt;\" width=\"97\" height=\"16\">MOQ<\/td>\n<td class=\"et2\" style=\"width: 236.80pt;\" width=\"236\">50 000 pi\u00e8ces<\/td>\n<\/tr>\n<tr style=\"height: 16.00pt;\">\n<td class=\"et2\" style=\"height: 16.00pt; width: 97.50pt;\" width=\"97\" height=\"16\">Commande personnalis\u00e9e<\/td>\n<td class=\"et2\" style=\"width: 236.80pt;\" width=\"236\">Acceptation de l'OEM et de l'ODM, prise en charge de l'\u00e9chantillonnage gratuit<\/td>\n<\/tr>\n<\/tbody>\n<\/table>","protected":false},"featured_media":2451,"comment_status":"closed","ping_status":"closed","template":"","meta":{"_acf_changed":false},"product_brand":[],"product_cat":[32],"product_tag":[],"class_list":{"0":"post-2446","1":"product","2":"type-product","3":"status-publish","4":"has-post-thumbnail","6":"product_cat-spout-pouch-manufacturer","7":"pa_non-food-packaging-cosmetic-packaging-pouches","9":"first","10":"instock","11":"shipping-taxable","12":"product-type-simple"},"acf":[],"_links":{"self":[{"href":"https:\/\/www.stanleypackage.com\/fr\/wp-json\/wp\/v2\/product\/2446","targetHints":{"allow":["GET"]}}],"collection":[{"href":"https:\/\/www.stanleypackage.com\/fr\/wp-json\/wp\/v2\/product"}],"about":[{"href":"https:\/\/www.stanleypackage.com\/fr\/wp-json\/wp\/v2\/types\/product"}],"replies":[{"embeddable":true,"href":"https:\/\/www.stanleypackage.com\/fr\/wp-json\/wp\/v2\/comments?post=2446"}],"wp:featuredmedia":[{"embeddable":true,"href":"https:\/\/www.stanleypackage.com\/fr\/wp-json\/wp\/v2\/media\/2451"}],"wp:attachment":[{"href":"https:\/\/www.stanleypackage.com\/fr\/wp-json\/wp\/v2\/media?parent=2446"}],"wp:term":[{"taxonomy":"product_brand","embeddable":true,"href":"https:\/\/www.stanleypackage.com\/fr\/wp-json\/wp\/v2\/product_brand?post=2446"},{"taxonomy":"product_cat","embeddable":true,"href":"https:\/\/www.stanleypackage.com\/fr\/wp-json\/wp\/v2\/product_cat?post=2446"},{"taxonomy":"product_tag","embeddable":true,"href":"https:\/\/www.stanleypackage.com\/fr\/wp-json\/wp\/v2\/product_tag?post=2446"}],"curies":[{"name":"wp","href":"https:\/\/api.w.org\/{rel}","templated":true}]}}