{"id":2453,"date":"2025-07-21T06:24:41","date_gmt":"2025-07-21T06:24:41","guid":{"rendered":"https:\/\/www.stanleypackage.com\/?post_type=product&#038;p=2453"},"modified":"2025-07-21T06:33:14","modified_gmt":"2025-07-21T06:33:14","slug":"custom-printed-stand-up-pouch","status":"publish","type":"product","link":"https:\/\/www.stanleypackage.com\/fr\/product\/custom-printed-stand-up-pouch\/","title":{"rendered":"Pochette en vrac avec bec verseur pour cr\u00e8me \u00e0 main"},"content":{"rendered":"<div class=\"wp-block-columns is-layout-flex wp-container-core-columns-is-layout-9d6595d7 wp-block-columns-is-layout-flex\">\n<div class=\"wp-block-column is-layout-flow wp-block-column-is-layout-flow\">\n<h2 class=\"wp-block-heading\">Caract\u00e9ristiques de la pochette imprim\u00e9e<\/h2>\n\n\n\n<ul class=\"wp-block-list\">\n<li><strong>Aluminium mat Surface d'impression : <\/strong>La couche ext\u00e9rieure de cette pochette imprim\u00e9e personnalis\u00e9e est un film imprim\u00e9 mat en aluminium pur, qui a une texture visuelle douce et un toucher d\u00e9licat, adapt\u00e9 \u00e0 la pr\u00e9sentation d'une image de marque haut de gamme.<\/li>\n\n\n\n<li><strong>Mat\u00e9riau triple couche \u00e0 haute barri\u00e8re : <\/strong>Ces sachets \u00e0 bec debout utilisent la structure PET15\/AL7\/PE100 pour bloquer efficacement la lumi\u00e8re, l'air et l'humidit\u00e9, garantissant ainsi la stabilit\u00e9 et la dur\u00e9e de conservation du produit.<\/li>\n\n\n\n<li><strong>Parfait pour l'emballage des cr\u00e8mes pour les mains : <\/strong>Cette pochette imprim\u00e9e personnalis\u00e9e est con\u00e7ue pour les liquides visqueux tels que les cr\u00e8mes pour les mains. L'embout est facile \u00e0 presser avec pr\u00e9cision, et la forme du sac est stable, convenant \u00e0 la pr\u00e9sentation et \u00e0 la vente.<\/li>\n\n\n\n<li><strong>Une conception en position debout pour un impact sur les \u00e9tag\u00e8res : <\/strong>La structure autoportante de nos sachets \u00e0 bec debout en gros est stable en rayon, ce qui am\u00e9liore l'effet de pr\u00e9sentation et contribue \u00e0 attirer l'attention des consommateurs.<\/li>\n\n\n\n<li><strong>Commandes en gros et personnalisation compl\u00e8te : <\/strong>Nous fournissons des services de personnalisation en masse pour les sachets \u00e0 fond plat imprim\u00e9s sur mesure, r\u00e9pondant \u00e0 de multiples exigences personnalis\u00e9es telles que le LOGO, le motif, la capacit\u00e9, la couleur de l'embout, etc. L'\u00e9preuvage gratuit contribue \u00e0 la promotion de la marque.<\/li>\n<\/ul>\n\n\n\n<div class=\"wp-block-columns is-layout-flex wp-container-core-columns-is-layout-9d6595d7 wp-block-columns-is-layout-flex\">\n<div class=\"wp-block-column is-layout-flow wp-block-column-is-layout-flow\">\n<figure class=\"wp-block-image size-full\"><img decoding=\"async\" width=\"750\" height=\"750\" src=\"https:\/\/www.stanleypackage.com\/wp-content\/uploads\/2025\/07\/Bulk-Custom-Printed-Stand-Up-Pouch-With-Spout-for-Hand-Cream-2.webp\" alt=\"Pochette imprim\u00e9e en vrac avec bec verseur pour cr\u00e8me \u00e0 main-2\" class=\"wp-image-2455\" srcset=\"https:\/\/www.stanleypackage.com\/wp-content\/uploads\/2025\/07\/Bulk-Custom-Printed-Stand-Up-Pouch-With-Spout-for-Hand-Cream-2.webp 750w, https:\/\/www.stanleypackage.com\/wp-content\/uploads\/2025\/07\/Bulk-Custom-Printed-Stand-Up-Pouch-With-Spout-for-Hand-Cream-2-300x300.webp 300w, https:\/\/www.stanleypackage.com\/wp-content\/uploads\/2025\/07\/Bulk-Custom-Printed-Stand-Up-Pouch-With-Spout-for-Hand-Cream-2-150x150.webp 150w, https:\/\/www.stanleypackage.com\/wp-content\/uploads\/2025\/07\/Bulk-Custom-Printed-Stand-Up-Pouch-With-Spout-for-Hand-Cream-2-12x12.webp 12w, https:\/\/www.stanleypackage.com\/wp-content\/uploads\/2025\/07\/Bulk-Custom-Printed-Stand-Up-Pouch-With-Spout-for-Hand-Cream-2-600x600.webp 600w, https:\/\/www.stanleypackage.com\/wp-content\/uploads\/2025\/07\/Bulk-Custom-Printed-Stand-Up-Pouch-With-Spout-for-Hand-Cream-2-100x100.webp 100w\" sizes=\"(max-width: 750px) 100vw, 750px\" \/><\/figure>\n<\/div>\n\n\n\n<div class=\"wp-block-column is-layout-flow wp-block-column-is-layout-flow\">\n<figure class=\"wp-block-image size-full\"><img decoding=\"async\" width=\"750\" height=\"750\" src=\"https:\/\/www.stanleypackage.com\/wp-content\/uploads\/2025\/07\/Bulk-Custom-Printed-Stand-Up-Pouch-With-Spout-for-Hand-Cream-1.webp\" alt=\"Pochette en vrac avec bec verseur pour cr\u00e8me \u00e0 main-1\" class=\"wp-image-2454\" srcset=\"https:\/\/www.stanleypackage.com\/wp-content\/uploads\/2025\/07\/Bulk-Custom-Printed-Stand-Up-Pouch-With-Spout-for-Hand-Cream-1.webp 750w, https:\/\/www.stanleypackage.com\/wp-content\/uploads\/2025\/07\/Bulk-Custom-Printed-Stand-Up-Pouch-With-Spout-for-Hand-Cream-1-300x300.webp 300w, https:\/\/www.stanleypackage.com\/wp-content\/uploads\/2025\/07\/Bulk-Custom-Printed-Stand-Up-Pouch-With-Spout-for-Hand-Cream-1-150x150.webp 150w, https:\/\/www.stanleypackage.com\/wp-content\/uploads\/2025\/07\/Bulk-Custom-Printed-Stand-Up-Pouch-With-Spout-for-Hand-Cream-1-12x12.webp 12w, https:\/\/www.stanleypackage.com\/wp-content\/uploads\/2025\/07\/Bulk-Custom-Printed-Stand-Up-Pouch-With-Spout-for-Hand-Cream-1-600x600.webp 600w, https:\/\/www.stanleypackage.com\/wp-content\/uploads\/2025\/07\/Bulk-Custom-Printed-Stand-Up-Pouch-With-Spout-for-Hand-Cream-1-100x100.webp 100w\" sizes=\"(max-width: 750px) 100vw, 750px\" \/><\/figure>\n<\/div>\n<\/div>\n<\/div>\n<\/div>","protected":false},"excerpt":{"rendered":"<p>Nous vous invitons \u00e0 acheter en gros des sachets \u00e0 bec verseur. Cette pochette \u00e0 bec debout imprim\u00e9e de fa\u00e7on personnalis\u00e9e a une texture de haute qualit\u00e9 et de fortes propri\u00e9t\u00e9s de protection contre la lumi\u00e8re. Elle est con\u00e7ue pour les produits de soin semi-fluides tels que les cr\u00e8mes pour les mains. L'impression personnalis\u00e9e en gros est possible.<\/p>\n<table style=\"border-collapse: collapse; width: 334.02pt;\" border=\"0\" width=\"334\" cellspacing=\"0\" cellpadding=\"0\">\n<tbody>\n<tr style=\"height: 16.00pt;\">\n<td class=\"et2\" style=\"height: 16.00pt; width: 97.50pt;\" width=\"97\" height=\"16\">Fabricant<\/td>\n<td class=\"et2\" style=\"width: 236.80pt;\" width=\"236\">Stanley<\/td>\n<\/tr>\n<tr style=\"height: 16.00pt;\">\n<td class=\"et2\" style=\"height: 16.00pt; width: 97.50pt;\" width=\"97\" height=\"16\">Types de pochettes<\/td>\n<td class=\"et3\">Spout Pouch, Stand Up pouch<\/td>\n<\/tr>\n<tr style=\"height: 16.00pt;\">\n<td class=\"et2\" style=\"height: 16.00pt; width: 97.50pt;\" width=\"97\" height=\"16\">Mat\u00e9riau<\/td>\n<td class=\"et2\" style=\"width: 236.80pt;\" width=\"236\">PET15\/AL7\/PE100<\/td>\n<\/tr>\n<tr style=\"height: 16.00pt;\">\n<td class=\"et2\" style=\"height: 16.00pt; width: 97.50pt;\" width=\"97\" height=\"16\">Dossier sp\u00e9cial<\/td>\n<td class=\"et2\" style=\"width: 236.80pt;\" width=\"236\">Bec, fond autoportant<\/td>\n<\/tr>\n<tr style=\"height: 16.00pt;\">\n<td class=\"et2\" style=\"height: 16.00pt; width: 97.50pt;\" width=\"97\" height=\"16\">Manipulation de surface<\/td>\n<td class=\"et2\" style=\"width: 236.80pt;\" width=\"236\">Impression en h\u00e9liogravure<\/td>\n<\/tr>\n<tr style=\"height: 16.00pt;\">\n<td class=\"et2\" style=\"height: 16.00pt; width: 97.50pt;\" width=\"97\" height=\"16\">Couleur<\/td>\n<td class=\"et2\" style=\"width: 236.80pt;\" width=\"236\">Jusqu'\u00e0 10 couleurs<\/td>\n<\/tr>\n<tr style=\"height: 16.00pt;\">\n<td class=\"et2\" style=\"height: 16.00pt; width: 97.50pt;\" width=\"97\" height=\"16\">Utilisation<\/td>\n<td class=\"et3\">Cr\u00e8me pour les mains, Cr\u00e8me pour le visage, Lait corporel<\/td>\n<\/tr>\n<tr style=\"height: 16.00pt;\">\n<td class=\"et2\" style=\"height: 16.00pt; width: 97.50pt;\" width=\"97\" height=\"16\">MOQ<\/td>\n<td class=\"et2\" style=\"width: 236.80pt;\" width=\"236\">50 000 pi\u00e8ces<\/td>\n<\/tr>\n<tr style=\"height: 16.00pt;\">\n<td class=\"et2\" style=\"height: 16.00pt; width: 97.50pt;\" width=\"97\" height=\"16\">Commande personnalis\u00e9e<\/td>\n<td class=\"et2\" style=\"width: 236.80pt;\" width=\"236\">Acceptation de l'OEM et de l'ODM, prise en charge de l'\u00e9chantillonnage gratuit<\/td>\n<\/tr>\n<\/tbody>\n<\/table>\n<p>&nbsp;<\/p>","protected":false},"featured_media":2458,"comment_status":"closed","ping_status":"closed","template":"","meta":{"_acf_changed":false},"product_brand":[],"product_cat":[32,30],"product_tag":[],"class_list":{"0":"post-2453","1":"product","2":"type-product","3":"status-publish","4":"has-post-thumbnail","6":"product_cat-spout-pouch-manufacturer","7":"product_cat-stand-up-pouch-manufacturer","8":"pa_non-food-packaging-cosmetic-packaging-pouches","10":"first","11":"instock","12":"shipping-taxable","13":"product-type-simple"},"acf":[],"_links":{"self":[{"href":"https:\/\/www.stanleypackage.com\/fr\/wp-json\/wp\/v2\/product\/2453","targetHints":{"allow":["GET"]}}],"collection":[{"href":"https:\/\/www.stanleypackage.com\/fr\/wp-json\/wp\/v2\/product"}],"about":[{"href":"https:\/\/www.stanleypackage.com\/fr\/wp-json\/wp\/v2\/types\/product"}],"replies":[{"embeddable":true,"href":"https:\/\/www.stanleypackage.com\/fr\/wp-json\/wp\/v2\/comments?post=2453"}],"wp:featuredmedia":[{"embeddable":true,"href":"https:\/\/www.stanleypackage.com\/fr\/wp-json\/wp\/v2\/media\/2458"}],"wp:attachment":[{"href":"https:\/\/www.stanleypackage.com\/fr\/wp-json\/wp\/v2\/media?parent=2453"}],"wp:term":[{"taxonomy":"product_brand","embeddable":true,"href":"https:\/\/www.stanleypackage.com\/fr\/wp-json\/wp\/v2\/product_brand?post=2453"},{"taxonomy":"product_cat","embeddable":true,"href":"https:\/\/www.stanleypackage.com\/fr\/wp-json\/wp\/v2\/product_cat?post=2453"},{"taxonomy":"product_tag","embeddable":true,"href":"https:\/\/www.stanleypackage.com\/fr\/wp-json\/wp\/v2\/product_tag?post=2453"}],"curies":[{"name":"wp","href":"https:\/\/api.w.org\/{rel}","templated":true}]}}