{"id":2466,"date":"2025-07-21T06:44:27","date_gmt":"2025-07-21T06:44:27","guid":{"rendered":"https:\/\/www.stanleypackage.com\/?post_type=product&#038;p=2466"},"modified":"2025-07-21T06:55:46","modified_gmt":"2025-07-21T06:55:46","slug":"wholesale-liquid-pouch-packaging","status":"publish","type":"product","link":"https:\/\/www.stanleypackage.com\/fr\/product\/wholesale-liquid-pouch-packaging\/","title":{"rendered":"Emballage en gros de sachets de liquide, sachets de shampoing personnalis\u00e9s"},"content":{"rendered":"<div class=\"wp-block-columns is-layout-flex wp-container-core-columns-is-layout-9d6595d7 wp-block-columns-is-layout-flex\">\n<div class=\"wp-block-column is-layout-flow wp-block-column-is-layout-flow\">\n<h2 class=\"wp-block-heading\">Caract\u00e9ristiques de l'emballage en gros de sachets de liquide<\/h2>\n\n\n\n<ul class=\"wp-block-list\">\n<li><strong>Finition de luxe avec aspect brillant : <\/strong>La finition ultra-brillante de cet emballage de gros liquide en sachet lui conf\u00e8re une brillance \u00e9clatante, un bon attrait visuel, une pr\u00e9sence accrue dans les rayons et une qualit\u00e9 de luxe mise en \u00e9vidence.<\/li>\n\n\n\n<li><strong>Bec et capuchon dor\u00e9s qui attirent l'attention : <\/strong>Ces sachets de shampoing personnalis\u00e9s sont \u00e9quip\u00e9s d'une buse et d'un bouchon dor\u00e9s, ce qui renforce la sophistication globale de l'emballage et am\u00e9liore la premi\u00e8re impression des consommateurs.<\/li>\n\n\n\n<li><strong>Design unique en forme de bouteille : <\/strong>Notre emballage de liquide en gros est une structure de bouteille irr\u00e9guli\u00e8re, rompant avec l'apparence traditionnelle du sac, qui est \u00e0 la fois reconnaissable et facile \u00e0 saisir et \u00e0 utiliser.<\/li>\n\n\n\n<li><strong>Mat\u00e9riau multicouche durable : <\/strong>La structure \u00e0 trois couches (PET12\/PET12\/MBPE85) de ce sachet de shampoing personnalis\u00e9 pr\u00e9sente une bonne rigidit\u00e9, une bonne durabilit\u00e9 et une bonne \u00e9tanch\u00e9it\u00e9. Il convient aux liquides de viscosit\u00e9 moyenne et \u00e9lev\u00e9e tels que le shampoing et le gel douche.<\/li>\n\n\n\n<li><strong>Personnalisable et pr\u00eat pour la vente en gros : <\/strong>Nos emballages en gros pour poches de liquides peuvent \u00eatre personnalis\u00e9s au niveau des motifs d'impression, du logo, de la capacit\u00e9 et des d\u00e9tails structurels, ce qui convient \u00e0 la production de masse et aide les marques \u00e0 cr\u00e9er des solutions d'emballage personnalis\u00e9es.<\/li>\n<\/ul>\n\n\n\n<div class=\"wp-block-columns is-layout-flex wp-container-core-columns-is-layout-9d6595d7 wp-block-columns-is-layout-flex\">\n<div class=\"wp-block-column is-layout-flow wp-block-column-is-layout-flow\">\n<figure class=\"wp-block-image size-full\"><img decoding=\"async\" width=\"750\" height=\"750\" src=\"https:\/\/www.stanleypackage.com\/wp-content\/uploads\/2025\/07\/Wholesale-Liquid-Pouch-Packaging-Custom-Shampoo-Pouches-4.webp\" alt=\"Emballage en gros de sachets de liquide, sachets de shampoing personnalis\u00e9s-4\" class=\"wp-image-2470\" srcset=\"https:\/\/www.stanleypackage.com\/wp-content\/uploads\/2025\/07\/Wholesale-Liquid-Pouch-Packaging-Custom-Shampoo-Pouches-4.webp 750w, https:\/\/www.stanleypackage.com\/wp-content\/uploads\/2025\/07\/Wholesale-Liquid-Pouch-Packaging-Custom-Shampoo-Pouches-4-300x300.webp 300w, https:\/\/www.stanleypackage.com\/wp-content\/uploads\/2025\/07\/Wholesale-Liquid-Pouch-Packaging-Custom-Shampoo-Pouches-4-150x150.webp 150w, https:\/\/www.stanleypackage.com\/wp-content\/uploads\/2025\/07\/Wholesale-Liquid-Pouch-Packaging-Custom-Shampoo-Pouches-4-12x12.webp 12w, https:\/\/www.stanleypackage.com\/wp-content\/uploads\/2025\/07\/Wholesale-Liquid-Pouch-Packaging-Custom-Shampoo-Pouches-4-600x600.webp 600w, https:\/\/www.stanleypackage.com\/wp-content\/uploads\/2025\/07\/Wholesale-Liquid-Pouch-Packaging-Custom-Shampoo-Pouches-4-100x100.webp 100w\" sizes=\"(max-width: 750px) 100vw, 750px\" \/><\/figure>\n<\/div>\n\n\n\n<div class=\"wp-block-column is-layout-flow wp-block-column-is-layout-flow\">\n<figure class=\"wp-block-image size-full\"><img decoding=\"async\" width=\"750\" height=\"750\" src=\"https:\/\/www.stanleypackage.com\/wp-content\/uploads\/2025\/07\/Wholesale-Liquid-Pouch-Packaging-Custom-Shampoo-Pouches-2.webp\" alt=\"Emballage en gros de sachets de liquide, sachets de shampoing personnalis\u00e9s-2\" class=\"wp-image-2468\" srcset=\"https:\/\/www.stanleypackage.com\/wp-content\/uploads\/2025\/07\/Wholesale-Liquid-Pouch-Packaging-Custom-Shampoo-Pouches-2.webp 750w, https:\/\/www.stanleypackage.com\/wp-content\/uploads\/2025\/07\/Wholesale-Liquid-Pouch-Packaging-Custom-Shampoo-Pouches-2-300x300.webp 300w, https:\/\/www.stanleypackage.com\/wp-content\/uploads\/2025\/07\/Wholesale-Liquid-Pouch-Packaging-Custom-Shampoo-Pouches-2-150x150.webp 150w, https:\/\/www.stanleypackage.com\/wp-content\/uploads\/2025\/07\/Wholesale-Liquid-Pouch-Packaging-Custom-Shampoo-Pouches-2-12x12.webp 12w, https:\/\/www.stanleypackage.com\/wp-content\/uploads\/2025\/07\/Wholesale-Liquid-Pouch-Packaging-Custom-Shampoo-Pouches-2-600x600.webp 600w, https:\/\/www.stanleypackage.com\/wp-content\/uploads\/2025\/07\/Wholesale-Liquid-Pouch-Packaging-Custom-Shampoo-Pouches-2-100x100.webp 100w\" sizes=\"(max-width: 750px) 100vw, 750px\" \/><\/figure>\n<\/div>\n<\/div>\n<\/div>\n<\/div>","protected":false},"excerpt":{"rendered":"<p>Nous vous invitons \u00e0 acheter en gros des emballages en sachet pour liquides. Cette pochette de shampoing personnalis\u00e9e est \u00e9quip\u00e9e d'une buse et d'un bouchon de bouteille dor\u00e9s, et le design g\u00e9n\u00e9ral de la bouteille irr\u00e9guli\u00e8re est unique et facile \u00e0 transporter. Permet une personnalisation compl\u00e8te.<\/p>\n<table style=\"border-collapse: collapse; width: 334.02pt;\" border=\"0\" width=\"334\" cellspacing=\"0\" cellpadding=\"0\">\n<tbody>\n<tr style=\"height: 16.00pt;\">\n<td class=\"et2\" style=\"height: 16.00pt; width: 97.50pt;\" width=\"97\" height=\"16\">Fabricant<\/td>\n<td class=\"et2\" style=\"width: 236.80pt;\" width=\"236\">Stanley<\/td>\n<\/tr>\n<tr style=\"height: 16.00pt;\">\n<td class=\"et2\" style=\"height: 16.00pt; width: 97.50pt;\" width=\"97\" height=\"16\">Types de pochettes<\/td>\n<td class=\"et3\">Pochette \u00e0 bec, pochette debout, pochette fa\u00e7onn\u00e9e<\/td>\n<\/tr>\n<tr style=\"height: 16.00pt;\">\n<td class=\"et2\" style=\"height: 16.00pt; width: 97.50pt;\" width=\"97\" height=\"16\">Mat\u00e9riau<\/td>\n<td class=\"et2\" style=\"width: 236.80pt;\" width=\"236\">PET12\/PET12\/MBPE85<\/td>\n<\/tr>\n<tr style=\"height: 16.00pt;\">\n<td class=\"et2\" style=\"height: 16.00pt; width: 97.50pt;\" width=\"97\" height=\"16\">Dossier sp\u00e9cial<\/td>\n<td class=\"et2\" style=\"width: 236.80pt;\" width=\"236\">Bec, fond autoportant, forme irr\u00e9guli\u00e8re<\/td>\n<\/tr>\n<tr style=\"height: 16.00pt;\">\n<td class=\"et2\" style=\"height: 16.00pt; width: 97.50pt;\" width=\"97\" height=\"16\">Manipulation de surface<\/td>\n<td class=\"et2\" style=\"width: 236.80pt;\" width=\"236\">Impression en h\u00e9liogravure<\/td>\n<\/tr>\n<tr style=\"height: 16.00pt;\">\n<td class=\"et2\" style=\"height: 16.00pt; width: 97.50pt;\" width=\"97\" height=\"16\">Couleur<\/td>\n<td class=\"et2\" style=\"width: 236.80pt;\" width=\"236\">Jusqu'\u00e0 10 couleurs<\/td>\n<\/tr>\n<tr style=\"height: 16.00pt;\">\n<td class=\"et2\" style=\"height: 16.00pt; width: 97.50pt;\" width=\"97\" height=\"16\">Utilisation<\/td>\n<td class=\"et2\" style=\"width: 236.80pt;\" width=\"236\">Shampooing, gel douche, gel douche, apr\u00e8s-shampooing<\/td>\n<\/tr>\n<tr style=\"height: 16.00pt;\">\n<td class=\"et2\" style=\"height: 16.00pt; width: 97.50pt;\" width=\"97\" height=\"16\">MOQ<\/td>\n<td class=\"et2\" style=\"width: 236.80pt;\" width=\"236\">50 000 pi\u00e8ces<\/td>\n<\/tr>\n<tr style=\"height: 16.00pt;\">\n<td class=\"et2\" style=\"height: 16.00pt; width: 97.50pt;\" width=\"97\" height=\"16\">Commande personnalis\u00e9e<\/td>\n<td class=\"et2\" style=\"width: 236.80pt;\" width=\"236\">Acceptation de l'OEM et de l'ODM, prise en charge de l'\u00e9chantillonnage gratuit<\/td>\n<\/tr>\n<\/tbody>\n<\/table>\n<p>&nbsp;<\/p>","protected":false},"featured_media":2467,"comment_status":"closed","ping_status":"closed","template":"","meta":{"_acf_changed":false},"product_brand":[],"product_cat":[32,30,22],"product_tag":[],"class_list":{"0":"post-2466","1":"product","2":"type-product","3":"status-publish","4":"has-post-thumbnail","6":"product_cat-spout-pouch-manufacturer","7":"product_cat-stand-up-pouch-manufacturer","8":"product_cat-shaped-pouches-factory","9":"pa_non-food-packaging-soap-detergent-pouches","11":"first","12":"instock","13":"shipping-taxable","14":"product-type-simple"},"acf":[],"_links":{"self":[{"href":"https:\/\/www.stanleypackage.com\/fr\/wp-json\/wp\/v2\/product\/2466","targetHints":{"allow":["GET"]}}],"collection":[{"href":"https:\/\/www.stanleypackage.com\/fr\/wp-json\/wp\/v2\/product"}],"about":[{"href":"https:\/\/www.stanleypackage.com\/fr\/wp-json\/wp\/v2\/types\/product"}],"replies":[{"embeddable":true,"href":"https:\/\/www.stanleypackage.com\/fr\/wp-json\/wp\/v2\/comments?post=2466"}],"wp:featuredmedia":[{"embeddable":true,"href":"https:\/\/www.stanleypackage.com\/fr\/wp-json\/wp\/v2\/media\/2467"}],"wp:attachment":[{"href":"https:\/\/www.stanleypackage.com\/fr\/wp-json\/wp\/v2\/media?parent=2466"}],"wp:term":[{"taxonomy":"product_brand","embeddable":true,"href":"https:\/\/www.stanleypackage.com\/fr\/wp-json\/wp\/v2\/product_brand?post=2466"},{"taxonomy":"product_cat","embeddable":true,"href":"https:\/\/www.stanleypackage.com\/fr\/wp-json\/wp\/v2\/product_cat?post=2466"},{"taxonomy":"product_tag","embeddable":true,"href":"https:\/\/www.stanleypackage.com\/fr\/wp-json\/wp\/v2\/product_tag?post=2466"}],"curies":[{"name":"wp","href":"https:\/\/api.w.org\/{rel}","templated":true}]}}