{"id":2485,"date":"2025-07-26T09:09:30","date_gmt":"2025-07-26T09:09:30","guid":{"rendered":"https:\/\/www.stanleypackage.com\/?post_type=product&#038;p=2485"},"modified":"2025-07-26T09:28:32","modified_gmt":"2025-07-26T09:28:32","slug":"custom-plastic-pouch-with-spout","status":"publish","type":"product","link":"https:\/\/www.stanleypackage.com\/fr\/product\/custom-plastic-pouch-with-spout\/","title":{"rendered":"Pochette plastique personnalis\u00e9e avec bec et trou de suspension pour cr\u00e8me solaire"},"content":{"rendered":"<div class=\"wp-block-columns is-layout-flex wp-container-core-columns-is-layout-9d6595d7 wp-block-columns-is-layout-flex\">\n<div class=\"wp-block-column is-layout-flow wp-block-column-is-layout-flow\">\n<h2 class=\"wp-block-heading\">Caract\u00e9ristiques de la pochette plastique personnalis\u00e9e avec bec verseur<\/h2>\n\n\n\n<ul class=\"wp-block-list\">\n<li><strong>Conception innovante \u00e0 fond rond :<\/strong> La conception unique du fond rond de cette pochette plastique personnalis\u00e9e avec bec verseur offre une meilleure stabilit\u00e9, garantissant que le produit peut \u00eatre plac\u00e9 fermement dans divers environnements.<\/li>\n\n\n\n<li><strong>Fonction de buse et de trou de suspension :<\/strong> Le trou de suspension de cet emballage \u00e0 bec en gros permet de suspendre facilement le produit, ce qui \u00e9conomise de l'espace, et est pratique pour l'exposition et le stockage.<\/li>\n\n\n\n<li><strong>Mat\u00e9riaux de haute qualit\u00e9 PET19 et MBPE90 : <\/strong>Notre pochette plastique personnalis\u00e9e avec bec verseur est fabriqu\u00e9e \u00e0 partir de mat\u00e9riaux PET19 et MBPE90 respectueux de l'environnement et de haute qualit\u00e9, qui pr\u00e9sentent une forte r\u00e9sistance \u00e0 la pression et \u00e0 la d\u00e9chirure, et prot\u00e8gent efficacement le contenu interne.<\/li>\n\n\n\n<li><strong>Formes et tailles personnalis\u00e9es : <\/strong>Nos emballages de poche \u00e0 bec en gros peuvent fournir une vari\u00e9t\u00e9 de formes et de tailles personnalis\u00e9es selon les besoins des clients pour r\u00e9pondre aux besoins d'emballage de diff\u00e9rents produits.<\/li>\n\n\n\n<li><strong>Convient \u00e0 tous les types de soins quotidiens et de cosm\u00e9tiques :<\/strong> Notre pochette plastique personnalis\u00e9e avec bec verseur est non seulement belle mais aussi pratique, r\u00e9pondant parfaitement aux exigences d'emballage des produits de soins quotidiens.<\/li>\n<\/ul>\n\n\n\n<div class=\"wp-block-columns is-layout-flex wp-container-core-columns-is-layout-9d6595d7 wp-block-columns-is-layout-flex\">\n<div class=\"wp-block-column is-layout-flow wp-block-column-is-layout-flow\">\n<figure class=\"wp-block-image size-full\"><img decoding=\"async\" width=\"750\" height=\"750\" src=\"https:\/\/www.stanleypackage.com\/wp-content\/uploads\/2025\/07\/Custom-Plastic-Pouch-With-Spout-and-Hang-Hole-for-Sunscreen-3.webp\" alt=\"\" class=\"wp-image-2493\" srcset=\"https:\/\/www.stanleypackage.com\/wp-content\/uploads\/2025\/07\/Custom-Plastic-Pouch-With-Spout-and-Hang-Hole-for-Sunscreen-3.webp 750w, https:\/\/www.stanleypackage.com\/wp-content\/uploads\/2025\/07\/Custom-Plastic-Pouch-With-Spout-and-Hang-Hole-for-Sunscreen-3-300x300.webp 300w, https:\/\/www.stanleypackage.com\/wp-content\/uploads\/2025\/07\/Custom-Plastic-Pouch-With-Spout-and-Hang-Hole-for-Sunscreen-3-150x150.webp 150w, https:\/\/www.stanleypackage.com\/wp-content\/uploads\/2025\/07\/Custom-Plastic-Pouch-With-Spout-and-Hang-Hole-for-Sunscreen-3-12x12.webp 12w, https:\/\/www.stanleypackage.com\/wp-content\/uploads\/2025\/07\/Custom-Plastic-Pouch-With-Spout-and-Hang-Hole-for-Sunscreen-3-600x600.webp 600w, https:\/\/www.stanleypackage.com\/wp-content\/uploads\/2025\/07\/Custom-Plastic-Pouch-With-Spout-and-Hang-Hole-for-Sunscreen-3-100x100.webp 100w\" sizes=\"(max-width: 750px) 100vw, 750px\" \/><\/figure>\n<\/div>\n\n\n\n<div class=\"wp-block-column is-layout-flow wp-block-column-is-layout-flow\">\n<figure class=\"wp-block-image size-full\"><img decoding=\"async\" width=\"750\" height=\"750\" src=\"https:\/\/www.stanleypackage.com\/wp-content\/uploads\/2025\/07\/Custom-Plastic-Pouch-With-Spout-and-Hang-Hole-for-Sunscreen-2.webp\" alt=\"Pochette plastique personnalis\u00e9e avec bec et trou de suspension pour cr\u00e8me solaire-2\" class=\"wp-image-2492\" srcset=\"https:\/\/www.stanleypackage.com\/wp-content\/uploads\/2025\/07\/Custom-Plastic-Pouch-With-Spout-and-Hang-Hole-for-Sunscreen-2.webp 750w, https:\/\/www.stanleypackage.com\/wp-content\/uploads\/2025\/07\/Custom-Plastic-Pouch-With-Spout-and-Hang-Hole-for-Sunscreen-2-300x300.webp 300w, https:\/\/www.stanleypackage.com\/wp-content\/uploads\/2025\/07\/Custom-Plastic-Pouch-With-Spout-and-Hang-Hole-for-Sunscreen-2-150x150.webp 150w, https:\/\/www.stanleypackage.com\/wp-content\/uploads\/2025\/07\/Custom-Plastic-Pouch-With-Spout-and-Hang-Hole-for-Sunscreen-2-12x12.webp 12w, https:\/\/www.stanleypackage.com\/wp-content\/uploads\/2025\/07\/Custom-Plastic-Pouch-With-Spout-and-Hang-Hole-for-Sunscreen-2-600x600.webp 600w, https:\/\/www.stanleypackage.com\/wp-content\/uploads\/2025\/07\/Custom-Plastic-Pouch-With-Spout-and-Hang-Hole-for-Sunscreen-2-100x100.webp 100w\" sizes=\"(max-width: 750px) 100vw, 750px\" \/><\/figure>\n<\/div>\n<\/div>\n<\/div>\n<\/div>","protected":false},"excerpt":{"rendered":"<p>Bienvenue sur le site d'achat en gros d'emballages de poche \u00e0 bec. Cette pochette plastique personnalis\u00e9e avec bec verseur est sp\u00e9cialement con\u00e7ue pour les cr\u00e8mes solaires, avec une excellente facilit\u00e9 de stockage et de suspension, ce qui en fait un choix id\u00e9al pour l'emballage des produits solaires.<\/p>\n<table style=\"border-collapse: collapse; width: 334.02pt;\" border=\"0\" width=\"334\" cellspacing=\"0\" cellpadding=\"0\">\n<tbody>\n<tr style=\"height: 16.00pt;\">\n<td class=\"et2\" style=\"height: 16.00pt; width: 97.50pt;\" width=\"97\" height=\"16\">Fabricant<\/td>\n<td class=\"et2\" style=\"width: 236.80pt;\" width=\"236\">Stanley<\/td>\n<\/tr>\n<tr style=\"height: 16.00pt;\">\n<td class=\"et2\" style=\"height: 16.00pt; width: 97.50pt;\" width=\"97\" height=\"16\">Types de pochettes<\/td>\n<td class=\"et3\">Pochette \u00e0 bec, pochette fa\u00e7onn\u00e9e<\/td>\n<\/tr>\n<tr style=\"height: 16.00pt;\">\n<td class=\"et2\" style=\"height: 16.00pt; width: 97.50pt;\" width=\"97\" height=\"16\">Mat\u00e9riau<\/td>\n<td class=\"et2\" style=\"width: 236.80pt;\" width=\"236\">PET19\/MBPE90<\/td>\n<\/tr>\n<tr style=\"height: 16.00pt;\">\n<td class=\"et2\" style=\"height: 16.00pt; width: 97.50pt;\" width=\"97\" height=\"16\">Dossier sp\u00e9cial<\/td>\n<td class=\"et2\" style=\"width: 236.80pt;\" width=\"236\">Bec, forme irr\u00e9guli\u00e8re, trou de suspension<\/td>\n<\/tr>\n<tr style=\"height: 16.00pt;\">\n<td class=\"et2\" style=\"height: 16.00pt; width: 97.50pt;\" width=\"97\" height=\"16\">Manipulation de surface<\/td>\n<td class=\"et2\" style=\"width: 236.80pt;\" width=\"236\">Impression en h\u00e9liogravure<\/td>\n<\/tr>\n<tr style=\"height: 16.00pt;\">\n<td class=\"et2\" style=\"height: 16.00pt; width: 97.50pt;\" width=\"97\" height=\"16\">Couleur<\/td>\n<td class=\"et2\" style=\"width: 236.80pt;\" width=\"236\">Jusqu'\u00e0 10 couleurs<\/td>\n<\/tr>\n<tr style=\"height: 16.00pt;\">\n<td class=\"et2\" style=\"height: 16.00pt; width: 97.50pt;\" width=\"97\" height=\"16\">Utilisation<\/td>\n<td>Shampooing, gel douche, cr\u00e8me, lotion<\/td>\n<\/tr>\n<tr style=\"height: 16.00pt;\">\n<td class=\"et2\" style=\"height: 16.00pt; width: 97.50pt;\" width=\"97\" height=\"16\">MOQ<\/td>\n<td class=\"et2\" style=\"width: 236.80pt;\" width=\"236\">50 000 pi\u00e8ces<\/td>\n<\/tr>\n<tr style=\"height: 16.00pt;\">\n<td class=\"et2\" style=\"height: 16.00pt; width: 97.50pt;\" width=\"97\" height=\"16\">Commande personnalis\u00e9e<\/td>\n<td class=\"et2\" style=\"width: 236.80pt;\" width=\"236\">Acceptation de l'OEM et de l'ODM, prise en charge de l'\u00e9chantillonnage gratuit<\/td>\n<\/tr>\n<\/tbody>\n<\/table>\n<p>&nbsp;<\/p>","protected":false},"featured_media":2494,"comment_status":"closed","ping_status":"closed","template":"","meta":{"_acf_changed":false},"product_brand":[],"product_cat":[32,22],"product_tag":[],"class_list":{"0":"post-2485","1":"product","2":"type-product","3":"status-publish","4":"has-post-thumbnail","6":"product_cat-spout-pouch-manufacturer","7":"product_cat-shaped-pouches-factory","8":"pa_non-food-packaging-cosmetic-packaging-pouches","10":"first","11":"instock","12":"shipping-taxable","13":"product-type-simple"},"acf":[],"_links":{"self":[{"href":"https:\/\/www.stanleypackage.com\/fr\/wp-json\/wp\/v2\/product\/2485","targetHints":{"allow":["GET"]}}],"collection":[{"href":"https:\/\/www.stanleypackage.com\/fr\/wp-json\/wp\/v2\/product"}],"about":[{"href":"https:\/\/www.stanleypackage.com\/fr\/wp-json\/wp\/v2\/types\/product"}],"replies":[{"embeddable":true,"href":"https:\/\/www.stanleypackage.com\/fr\/wp-json\/wp\/v2\/comments?post=2485"}],"wp:featuredmedia":[{"embeddable":true,"href":"https:\/\/www.stanleypackage.com\/fr\/wp-json\/wp\/v2\/media\/2494"}],"wp:attachment":[{"href":"https:\/\/www.stanleypackage.com\/fr\/wp-json\/wp\/v2\/media?parent=2485"}],"wp:term":[{"taxonomy":"product_brand","embeddable":true,"href":"https:\/\/www.stanleypackage.com\/fr\/wp-json\/wp\/v2\/product_brand?post=2485"},{"taxonomy":"product_cat","embeddable":true,"href":"https:\/\/www.stanleypackage.com\/fr\/wp-json\/wp\/v2\/product_cat?post=2485"},{"taxonomy":"product_tag","embeddable":true,"href":"https:\/\/www.stanleypackage.com\/fr\/wp-json\/wp\/v2\/product_tag?post=2485"}],"curies":[{"name":"wp","href":"https:\/\/api.w.org\/{rel}","templated":true}]}}