{"id":2511,"date":"2025-08-12T01:24:45","date_gmt":"2025-08-12T01:24:45","guid":{"rendered":"https:\/\/www.stanleypackage.com\/?post_type=product&#038;p=2511"},"modified":"2025-08-12T01:36:24","modified_gmt":"2025-08-12T01:36:24","slug":"stand-up-zip-pouches-wholesale","status":"publish","type":"product","link":"https:\/\/www.stanleypackage.com\/fr\/product\/stand-up-zip-pouches-wholesale\/","title":{"rendered":"Stand Up Zip Pouches Wholesale, Custom Oatmeal Packaging Bag"},"content":{"rendered":"<div class=\"wp-block-columns is-layout-flex wp-container-core-columns-is-layout-9d6595d7 wp-block-columns-is-layout-flex\">\n<div class=\"wp-block-column is-layout-flow wp-block-column-is-layout-flow\">\n<h2 class=\"wp-block-heading\">Caract\u00e9ristiques des Stand Up Zip Pouches Wholesale<\/h2>\n\n\n\n<ul class=\"wp-block-list\">\n<li><strong>S\u00e9curit\u00e9 alimentaire de haut niveau : <\/strong>Nos pochettes \u00e0 fermeture \u00e9clair utilisent une structure composite multicouche en PET12\/AL7\/PE88, offrant d'excellentes propri\u00e9t\u00e9s de r\u00e9sistance \u00e0 l'humidit\u00e9, \u00e0 l'oxydation et \u00e0 la lumi\u00e8re. Ils isolent efficacement l'air et l'humidit\u00e9, prolongeant ainsi la dur\u00e9e de conservation des aliments.<\/li>\n\n\n\n<li><strong>Finition mate de haute qualit\u00e9 : <\/strong>Ce sac d'emballage personnalis\u00e9 pour les flocons d'avoine pr\u00e9sente une finition mate qui peut \u00eatre personnalis\u00e9e pour correspondre au positionnement de votre marque, soulignant sa qualit\u00e9 sup\u00e9rieure tout en s'int\u00e9grant parfaitement \u00e0 la conception de l'emballage.<\/li>\n\n\n\n<li><strong>Conception conviviale : <\/strong>Ces pochettes zipp\u00e9es qui tiennent debout peuvent facilement \u00eatre plac\u00e9es sur des \u00e9tag\u00e8res. La fermeture \u00e0 glissi\u00e8re permet des ouvertures et des fermetures r\u00e9p\u00e9t\u00e9es, pr\u00e9servant ainsi la fra\u00eecheur du contenu. L'encoche facile \u00e0 d\u00e9chirer permet une ouverture ais\u00e9e, am\u00e9liorant ainsi l'exp\u00e9rience de l'utilisateur.<\/li>\n\n\n\n<li><strong>Permet l'impression personnalis\u00e9e en plusieurs couleurs : <\/strong>Nos sacs d'emballage de flocons d'avoine personnalis\u00e9s peuvent \u00eatre magnifiquement imprim\u00e9s en 10 couleurs maximum, s'adaptant \u00e0 des motifs complexes et \u00e0 des effets de d\u00e9grad\u00e9, ce qui fait de l'emballage un puissant vecteur de promotion de la marque.<\/li>\n\n\n\n<li><strong>Applications multi-sc\u00e9narios :<\/strong> Outre l'emballage des flocons d'avoine, ces sachets \u00e0 fermeture \u00e9clair conviennent \u00e9galement aux noix, aux fruits secs, au th\u00e9, aux grains de caf\u00e9, aux bonbons, aux snacks, et bien d'autres choses encore. Les commer\u00e7ants peuvent ainsi \u00e9largir leur gamme de produits avec le m\u00eame emballage, ce qui permet de r\u00e9duire les co\u00fbts tout en maintenant une image de marque coh\u00e9rente.<\/li>\n<\/ul>\n\n\n\n<div class=\"wp-block-columns is-layout-flex wp-container-core-columns-is-layout-9d6595d7 wp-block-columns-is-layout-flex\">\n<div class=\"wp-block-column is-layout-flow wp-block-column-is-layout-flow\">\n<figure class=\"wp-block-image size-full\"><img decoding=\"async\" width=\"750\" height=\"750\" src=\"https:\/\/www.stanleypackage.com\/wp-content\/uploads\/2025\/08\/Customized-Stand-Up-Pouch-with-zipper-Sachet-Packaging-Bags-02.webp\" alt=\"Stand Up Zip Pouches Wholesale, Custom Oatmeal Packaging Bag-5\" class=\"wp-image-2604\" srcset=\"https:\/\/www.stanleypackage.com\/wp-content\/uploads\/2025\/08\/Customized-Stand-Up-Pouch-with-zipper-Sachet-Packaging-Bags-02.webp 750w, https:\/\/www.stanleypackage.com\/wp-content\/uploads\/2025\/08\/Customized-Stand-Up-Pouch-with-zipper-Sachet-Packaging-Bags-02-300x300.webp 300w, https:\/\/www.stanleypackage.com\/wp-content\/uploads\/2025\/08\/Customized-Stand-Up-Pouch-with-zipper-Sachet-Packaging-Bags-02-150x150.webp 150w, https:\/\/www.stanleypackage.com\/wp-content\/uploads\/2025\/08\/Customized-Stand-Up-Pouch-with-zipper-Sachet-Packaging-Bags-02-12x12.webp 12w, https:\/\/www.stanleypackage.com\/wp-content\/uploads\/2025\/08\/Customized-Stand-Up-Pouch-with-zipper-Sachet-Packaging-Bags-02-600x600.webp 600w, https:\/\/www.stanleypackage.com\/wp-content\/uploads\/2025\/08\/Customized-Stand-Up-Pouch-with-zipper-Sachet-Packaging-Bags-02-100x100.webp 100w\" sizes=\"(max-width: 750px) 100vw, 750px\" \/><\/figure>\n<\/div>\n\n\n\n<div class=\"wp-block-column is-layout-flow wp-block-column-is-layout-flow\">\n<figure class=\"wp-block-image size-full\"><img decoding=\"async\" width=\"750\" height=\"750\" src=\"https:\/\/www.stanleypackage.com\/wp-content\/uploads\/2025\/08\/Customized-Stand-Up-Pouch-with-zipper-Sachet-Packaging-Bags-04.webp\" alt=\"\" class=\"wp-image-2606\" srcset=\"https:\/\/www.stanleypackage.com\/wp-content\/uploads\/2025\/08\/Customized-Stand-Up-Pouch-with-zipper-Sachet-Packaging-Bags-04.webp 750w, https:\/\/www.stanleypackage.com\/wp-content\/uploads\/2025\/08\/Customized-Stand-Up-Pouch-with-zipper-Sachet-Packaging-Bags-04-300x300.webp 300w, https:\/\/www.stanleypackage.com\/wp-content\/uploads\/2025\/08\/Customized-Stand-Up-Pouch-with-zipper-Sachet-Packaging-Bags-04-150x150.webp 150w, https:\/\/www.stanleypackage.com\/wp-content\/uploads\/2025\/08\/Customized-Stand-Up-Pouch-with-zipper-Sachet-Packaging-Bags-04-12x12.webp 12w, https:\/\/www.stanleypackage.com\/wp-content\/uploads\/2025\/08\/Customized-Stand-Up-Pouch-with-zipper-Sachet-Packaging-Bags-04-600x600.webp 600w, https:\/\/www.stanleypackage.com\/wp-content\/uploads\/2025\/08\/Customized-Stand-Up-Pouch-with-zipper-Sachet-Packaging-Bags-04-100x100.webp 100w\" sizes=\"(max-width: 750px) 100vw, 750px\" \/><\/figure>\n<\/div>\n<\/div>\n<\/div>\n<\/div>","protected":false},"excerpt":{"rendered":"<p>Bienvenue aux sacs d'emballage de flocons d'avoine personnalis\u00e9s. Nos sachets \u00e0 fermeture \u00e9clair de qualit\u00e9 alimentaire sont fabriqu\u00e9s en mat\u00e9riau composite avec une finition mate. La conception du fond autoportant avec une fermeture \u00e0 glissi\u00e8re scell\u00e9e et une encoche facile \u00e0 d\u00e9chirer est pratique pour le stockage et l'utilisation r\u00e9p\u00e9t\u00e9e.<\/p>\n<table style=\"border-collapse: collapse; width: 312.77pt;\" border=\"0\" width=\"417\" cellspacing=\"0\" cellpadding=\"0\">\n<tbody>\n<tr style=\"height: 12.75pt;\">\n<td class=\"et2\" style=\"height: 12.75pt; width: 91.40pt;\" width=\"121\" height=\"17\">Fabricant<\/td>\n<td class=\"et2\" style=\"width: 222.00pt;\" width=\"296\">Stanley<\/td>\n<\/tr>\n<tr style=\"height: 12.75pt;\">\n<td class=\"et2\" style=\"height: 12.75pt; width: 91.40pt;\" width=\"121\" height=\"17\">Types de pochettes<\/td>\n<td class=\"et3\">Stand Up Pouch, Zipper Pouch<\/td>\n<\/tr>\n<tr style=\"height: 12.75pt;\">\n<td class=\"et2\" style=\"height: 12.75pt; width: 91.40pt;\" width=\"121\" height=\"17\">Mat\u00e9riau<\/td>\n<td class=\"et2\" style=\"width: 222.00pt;\" width=\"296\">PET12\/AL7\/PE88 (effet mat brillant)<\/td>\n<\/tr>\n<tr style=\"height: 25.50pt;\">\n<td class=\"et2\" style=\"height: 25.50pt; width: 91.40pt;\" width=\"121\" height=\"34\">Dossier sp\u00e9cial<\/td>\n<td class=\"et2\" style=\"width: 222.00pt;\" width=\"296\">Bas montant, fermeture \u00e0 glissi\u00e8re, encoche facile \u00e0 d\u00e9chirer<\/td>\n<\/tr>\n<tr style=\"height: 12.75pt;\">\n<td class=\"et2\" style=\"height: 12.75pt; width: 91.40pt;\" width=\"121\" height=\"17\">Manipulation de surface<\/td>\n<td class=\"et2\" style=\"width: 222.00pt;\" width=\"296\">Impression en h\u00e9liogravure<\/td>\n<\/tr>\n<tr style=\"height: 12.75pt;\">\n<td class=\"et2\" style=\"height: 12.75pt; width: 91.40pt;\" width=\"121\" height=\"17\">Couleur<\/td>\n<td class=\"et2\" style=\"width: 222.00pt;\" width=\"296\">Jusqu'\u00e0 10 couleurs<\/td>\n<\/tr>\n<tr style=\"height: 12.75pt;\">\n<td class=\"et2\" style=\"height: 12.75pt; width: 91.40pt;\" width=\"121\" height=\"17\">Utilisation<\/td>\n<td class=\"et3\">Caf\u00e9, <span class=\"font1\">O<\/span><span class=\"font0\">atmeal, Snack<\/span><\/td>\n<\/tr>\n<tr style=\"height: 12.75pt;\">\n<td class=\"et2\" style=\"height: 12.75pt; width: 91.40pt;\" width=\"121\" height=\"17\">MOQ<\/td>\n<td class=\"et2\" style=\"width: 222.00pt;\" width=\"296\">50 000 pi\u00e8ces<\/td>\n<\/tr>\n<tr style=\"height: 12.75pt;\">\n<td class=\"et2\" style=\"height: 12.75pt; width: 91.40pt;\" width=\"121\" height=\"17\">Commande personnalis\u00e9e<\/td>\n<td class=\"et2\" style=\"width: 222.00pt;\" width=\"296\">Acceptation de l'OEM, prise en charge de l'\u00e9chantillonnage gratuit<\/td>\n<\/tr>\n<\/tbody>\n<\/table>\n<p>&nbsp;<\/p>","protected":false},"featured_media":2605,"comment_status":"closed","ping_status":"closed","template":"","meta":{"_acf_changed":false},"product_brand":[],"product_cat":[30,18],"product_tag":[],"class_list":{"0":"post-2511","1":"product","2":"type-product","3":"status-publish","4":"has-post-thumbnail","6":"product_cat-stand-up-pouch-manufacturer","7":"product_cat-zipper-pouch-manufacturer","8":"pa_food-packaging-oatmeal-pouch","9":"pa_food-packaging-coffee-packaging-pouch","10":"pa_food-packaging-snack-food-pouch","11":"pa_food-packaging-baby-food-packaging","13":"first","14":"instock","15":"shipping-taxable","16":"product-type-simple"},"acf":[],"_links":{"self":[{"href":"https:\/\/www.stanleypackage.com\/fr\/wp-json\/wp\/v2\/product\/2511","targetHints":{"allow":["GET"]}}],"collection":[{"href":"https:\/\/www.stanleypackage.com\/fr\/wp-json\/wp\/v2\/product"}],"about":[{"href":"https:\/\/www.stanleypackage.com\/fr\/wp-json\/wp\/v2\/types\/product"}],"replies":[{"embeddable":true,"href":"https:\/\/www.stanleypackage.com\/fr\/wp-json\/wp\/v2\/comments?post=2511"}],"wp:featuredmedia":[{"embeddable":true,"href":"https:\/\/www.stanleypackage.com\/fr\/wp-json\/wp\/v2\/media\/2605"}],"wp:attachment":[{"href":"https:\/\/www.stanleypackage.com\/fr\/wp-json\/wp\/v2\/media?parent=2511"}],"wp:term":[{"taxonomy":"product_brand","embeddable":true,"href":"https:\/\/www.stanleypackage.com\/fr\/wp-json\/wp\/v2\/product_brand?post=2511"},{"taxonomy":"product_cat","embeddable":true,"href":"https:\/\/www.stanleypackage.com\/fr\/wp-json\/wp\/v2\/product_cat?post=2511"},{"taxonomy":"product_tag","embeddable":true,"href":"https:\/\/www.stanleypackage.com\/fr\/wp-json\/wp\/v2\/product_tag?post=2511"}],"curies":[{"name":"wp","href":"https:\/\/api.w.org\/{rel}","templated":true}]}}