{"id":2516,"date":"2025-09-03T09:56:25","date_gmt":"2025-09-03T09:56:25","guid":{"rendered":"https:\/\/www.stanleypackage.com\/?post_type=product&#038;p=2516"},"modified":"2025-09-03T09:56:31","modified_gmt":"2025-09-03T09:56:31","slug":"custom-liquid-pouch-bag-with-spout","status":"publish","type":"product","link":"https:\/\/www.stanleypackage.com\/fr\/product\/custom-liquid-pouch-bag-with-spout\/","title":{"rendered":"Sac \u00e0 liquide personnalis\u00e9 avec bec pour savon et d\u00e9tergent"},"content":{"rendered":"<div class=\"wp-block-columns is-layout-flex wp-container-core-columns-is-layout-9d6595d7 wp-block-columns-is-layout-flex\">\n<div class=\"wp-block-column is-layout-flow wp-block-column-is-layout-flow\">\n<h2 class=\"wp-block-heading\">Caract\u00e9ristiques de la pochette \u00e0 liquide personnalis\u00e9e avec bec verseur<\/h2>\n\n\n\n<ul class=\"wp-block-list\">\n<li><strong>Mat\u00e9riau composite de haute qualit\u00e9, s\u00fbr et durable :<\/strong> Ce sac \u00e0 liquide personnalis\u00e9 avec bec verseur est fabriqu\u00e9 \u00e0 partir d'un mat\u00e9riau composite PET12\/VMPET12\/MBPE120 rev\u00eatu d'aluminium bouilli, offrant une excellente imperm\u00e9abilit\u00e9 et une r\u00e9sistance chimique, garantissant le stockage en toute s\u00e9curit\u00e9 de liquides tels que le savon et les d\u00e9tergents.<\/li>\n\n\n\n<li><strong>Conception facile \u00e0 verser :<\/strong> Ces sachets de savon liquide personnalis\u00e9s en gros sont dot\u00e9s d'un bec verseur pour faciliter le versement, \u00e9viter les d\u00e9versements et am\u00e9liorer la commodit\u00e9, ce qui les rend adapt\u00e9s \u00e0 un usage domestique et commercial.<\/li>\n\n\n\n<li><strong>Base stable et autoportante :<\/strong> La conception du fond de ce sac \u00e0 liquide personnalis\u00e9 avec bec verseur lui permet de se tenir debout tout seul, ce qui permet de gagner de la place et de conserver une apparence soign\u00e9e et esth\u00e9tique.<\/li>\n\n\n\n<li><strong>L'impression de haute pr\u00e9cision renforce l'image de la marque : <\/strong>Ce sac \u00e0 liquide personnalis\u00e9 avec bec verseur utilise la technologie d'impression par h\u00e9liogravure, ce qui permet d'obtenir des graphiques clairs et \u00e9clatants. La finition m\u00e9tallique renforce la qualit\u00e9 de l'emballage et lui conf\u00e8re une touche haut de gamme.<\/li>\n\n\n\n<li><strong>Personnalisation souple pour r\u00e9pondre \u00e0 des besoins divers :<\/strong> Nos sachets d'emballage flexibles peuvent \u00eatre personnalis\u00e9s en termes de forme, de volume et d'impression. Ils conviennent aux produits liquides de diff\u00e9rentes sp\u00e9cifications et offrent aux marques des solutions d'emballage diff\u00e9renci\u00e9es.<\/li>\n<\/ul>\n\n\n\n<div class=\"wp-block-columns is-layout-flex wp-container-core-columns-is-layout-9d6595d7 wp-block-columns-is-layout-flex\">\n<div class=\"wp-block-column is-layout-flow wp-block-column-is-layout-flow\">\n<figure class=\"wp-block-image size-full\"><img decoding=\"async\" width=\"750\" height=\"750\" src=\"https:\/\/www.stanleypackage.com\/wp-content\/uploads\/2025\/08\/Bulk-Stand-Up-pouches-with-spout-on-the-side-for-detergent-02.webp\" alt=\"Sac pour liquide avec bec verseur pour savon et d\u00e9tergent-2\" class=\"wp-image-2518\" srcset=\"https:\/\/www.stanleypackage.com\/wp-content\/uploads\/2025\/08\/Bulk-Stand-Up-pouches-with-spout-on-the-side-for-detergent-02.webp 750w, https:\/\/www.stanleypackage.com\/wp-content\/uploads\/2025\/08\/Bulk-Stand-Up-pouches-with-spout-on-the-side-for-detergent-02-300x300.webp 300w, https:\/\/www.stanleypackage.com\/wp-content\/uploads\/2025\/08\/Bulk-Stand-Up-pouches-with-spout-on-the-side-for-detergent-02-150x150.webp 150w, https:\/\/www.stanleypackage.com\/wp-content\/uploads\/2025\/08\/Bulk-Stand-Up-pouches-with-spout-on-the-side-for-detergent-02-12x12.webp 12w, https:\/\/www.stanleypackage.com\/wp-content\/uploads\/2025\/08\/Bulk-Stand-Up-pouches-with-spout-on-the-side-for-detergent-02-600x600.webp 600w, https:\/\/www.stanleypackage.com\/wp-content\/uploads\/2025\/08\/Bulk-Stand-Up-pouches-with-spout-on-the-side-for-detergent-02-100x100.webp 100w\" sizes=\"(max-width: 750px) 100vw, 750px\" \/><\/figure>\n<\/div>\n\n\n\n<div class=\"wp-block-column is-layout-flow wp-block-column-is-layout-flow\">\n<figure class=\"wp-block-image size-full\"><img decoding=\"async\" width=\"750\" height=\"750\" src=\"https:\/\/www.stanleypackage.com\/wp-content\/uploads\/2025\/08\/Bulk-Stand-Up-pouches-with-spout-on-the-side-for-detergent.webp\" alt=\"\" class=\"wp-image-2517\" srcset=\"https:\/\/www.stanleypackage.com\/wp-content\/uploads\/2025\/08\/Bulk-Stand-Up-pouches-with-spout-on-the-side-for-detergent.webp 750w, https:\/\/www.stanleypackage.com\/wp-content\/uploads\/2025\/08\/Bulk-Stand-Up-pouches-with-spout-on-the-side-for-detergent-300x300.webp 300w, https:\/\/www.stanleypackage.com\/wp-content\/uploads\/2025\/08\/Bulk-Stand-Up-pouches-with-spout-on-the-side-for-detergent-150x150.webp 150w, https:\/\/www.stanleypackage.com\/wp-content\/uploads\/2025\/08\/Bulk-Stand-Up-pouches-with-spout-on-the-side-for-detergent-12x12.webp 12w, https:\/\/www.stanleypackage.com\/wp-content\/uploads\/2025\/08\/Bulk-Stand-Up-pouches-with-spout-on-the-side-for-detergent-600x600.webp 600w, https:\/\/www.stanleypackage.com\/wp-content\/uploads\/2025\/08\/Bulk-Stand-Up-pouches-with-spout-on-the-side-for-detergent-100x100.webp 100w\" sizes=\"(max-width: 750px) 100vw, 750px\" \/><\/figure>\n<\/div>\n<\/div>\n<\/div>\n<\/div>\n\n\n\n<p><\/p>","protected":false},"excerpt":{"rendered":"<p>Bienvenue pour commander en gros des sachets d'emballage flexibles sur mesure. Ce sac \u00e0 liquide personnalis\u00e9 de haute qualit\u00e9 avec bec verseur est dot\u00e9 d'une base composite autoportante et d'une impression m\u00e9tallique pour une sensation de qualit\u00e9 sup\u00e9rieure. Personnalisable en termes de capacit\u00e9 et de motif, c'est l'emballage id\u00e9al pour le savon liquide et le d\u00e9tergent.<\/p>\n<table style=\"border-collapse: collapse; width: 312.77pt;\" border=\"0\" width=\"417\" cellspacing=\"0\" cellpadding=\"0\">\n<tbody>\n<tr style=\"height: 12.75pt;\">\n<td class=\"et2\" style=\"height: 12.75pt; width: 91.40pt;\" width=\"121\" height=\"17\">Fabricant<\/td>\n<td class=\"et2\" style=\"width: 222.00pt;\" width=\"296\">Stanley<\/td>\n<\/tr>\n<tr style=\"height: 12.75pt;\">\n<td class=\"et2\" style=\"height: 12.75pt; width: 91.40pt;\" width=\"121\" height=\"17\">Types de pochettes<\/td>\n<td class=\"et3\">Pochette \u00e0 bec, pochette \u00e0 hauteur d'homme<\/td>\n<\/tr>\n<tr style=\"height: 12.75pt;\">\n<td class=\"et2\" style=\"height: 12.75pt; width: 91.40pt;\" width=\"121\" height=\"17\">Mat\u00e9riau<\/td>\n<td class=\"et2\" style=\"width: 222.00pt;\" width=\"296\">PET12\/\u6c34\u716e\u9540\u94ddVMPET12\/MBPE120<\/td>\n<\/tr>\n<tr style=\"height: 12.75pt;\">\n<td class=\"et2\" style=\"height: 12.75pt; width: 91.40pt;\" width=\"121\" height=\"17\">Dossier sp\u00e9cial<\/td>\n<td class=\"et2\" style=\"width: 222.00pt;\" width=\"296\">Bec, fond debout<\/td>\n<\/tr>\n<tr style=\"height: 12.75pt;\">\n<td class=\"et2\" style=\"height: 12.75pt; width: 91.40pt;\" width=\"121\" height=\"17\">Manipulation de surface<\/td>\n<td class=\"et2\" style=\"width: 222.00pt;\" width=\"296\">Impression en h\u00e9liogravure<\/td>\n<\/tr>\n<tr style=\"height: 12.75pt;\">\n<td class=\"et2\" style=\"height: 12.75pt; width: 91.40pt;\" width=\"121\" height=\"17\">Couleur<\/td>\n<td class=\"et2\" style=\"width: 222.00pt;\" width=\"296\">Jusqu'\u00e0 10 couleurs<\/td>\n<\/tr>\n<tr style=\"height: 12.75pt;\">\n<td class=\"et2\" style=\"height: 12.75pt; width: 91.40pt;\" width=\"121\" height=\"17\">Utilisation<\/td>\n<td class=\"et3\">D\u00e9tergent, savon liquide, lave-vaisselle<\/td>\n<\/tr>\n<tr style=\"height: 12.75pt;\">\n<td class=\"et2\" style=\"height: 12.75pt; width: 91.40pt;\" width=\"121\" height=\"17\">MOQ<\/td>\n<td class=\"et2\" style=\"width: 222.00pt;\" width=\"296\">50 000 pi\u00e8ces<\/td>\n<\/tr>\n<tr style=\"height: 12.75pt;\">\n<td class=\"et2\" style=\"height: 12.75pt; width: 91.40pt;\" width=\"121\" height=\"17\">Commande personnalis\u00e9e<\/td>\n<td class=\"et2\" style=\"width: 222.00pt;\" width=\"296\">Acceptation de l'OEM, prise en charge de l'\u00e9chantillonnage gratuit<\/td>\n<\/tr>\n<\/tbody>\n<\/table>\n<p>&nbsp;<\/p>","protected":false},"featured_media":2521,"comment_status":"closed","ping_status":"closed","template":"","meta":{"_acf_changed":false},"product_brand":[],"product_cat":[32,30],"product_tag":[],"class_list":{"0":"post-2516","1":"product","2":"type-product","3":"status-publish","4":"has-post-thumbnail","6":"product_cat-spout-pouch-manufacturer","7":"product_cat-stand-up-pouch-manufacturer","8":"pa_non-food-packaging-soap-detergent-pouches","10":"first","11":"instock","12":"shipping-taxable","13":"product-type-simple"},"acf":[],"_links":{"self":[{"href":"https:\/\/www.stanleypackage.com\/fr\/wp-json\/wp\/v2\/product\/2516","targetHints":{"allow":["GET"]}}],"collection":[{"href":"https:\/\/www.stanleypackage.com\/fr\/wp-json\/wp\/v2\/product"}],"about":[{"href":"https:\/\/www.stanleypackage.com\/fr\/wp-json\/wp\/v2\/types\/product"}],"replies":[{"embeddable":true,"href":"https:\/\/www.stanleypackage.com\/fr\/wp-json\/wp\/v2\/comments?post=2516"}],"wp:featuredmedia":[{"embeddable":true,"href":"https:\/\/www.stanleypackage.com\/fr\/wp-json\/wp\/v2\/media\/2521"}],"wp:attachment":[{"href":"https:\/\/www.stanleypackage.com\/fr\/wp-json\/wp\/v2\/media?parent=2516"}],"wp:term":[{"taxonomy":"product_brand","embeddable":true,"href":"https:\/\/www.stanleypackage.com\/fr\/wp-json\/wp\/v2\/product_brand?post=2516"},{"taxonomy":"product_cat","embeddable":true,"href":"https:\/\/www.stanleypackage.com\/fr\/wp-json\/wp\/v2\/product_cat?post=2516"},{"taxonomy":"product_tag","embeddable":true,"href":"https:\/\/www.stanleypackage.com\/fr\/wp-json\/wp\/v2\/product_tag?post=2516"}],"curies":[{"name":"wp","href":"https:\/\/api.w.org\/{rel}","templated":true}]}}