{"id":2526,"date":"2025-09-15T07:15:38","date_gmt":"2025-09-15T07:15:38","guid":{"rendered":"https:\/\/www.stanleypackage.com\/?post_type=product&#038;p=2526"},"modified":"2025-09-15T07:15:44","modified_gmt":"2025-09-15T07:15:44","slug":"custom-food-pouch-packaging","status":"publish","type":"product","link":"https:\/\/www.stanleypackage.com\/fr\/product\/custom-food-pouch-packaging\/","title":{"rendered":"Emballage alimentaire personnalis\u00e9, pochette \u00e0 fermeture \u00e9clair permanente pour snacks"},"content":{"rendered":"<h2 class=\"wp-block-heading\">Caract\u00e9ristiques des emballages alimentaires personnalis\u00e9s<\/h2>\n\n\n\n<ul class=\"wp-block-list\">\n<li><strong>Forme sp\u00e9ciale, forme accrocheuse : <\/strong>Nos emballages en sachets alimentaires personnalis\u00e9s peuvent prendre en charge une vari\u00e9t\u00e9 de contours et de types de sachets personnalis\u00e9s, brisant ainsi les contraintes des emballages traditionnels, am\u00e9liorant la reconnaissance de la marque et l'attrait en rayon.<\/li>\n\n\n\n<li><strong>Structure mat\u00e9rielle tr\u00e8s performante :<\/strong> Nos sachets d'emballage de snacks personnalis\u00e9s utilisent le mat\u00e9riau composite \u00e0 trois couches PET12\/BOPA15\/MBPE55, qui pr\u00e9sente de bonnes propri\u00e9t\u00e9s de barri\u00e8re, de r\u00e9sistance \u00e0 la perforation et de scellage \u00e0 chaud pour garantir la fra\u00eecheur et la s\u00e9curit\u00e9 du contenu.<\/li>\n\n\n\n<li><strong>Conception facile \u00e0 d\u00e9chirer, facile \u00e0 ouvrir : <\/strong>Cet emballage alimentaire personnalis\u00e9 est dot\u00e9 d'une encoche facile \u00e0 d\u00e9chirer, qui permet aux consommateurs de l'ouvrir facilement sans outils auxiliaires, ce qui am\u00e9liore l'exp\u00e9rience de l'utilisateur.<\/li>\n\n\n\n<li><strong>Technologie des bandes de chant, structure plus stable :<\/strong> Le traitement des bords de ces sachets d'emballage de snacks personnalis\u00e9s am\u00e9liore la r\u00e9sistance \u00e0 la pression et la capacit\u00e9 de charge du corps du sachet, \u00e9tanche et antid\u00e9flagrant, convenant \u00e0 une vari\u00e9t\u00e9 de produits liquides ou granuleux.<\/li>\n\n\n\n<li><strong>La conception du fond de l'appareil permet une belle pr\u00e9sentation : <\/strong>La structure inf\u00e9rieure de cet emballage alimentaire personnalis\u00e9 am\u00e9liore l'effet de pr\u00e9sentation en rayon tout en \u00e9conomisant de l'espace de stockage. Il convient aussi bien aux canaux de vente au d\u00e9tail qu'aux canaux de vente en ligne.<\/li>\n<\/ul>\n\n\n\n<div class=\"wp-block-columns is-layout-flex wp-container-core-columns-is-layout-9d6595d7 wp-block-columns-is-layout-flex\">\n<div class=\"wp-block-column is-layout-flow wp-block-column-is-layout-flow\">\n<figure class=\"wp-block-image size-full\"><img decoding=\"async\" width=\"750\" height=\"750\" src=\"https:\/\/www.stanleypackage.com\/wp-content\/uploads\/2025\/08\/\u5f00\u7a97\u81ea\u7acb\u62c9\u94fe\u888b.jpg\" alt=\"\" class=\"wp-image-2531\" srcset=\"https:\/\/www.stanleypackage.com\/wp-content\/uploads\/2025\/08\/\u5f00\u7a97\u81ea\u7acb\u62c9\u94fe\u888b.jpg 750w, https:\/\/www.stanleypackage.com\/wp-content\/uploads\/2025\/08\/\u5f00\u7a97\u81ea\u7acb\u62c9\u94fe\u888b-300x300.jpg 300w, https:\/\/www.stanleypackage.com\/wp-content\/uploads\/2025\/08\/\u5f00\u7a97\u81ea\u7acb\u62c9\u94fe\u888b-150x150.jpg 150w, https:\/\/www.stanleypackage.com\/wp-content\/uploads\/2025\/08\/\u5f00\u7a97\u81ea\u7acb\u62c9\u94fe\u888b-12x12.jpg 12w, https:\/\/www.stanleypackage.com\/wp-content\/uploads\/2025\/08\/\u5f00\u7a97\u81ea\u7acb\u62c9\u94fe\u888b-600x600.jpg 600w, https:\/\/www.stanleypackage.com\/wp-content\/uploads\/2025\/08\/\u5f00\u7a97\u81ea\u7acb\u62c9\u94fe\u888b-100x100.jpg 100w\" sizes=\"(max-width: 750px) 100vw, 750px\" \/><\/figure>\n<\/div>\n\n\n\n<div class=\"wp-block-column is-layout-flow wp-block-column-is-layout-flow\">\n<figure class=\"wp-block-image size-full\"><img decoding=\"async\" width=\"750\" height=\"750\" src=\"https:\/\/www.stanleypackage.com\/wp-content\/uploads\/2025\/09\/Custom-Food-Pouch-Packaging-Snack-Standing-Zipper-Pouch-1.webp\" alt=\"Emballage alimentaire personnalis\u00e9, Snack Standing Zipper Pouch-1\" class=\"wp-image-3113\" srcset=\"https:\/\/www.stanleypackage.com\/wp-content\/uploads\/2025\/09\/Custom-Food-Pouch-Packaging-Snack-Standing-Zipper-Pouch-1.webp 750w, https:\/\/www.stanleypackage.com\/wp-content\/uploads\/2025\/09\/Custom-Food-Pouch-Packaging-Snack-Standing-Zipper-Pouch-1-300x300.webp 300w, https:\/\/www.stanleypackage.com\/wp-content\/uploads\/2025\/09\/Custom-Food-Pouch-Packaging-Snack-Standing-Zipper-Pouch-1-150x150.webp 150w, https:\/\/www.stanleypackage.com\/wp-content\/uploads\/2025\/09\/Custom-Food-Pouch-Packaging-Snack-Standing-Zipper-Pouch-1-12x12.webp 12w, https:\/\/www.stanleypackage.com\/wp-content\/uploads\/2025\/09\/Custom-Food-Pouch-Packaging-Snack-Standing-Zipper-Pouch-1-600x600.webp 600w, https:\/\/www.stanleypackage.com\/wp-content\/uploads\/2025\/09\/Custom-Food-Pouch-Packaging-Snack-Standing-Zipper-Pouch-1-100x100.webp 100w\" sizes=\"(max-width: 750px) 100vw, 750px\" \/><\/figure>\n<\/div>\n<\/div>\n\n\n\n<p><\/p>","protected":false},"excerpt":{"rendered":"<p>Nous vous invitons \u00e0 commander des emballages alimentaires personnalis\u00e9s. Nos pochettes \u00e0 fermeture \u00e9clair personnalis\u00e9es conviennent pour les bonbons, les noix, les fruits secs, les snacks pour animaux, etc. Nous pouvons personnaliser la taille, le mat\u00e9riau et les motifs d'impression pour r\u00e9pondre aux besoins de votre marque.<\/p>\n<table style=\"border-collapse: collapse; width: 327.77pt;\" border=\"0\" width=\"437\" cellspacing=\"0\" cellpadding=\"0\">\n<tbody>\n<tr style=\"height: 12.75pt;\">\n<td class=\"et2\" style=\"height: 12.75pt; width: 91.40pt;\" width=\"121\" height=\"17\">Fabricant<\/td>\n<td class=\"et2\" style=\"width: 237.00pt;\" width=\"316\">Stanley<\/td>\n<\/tr>\n<tr style=\"height: 12.75pt;\">\n<td class=\"et2\" style=\"height: 12.75pt; width: 91.40pt;\" width=\"121\" height=\"17\">Types de pochettes<\/td>\n<td class=\"et3\">Pochette \u00e0 main, pochette \u00e0 glissi\u00e8re, pochette en forme<\/td>\n<\/tr>\n<tr style=\"height: 12.75pt;\">\n<td class=\"et2\" style=\"height: 12.75pt; width: 91.40pt;\" width=\"121\" height=\"17\">Mat\u00e9riau<\/td>\n<td class=\"et2\" style=\"width: 237.00pt;\" width=\"316\">PET12\/BOPA15\/MBPE55<\/td>\n<\/tr>\n<tr style=\"height: 12.75pt;\">\n<td class=\"et2\" style=\"height: 12.75pt; width: 91.40pt;\" width=\"121\" height=\"17\">Dossier sp\u00e9cial<\/td>\n<td class=\"et2\" style=\"width: 237.00pt;\" width=\"316\">Fond debout, Encoche facile \u00e0 d\u00e9chirer, Fen\u00eatre transparente<\/td>\n<\/tr>\n<tr style=\"height: 12.75pt;\">\n<td class=\"et2\" style=\"height: 12.75pt; width: 91.40pt;\" width=\"121\" height=\"17\">Manipulation de surface<\/td>\n<td class=\"et2\" style=\"width: 237.00pt;\" width=\"316\">Impression en h\u00e9liogravure<\/td>\n<\/tr>\n<tr style=\"height: 12.75pt;\">\n<td class=\"et2\" style=\"height: 12.75pt; width: 91.40pt;\" width=\"121\" height=\"17\">Couleur<\/td>\n<td class=\"et2\" style=\"width: 237.00pt;\" width=\"316\">Jusqu'\u00e0 10 couleurs<\/td>\n<\/tr>\n<tr style=\"height: 12.75pt;\">\n<td class=\"et2\" style=\"height: 12.75pt; width: 91.40pt;\" width=\"121\" height=\"17\">Utilisation<\/td>\n<td class=\"et3\">Bonbons, noix, snacks, fruits secs<\/td>\n<\/tr>\n<tr style=\"height: 12.75pt;\">\n<td class=\"et2\" style=\"height: 12.75pt; width: 91.40pt;\" width=\"121\" height=\"17\">MOQ<\/td>\n<td class=\"et2\" style=\"width: 237.00pt;\" width=\"316\">50 000 pi\u00e8ces<\/td>\n<\/tr>\n<tr style=\"height: 12.75pt;\">\n<td class=\"et2\" style=\"height: 12.75pt; width: 91.40pt;\" width=\"121\" height=\"17\">Commande personnalis\u00e9e<\/td>\n<td class=\"et2\" style=\"width: 237.00pt;\" width=\"316\">Acceptation de l'OEM, prise en charge de l'\u00e9chantillonnage gratuit<\/td>\n<\/tr>\n<\/tbody>\n<\/table>","protected":false},"featured_media":3115,"comment_status":"closed","ping_status":"closed","template":"","meta":{"_acf_changed":false},"product_brand":[],"product_cat":[22,30,18],"product_tag":[],"class_list":{"0":"post-2526","1":"product","2":"type-product","3":"status-publish","4":"has-post-thumbnail","6":"product_cat-shaped-pouches-factory","7":"product_cat-stand-up-pouch-manufacturer","8":"product_cat-zipper-pouch-manufacturer","9":"pa_food-packaging-snack-food-pouch","11":"first","12":"instock","13":"shipping-taxable","14":"product-type-simple"},"acf":[],"_links":{"self":[{"href":"https:\/\/www.stanleypackage.com\/fr\/wp-json\/wp\/v2\/product\/2526","targetHints":{"allow":["GET"]}}],"collection":[{"href":"https:\/\/www.stanleypackage.com\/fr\/wp-json\/wp\/v2\/product"}],"about":[{"href":"https:\/\/www.stanleypackage.com\/fr\/wp-json\/wp\/v2\/types\/product"}],"replies":[{"embeddable":true,"href":"https:\/\/www.stanleypackage.com\/fr\/wp-json\/wp\/v2\/comments?post=2526"}],"wp:featuredmedia":[{"embeddable":true,"href":"https:\/\/www.stanleypackage.com\/fr\/wp-json\/wp\/v2\/media\/3115"}],"wp:attachment":[{"href":"https:\/\/www.stanleypackage.com\/fr\/wp-json\/wp\/v2\/media?parent=2526"}],"wp:term":[{"taxonomy":"product_brand","embeddable":true,"href":"https:\/\/www.stanleypackage.com\/fr\/wp-json\/wp\/v2\/product_brand?post=2526"},{"taxonomy":"product_cat","embeddable":true,"href":"https:\/\/www.stanleypackage.com\/fr\/wp-json\/wp\/v2\/product_cat?post=2526"},{"taxonomy":"product_tag","embeddable":true,"href":"https:\/\/www.stanleypackage.com\/fr\/wp-json\/wp\/v2\/product_tag?post=2526"}],"curies":[{"name":"wp","href":"https:\/\/api.w.org\/{rel}","templated":true}]}}