{"id":2533,"date":"2025-09-03T09:41:30","date_gmt":"2025-09-03T09:41:30","guid":{"rendered":"https:\/\/www.stanleypackage.com\/?post_type=product&#038;p=2533"},"modified":"2025-09-03T09:41:55","modified_gmt":"2025-09-03T09:41:55","slug":"wholesale-liquid-pouches","status":"publish","type":"product","link":"https:\/\/www.stanleypackage.com\/fr\/product\/wholesale-liquid-pouches\/","title":{"rendered":"Pochettes de liquide en gros, emballage de gel douche de voyage personnalis\u00e9"},"content":{"rendered":"<div class=\"wp-block-columns is-layout-flex wp-container-core-columns-is-layout-9d6595d7 wp-block-columns-is-layout-flex\">\n<div class=\"wp-block-column is-layout-flow wp-block-column-is-layout-flow\">\n<h2 class=\"wp-block-heading\">Caract\u00e9ristiques des sachets de liquide en gros pour le gel douche<\/h2>\n\n\n\n<ul class=\"wp-block-list\">\n<li><strong>Effet sp\u00e9cial disponible : <\/strong>Nos sachets de liquide en gros pour les gels douche prennent en charge les effets sp\u00e9ciaux disponibles, tels que UV, mat, brillant, etc.<\/li>\n\n\n\n<li><strong>Forme sp\u00e9ciale disponible : <\/strong>Notre pochette \u00e0 shampoing personnalis\u00e9e peut \u00eatre transform\u00e9e en diverses formes selon les exigences du client.<\/li>\n\n\n\n<li><strong>Avec un syst\u00e8me d'arrachage facile : <\/strong>Nos sachets de liquide en gros pour les gels douche sont dot\u00e9s d'une encoche facile \u00e0 d\u00e9chirer, ce qui est pratique \u00e0 utiliser.<\/li>\n\n\n\n<li><strong>Mat\u00e9riau multicouche durable : <\/strong>La structure \u00e0 trois couches (MOPP25\/VMPET12\/PE100) de ces sachets pour liquides en gros destin\u00e9s aux gels douche pr\u00e9sente une bonne rigidit\u00e9, une bonne durabilit\u00e9 et une bonne \u00e9tanch\u00e9it\u00e9. Ils conviennent aux liquides de viscosit\u00e9 moyenne et \u00e9lev\u00e9e tels que les shampooings et les gels douche.<\/li>\n\n\n\n<li><strong>Personnalisable et pr\u00eat pour la vente en gros :<\/strong> Nos sachets de liquide en gros peuvent \u00eatre personnalis\u00e9s au niveau des motifs d'impression, du logo, de la capacit\u00e9 et des d\u00e9tails structurels. Ils conviennent \u00e0 la production de masse et aident les marques \u00e0 cr\u00e9er des solutions d'emballage personnalis\u00e9es.<\/li>\n<\/ul>\n\n\n\n<div class=\"wp-block-columns is-layout-flex wp-container-core-columns-is-layout-9d6595d7 wp-block-columns-is-layout-flex\">\n<div class=\"wp-block-column is-layout-flow wp-block-column-is-layout-flow\">\n<figure class=\"wp-block-image size-full\"><img decoding=\"async\" width=\"750\" height=\"750\" src=\"https:\/\/www.stanleypackage.com\/wp-content\/uploads\/2025\/08\/Wholesale-Liquid-Pouch-Packaging-Custom-Shampoo-Pouches-5.webp\" alt=\"Pochettes de liquide en gros, Emballage de gel douche de voyage personnalis\u00e9-2\" class=\"wp-image-2543\" srcset=\"https:\/\/www.stanleypackage.com\/wp-content\/uploads\/2025\/08\/Wholesale-Liquid-Pouch-Packaging-Custom-Shampoo-Pouches-5.webp 750w, https:\/\/www.stanleypackage.com\/wp-content\/uploads\/2025\/08\/Wholesale-Liquid-Pouch-Packaging-Custom-Shampoo-Pouches-5-300x300.webp 300w, https:\/\/www.stanleypackage.com\/wp-content\/uploads\/2025\/08\/Wholesale-Liquid-Pouch-Packaging-Custom-Shampoo-Pouches-5-150x150.webp 150w, https:\/\/www.stanleypackage.com\/wp-content\/uploads\/2025\/08\/Wholesale-Liquid-Pouch-Packaging-Custom-Shampoo-Pouches-5-12x12.webp 12w, https:\/\/www.stanleypackage.com\/wp-content\/uploads\/2025\/08\/Wholesale-Liquid-Pouch-Packaging-Custom-Shampoo-Pouches-5-600x600.webp 600w, https:\/\/www.stanleypackage.com\/wp-content\/uploads\/2025\/08\/Wholesale-Liquid-Pouch-Packaging-Custom-Shampoo-Pouches-5-100x100.webp 100w\" sizes=\"(max-width: 750px) 100vw, 750px\" \/><\/figure>\n<\/div>\n\n\n\n<div class=\"wp-block-column is-layout-flow wp-block-column-is-layout-flow\">\n<figure class=\"wp-block-image size-full\"><img decoding=\"async\" width=\"750\" height=\"750\" src=\"https:\/\/www.stanleypackage.com\/wp-content\/uploads\/2025\/08\/Wholesale-Liquid-Pouch-Packaging-Custom-Shampoo-Pouches.webp\" alt=\"\" class=\"wp-image-2540\" srcset=\"https:\/\/www.stanleypackage.com\/wp-content\/uploads\/2025\/08\/Wholesale-Liquid-Pouch-Packaging-Custom-Shampoo-Pouches.webp 750w, https:\/\/www.stanleypackage.com\/wp-content\/uploads\/2025\/08\/Wholesale-Liquid-Pouch-Packaging-Custom-Shampoo-Pouches-300x300.webp 300w, https:\/\/www.stanleypackage.com\/wp-content\/uploads\/2025\/08\/Wholesale-Liquid-Pouch-Packaging-Custom-Shampoo-Pouches-150x150.webp 150w, https:\/\/www.stanleypackage.com\/wp-content\/uploads\/2025\/08\/Wholesale-Liquid-Pouch-Packaging-Custom-Shampoo-Pouches-12x12.webp 12w, https:\/\/www.stanleypackage.com\/wp-content\/uploads\/2025\/08\/Wholesale-Liquid-Pouch-Packaging-Custom-Shampoo-Pouches-600x600.webp 600w, https:\/\/www.stanleypackage.com\/wp-content\/uploads\/2025\/08\/Wholesale-Liquid-Pouch-Packaging-Custom-Shampoo-Pouches-100x100.webp 100w\" sizes=\"(max-width: 750px) 100vw, 750px\" \/><\/figure>\n<\/div>\n<\/div>\n<\/div>\n<\/div>\n\n\n\n<p><\/p>","protected":false},"excerpt":{"rendered":"<p>Nous vous invitons \u00e0 acheter en gros des sachets de liquide pour produits de soins personnels. Cette pochette personnalis\u00e9e pour shampoing et gel douche est \u00e9quip\u00e9e d'un syst\u00e8me de d\u00e9chirement facile, et le design g\u00e9n\u00e9ral irr\u00e9gulier est unique et facile \u00e0 transporter. Permet une personnalisation compl\u00e8te.<\/p>\n<table style=\"border-collapse: collapse; width: 312.77pt;\" border=\"0\" width=\"417\" cellspacing=\"0\" cellpadding=\"0\">\n<tbody>\n<tr style=\"height: 12.75pt;\">\n<td class=\"et2\" style=\"height: 12.75pt; width: 91.40pt;\" width=\"121\" height=\"17\">Fabricant<\/td>\n<td class=\"et2\" style=\"width: 222.00pt;\" width=\"296\">Stanley<\/td>\n<\/tr>\n<tr style=\"height: 12.75pt;\">\n<td class=\"et2\" style=\"height: 12.75pt; width: 91.40pt;\" width=\"121\" height=\"17\">Types de pochettes<\/td>\n<td class=\"et3\">Pochette de rangement irr\u00e9guli\u00e8re<\/td>\n<\/tr>\n<tr style=\"height: 12.75pt;\">\n<td class=\"et2\" style=\"height: 12.75pt; width: 91.40pt;\" width=\"121\" height=\"17\">Mat\u00e9riau<\/td>\n<td class=\"et2\" style=\"width: 222.00pt;\" width=\"296\">MOPP25\/VMPET12\/PE100<\/td>\n<\/tr>\n<tr style=\"height: 12.75pt;\">\n<td class=\"et2\" style=\"height: 12.75pt; width: 91.40pt;\" width=\"121\" height=\"17\">Dossier sp\u00e9cial<\/td>\n<td class=\"et2\" style=\"width: 222.00pt;\" width=\"296\">Debout en bas, <span class=\"font1\">I<\/span><span class=\"font0\">forme irr\u00e9guli\u00e8re<\/span><\/td>\n<\/tr>\n<tr style=\"height: 12.75pt;\">\n<td class=\"et2\" style=\"height: 12.75pt; width: 91.40pt;\" width=\"121\" height=\"17\">Manipulation de surface<\/td>\n<td class=\"et2\" style=\"width: 222.00pt;\" width=\"296\">Impression en h\u00e9liogravure<\/td>\n<\/tr>\n<tr style=\"height: 12.75pt;\">\n<td class=\"et2\" style=\"height: 12.75pt; width: 91.40pt;\" width=\"121\" height=\"17\">Couleur<\/td>\n<td class=\"et2\" style=\"width: 222.00pt;\" width=\"296\">Jusqu'\u00e0 10 couleurs<\/td>\n<\/tr>\n<tr style=\"height: 12.75pt;\">\n<td class=\"et2\" style=\"height: 12.75pt; width: 91.40pt;\" width=\"121\" height=\"17\">Utilisation<\/td>\n<td class=\"et3\">Sacs de recharge pour shampoing, gel douche et gel douche<\/td>\n<\/tr>\n<tr style=\"height: 12.75pt;\">\n<td class=\"et2\" style=\"height: 12.75pt; width: 91.40pt;\" width=\"121\" height=\"17\">MOQ<\/td>\n<td class=\"et2\" style=\"width: 222.00pt;\" width=\"296\">50 000 pi\u00e8ces<\/td>\n<\/tr>\n<tr style=\"height: 12.75pt;\">\n<td class=\"et2\" style=\"height: 12.75pt; width: 91.40pt;\" width=\"121\" height=\"17\">Commande personnalis\u00e9e<\/td>\n<td class=\"et2\" style=\"width: 222.00pt;\" width=\"296\">Acceptation de l'OEM, prise en charge de l'\u00e9chantillonnage gratuit<\/td>\n<\/tr>\n<\/tbody>\n<\/table>\n<p>&nbsp;<\/p>","protected":false},"featured_media":2544,"comment_status":"closed","ping_status":"closed","template":"","meta":{"_acf_changed":false},"product_brand":[],"product_cat":[22,30],"product_tag":[],"class_list":{"0":"post-2533","1":"product","2":"type-product","3":"status-publish","4":"has-post-thumbnail","6":"product_cat-shaped-pouches-factory","7":"product_cat-stand-up-pouch-manufacturer","8":"pa_non-food-packaging-soap-detergent-pouches","10":"first","11":"instock","12":"shipping-taxable","13":"product-type-simple"},"acf":[],"_links":{"self":[{"href":"https:\/\/www.stanleypackage.com\/fr\/wp-json\/wp\/v2\/product\/2533","targetHints":{"allow":["GET"]}}],"collection":[{"href":"https:\/\/www.stanleypackage.com\/fr\/wp-json\/wp\/v2\/product"}],"about":[{"href":"https:\/\/www.stanleypackage.com\/fr\/wp-json\/wp\/v2\/types\/product"}],"replies":[{"embeddable":true,"href":"https:\/\/www.stanleypackage.com\/fr\/wp-json\/wp\/v2\/comments?post=2533"}],"wp:featuredmedia":[{"embeddable":true,"href":"https:\/\/www.stanleypackage.com\/fr\/wp-json\/wp\/v2\/media\/2544"}],"wp:attachment":[{"href":"https:\/\/www.stanleypackage.com\/fr\/wp-json\/wp\/v2\/media?parent=2533"}],"wp:term":[{"taxonomy":"product_brand","embeddable":true,"href":"https:\/\/www.stanleypackage.com\/fr\/wp-json\/wp\/v2\/product_brand?post=2533"},{"taxonomy":"product_cat","embeddable":true,"href":"https:\/\/www.stanleypackage.com\/fr\/wp-json\/wp\/v2\/product_cat?post=2533"},{"taxonomy":"product_tag","embeddable":true,"href":"https:\/\/www.stanleypackage.com\/fr\/wp-json\/wp\/v2\/product_tag?post=2533"}],"curies":[{"name":"wp","href":"https:\/\/api.w.org\/{rel}","templated":true}]}}