{"id":2545,"date":"2025-08-12T02:30:59","date_gmt":"2025-08-12T02:30:59","guid":{"rendered":"https:\/\/www.stanleypackage.com\/?post_type=product&#038;p=2545"},"modified":"2025-08-12T02:31:07","modified_gmt":"2025-08-12T02:31:07","slug":"custom-printed-flexible-packaging","status":"publish","type":"product","link":"https:\/\/www.stanleypackage.com\/fr\/product\/custom-printed-flexible-packaging\/","title":{"rendered":"Emballages flexibles imprim\u00e9s sur mesure, sachets de jus de fruits en gros"},"content":{"rendered":"<div class=\"wp-block-columns is-layout-flex wp-container-core-columns-is-layout-9d6595d7 wp-block-columns-is-layout-flex\">\n<div class=\"wp-block-column is-layout-flow wp-block-column-is-layout-flow\">\n<h2 class=\"wp-block-heading\">Caract\u00e9ristiques de l'emballage flexible imprim\u00e9 sur mesure<\/h2>\n\n\n\n<ul class=\"wp-block-list\">\n<li><strong>Mat\u00e9riau composite multicouche de qualit\u00e9 alimentaire : <\/strong>Cet emballage souple imprim\u00e9 personnalis\u00e9 utilise une structure composite multicouche de PET12\/AL7\/BOPA15\/PE avec une \u00e9paisseur optimis\u00e9e sur le recto, le verso et les c\u00f4t\u00e9s, bloquant efficacement l'air, l'humidit\u00e9 et la lumi\u00e8re.<\/li>\n\n\n\n<li><strong>Huit faces, fond plat debout :<\/strong> Les scell\u00e9s \u00e0 huit c\u00f4t\u00e9s de ces poches de jus \u00e0 fond plat garantissent en gros un support stable, am\u00e9liorant ainsi la pr\u00e9sence en rayon.<\/li>\n\n\n\n<li><strong>Conception pratique du bec verseur : <\/strong>Cet emballage souple imprim\u00e9 personnalis\u00e9 est dot\u00e9 d'un bec verseur int\u00e9gr\u00e9 de haute qualit\u00e9 qui permet de boire ou de verser facilement, \u00e9vitant ainsi les d\u00e9versements et les fuites. Il est parfait pour boire en d\u00e9placement ou \u00e0 l'ext\u00e9rieur.<\/li>\n\n\n\n<li><strong>Structure d'affichage polyvalente : <\/strong>Ces sachets de jus de fruits \u00e0 fond plat sont \u00e9galement dot\u00e9s d'un trou de suspension pour une pr\u00e9sentation pratique au d\u00e9tail, ce qui permet d'\u00e9conomiser de l'espace.<\/li>\n\n\n\n<li><strong>Applicable \u00e0 une large gamme de produits liquides :<\/strong> Outre les jus de fruits, nos emballages souples imprim\u00e9s sur mesure conviennent \u00e9galement aux boissons \u00e9nergisantes, aux milk-shakes, aux sauces, aux vinaigrettes, aux boissons pour enfants et \u00e0 d'autres emballages alimentaires liquides.<\/li>\n<\/ul>\n\n\n\n<div class=\"wp-block-columns is-layout-flex wp-container-core-columns-is-layout-9d6595d7 wp-block-columns-is-layout-flex\">\n<div class=\"wp-block-column is-layout-flow wp-block-column-is-layout-flow\">\n<figure class=\"wp-block-image size-full\"><img decoding=\"async\" width=\"750\" height=\"750\" src=\"https:\/\/www.stanleypackage.com\/wp-content\/uploads\/2025\/08\/Custom-Flat-Bottom-Stand-Up-Spot-Pouches-Wholesale-For-Jelly-5.webp\" alt=\"Emballages flexibles imprim\u00e9s sur mesure, sachets de jus de fruits en gros-4\" class=\"wp-image-2555\" srcset=\"https:\/\/www.stanleypackage.com\/wp-content\/uploads\/2025\/08\/Custom-Flat-Bottom-Stand-Up-Spot-Pouches-Wholesale-For-Jelly-5.webp 750w, https:\/\/www.stanleypackage.com\/wp-content\/uploads\/2025\/08\/Custom-Flat-Bottom-Stand-Up-Spot-Pouches-Wholesale-For-Jelly-5-300x300.webp 300w, https:\/\/www.stanleypackage.com\/wp-content\/uploads\/2025\/08\/Custom-Flat-Bottom-Stand-Up-Spot-Pouches-Wholesale-For-Jelly-5-150x150.webp 150w, https:\/\/www.stanleypackage.com\/wp-content\/uploads\/2025\/08\/Custom-Flat-Bottom-Stand-Up-Spot-Pouches-Wholesale-For-Jelly-5-12x12.webp 12w, https:\/\/www.stanleypackage.com\/wp-content\/uploads\/2025\/08\/Custom-Flat-Bottom-Stand-Up-Spot-Pouches-Wholesale-For-Jelly-5-600x600.webp 600w, https:\/\/www.stanleypackage.com\/wp-content\/uploads\/2025\/08\/Custom-Flat-Bottom-Stand-Up-Spot-Pouches-Wholesale-For-Jelly-5-100x100.webp 100w\" sizes=\"(max-width: 750px) 100vw, 750px\" \/><\/figure>\n<\/div>\n\n\n\n<div class=\"wp-block-column is-layout-flow wp-block-column-is-layout-flow\">\n<figure class=\"wp-block-image size-full\"><img decoding=\"async\" width=\"750\" height=\"750\" src=\"https:\/\/www.stanleypackage.com\/wp-content\/uploads\/2025\/08\/Custom-Flat-Bottom-Stand-Up-Spot-Pouches-Wholesale-For-Jelly-2.webp\" alt=\"Emballages flexibles imprim\u00e9s sur mesure, sachets de jus de fruits en gros-7\" class=\"wp-image-2552\" srcset=\"https:\/\/www.stanleypackage.com\/wp-content\/uploads\/2025\/08\/Custom-Flat-Bottom-Stand-Up-Spot-Pouches-Wholesale-For-Jelly-2.webp 750w, https:\/\/www.stanleypackage.com\/wp-content\/uploads\/2025\/08\/Custom-Flat-Bottom-Stand-Up-Spot-Pouches-Wholesale-For-Jelly-2-300x300.webp 300w, https:\/\/www.stanleypackage.com\/wp-content\/uploads\/2025\/08\/Custom-Flat-Bottom-Stand-Up-Spot-Pouches-Wholesale-For-Jelly-2-150x150.webp 150w, https:\/\/www.stanleypackage.com\/wp-content\/uploads\/2025\/08\/Custom-Flat-Bottom-Stand-Up-Spot-Pouches-Wholesale-For-Jelly-2-12x12.webp 12w, https:\/\/www.stanleypackage.com\/wp-content\/uploads\/2025\/08\/Custom-Flat-Bottom-Stand-Up-Spot-Pouches-Wholesale-For-Jelly-2-600x600.webp 600w, https:\/\/www.stanleypackage.com\/wp-content\/uploads\/2025\/08\/Custom-Flat-Bottom-Stand-Up-Spot-Pouches-Wholesale-For-Jelly-2-100x100.webp 100w\" sizes=\"(max-width: 750px) 100vw, 750px\" \/><\/figure>\n<\/div>\n<\/div>\n<\/div>\n<\/div>","protected":false},"excerpt":{"rendered":"<p>Bienvenue dans le domaine de l'emballage flexible imprim\u00e9 personnalis\u00e9. Ces poches \u00e0 jus \u00e0 fond plat sont fabriqu\u00e9es \u00e0 partir de mat\u00e9riaux de qualit\u00e9 alimentaire avec une \u00e9paisseur optimis\u00e9e \u00e0 l'avant, \u00e0 l'arri\u00e8re et sur les c\u00f4t\u00e9s pour une pr\u00e9sentation s\u00e9curis\u00e9e. Elles sont dot\u00e9es de trous de suspension et d'un scellage de haute qualit\u00e9, ce qui les rend adapt\u00e9es \u00e0 l'emballage d'une vari\u00e9t\u00e9 de boissons et d'aliments liquides.<\/p>\n<table width=\"417\">\n<tbody>\n<tr>\n<td width=\"121\">Fabricant<\/td>\n<td width=\"296\">Stanley<\/td>\n<\/tr>\n<tr>\n<td width=\"121\">Types de pochettes<\/td>\n<td>Pochette \u00e0 fond plat, pochette \u00e0 fond plat, pochette \u00e0 bec<\/td>\n<\/tr>\n<tr>\n<td width=\"121\">Mat\u00e9riau<\/td>\n<td width=\"296\">Avant : PET12\/AL7\/BOPA15\/PE90<br \/>C\u00f4t\u00e9 : PET12\/AL7\/BOPA15\/PE80<\/td>\n<\/tr>\n<tr>\n<td width=\"121\">Dossier sp\u00e9cial<\/td>\n<td width=\"296\">Fond debout, joint d'\u00e9tanch\u00e9it\u00e9 \u00e0 huit c\u00f4t\u00e9s, bec, trou de suspension<\/td>\n<\/tr>\n<tr>\n<td width=\"121\">Manipulation de surface<\/td>\n<td width=\"296\">Impression en h\u00e9liogravure<\/td>\n<\/tr>\n<tr>\n<td width=\"121\">Couleur<\/td>\n<td width=\"296\">Jusqu'\u00e0 10 couleurs<\/td>\n<\/tr>\n<tr>\n<td width=\"121\">Utilisation<\/td>\n<td>boissons, gel\u00e9e<\/td>\n<\/tr>\n<tr>\n<td width=\"121\">MOQ<\/td>\n<td width=\"296\">50 000 pi\u00e8ces<\/td>\n<\/tr>\n<tr>\n<td width=\"121\">Commande personnalis\u00e9e<\/td>\n<td width=\"296\">Acceptation de l'OEM , \u00c9chantillon gratuit<\/td>\n<\/tr>\n<\/tbody>\n<\/table>","protected":false},"featured_media":2558,"comment_status":"closed","ping_status":"closed","template":"","meta":{"_acf_changed":false},"product_brand":[],"product_cat":[32,30,24],"product_tag":[],"class_list":{"0":"post-2545","1":"product","2":"type-product","3":"status-publish","4":"has-post-thumbnail","6":"product_cat-spout-pouch-manufacturer","7":"product_cat-stand-up-pouch-manufacturer","8":"product_cat-flat-bottom-pouch-manufacturer","9":"pa_food-packaging-baby-food-packaging","10":"pa_food-packaging-drink-beverage-pouch","12":"first","13":"instock","14":"shipping-taxable","15":"product-type-simple"},"acf":[],"_links":{"self":[{"href":"https:\/\/www.stanleypackage.com\/fr\/wp-json\/wp\/v2\/product\/2545","targetHints":{"allow":["GET"]}}],"collection":[{"href":"https:\/\/www.stanleypackage.com\/fr\/wp-json\/wp\/v2\/product"}],"about":[{"href":"https:\/\/www.stanleypackage.com\/fr\/wp-json\/wp\/v2\/types\/product"}],"replies":[{"embeddable":true,"href":"https:\/\/www.stanleypackage.com\/fr\/wp-json\/wp\/v2\/comments?post=2545"}],"wp:featuredmedia":[{"embeddable":true,"href":"https:\/\/www.stanleypackage.com\/fr\/wp-json\/wp\/v2\/media\/2558"}],"wp:attachment":[{"href":"https:\/\/www.stanleypackage.com\/fr\/wp-json\/wp\/v2\/media?parent=2545"}],"wp:term":[{"taxonomy":"product_brand","embeddable":true,"href":"https:\/\/www.stanleypackage.com\/fr\/wp-json\/wp\/v2\/product_brand?post=2545"},{"taxonomy":"product_cat","embeddable":true,"href":"https:\/\/www.stanleypackage.com\/fr\/wp-json\/wp\/v2\/product_cat?post=2545"},{"taxonomy":"product_tag","embeddable":true,"href":"https:\/\/www.stanleypackage.com\/fr\/wp-json\/wp\/v2\/product_tag?post=2545"}],"curies":[{"name":"wp","href":"https:\/\/api.w.org\/{rel}","templated":true}]}}