{"id":2644,"date":"2025-09-03T10:09:40","date_gmt":"2025-09-03T10:09:40","guid":{"rendered":"https:\/\/www.stanleypackage.com\/?post_type=product&#038;p=2644"},"modified":"2025-09-26T06:15:22","modified_gmt":"2025-09-26T06:15:22","slug":"custom-dry-powder-packaging","status":"publish","type":"product","link":"https:\/\/www.stanleypackage.com\/fr\/product\/custom-dry-powder-packaging\/","title":{"rendered":"Sacs d'emballage de poudre s\u00e8che sur mesure, sachets pour boissons solides en vrac"},"content":{"rendered":"<div class=\"wp-block-columns is-layout-flex wp-container-core-columns-is-layout-9d6595d7 wp-block-columns-is-layout-flex\">\n<div class=\"wp-block-column is-layout-flow wp-block-column-is-layout-flow\">\n<h2 class=\"wp-block-heading\">Caract\u00e9ristiques des sacs d'emballage de poudre s\u00e8che sur mesure<\/h2>\n\n\n\n<ul class=\"wp-block-list\">\n<li><strong>Excellente \u00e9tanch\u00e9it\u00e9 :<\/strong> Les trois c\u00f4t\u00e9s de nos sacs d'emballage de poudre s\u00e8che sur mesure garantissent une fermeture herm\u00e9tique, bloquant efficacement l'air et l'humidit\u00e9, emp\u00eachant ainsi la poudre s\u00e8che ou les boissons solides de s'agglutiner.<\/li>\n\n\n\n<li><strong>Mat\u00e9riau composite \u00e0 haute barri\u00e8re : <\/strong>Ces emballages personnalis\u00e9s pour boissons solides sont fabriqu\u00e9s \u00e0 partir d'un mat\u00e9riau composite PET12\/MBPE60 mat, offrant une excellente r\u00e9sistance \u00e0 l'humidit\u00e9 et \u00e0 l'oxydation, ainsi qu'\u00e0 la d\u00e9chirure et \u00e0 l'\u00e9crasement. L'emballage reste ainsi intact pendant le transport et le stockage, assurant une protection fiable de votre produit en poudre.<\/li>\n\n\n\n<li><strong>Design facile \u00e0 d\u00e9chirer :<\/strong> Ces sachets d'emballage de poudre s\u00e8che personnalis\u00e9s sont dot\u00e9s d'une encoche facile \u00e0 d\u00e9chirer, permettant une ouverture ais\u00e9e sans ciseaux ni couteaux, ce qui am\u00e9liore l'exp\u00e9rience et la commodit\u00e9 de l'utilisateur. <\/li>\n\n\n\n<li><strong>Effets visuels haut de gamme : <\/strong>La finition mate de cette pochette d'emballage de boisson solide personnalis\u00e9e conf\u00e8re au sac un effet visuel raffin\u00e9 et haut de gamme, tout en permettant des couleurs vibrantes et satur\u00e9es dans le mat\u00e9riel imprim\u00e9, mettant parfaitement en valeur les logos et les conceptions graphiques de la marque, am\u00e9liorant ainsi l'attrait du produit en rayon et l'image de la marque.<\/li>\n\n\n\n<li><strong>Personnalisation flexible :<\/strong> Nos sacs d'emballage de poudre s\u00e8che sur mesure offrent des options de personnalisation compl\u00e8tes en termes de taille, de capacit\u00e9, de graphisme et d'impression, r\u00e9pondant ainsi aux besoins d'emballage de diverses marques et de divers produits.<\/li>\n<\/ul>\n\n\n\n<div class=\"wp-block-columns is-layout-flex wp-container-core-columns-is-layout-9d6595d7 wp-block-columns-is-layout-flex\">\n<div class=\"wp-block-column is-layout-flow wp-block-column-is-layout-flow\">\n<figure class=\"wp-block-image size-full\"><img decoding=\"async\" width=\"750\" height=\"750\" src=\"https:\/\/www.stanleypackage.com\/wp-content\/uploads\/2025\/08\/Custom-Food-Packages-For-Solid-Drink-and-Snack-Food-3.webp\" alt=\"Sacs d&#039;emballage de poudre s\u00e8che sur mesure, sachets pour boissons solides en vrac-3\" class=\"wp-image-2648\" srcset=\"https:\/\/www.stanleypackage.com\/wp-content\/uploads\/2025\/08\/Custom-Food-Packages-For-Solid-Drink-and-Snack-Food-3.webp 750w, https:\/\/www.stanleypackage.com\/wp-content\/uploads\/2025\/08\/Custom-Food-Packages-For-Solid-Drink-and-Snack-Food-3-300x300.webp 300w, https:\/\/www.stanleypackage.com\/wp-content\/uploads\/2025\/08\/Custom-Food-Packages-For-Solid-Drink-and-Snack-Food-3-150x150.webp 150w, https:\/\/www.stanleypackage.com\/wp-content\/uploads\/2025\/08\/Custom-Food-Packages-For-Solid-Drink-and-Snack-Food-3-12x12.webp 12w, https:\/\/www.stanleypackage.com\/wp-content\/uploads\/2025\/08\/Custom-Food-Packages-For-Solid-Drink-and-Snack-Food-3-600x600.webp 600w, https:\/\/www.stanleypackage.com\/wp-content\/uploads\/2025\/08\/Custom-Food-Packages-For-Solid-Drink-and-Snack-Food-3-100x100.webp 100w\" sizes=\"(max-width: 750px) 100vw, 750px\" \/><\/figure>\n<\/div>\n\n\n\n<div class=\"wp-block-column is-layout-flow wp-block-column-is-layout-flow\">\n<figure class=\"wp-block-image size-full\"><img decoding=\"async\" width=\"750\" height=\"750\" src=\"https:\/\/www.stanleypackage.com\/wp-content\/uploads\/2025\/08\/Custom-Food-Packages-For-Solid-Drink-and-Snack-Food-5.webp\" alt=\"\" class=\"wp-image-2646\" srcset=\"https:\/\/www.stanleypackage.com\/wp-content\/uploads\/2025\/08\/Custom-Food-Packages-For-Solid-Drink-and-Snack-Food-5.webp 750w, https:\/\/www.stanleypackage.com\/wp-content\/uploads\/2025\/08\/Custom-Food-Packages-For-Solid-Drink-and-Snack-Food-5-300x300.webp 300w, https:\/\/www.stanleypackage.com\/wp-content\/uploads\/2025\/08\/Custom-Food-Packages-For-Solid-Drink-and-Snack-Food-5-150x150.webp 150w, https:\/\/www.stanleypackage.com\/wp-content\/uploads\/2025\/08\/Custom-Food-Packages-For-Solid-Drink-and-Snack-Food-5-12x12.webp 12w, https:\/\/www.stanleypackage.com\/wp-content\/uploads\/2025\/08\/Custom-Food-Packages-For-Solid-Drink-and-Snack-Food-5-600x600.webp 600w, https:\/\/www.stanleypackage.com\/wp-content\/uploads\/2025\/08\/Custom-Food-Packages-For-Solid-Drink-and-Snack-Food-5-100x100.webp 100w\" sizes=\"(max-width: 750px) 100vw, 750px\" \/><\/figure>\n<\/div>\n<\/div>\n<\/div>\n<\/div>\n\n\n\n<p><\/p>","protected":false},"excerpt":{"rendered":"<p>Nous vous invitons \u00e0 commander des sachets d'emballage de poudre s\u00e8che personnalis\u00e9s. Ces sachets d'emballage de boissons solides \u00e0 haute barri\u00e8re sont dot\u00e9s d'une fermeture sur trois c\u00f4t\u00e9s avec une encoche facile \u00e0 d\u00e9chirer. Fabriqu\u00e9s en PET12\/MBPE60 mat, l'impression personnalis\u00e9e est disponible.<\/p>\n<table style=\"border-collapse: collapse; width: 312.77pt;\" border=\"0\" width=\"417\" cellspacing=\"0\" cellpadding=\"0\">\n<tbody>\n<tr style=\"height: 12.75pt;\">\n<td class=\"et2\" style=\"height: 12.75pt; width: 91.40pt;\" width=\"121\" height=\"17\">Fabricant<\/td>\n<td class=\"et2\" style=\"width: 222.00pt;\" width=\"296\">Stanley<\/td>\n<\/tr>\n<tr style=\"height: 12.75pt;\">\n<td class=\"et2\" style=\"height: 12.75pt; width: 91.40pt;\" width=\"121\" height=\"17\">Types de pochettes<\/td>\n<td class=\"et3\">Pochette scell\u00e9e sur trois c\u00f4t\u00e9s<\/td>\n<\/tr>\n<tr style=\"height: 12.75pt;\">\n<td class=\"et2\" style=\"height: 12.75pt; width: 91.40pt;\" width=\"121\" height=\"17\">Mat\u00e9riau<\/td>\n<td class=\"et2\" style=\"width: 222.00pt;\" width=\"296\">PET12\/MBPE60 (finition mate)<\/td>\n<\/tr>\n<tr style=\"height: 25.50pt;\">\n<td class=\"et2\" style=\"height: 25.50pt; width: 91.40pt;\" width=\"121\" height=\"34\">Dossier sp\u00e9cial<\/td>\n<td class=\"et2\" style=\"width: 222.00pt;\" width=\"296\">Barri\u00e8re \u00e9lev\u00e9e, encoche facile \u00e0 d\u00e9chirer<\/td>\n<\/tr>\n<tr style=\"height: 12.75pt;\">\n<td class=\"et2\" style=\"height: 12.75pt; width: 91.40pt;\" width=\"121\" height=\"17\">Manipulation de surface<\/td>\n<td class=\"et2\" style=\"width: 222.00pt;\" width=\"296\">Impression en h\u00e9liogravure<\/td>\n<\/tr>\n<tr style=\"height: 12.75pt;\">\n<td class=\"et2\" style=\"height: 12.75pt; width: 91.40pt;\" width=\"121\" height=\"17\">Couleur<\/td>\n<td class=\"et2\" style=\"width: 222.00pt;\" width=\"296\">Jusqu'\u00e0 10 couleurs<\/td>\n<\/tr>\n<tr style=\"height: 12.75pt;\">\n<td class=\"et2\" style=\"height: 12.75pt; width: 91.40pt;\" width=\"121\" height=\"17\">Utilisation<\/td>\n<td class=\"et3\">boissons solides, collation<\/td>\n<\/tr>\n<tr style=\"height: 12.75pt;\">\n<td class=\"et2\" style=\"height: 12.75pt; width: 91.40pt;\" width=\"121\" height=\"17\">MOQ<\/td>\n<td class=\"et2\" style=\"width: 222.00pt;\" width=\"296\">50 000 pi\u00e8ces<\/td>\n<\/tr>\n<tr style=\"height: 12.75pt;\">\n<td class=\"et2\" style=\"height: 12.75pt; width: 91.40pt;\" width=\"121\" height=\"17\">Commande personnalis\u00e9e<\/td>\n<td class=\"et2\" style=\"width: 222.00pt;\" width=\"296\">Acceptation de l'OEM , \u00c9chantillon gratuit<\/td>\n<\/tr>\n<\/tbody>\n<\/table>\n<p>&nbsp;<\/p>","protected":false},"featured_media":2645,"comment_status":"closed","ping_status":"closed","template":"","meta":{"_acf_changed":false},"product_brand":[],"product_cat":[28,31],"product_tag":[],"class_list":{"0":"post-2644","1":"product","2":"type-product","3":"status-publish","4":"has-post-thumbnail","6":"product_cat-three-side-seal-pouch-manufacturer","7":"product_cat-lay-flat-pouch-manufacturer","8":"pa_food-packaging-drink-beverage-pouch","10":"first","11":"instock","12":"shipping-taxable","13":"product-type-simple"},"acf":[],"_links":{"self":[{"href":"https:\/\/www.stanleypackage.com\/fr\/wp-json\/wp\/v2\/product\/2644","targetHints":{"allow":["GET"]}}],"collection":[{"href":"https:\/\/www.stanleypackage.com\/fr\/wp-json\/wp\/v2\/product"}],"about":[{"href":"https:\/\/www.stanleypackage.com\/fr\/wp-json\/wp\/v2\/types\/product"}],"replies":[{"embeddable":true,"href":"https:\/\/www.stanleypackage.com\/fr\/wp-json\/wp\/v2\/comments?post=2644"}],"wp:featuredmedia":[{"embeddable":true,"href":"https:\/\/www.stanleypackage.com\/fr\/wp-json\/wp\/v2\/media\/2645"}],"wp:attachment":[{"href":"https:\/\/www.stanleypackage.com\/fr\/wp-json\/wp\/v2\/media?parent=2644"}],"wp:term":[{"taxonomy":"product_brand","embeddable":true,"href":"https:\/\/www.stanleypackage.com\/fr\/wp-json\/wp\/v2\/product_brand?post=2644"},{"taxonomy":"product_cat","embeddable":true,"href":"https:\/\/www.stanleypackage.com\/fr\/wp-json\/wp\/v2\/product_cat?post=2644"},{"taxonomy":"product_tag","embeddable":true,"href":"https:\/\/www.stanleypackage.com\/fr\/wp-json\/wp\/v2\/product_tag?post=2644"}],"curies":[{"name":"wp","href":"https:\/\/api.w.org\/{rel}","templated":true}]}}