{"id":2653,"date":"2025-08-12T02:56:29","date_gmt":"2025-08-12T02:56:29","guid":{"rendered":"https:\/\/www.stanleypackage.com\/?post_type=product&#038;p=2653"},"modified":"2025-09-06T01:28:54","modified_gmt":"2025-09-06T01:28:54","slug":"wholesale-cosmetics-packaging","status":"publish","type":"product","link":"https:\/\/www.stanleypackage.com\/fr\/product\/wholesale-cosmetics-packaging\/","title":{"rendered":"Emballages de cosm\u00e9tiques en gros, sacs \u00e0 becs de fond de teint personnalis\u00e9s"},"content":{"rendered":"<div class=\"wp-block-columns is-layout-flex wp-container-core-columns-is-layout-9d6595d7 wp-block-columns-is-layout-flex\">\n<div class=\"wp-block-column is-layout-flow wp-block-column-is-layout-flow\">\n<h2 class=\"wp-block-heading\">Caract\u00e9ristiques de l'emballage des produits cosm\u00e9tiques en gros<\/h2>\n\n\n\n<ul class=\"wp-block-list\">\n<li><strong>Mat\u00e9riau s\u00fbr et durable : <\/strong>Cet emballage pour cosm\u00e9tiques en gros est fabriqu\u00e9 \u00e0 partir d'un mat\u00e9riau composite PET\/PE, offrant une excellente \u00e9tanch\u00e9it\u00e9 et une grande durabilit\u00e9. Il emp\u00eache efficacement les fuites et la d\u00e9t\u00e9rioration du fond de teint liquide, garantissant ainsi la stabilit\u00e9 du produit pendant le transport et l'utilisation.<\/li>\n\n\n\n<li><strong>Conception innovante \u00e0 deux chambres :<\/strong> Ces sacs \u00e0 becs personnalis\u00e9s permettent de stocker du fond de teint liquide sur le c\u00f4t\u00e9 gauche et contiennent un coussin de maquillage souple sur le c\u00f4t\u00e9 droit, offrant ainsi une double fonction dans un seul sac, commod\u00e9ment accessible pour les retouches en d\u00e9placement.<\/li>\n\n\n\n<li><strong>Bec pratique et ouverture facile \u00e0 d\u00e9chirer : <\/strong>Le bec verseur de ces emballages de cosm\u00e9tiques en gros permet de verser avec pr\u00e9cision le fond de teint liquide, \u00e9vitant ainsi le gaspillage et les taches. L'ouverture facile \u00e0 d\u00e9chirer permet aux consommateurs d'ouvrir rapidement l'emballage pour une application plus ais\u00e9e.<\/li>\n\n\n\n<li><strong>Formes irr\u00e9guli\u00e8res et cr\u00e9atives : <\/strong>Nos sacs \u00e0 bec personnalis\u00e9s ne se contentent pas de renforcer l'unicit\u00e9 de la marque, ils se distinguent \u00e9galement dans les rayons cosm\u00e9tiques, am\u00e9liorant ainsi la reconnaissance du produit et la m\u00e9moire visuelle.<\/li>\n\n\n\n<li><strong>Soutenir la personnalisation de la marque : <\/strong>Nos emballages de cosm\u00e9tiques en gros peuvent \u00eatre imprim\u00e9s en plusieurs couleurs avec une grande pr\u00e9cision, combin\u00e9s \u00e0 une forme unique et \u00e0 un design fonctionnel pour aider les marques \u00e0 cr\u00e9er leur propre image d'emballage de cosm\u00e9tiques haut de gamme.<\/li>\n<\/ul>\n\n\n\n<div class=\"wp-block-columns is-layout-flex wp-container-core-columns-is-layout-9d6595d7 wp-block-columns-is-layout-flex\">\n<div class=\"wp-block-column is-layout-flow wp-block-column-is-layout-flow\">\n<figure class=\"wp-block-image size-full\"><img decoding=\"async\" width=\"2079\" height=\"2035\" src=\"https:\/\/www.stanleypackage.com\/wp-content\/uploads\/2025\/08\/Custom-Print-Spout-Bags-Wholesale-Cosmetic-Pouch-Packaging-3.webp\" alt=\"\" class=\"wp-image-2663\" srcset=\"https:\/\/www.stanleypackage.com\/wp-content\/uploads\/2025\/08\/Custom-Print-Spout-Bags-Wholesale-Cosmetic-Pouch-Packaging-3.webp 2079w, https:\/\/www.stanleypackage.com\/wp-content\/uploads\/2025\/08\/Custom-Print-Spout-Bags-Wholesale-Cosmetic-Pouch-Packaging-3-300x294.webp 300w, https:\/\/www.stanleypackage.com\/wp-content\/uploads\/2025\/08\/Custom-Print-Spout-Bags-Wholesale-Cosmetic-Pouch-Packaging-3-768x752.webp 768w, https:\/\/www.stanleypackage.com\/wp-content\/uploads\/2025\/08\/Custom-Print-Spout-Bags-Wholesale-Cosmetic-Pouch-Packaging-3-12x12.webp 12w, https:\/\/www.stanleypackage.com\/wp-content\/uploads\/2025\/08\/Custom-Print-Spout-Bags-Wholesale-Cosmetic-Pouch-Packaging-3-1200x1175.webp 1200w, https:\/\/www.stanleypackage.com\/wp-content\/uploads\/2025\/08\/Custom-Print-Spout-Bags-Wholesale-Cosmetic-Pouch-Packaging-3-600x587.webp 600w\" sizes=\"(max-width: 2079px) 100vw, 2079px\" \/><\/figure>\n<\/div>\n\n\n\n<div class=\"wp-block-column is-layout-flow wp-block-column-is-layout-flow\">\n<figure class=\"wp-block-image size-full\"><img decoding=\"async\" width=\"2079\" height=\"2035\" src=\"https:\/\/www.stanleypackage.com\/wp-content\/uploads\/2025\/08\/Custom-Print-Spout-Bags-Wholesale-Cosmetic-Pouch-Packaging-4.webp\" alt=\"\" class=\"wp-image-2662\" srcset=\"https:\/\/www.stanleypackage.com\/wp-content\/uploads\/2025\/08\/Custom-Print-Spout-Bags-Wholesale-Cosmetic-Pouch-Packaging-4.webp 2079w, https:\/\/www.stanleypackage.com\/wp-content\/uploads\/2025\/08\/Custom-Print-Spout-Bags-Wholesale-Cosmetic-Pouch-Packaging-4-300x294.webp 300w, https:\/\/www.stanleypackage.com\/wp-content\/uploads\/2025\/08\/Custom-Print-Spout-Bags-Wholesale-Cosmetic-Pouch-Packaging-4-768x752.webp 768w, https:\/\/www.stanleypackage.com\/wp-content\/uploads\/2025\/08\/Custom-Print-Spout-Bags-Wholesale-Cosmetic-Pouch-Packaging-4-12x12.webp 12w, https:\/\/www.stanleypackage.com\/wp-content\/uploads\/2025\/08\/Custom-Print-Spout-Bags-Wholesale-Cosmetic-Pouch-Packaging-4-1200x1175.webp 1200w, https:\/\/www.stanleypackage.com\/wp-content\/uploads\/2025\/08\/Custom-Print-Spout-Bags-Wholesale-Cosmetic-Pouch-Packaging-4-600x587.webp 600w\" sizes=\"(max-width: 2079px) 100vw, 2079px\" \/><\/figure>\n<\/div>\n<\/div>\n<\/div>\n<\/div>","protected":false},"excerpt":{"rendered":"<p>Bienvenue sur le site d'achat en gros d'emballages pour produits cosm\u00e9tiques. Ces sacs \u00e0 bec personnalis\u00e9s pour fond de teint liquide pr\u00e9sentent un design original. Le c\u00f4t\u00e9 gauche contient le fond de teint liquide, tandis que le c\u00f4t\u00e9 droit accueille un coussin de maquillage souple pour des applications pratiques et pr\u00eates \u00e0 l'emploi.<\/p>\n<table style=\"border-collapse: collapse; width: 327.77pt;\" border=\"0\" width=\"437\" cellspacing=\"0\" cellpadding=\"0\">\n<tbody>\n<tr style=\"height: 12.75pt;\">\n<td class=\"et2\" style=\"height: 12.75pt; width: 91.40pt;\" width=\"121\" height=\"17\">Fabricant<\/td>\n<td class=\"et2\" style=\"width: 237.00pt;\" width=\"316\">Stanley<\/td>\n<\/tr>\n<tr style=\"height: 12.75pt;\">\n<td class=\"et2\" style=\"height: 12.75pt; width: 91.40pt;\" width=\"121\" height=\"17\">Types de pochettes<\/td>\n<td class=\"et3\">Pochette \u00e0 bec, pochette fa\u00e7onn\u00e9e<\/td>\n<\/tr>\n<tr style=\"height: 12.75pt;\">\n<td class=\"et2\" style=\"height: 12.75pt; width: 91.40pt;\" width=\"121\" height=\"17\">Mat\u00e9riau<\/td>\n<td class=\"et2\" style=\"width: 237.00pt;\" width=\"316\">PET\/PE<\/td>\n<\/tr>\n<tr style=\"height: 12.75pt;\">\n<td class=\"et2\" style=\"height: 12.75pt; width: 91.40pt;\" width=\"121\" height=\"17\">Dossier sp\u00e9cial<\/td>\n<td class=\"et2\" style=\"width: 237.00pt;\" width=\"316\">Bec verseur, encoche \u00e0 d\u00e9chirure facile, forme irr\u00e9guli\u00e8re<\/td>\n<\/tr>\n<tr style=\"height: 12.75pt;\">\n<td class=\"et2\" style=\"height: 12.75pt; width: 91.40pt;\" width=\"121\" height=\"17\">Manipulation de surface<\/td>\n<td class=\"et2\" style=\"width: 237.00pt;\" width=\"316\">Impression en h\u00e9liogravure<\/td>\n<\/tr>\n<tr style=\"height: 12.75pt;\">\n<td class=\"et2\" style=\"height: 12.75pt; width: 91.40pt;\" width=\"121\" height=\"17\">Couleur<\/td>\n<td class=\"et2\" style=\"width: 237.00pt;\" width=\"316\">Jusqu'\u00e0 10 couleurs<\/td>\n<\/tr>\n<tr style=\"height: 12.75pt;\">\n<td class=\"et2\" style=\"height: 12.75pt; width: 91.40pt;\" width=\"121\" height=\"17\">Utilisation<\/td>\n<td class=\"et3\">Fond de teint liquide, cr\u00e8me solaire, autres produits semi-fluides<\/td>\n<\/tr>\n<tr style=\"height: 12.75pt;\">\n<td class=\"et2\" style=\"height: 12.75pt; width: 91.40pt;\" width=\"121\" height=\"17\">MOQ<\/td>\n<td class=\"et2\" style=\"width: 237.00pt;\" width=\"316\">50 000 pi\u00e8ces<\/td>\n<\/tr>\n<tr style=\"height: 12.75pt;\">\n<td class=\"et2\" style=\"height: 12.75pt; width: 91.40pt;\" width=\"121\" height=\"17\">Commande personnalis\u00e9e<\/td>\n<td class=\"et2\" style=\"width: 237.00pt;\" width=\"316\">Acceptation de l'OEM, prise en charge de l'\u00e9chantillonnage gratuit<\/td>\n<\/tr>\n<\/tbody>\n<\/table>\n<p>&nbsp;<\/p>","protected":false},"featured_media":2663,"comment_status":"closed","ping_status":"closed","template":"","meta":{"_acf_changed":false},"product_brand":[],"product_cat":[32,31,28,22],"product_tag":[],"class_list":{"0":"post-2653","1":"product","2":"type-product","3":"status-publish","4":"has-post-thumbnail","6":"product_cat-spout-pouch-manufacturer","7":"product_cat-lay-flat-pouch-manufacturer","8":"product_cat-three-side-seal-pouch-manufacturer","9":"product_cat-shaped-pouches-factory","10":"pa_non-food-packaging-cosmetic-packaging-pouches","12":"first","13":"instock","14":"shipping-taxable","15":"product-type-simple"},"acf":[],"_links":{"self":[{"href":"https:\/\/www.stanleypackage.com\/fr\/wp-json\/wp\/v2\/product\/2653","targetHints":{"allow":["GET"]}}],"collection":[{"href":"https:\/\/www.stanleypackage.com\/fr\/wp-json\/wp\/v2\/product"}],"about":[{"href":"https:\/\/www.stanleypackage.com\/fr\/wp-json\/wp\/v2\/types\/product"}],"replies":[{"embeddable":true,"href":"https:\/\/www.stanleypackage.com\/fr\/wp-json\/wp\/v2\/comments?post=2653"}],"wp:featuredmedia":[{"embeddable":true,"href":"https:\/\/www.stanleypackage.com\/fr\/wp-json\/wp\/v2\/media\/2663"}],"wp:attachment":[{"href":"https:\/\/www.stanleypackage.com\/fr\/wp-json\/wp\/v2\/media?parent=2653"}],"wp:term":[{"taxonomy":"product_brand","embeddable":true,"href":"https:\/\/www.stanleypackage.com\/fr\/wp-json\/wp\/v2\/product_brand?post=2653"},{"taxonomy":"product_cat","embeddable":true,"href":"https:\/\/www.stanleypackage.com\/fr\/wp-json\/wp\/v2\/product_cat?post=2653"},{"taxonomy":"product_tag","embeddable":true,"href":"https:\/\/www.stanleypackage.com\/fr\/wp-json\/wp\/v2\/product_tag?post=2653"}],"curies":[{"name":"wp","href":"https:\/\/api.w.org\/{rel}","templated":true}]}}