{"id":2690,"date":"2025-08-19T10:03:52","date_gmt":"2025-08-19T10:03:52","guid":{"rendered":"https:\/\/www.stanleypackage.com\/?post_type=product&#038;p=2690"},"modified":"2025-09-06T01:57:16","modified_gmt":"2025-09-06T01:57:16","slug":"custom-drink-pouches","status":"publish","type":"product","link":"https:\/\/www.stanleypackage.com\/fr\/product\/custom-drink-pouches\/","title":{"rendered":"Sachets \u00e0 boissons personnalis\u00e9s mono-mat\u00e9riau, sachets \u00e0 bec pour liquides"},"content":{"rendered":"<div class=\"wp-block-columns is-layout-flex wp-container-core-columns-is-layout-9d6595d7 wp-block-columns-is-layout-flex\">\n<div class=\"wp-block-column is-layout-flow wp-block-column-is-layout-flow\">\n<h2 class=\"wp-block-heading\">Caract\u00e9ristiques des poches \u00e0 boissons personnalis\u00e9es<\/h2>\n\n\n\n<ul class=\"wp-block-list\">\n<li><strong>Respectueux de l'environnement et recyclable pour des tendances durables :<\/strong> Ces poches \u00e0 boissons personnalis\u00e9es adoptent une structure en PE unique, qui est facile \u00e0 recycler et r\u00e9pond \u00e0 la demande du march\u00e9 en mati\u00e8re de protection de l'environnement et de d\u00e9veloppement durable.<\/li>\n\n\n\n<li><strong>La conception de la buse d'aspiration permet une utilisation pr\u00e9cise : <\/strong>Cet emballage \u00e0 bec en gros est dot\u00e9 d'une buse d'aspiration qui est pratique \u00e0 utiliser pour les clients, ce qui am\u00e9liore l'exp\u00e9rience de ces derniers.<\/li>\n\n\n\n<li><strong>Structure de remplissage par le bas pour am\u00e9liorer l'efficacit\u00e9 du remplissage : <\/strong>La conception du remplissage par le bas de ces poches \u00e0 boissons personnalis\u00e9es facilite un remplissage rapide et une fermeture solide de la ligne de production, ce qui convient aux processus d'emballage automatis\u00e9s.<\/li>\n\n\n\n<li><strong>\u00c9quip\u00e9 de trous de supermarch\u00e9 : <\/strong>Notre emballage \u00e0 bec en gros mono-mat\u00e9riau est \u00e9quip\u00e9 de trous de supermarch\u00e9 permettant de le suspendre et de le pr\u00e9senter de mani\u00e8re pratique.<\/li>\n\n\n\n<li><strong>Soutenir la personnalisation de la marque pour r\u00e9pondre aux divers besoins en mati\u00e8re d'emballage :<\/strong> Les sachets de boisson personnalis\u00e9s sont dot\u00e9s d'une impression, de motifs, d'une capacit\u00e9 et d'une buse qui r\u00e9pondent aux besoins uniques des clients en mati\u00e8re d'emballage.<\/li>\n<\/ul>\n\n\n\n<div class=\"wp-block-columns is-layout-flex wp-container-core-columns-is-layout-9d6595d7 wp-block-columns-is-layout-flex\">\n<div class=\"wp-block-column is-layout-flow wp-block-column-is-layout-flow\">\n<figure class=\"wp-block-image size-full\"><img decoding=\"async\" width=\"750\" height=\"750\" src=\"https:\/\/www.stanleypackage.com\/wp-content\/uploads\/2025\/08\/Custom-Mono-Material-Wholesale-Spout-Pouch-Packaging-For-Drinks-6.webp\" alt=\"Pochettes \u00e0 boissons personnalis\u00e9es mono-mat\u00e9riau, pochettes \u00e0 bec pour liquides - 5\" class=\"wp-image-2700\" srcset=\"https:\/\/www.stanleypackage.com\/wp-content\/uploads\/2025\/08\/Custom-Mono-Material-Wholesale-Spout-Pouch-Packaging-For-Drinks-6.webp 750w, https:\/\/www.stanleypackage.com\/wp-content\/uploads\/2025\/08\/Custom-Mono-Material-Wholesale-Spout-Pouch-Packaging-For-Drinks-6-300x300.webp 300w, https:\/\/www.stanleypackage.com\/wp-content\/uploads\/2025\/08\/Custom-Mono-Material-Wholesale-Spout-Pouch-Packaging-For-Drinks-6-150x150.webp 150w, https:\/\/www.stanleypackage.com\/wp-content\/uploads\/2025\/08\/Custom-Mono-Material-Wholesale-Spout-Pouch-Packaging-For-Drinks-6-12x12.webp 12w, https:\/\/www.stanleypackage.com\/wp-content\/uploads\/2025\/08\/Custom-Mono-Material-Wholesale-Spout-Pouch-Packaging-For-Drinks-6-600x600.webp 600w, https:\/\/www.stanleypackage.com\/wp-content\/uploads\/2025\/08\/Custom-Mono-Material-Wholesale-Spout-Pouch-Packaging-For-Drinks-6-100x100.webp 100w\" sizes=\"(max-width: 750px) 100vw, 750px\" \/><\/figure>\n<\/div>\n\n\n\n<div class=\"wp-block-column is-layout-flow wp-block-column-is-layout-flow\">\n<figure class=\"wp-block-image size-full\"><img decoding=\"async\" width=\"750\" height=\"750\" src=\"https:\/\/www.stanleypackage.com\/wp-content\/uploads\/2025\/08\/Custom-Mono-Material-Wholesale-Spout-Pouch-Packaging-For-Drinks-4.webp\" alt=\"\" class=\"wp-image-2697\" srcset=\"https:\/\/www.stanleypackage.com\/wp-content\/uploads\/2025\/08\/Custom-Mono-Material-Wholesale-Spout-Pouch-Packaging-For-Drinks-4.webp 750w, https:\/\/www.stanleypackage.com\/wp-content\/uploads\/2025\/08\/Custom-Mono-Material-Wholesale-Spout-Pouch-Packaging-For-Drinks-4-300x300.webp 300w, https:\/\/www.stanleypackage.com\/wp-content\/uploads\/2025\/08\/Custom-Mono-Material-Wholesale-Spout-Pouch-Packaging-For-Drinks-4-150x150.webp 150w, https:\/\/www.stanleypackage.com\/wp-content\/uploads\/2025\/08\/Custom-Mono-Material-Wholesale-Spout-Pouch-Packaging-For-Drinks-4-12x12.webp 12w, https:\/\/www.stanleypackage.com\/wp-content\/uploads\/2025\/08\/Custom-Mono-Material-Wholesale-Spout-Pouch-Packaging-For-Drinks-4-600x600.webp 600w, https:\/\/www.stanleypackage.com\/wp-content\/uploads\/2025\/08\/Custom-Mono-Material-Wholesale-Spout-Pouch-Packaging-For-Drinks-4-100x100.webp 100w\" sizes=\"(max-width: 750px) 100vw, 750px\" \/><\/figure>\n<\/div>\n<\/div>\n<\/div>\n<\/div>","protected":false},"excerpt":{"rendered":"<p>Nous vous invitons \u00e0 acheter en gros des poches \u00e0 bec. Nos poches \u00e0 boissons personnalis\u00e9es mono-mat\u00e9riau sont \u00e9quip\u00e9es de trous supermakert et permettent la personnalisation de la marque.<\/p>\n<table style=\"border-collapse: collapse; width: 365.02pt;\" border=\"0\" width=\"365\" cellspacing=\"0\" cellpadding=\"0\">\n<tbody>\n<tr style=\"height: 16.00pt;\">\n<td class=\"et2\" style=\"height: 16.00pt; width: 97.50pt;\" width=\"97\" height=\"16\">Fabricant<\/td>\n<td class=\"et2\" style=\"width: 267.50pt;\" width=\"267\">Stanley<\/td>\n<\/tr>\n<tr style=\"height: 16.00pt;\">\n<td class=\"et2\" style=\"height: 16.00pt; width: 97.50pt;\" width=\"97\" height=\"16\">Types de pochettes<\/td>\n<td class=\"et3\">Pochette \u00e0 bec<\/td>\n<\/tr>\n<tr style=\"height: 16.00pt;\">\n<td class=\"et2\" style=\"height: 16.00pt; width: 97.50pt;\" width=\"97\" height=\"16\">Mat\u00e9riau<\/td>\n<td class=\"et2\" style=\"width: 267.50pt;\" width=\"267\">PE (mono-mat\u00e9riau)<\/td>\n<\/tr>\n<tr style=\"height: 16.00pt;\">\n<td class=\"et2\" style=\"height: 16.00pt; width: 97.50pt;\" width=\"97\" height=\"16\">Dossier sp\u00e9cial<\/td>\n<td class=\"et2\" style=\"width: 267.50pt;\" width=\"267\">Bec, remplissage par le bas, recyclable<\/td>\n<\/tr>\n<tr style=\"height: 16.00pt;\">\n<td class=\"et2\" style=\"height: 16.00pt; width: 97.50pt;\" width=\"97\" height=\"16\">Manipulation de surface<\/td>\n<td class=\"et2\" style=\"width: 267.50pt;\" width=\"267\">Impression en h\u00e9liogravure<\/td>\n<\/tr>\n<tr style=\"height: 16.00pt;\">\n<td class=\"et2\" style=\"height: 16.00pt; width: 97.50pt;\" width=\"97\" height=\"16\">Couleur<\/td>\n<td class=\"et2\" style=\"width: 267.50pt;\" width=\"267\">Jusqu'\u00e0 10 couleurs<\/td>\n<\/tr>\n<tr style=\"height: 16.00pt;\">\n<td class=\"et2\" style=\"height: 16.00pt; width: 97.50pt;\" width=\"97\" height=\"16\">Utilisation<\/td>\n<td class=\"et2\" style=\"width: 267.50pt;\" width=\"267\">Caf\u00e9, Boisson, Vin<\/td>\n<\/tr>\n<tr style=\"height: 16.00pt;\">\n<td class=\"et2\" style=\"height: 16.00pt; width: 97.50pt;\" width=\"97\" height=\"16\">MOQ<\/td>\n<td class=\"et2\" style=\"width: 267.50pt;\" width=\"267\">50 000 pi\u00e8ces<\/td>\n<\/tr>\n<tr style=\"height: 16.00pt;\">\n<td class=\"et2\" style=\"height: 16.00pt; width: 97.50pt;\" width=\"97\" height=\"16\">Commande personnalis\u00e9e<\/td>\n<td class=\"et2\" style=\"width: 267.50pt;\" width=\"267\">Acceptation de l'OEM , \u00c9chantillon gratuit<\/td>\n<\/tr>\n<\/tbody>\n<\/table>","protected":false},"featured_media":2696,"comment_status":"closed","ping_status":"closed","template":"","meta":{"_acf_changed":false},"product_brand":[],"product_cat":[32,30],"product_tag":[],"class_list":{"0":"post-2690","1":"product","2":"type-product","3":"status-publish","4":"has-post-thumbnail","6":"product_cat-spout-pouch-manufacturer","7":"product_cat-stand-up-pouch-manufacturer","8":"pa_food-packaging-coffee-packaging-pouch","9":"pa_food-packaging-tea-pouch-packaging","10":"pa_food-packaging-drink-beverage-pouch","11":"pa_material-mono-material","13":"first","14":"instock","15":"shipping-taxable","16":"product-type-simple"},"acf":[],"_links":{"self":[{"href":"https:\/\/www.stanleypackage.com\/fr\/wp-json\/wp\/v2\/product\/2690","targetHints":{"allow":["GET"]}}],"collection":[{"href":"https:\/\/www.stanleypackage.com\/fr\/wp-json\/wp\/v2\/product"}],"about":[{"href":"https:\/\/www.stanleypackage.com\/fr\/wp-json\/wp\/v2\/types\/product"}],"replies":[{"embeddable":true,"href":"https:\/\/www.stanleypackage.com\/fr\/wp-json\/wp\/v2\/comments?post=2690"}],"wp:featuredmedia":[{"embeddable":true,"href":"https:\/\/www.stanleypackage.com\/fr\/wp-json\/wp\/v2\/media\/2696"}],"wp:attachment":[{"href":"https:\/\/www.stanleypackage.com\/fr\/wp-json\/wp\/v2\/media?parent=2690"}],"wp:term":[{"taxonomy":"product_brand","embeddable":true,"href":"https:\/\/www.stanleypackage.com\/fr\/wp-json\/wp\/v2\/product_brand?post=2690"},{"taxonomy":"product_cat","embeddable":true,"href":"https:\/\/www.stanleypackage.com\/fr\/wp-json\/wp\/v2\/product_cat?post=2690"},{"taxonomy":"product_tag","embeddable":true,"href":"https:\/\/www.stanleypackage.com\/fr\/wp-json\/wp\/v2\/product_tag?post=2690"}],"curies":[{"name":"wp","href":"https:\/\/api.w.org\/{rel}","templated":true}]}}