{"id":2703,"date":"2025-08-19T10:19:22","date_gmt":"2025-08-19T10:19:22","guid":{"rendered":"https:\/\/www.stanleypackage.com\/?post_type=product&#038;p=2703"},"modified":"2025-08-19T10:19:29","modified_gmt":"2025-08-19T10:19:29","slug":"stand-up-barrier-pouches-wholesale","status":"publish","type":"product","link":"https:\/\/www.stanleypackage.com\/fr\/product\/stand-up-barrier-pouches-wholesale\/","title":{"rendered":"Zipper Stand Up Barrier Pouches Wholesale For Snack Food"},"content":{"rendered":"<div class=\"wp-block-columns is-layout-flex wp-container-core-columns-is-layout-9d6595d7 wp-block-columns-is-layout-flex\">\n<div class=\"wp-block-column is-layout-flow wp-block-column-is-layout-flow\">\n<h2 class=\"wp-block-heading\">Caract\u00e9ristiques des pochettes \u00e0 fermeture \u00e9clair Stand Up Barrier Pouches Wholesale<\/h2>\n\n\n\n<ul class=\"wp-block-list\">\n<li><strong>Pr\u00e9servation exceptionnelle de la fra\u00eecheur : <\/strong>Nos pochettes \u00e0 fermeture \u00e9clair sont fabriqu\u00e9es en composite multicouche BOPP28\/VMPET12\/CPP30. Elles peuvent bloquer efficacement l'air et l'humidit\u00e9 pour prolonger la fra\u00eecheur des snacks et des aliments secs.<\/li>\n\n\n\n<li><strong>Conception pratique :<\/strong> Ces sachets d'emballage de snacks personnalis\u00e9s sont dot\u00e9s d'un fond robuste pour un placement stable, d'une fermeture \u00e0 glissi\u00e8re r\u00e9utilisable et d'une ouverture facile \u00e0 d\u00e9chirer pour un acc\u00e8s rapide, ce qui am\u00e9liore l'exp\u00e9rience du consommateur.<\/li>\n\n\n\n<li><strong>Large application : <\/strong>Ces sachets barri\u00e8res sont capables d'emballer divers aliments tels que les flocons d'avoine, les snacks, les aliments frits et les noix, et peuvent r\u00e9pondre aux besoins de stockage et de transport de diverses cat\u00e9gories de produits de mani\u00e8re polyvalente.<\/li>\n\n\n\n<li><strong>Affichage de la marque sur mesure : <\/strong>Nos sachets d'emballage de snacks personnalis\u00e9s peuvent \u00eatre imprim\u00e9s jusqu'\u00e0 10 couleurs, ce qui favorise les dessins haute d\u00e9finition et les couleurs riches, permettant aux produits de mieux se d\u00e9marquer dans les all\u00e9es des magasins et encourageant une meilleure reconnaissance de la marque.<\/li>\n\n\n\n<li><strong>Avantages de l'approvisionnement en gros :<\/strong> Nos sachets barri\u00e8re sont fournis directement par l'usine, ce qui garantit une qualit\u00e9 constante. Cela permet aux d\u00e9taillants et aux marques alimentaires de r\u00e9duire leurs co\u00fbts d'approvisionnement tout en maintenant la stabilit\u00e9 de la cha\u00eene d'approvisionnement et l'efficacit\u00e9 des livraisons.<\/li>\n<\/ul>\n\n\n\n<div class=\"wp-block-columns is-layout-flex wp-container-core-columns-is-layout-9d6595d7 wp-block-columns-is-layout-flex\">\n<div class=\"wp-block-column is-layout-flow wp-block-column-is-layout-flow\">\n<figure class=\"wp-block-image size-full\"><img decoding=\"async\" width=\"750\" height=\"750\" src=\"https:\/\/www.stanleypackage.com\/wp-content\/uploads\/2025\/08\/Stand-Up-Zip-Pouches-Wholesale-Custom-Packaging-Bag-For-Fried-Food-6.webp\" alt=\"\" class=\"wp-image-2705\" srcset=\"https:\/\/www.stanleypackage.com\/wp-content\/uploads\/2025\/08\/Stand-Up-Zip-Pouches-Wholesale-Custom-Packaging-Bag-For-Fried-Food-6.webp 750w, https:\/\/www.stanleypackage.com\/wp-content\/uploads\/2025\/08\/Stand-Up-Zip-Pouches-Wholesale-Custom-Packaging-Bag-For-Fried-Food-6-300x300.webp 300w, https:\/\/www.stanleypackage.com\/wp-content\/uploads\/2025\/08\/Stand-Up-Zip-Pouches-Wholesale-Custom-Packaging-Bag-For-Fried-Food-6-150x150.webp 150w, https:\/\/www.stanleypackage.com\/wp-content\/uploads\/2025\/08\/Stand-Up-Zip-Pouches-Wholesale-Custom-Packaging-Bag-For-Fried-Food-6-12x12.webp 12w, https:\/\/www.stanleypackage.com\/wp-content\/uploads\/2025\/08\/Stand-Up-Zip-Pouches-Wholesale-Custom-Packaging-Bag-For-Fried-Food-6-600x600.webp 600w, https:\/\/www.stanleypackage.com\/wp-content\/uploads\/2025\/08\/Stand-Up-Zip-Pouches-Wholesale-Custom-Packaging-Bag-For-Fried-Food-6-100x100.webp 100w\" sizes=\"(max-width: 750px) 100vw, 750px\" \/><\/figure>\n<\/div>\n\n\n\n<div class=\"wp-block-column is-layout-flow wp-block-column-is-layout-flow\">\n<figure class=\"wp-block-image size-full\"><img decoding=\"async\" width=\"750\" height=\"750\" src=\"https:\/\/www.stanleypackage.com\/wp-content\/uploads\/2025\/08\/Stand-Up-Zip-Pouches-Wholesale-Custom-Packaging-Bag-For-Fried-Food-2.webp\" alt=\"\" class=\"wp-image-2706\" srcset=\"https:\/\/www.stanleypackage.com\/wp-content\/uploads\/2025\/08\/Stand-Up-Zip-Pouches-Wholesale-Custom-Packaging-Bag-For-Fried-Food-2.webp 750w, https:\/\/www.stanleypackage.com\/wp-content\/uploads\/2025\/08\/Stand-Up-Zip-Pouches-Wholesale-Custom-Packaging-Bag-For-Fried-Food-2-300x300.webp 300w, https:\/\/www.stanleypackage.com\/wp-content\/uploads\/2025\/08\/Stand-Up-Zip-Pouches-Wholesale-Custom-Packaging-Bag-For-Fried-Food-2-150x150.webp 150w, https:\/\/www.stanleypackage.com\/wp-content\/uploads\/2025\/08\/Stand-Up-Zip-Pouches-Wholesale-Custom-Packaging-Bag-For-Fried-Food-2-12x12.webp 12w, https:\/\/www.stanleypackage.com\/wp-content\/uploads\/2025\/08\/Stand-Up-Zip-Pouches-Wholesale-Custom-Packaging-Bag-For-Fried-Food-2-600x600.webp 600w, https:\/\/www.stanleypackage.com\/wp-content\/uploads\/2025\/08\/Stand-Up-Zip-Pouches-Wholesale-Custom-Packaging-Bag-For-Fried-Food-2-100x100.webp 100w\" sizes=\"(max-width: 750px) 100vw, 750px\" \/><\/figure>\n<\/div>\n<\/div>\n<\/div>\n<\/div>","protected":false},"excerpt":{"rendered":"<p>Bienvenue \u00e0 la commande en gros de sachets d'emballage de snacks personnalis\u00e9s. Nos sachets barri\u00e8res sont id\u00e9aux pour les flocons d'avoine, les snacks, les aliments frits et les noix, et offrent un service d'impression personnalis\u00e9 pour la visibilit\u00e9 de la marque.<\/p>\n<table style=\"border-collapse: collapse; width: 312.77pt;\" border=\"0\" width=\"417\" cellspacing=\"0\" cellpadding=\"0\">\n<tbody>\n<tr style=\"height: 12.75pt;\">\n<td class=\"et2\" style=\"height: 12.75pt; width: 91.40pt;\" width=\"121\" height=\"17\">Fabricant<\/td>\n<td class=\"et2\" style=\"width: 222.00pt;\" width=\"296\">Stanley<\/td>\n<\/tr>\n<tr style=\"height: 12.75pt;\">\n<td class=\"et2\" style=\"height: 12.75pt; width: 91.40pt;\" width=\"121\" height=\"17\">Types de pochettes<\/td>\n<td class=\"et3\">Stand Up Pouch, Zipper Pouch<\/td>\n<\/tr>\n<tr style=\"height: 12.75pt;\">\n<td class=\"et2\" style=\"height: 12.75pt; width: 91.40pt;\" width=\"121\" height=\"17\">Mat\u00e9riau\u00a0<\/td>\n<td class=\"et2\" style=\"width: 222.00pt;\" width=\"296\">BOPP28\/VMPET12\/CPP30<\/td>\n<\/tr>\n<tr style=\"height: 25.50pt;\">\n<td class=\"et2\" style=\"height: 25.50pt; width: 91.40pt;\" width=\"121\" height=\"34\">Dossier sp\u00e9cial<\/td>\n<td class=\"et2\" style=\"width: 222.00pt;\" width=\"296\">Bas montant, fermeture \u00e0 glissi\u00e8re, encoche facile \u00e0 d\u00e9chirer<\/td>\n<\/tr>\n<tr style=\"height: 12.75pt;\">\n<td class=\"et2\" style=\"height: 12.75pt; width: 91.40pt;\" width=\"121\" height=\"17\">Manipulation de surface<\/td>\n<td class=\"et2\" style=\"width: 222.00pt;\" width=\"296\">Impression en h\u00e9liogravure<\/td>\n<\/tr>\n<tr style=\"height: 12.75pt;\">\n<td class=\"et2\" style=\"height: 12.75pt; width: 91.40pt;\" width=\"121\" height=\"17\">Couleur<\/td>\n<td class=\"et2\" style=\"width: 222.00pt;\" width=\"296\">Jusqu'\u00e0 10 couleurs<\/td>\n<\/tr>\n<tr style=\"height: 12.75pt;\">\n<td class=\"et2\" style=\"height: 12.75pt; width: 91.40pt;\" width=\"121\" height=\"17\">Utilisation<\/td>\n<td class=\"et3\"><span class=\"font1\">O<\/span><span class=\"font0\">atmeal, Snack, Friture, Noix<\/span><\/td>\n<\/tr>\n<tr style=\"height: 12.75pt;\">\n<td class=\"et2\" style=\"height: 12.75pt; width: 91.40pt;\" width=\"121\" height=\"17\">MOQ<\/td>\n<td class=\"et2\" style=\"width: 222.00pt;\" width=\"296\">50 000 pi\u00e8ces<\/td>\n<\/tr>\n<tr style=\"height: 12.75pt;\">\n<td class=\"et2\" style=\"height: 12.75pt; width: 91.40pt;\" width=\"121\" height=\"17\">Commande personnalis\u00e9e<\/td>\n<td class=\"et2\" style=\"width: 222.00pt;\" width=\"296\">Acceptation de l'OEM, prise en charge de l'\u00e9chantillonnage gratuit<\/td>\n<\/tr>\n<\/tbody>\n<\/table>\n<p>&nbsp;<\/p>","protected":false},"featured_media":2704,"comment_status":"closed","ping_status":"closed","template":"","meta":{"_acf_changed":false},"product_brand":[],"product_cat":[30,18],"product_tag":[],"class_list":{"0":"post-2703","1":"product","2":"type-product","3":"status-publish","4":"has-post-thumbnail","6":"product_cat-stand-up-pouch-manufacturer","7":"product_cat-zipper-pouch-manufacturer","8":"pa_food-packaging-snack-food-pouch","9":"pa_food-packaging-baby-food-packaging","11":"first","12":"instock","13":"shipping-taxable","14":"product-type-simple"},"acf":[],"_links":{"self":[{"href":"https:\/\/www.stanleypackage.com\/fr\/wp-json\/wp\/v2\/product\/2703","targetHints":{"allow":["GET"]}}],"collection":[{"href":"https:\/\/www.stanleypackage.com\/fr\/wp-json\/wp\/v2\/product"}],"about":[{"href":"https:\/\/www.stanleypackage.com\/fr\/wp-json\/wp\/v2\/types\/product"}],"replies":[{"embeddable":true,"href":"https:\/\/www.stanleypackage.com\/fr\/wp-json\/wp\/v2\/comments?post=2703"}],"wp:featuredmedia":[{"embeddable":true,"href":"https:\/\/www.stanleypackage.com\/fr\/wp-json\/wp\/v2\/media\/2704"}],"wp:attachment":[{"href":"https:\/\/www.stanleypackage.com\/fr\/wp-json\/wp\/v2\/media?parent=2703"}],"wp:term":[{"taxonomy":"product_brand","embeddable":true,"href":"https:\/\/www.stanleypackage.com\/fr\/wp-json\/wp\/v2\/product_brand?post=2703"},{"taxonomy":"product_cat","embeddable":true,"href":"https:\/\/www.stanleypackage.com\/fr\/wp-json\/wp\/v2\/product_cat?post=2703"},{"taxonomy":"product_tag","embeddable":true,"href":"https:\/\/www.stanleypackage.com\/fr\/wp-json\/wp\/v2\/product_tag?post=2703"}],"curies":[{"name":"wp","href":"https:\/\/api.w.org\/{rel}","templated":true}]}}