{"id":2724,"date":"2025-08-20T02:19:49","date_gmt":"2025-08-20T02:19:49","guid":{"rendered":"https:\/\/www.stanleypackage.com\/?post_type=product&#038;p=2724"},"modified":"2025-09-04T08:49:23","modified_gmt":"2025-09-04T08:49:23","slug":"custom-roll-stock-film","status":"publish","type":"product","link":"https:\/\/www.stanleypackage.com\/fr\/product\/custom-roll-stock-film\/","title":{"rendered":"Film en rouleau sur mesure, Film d'emballage pour lingettes humides en gros"},"content":{"rendered":"<div class=\"wp-block-columns is-layout-flex wp-container-core-columns-is-layout-9d6595d7 wp-block-columns-is-layout-flex\">\n<div class=\"wp-block-column is-layout-flow wp-block-column-is-layout-flow\">\n<h2 class=\"wp-block-heading\">Caract\u00e9ristiques du film en rouleau personnalis\u00e9<\/h2>\n\n\n\n<ul class=\"wp-block-list\">\n<li><strong>Emballage efficace de films en rouleaux, adapt\u00e9 aux lignes de production automatis\u00e9es :<\/strong> Ce film en rouleau personnalis\u00e9 convient aux \u00e9quipements d'emballage automatique \u00e0 grande vitesse, am\u00e9liorant l'efficacit\u00e9 de la production et permettant d'\u00e9conomiser du temps et de la main-d'\u0153uvre.<\/li>\n\n\n\n<li><strong>Soutenir la personnalisation de la marque pour r\u00e9pondre aux divers besoins en mati\u00e8re d'emballage :<\/strong> Les films d'emballage personnalis\u00e9s avec impression, motifs, capacit\u00e9 et sp\u00e9cifications des buses r\u00e9pondent aux besoins d'emballage uniques d'industries diversifi\u00e9es telles que les produits chimiques quotidiens, les cosm\u00e9tiques et les produits d'hygi\u00e8ne personnelle.<\/li>\n\n\n\n<li><strong>Structure thermoscell\u00e9e sur une seule face, forte \u00e9tanch\u00e9it\u00e9 : <\/strong>La conception thermoscellable d'une face de notre film en rouleau personnalis\u00e9 garantit l'\u00e9tanch\u00e9it\u00e9 de l'emballage, emp\u00eache le produit d'\u00eatre humide et de se d\u00e9t\u00e9riorer, et assure la s\u00e9curit\u00e9 du stockage et du transport.<\/li>\n\n\n\n<li><strong>Il prend en charge une vari\u00e9t\u00e9 de processus de surface afin d'am\u00e9liorer les effets visuels :<\/strong> Nos films d'emballage personnalis\u00e9s peuvent choisir des proc\u00e9d\u00e9s d'impression sp\u00e9ciaux tels que le mat, le brillant, la lumi\u00e8re locale UV, etc. pour am\u00e9liorer la stratification de l'emballage et la reconnaissance de la marque.<\/li>\n\n\n\n<li><strong>Convient \u00e0 une grande vari\u00e9t\u00e9 de produits : <\/strong>Notre film en rouleau peut \u00eatre personnalis\u00e9 avec des motifs d'impression et des sp\u00e9cifications selon les besoins du client. Il convient \u00e0 tous les produits de tailles et de formes diff\u00e9rentes.<\/li>\n<\/ul>\n\n\n\n<div class=\"wp-block-columns is-layout-flex wp-container-core-columns-is-layout-9d6595d7 wp-block-columns-is-layout-flex\">\n<div class=\"wp-block-column is-layout-flow wp-block-column-is-layout-flow\">\n<figure class=\"wp-block-image size-full\"><img decoding=\"async\" width=\"2079\" height=\"2035\" src=\"https:\/\/www.stanleypackage.com\/wp-content\/uploads\/2025\/08\/Custom-Printed-Roll-Stock-Film-Bulk-Wet-Wipes-Packaging-Film.webp\" alt=\"\" class=\"wp-image-2725\" srcset=\"https:\/\/www.stanleypackage.com\/wp-content\/uploads\/2025\/08\/Custom-Printed-Roll-Stock-Film-Bulk-Wet-Wipes-Packaging-Film.webp 2079w, https:\/\/www.stanleypackage.com\/wp-content\/uploads\/2025\/08\/Custom-Printed-Roll-Stock-Film-Bulk-Wet-Wipes-Packaging-Film-300x294.webp 300w, https:\/\/www.stanleypackage.com\/wp-content\/uploads\/2025\/08\/Custom-Printed-Roll-Stock-Film-Bulk-Wet-Wipes-Packaging-Film-768x752.webp 768w, https:\/\/www.stanleypackage.com\/wp-content\/uploads\/2025\/08\/Custom-Printed-Roll-Stock-Film-Bulk-Wet-Wipes-Packaging-Film-12x12.webp 12w, https:\/\/www.stanleypackage.com\/wp-content\/uploads\/2025\/08\/Custom-Printed-Roll-Stock-Film-Bulk-Wet-Wipes-Packaging-Film-1200x1175.webp 1200w, https:\/\/www.stanleypackage.com\/wp-content\/uploads\/2025\/08\/Custom-Printed-Roll-Stock-Film-Bulk-Wet-Wipes-Packaging-Film-600x587.webp 600w\" sizes=\"(max-width: 2079px) 100vw, 2079px\" \/><\/figure>\n<\/div>\n\n\n\n<div class=\"wp-block-column is-layout-flow wp-block-column-is-layout-flow\">\n<figure class=\"wp-block-image size-full\"><img decoding=\"async\" width=\"2079\" height=\"2035\" src=\"https:\/\/www.stanleypackage.com\/wp-content\/uploads\/2025\/08\/Custom-Printed-Roll-Stock-Film-Bulk-Wet-Wipes-Packaging-Film-2.webp\" alt=\"Film en rouleau sur mesure, Film d&#039;emballage en gros pour lingettes humides-5\" class=\"wp-image-2729\" srcset=\"https:\/\/www.stanleypackage.com\/wp-content\/uploads\/2025\/08\/Custom-Printed-Roll-Stock-Film-Bulk-Wet-Wipes-Packaging-Film-2.webp 2079w, https:\/\/www.stanleypackage.com\/wp-content\/uploads\/2025\/08\/Custom-Printed-Roll-Stock-Film-Bulk-Wet-Wipes-Packaging-Film-2-300x294.webp 300w, https:\/\/www.stanleypackage.com\/wp-content\/uploads\/2025\/08\/Custom-Printed-Roll-Stock-Film-Bulk-Wet-Wipes-Packaging-Film-2-768x752.webp 768w, https:\/\/www.stanleypackage.com\/wp-content\/uploads\/2025\/08\/Custom-Printed-Roll-Stock-Film-Bulk-Wet-Wipes-Packaging-Film-2-12x12.webp 12w, https:\/\/www.stanleypackage.com\/wp-content\/uploads\/2025\/08\/Custom-Printed-Roll-Stock-Film-Bulk-Wet-Wipes-Packaging-Film-2-1200x1175.webp 1200w, https:\/\/www.stanleypackage.com\/wp-content\/uploads\/2025\/08\/Custom-Printed-Roll-Stock-Film-Bulk-Wet-Wipes-Packaging-Film-2-600x587.webp 600w\" sizes=\"(max-width: 2079px) 100vw, 2079px\" \/><\/figure>\n<\/div>\n<\/div>\n<\/div>\n<\/div>","protected":false},"excerpt":{"rendered":"<p>Nous vous invitons \u00e0 acheter du film en rouleau personnalis\u00e9. Ce film d'emballage personnalis\u00e9 pour lingettes permet de personnaliser la marque afin de r\u00e9pondre \u00e0 divers besoins en mati\u00e8re d'emballage. Il supporte une vari\u00e9t\u00e9 d'effets sp\u00e9ciaux tels que mat, brillant, UV, etc.<\/p>\n<table style=\"border-collapse: collapse; width: 327.77pt;\" border=\"0\" width=\"437\" cellspacing=\"0\" cellpadding=\"0\">\n<tbody>\n<tr style=\"height: 12.75pt;\">\n<td class=\"et2\" style=\"height: 12.75pt; width: 91.40pt;\" width=\"121\" height=\"17\">Fabricant<\/td>\n<td class=\"et2\" style=\"width: 237.00pt;\" width=\"316\">Stanley<\/td>\n<\/tr>\n<tr style=\"height: 12.75pt;\">\n<td class=\"et2\" style=\"height: 12.75pt; width: 91.40pt;\" width=\"121\" height=\"17\">Types de pochettes<\/td>\n<td class=\"et3\">Film d'emballage pour pochettes<\/td>\n<\/tr>\n<tr style=\"height: 12.75pt;\">\n<td class=\"et2\" style=\"height: 12.75pt; width: 91.40pt;\" width=\"121\" height=\"17\">Mat\u00e9riau<\/td>\n<td class=\"et2\" style=\"width: 237.00pt;\" width=\"316\">PET12\/MBPE78<\/td>\n<\/tr>\n<tr style=\"height: 12.75pt;\">\n<td class=\"et2\" style=\"height: 12.75pt; width: 91.40pt;\" width=\"121\" height=\"17\">Dossier sp\u00e9cial<\/td>\n<td class=\"et2\" style=\"width: 237.00pt;\" width=\"316\">Emballage automatique<\/td>\n<\/tr>\n<tr style=\"height: 12.75pt;\">\n<td class=\"et2\" style=\"height: 12.75pt; width: 91.40pt;\" width=\"121\" height=\"17\">Manipulation de surface<\/td>\n<td class=\"et2\" style=\"width: 237.00pt;\" width=\"316\">Impression en h\u00e9liogravure<\/td>\n<\/tr>\n<tr style=\"height: 12.75pt;\">\n<td class=\"et2\" style=\"height: 12.75pt; width: 91.40pt;\" width=\"121\" height=\"17\">Couleur<\/td>\n<td class=\"et2\" style=\"width: 237.00pt;\" width=\"316\">Jusqu'\u00e0 10 couleurs<\/td>\n<\/tr>\n<tr style=\"height: 12.75pt;\">\n<td class=\"et2\" style=\"height: 12.75pt; width: 91.40pt;\" width=\"121\" height=\"17\">Utilisation<\/td>\n<td class=\"et3\">Lingettes humides, D\u00e9maquillants<\/td>\n<\/tr>\n<tr style=\"height: 12.75pt;\">\n<td class=\"et2\" style=\"height: 12.75pt; width: 91.40pt;\" width=\"121\" height=\"17\">MOQ<\/td>\n<td class=\"et2\" style=\"width: 237.00pt;\" width=\"316\">50 000 pi\u00e8ces<\/td>\n<\/tr>\n<tr style=\"height: 12.75pt;\">\n<td class=\"et2\" style=\"height: 12.75pt; width: 91.40pt;\" width=\"121\" height=\"17\">Commande personnalis\u00e9e<\/td>\n<td class=\"et2\" style=\"width: 237.00pt;\" width=\"316\">Acceptation de l'OEM , \u00c9chantillon gratuit<\/td>\n<\/tr>\n<\/tbody>\n<\/table>","protected":false},"featured_media":2726,"comment_status":"closed","ping_status":"closed","template":"","meta":{"_acf_changed":false},"product_brand":[],"product_cat":[26],"product_tag":[],"class_list":{"0":"post-2724","1":"product","2":"type-product","3":"status-publish","4":"has-post-thumbnail","6":"product_cat-packaging-film-manufacturer","7":"pa_non-food-packaging-wet-wipe-packaging","8":"pa_non-food-packaging-cosmetic-packaging-pouches","10":"first","11":"instock","12":"shipping-taxable","13":"product-type-simple"},"acf":[],"_links":{"self":[{"href":"https:\/\/www.stanleypackage.com\/fr\/wp-json\/wp\/v2\/product\/2724","targetHints":{"allow":["GET"]}}],"collection":[{"href":"https:\/\/www.stanleypackage.com\/fr\/wp-json\/wp\/v2\/product"}],"about":[{"href":"https:\/\/www.stanleypackage.com\/fr\/wp-json\/wp\/v2\/types\/product"}],"replies":[{"embeddable":true,"href":"https:\/\/www.stanleypackage.com\/fr\/wp-json\/wp\/v2\/comments?post=2724"}],"wp:featuredmedia":[{"embeddable":true,"href":"https:\/\/www.stanleypackage.com\/fr\/wp-json\/wp\/v2\/media\/2726"}],"wp:attachment":[{"href":"https:\/\/www.stanleypackage.com\/fr\/wp-json\/wp\/v2\/media?parent=2724"}],"wp:term":[{"taxonomy":"product_brand","embeddable":true,"href":"https:\/\/www.stanleypackage.com\/fr\/wp-json\/wp\/v2\/product_brand?post=2724"},{"taxonomy":"product_cat","embeddable":true,"href":"https:\/\/www.stanleypackage.com\/fr\/wp-json\/wp\/v2\/product_cat?post=2724"},{"taxonomy":"product_tag","embeddable":true,"href":"https:\/\/www.stanleypackage.com\/fr\/wp-json\/wp\/v2\/product_tag?post=2724"}],"curies":[{"name":"wp","href":"https:\/\/api.w.org\/{rel}","templated":true}]}}