{"id":2731,"date":"2025-08-20T01:43:45","date_gmt":"2025-08-20T01:43:45","guid":{"rendered":"https:\/\/www.stanleypackage.com\/?post_type=product&#038;p=2731"},"modified":"2025-08-20T02:01:55","modified_gmt":"2025-08-20T02:01:55","slug":"custom-cup-sealing-film","status":"publish","type":"product","link":"https:\/\/www.stanleypackage.com\/fr\/product\/custom-cup-sealing-film\/","title":{"rendered":"Film de scellage de gobelets sur mesure, film de fermeture de gobelets pour masques de boue de voyage"},"content":{"rendered":"<div class=\"wp-block-columns is-layout-flex wp-container-core-columns-is-layout-9d6595d7 wp-block-columns-is-layout-flex\">\n<div class=\"wp-block-column is-layout-flow wp-block-column-is-layout-flow\">\n<h2 class=\"wp-block-heading\">Caract\u00e9ristiques du film de scellage de gobelets sur mesure<\/h2>\n\n\n\n<ul class=\"wp-block-list\">\n<li><strong>Emballage efficace de films en rouleaux, adapt\u00e9 aux lignes de production automatis\u00e9es : <\/strong>Ce film de scellage de gobelets personnalis\u00e9 convient aux \u00e9quipements d'emballage automatique \u00e0 grande vitesse, am\u00e9liorant l'efficacit\u00e9 de la production et permettant d'\u00e9conomiser du temps et de la main-d'\u0153uvre.<\/li>\n\n\n\n<li><strong>Facile \u00e0 ouvrir, de taille compacte : <\/strong>Notre film imprim\u00e9 personnalis\u00e9 pour couvercle de gobelet \u00e0 boue est fabriqu\u00e9 dans un mat\u00e9riau sp\u00e9cial, facile \u00e0 ouvrir. Le produit fini est compact et pratique \u00e0 transporter.<\/li>\n\n\n\n<li><strong>Structure thermoscell\u00e9e sur une seule face, forte \u00e9tanch\u00e9it\u00e9 : <\/strong>La conception thermoscellable d'un c\u00f4t\u00e9 de notre film de scellage pour gobelets personnalis\u00e9 garantit que l'emballage est bien ajust\u00e9, emp\u00eache le produit d'\u00eatre humide et de se d\u00e9t\u00e9riorer, et assure la s\u00e9curit\u00e9 du stockage et du transport.<\/li>\n\n\n\n<li><strong>Il prend en charge une vari\u00e9t\u00e9 de processus de surface afin d'am\u00e9liorer les effets visuels :<\/strong> Nos films d'operculage personnalis\u00e9s peuvent choisir des proc\u00e9d\u00e9s d'impression sp\u00e9ciaux tels que le mat, le brillant, l'UV, la lumi\u00e8re locale, etc.<\/li>\n\n\n\n<li><strong>Convient \u00e0 une vari\u00e9t\u00e9 de tailles et de formes de produits, grande flexibilit\u00e9 : <\/strong>Notre film de scellage de gobelets peut \u00eatre personnalis\u00e9 avec des motifs d'impression et des sp\u00e9cifications selon les besoins du client. Il convient \u00e0 tous les produits de tailles et de formes diff\u00e9rentes.<\/li>\n<\/ul>\n\n\n\n<div class=\"wp-block-columns is-layout-flex wp-container-core-columns-is-layout-9d6595d7 wp-block-columns-is-layout-flex\">\n<div class=\"wp-block-column is-layout-flow wp-block-column-is-layout-flow\">\n<figure class=\"wp-block-image size-full\"><img decoding=\"async\" width=\"750\" height=\"750\" src=\"https:\/\/www.stanleypackage.com\/wp-content\/uploads\/2025\/08\/Customized-Printed-Cup-Lid-FilmTravel-Face-Mask-Packaging.webp\" alt=\"Film de scellage de gobelet personnalis\u00e9, Film de fermeture de gobelet de masque de boue de voyage-1\" class=\"wp-image-2732\" srcset=\"https:\/\/www.stanleypackage.com\/wp-content\/uploads\/2025\/08\/Customized-Printed-Cup-Lid-FilmTravel-Face-Mask-Packaging.webp 750w, https:\/\/www.stanleypackage.com\/wp-content\/uploads\/2025\/08\/Customized-Printed-Cup-Lid-FilmTravel-Face-Mask-Packaging-300x300.webp 300w, https:\/\/www.stanleypackage.com\/wp-content\/uploads\/2025\/08\/Customized-Printed-Cup-Lid-FilmTravel-Face-Mask-Packaging-150x150.webp 150w, https:\/\/www.stanleypackage.com\/wp-content\/uploads\/2025\/08\/Customized-Printed-Cup-Lid-FilmTravel-Face-Mask-Packaging-12x12.webp 12w, https:\/\/www.stanleypackage.com\/wp-content\/uploads\/2025\/08\/Customized-Printed-Cup-Lid-FilmTravel-Face-Mask-Packaging-600x600.webp 600w, https:\/\/www.stanleypackage.com\/wp-content\/uploads\/2025\/08\/Customized-Printed-Cup-Lid-FilmTravel-Face-Mask-Packaging-100x100.webp 100w\" sizes=\"(max-width: 750px) 100vw, 750px\" \/><\/figure>\n<\/div>\n\n\n\n<div class=\"wp-block-column is-layout-flow wp-block-column-is-layout-flow\">\n<figure class=\"wp-block-image size-full\"><img decoding=\"async\" width=\"750\" height=\"750\" src=\"https:\/\/www.stanleypackage.com\/wp-content\/uploads\/2025\/08\/Customized-Printed-Cup-Lid-FilmTravel-Face-Mask-Packaging-2.webp\" alt=\"\" class=\"wp-image-2733\" srcset=\"https:\/\/www.stanleypackage.com\/wp-content\/uploads\/2025\/08\/Customized-Printed-Cup-Lid-FilmTravel-Face-Mask-Packaging-2.webp 750w, https:\/\/www.stanleypackage.com\/wp-content\/uploads\/2025\/08\/Customized-Printed-Cup-Lid-FilmTravel-Face-Mask-Packaging-2-300x300.webp 300w, https:\/\/www.stanleypackage.com\/wp-content\/uploads\/2025\/08\/Customized-Printed-Cup-Lid-FilmTravel-Face-Mask-Packaging-2-150x150.webp 150w, https:\/\/www.stanleypackage.com\/wp-content\/uploads\/2025\/08\/Customized-Printed-Cup-Lid-FilmTravel-Face-Mask-Packaging-2-12x12.webp 12w, https:\/\/www.stanleypackage.com\/wp-content\/uploads\/2025\/08\/Customized-Printed-Cup-Lid-FilmTravel-Face-Mask-Packaging-2-600x600.webp 600w, https:\/\/www.stanleypackage.com\/wp-content\/uploads\/2025\/08\/Customized-Printed-Cup-Lid-FilmTravel-Face-Mask-Packaging-2-100x100.webp 100w\" sizes=\"(max-width: 750px) 100vw, 750px\" \/><\/figure>\n<\/div>\n<\/div>\n<\/div>\n<\/div>","protected":false},"excerpt":{"rendered":"<p>Bienvenue sur le march\u00e9 du film d'operculage personnalis\u00e9 pour gobelets. Ce film d'operculage de gobelet \u00e0 masque personnalis\u00e9 permet de personnaliser la marque afin de r\u00e9pondre \u00e0 divers besoins en mati\u00e8re d'emballage. Il permet une vari\u00e9t\u00e9 d'effets sp\u00e9ciaux tels que mat, brillant, UV, etc.<\/p>\n<table style=\"border-collapse: collapse; width: 327.77pt;\" border=\"0\" width=\"437\" cellspacing=\"0\" cellpadding=\"0\">\n<tbody>\n<tr style=\"height: 12.75pt;\">\n<td class=\"et2\" style=\"height: 12.75pt; width: 91.40pt;\" width=\"121\" height=\"17\">Fabricant<\/td>\n<td class=\"et2\" style=\"width: 237.00pt;\" width=\"316\">Stanley<\/td>\n<\/tr>\n<tr style=\"height: 12.75pt;\">\n<td class=\"et2\" style=\"height: 12.75pt; width: 91.40pt;\" width=\"121\" height=\"17\">Types de pochettes<\/td>\n<td class=\"et3\">film d'emballage pour sachets<\/td>\n<\/tr>\n<tr style=\"height: 12.75pt;\">\n<td class=\"et2\" style=\"height: 12.75pt; width: 91.40pt;\" width=\"121\" height=\"17\">Mat\u00e9riau<\/td>\n<td class=\"et2\" style=\"width: 237.00pt;\" width=\"316\">PET19\/AL7\/PET<span class=\"font1\">\u6dcb<\/span><span class=\"font0\">EVA75<\/span><\/td>\n<\/tr>\n<tr style=\"height: 12.75pt;\">\n<td class=\"et2\" style=\"height: 12.75pt; width: 91.40pt;\" width=\"121\" height=\"17\">Dossier sp\u00e9cial<\/td>\n<td class=\"et2\" style=\"width: 237.00pt;\" width=\"316\">Emballage automatique<\/td>\n<\/tr>\n<tr style=\"height: 12.75pt;\">\n<td class=\"et2\" style=\"height: 12.75pt; width: 91.40pt;\" width=\"121\" height=\"17\">Manipulation de surface<\/td>\n<td class=\"et2\" style=\"width: 237.00pt;\" width=\"316\">Impression en h\u00e9liogravure<\/td>\n<\/tr>\n<tr style=\"height: 12.75pt;\">\n<td class=\"et2\" style=\"height: 12.75pt; width: 91.40pt;\" width=\"121\" height=\"17\">Couleur<\/td>\n<td class=\"et2\" style=\"width: 237.00pt;\" width=\"316\">Jusqu'\u00e0 10 couleurs<\/td>\n<\/tr>\n<tr style=\"height: 12.75pt;\">\n<td class=\"et2\" style=\"height: 12.75pt; width: 91.40pt;\" width=\"121\" height=\"17\">Utilisation<\/td>\n<td class=\"et3\">Masque pour le visage, Cr\u00e8me pour les yeux, Cr\u00e8me solaire<\/td>\n<\/tr>\n<tr style=\"height: 12.75pt;\">\n<td class=\"et2\" style=\"height: 12.75pt; width: 91.40pt;\" width=\"121\" height=\"17\">MOQ<\/td>\n<td class=\"et2\" style=\"width: 237.00pt;\" width=\"316\">50 000 pi\u00e8ces<\/td>\n<\/tr>\n<tr style=\"height: 12.75pt;\">\n<td class=\"et2\" style=\"height: 12.75pt; width: 91.40pt;\" width=\"121\" height=\"17\">Commande personnalis\u00e9e<\/td>\n<td class=\"et2\" style=\"width: 237.00pt;\" width=\"316\">Acceptation de l'OEM , \u00c9chantillon gratuit<\/td>\n<\/tr>\n<\/tbody>\n<\/table>","protected":false},"featured_media":2736,"comment_status":"closed","ping_status":"closed","template":"","meta":{"_acf_changed":false},"product_brand":[],"product_cat":[26,25],"product_tag":[],"class_list":{"0":"post-2731","1":"product","2":"type-product","3":"status-publish","4":"has-post-thumbnail","6":"product_cat-packaging-film-manufacturer","7":"product_cat-lidding-film-manufacturer","8":"pa_non-food-packaging-cosmetic-packaging-pouches","9":"pa_non-food-packaging-hotel-supplies-packaging","11":"first","12":"instock","13":"shipping-taxable","14":"product-type-simple"},"acf":[],"_links":{"self":[{"href":"https:\/\/www.stanleypackage.com\/fr\/wp-json\/wp\/v2\/product\/2731","targetHints":{"allow":["GET"]}}],"collection":[{"href":"https:\/\/www.stanleypackage.com\/fr\/wp-json\/wp\/v2\/product"}],"about":[{"href":"https:\/\/www.stanleypackage.com\/fr\/wp-json\/wp\/v2\/types\/product"}],"replies":[{"embeddable":true,"href":"https:\/\/www.stanleypackage.com\/fr\/wp-json\/wp\/v2\/comments?post=2731"}],"wp:featuredmedia":[{"embeddable":true,"href":"https:\/\/www.stanleypackage.com\/fr\/wp-json\/wp\/v2\/media\/2736"}],"wp:attachment":[{"href":"https:\/\/www.stanleypackage.com\/fr\/wp-json\/wp\/v2\/media?parent=2731"}],"wp:term":[{"taxonomy":"product_brand","embeddable":true,"href":"https:\/\/www.stanleypackage.com\/fr\/wp-json\/wp\/v2\/product_brand?post=2731"},{"taxonomy":"product_cat","embeddable":true,"href":"https:\/\/www.stanleypackage.com\/fr\/wp-json\/wp\/v2\/product_cat?post=2731"},{"taxonomy":"product_tag","embeddable":true,"href":"https:\/\/www.stanleypackage.com\/fr\/wp-json\/wp\/v2\/product_tag?post=2731"}],"curies":[{"name":"wp","href":"https:\/\/api.w.org\/{rel}","templated":true}]}}