{"id":2745,"date":"2025-09-04T08:47:07","date_gmt":"2025-09-04T08:47:07","guid":{"rendered":"https:\/\/www.stanleypackage.com\/?post_type=product&#038;p=2745"},"modified":"2025-09-04T08:47:38","modified_gmt":"2025-09-04T08:47:38","slug":"custom-wet-wipe-packaging","status":"publish","type":"product","link":"https:\/\/www.stanleypackage.com\/fr\/product\/custom-wet-wipe-packaging\/","title":{"rendered":"Emballage personnalis\u00e9 pour lingettes humides, pochette \u00e0 soufflet lat\u00e9ral pour lingettes humides"},"content":{"rendered":"<div class=\"wp-block-columns is-layout-flex wp-container-core-columns-is-layout-9d6595d7 wp-block-columns-is-layout-flex\">\n<div class=\"wp-block-column is-layout-flow wp-block-column-is-layout-flow\">\n<h2 class=\"wp-block-heading\">Caract\u00e9ristiques de l'emballage personnalis\u00e9 pour lingettes humides<\/h2>\n\n\n\n<ul class=\"wp-block-list\">\n<li><strong>Structure mat\u00e9rielle de haute qualit\u00e9 : <\/strong>Cet emballage personnalis\u00e9 pour lingettes humides adopte une structure composite PET12\/MBPE78, avec une bonne barri\u00e8re, une bonne r\u00e9sistance \u00e0 l'humidit\u00e9 et une bonne r\u00e9sistance \u00e0 la perforation, afin de garantir que l'humidit\u00e9 des lingettes humides ne s'\u00e9vapore pas.<\/li>\n\n\n\n<li><strong>Conception du joint arri\u00e8re : <\/strong>La structure du joint arri\u00e8re de ces emballages personnalis\u00e9s pour lingettes humides est belle et nette, adapt\u00e9e aux machines d'emballage automatiques, pratique pour la production de masse et am\u00e9liorant l'efficacit\u00e9 de l'emballage.<\/li>\n\n\n\n<li><strong>\u00c9quip\u00e9 d'une ouverture pour les lingettes humides : <\/strong>Nos emballages personnalis\u00e9s pour lingettes humides sont \u00e9quip\u00e9s d'une ouverture pour une extraction pratique et pr\u00e9cise, \u00e9vitant ainsi le gaspillage.<\/li>\n\n\n\n<li><strong>Impression en h\u00e9liogravure double face : <\/strong>Nos emballages souples personnalis\u00e9s pour lingettes humides permettent une impression couleur double face exquise, avec des motifs clairs et complets, am\u00e9liorant l'image de marque et l'attrait en rayon.<\/li>\n\n\n\n<li><strong>Divers services personnalis\u00e9s : <\/strong>La taille, le motif d'impression, le type de poche et la structure fonctionnelle peuvent \u00eatre personnalis\u00e9s en fonction des besoins du client afin de r\u00e9pondre aux besoins d'emballage de divers produits.<\/li>\n<\/ul>\n\n\n\n<div class=\"wp-block-columns is-layout-flex wp-container-core-columns-is-layout-9d6595d7 wp-block-columns-is-layout-flex\">\n<div class=\"wp-block-column is-layout-flow wp-block-column-is-layout-flow\">\n<figure class=\"wp-block-image size-full\"><img decoding=\"async\" width=\"750\" height=\"750\" src=\"https:\/\/www.stanleypackage.com\/wp-content\/uploads\/2025\/08\/Custom-Back-Seal-Flexible-Packaging-for-Wet-Wipes-2.webp\" alt=\"\" class=\"wp-image-2746\" srcset=\"https:\/\/www.stanleypackage.com\/wp-content\/uploads\/2025\/08\/Custom-Back-Seal-Flexible-Packaging-for-Wet-Wipes-2.webp 750w, https:\/\/www.stanleypackage.com\/wp-content\/uploads\/2025\/08\/Custom-Back-Seal-Flexible-Packaging-for-Wet-Wipes-2-300x300.webp 300w, https:\/\/www.stanleypackage.com\/wp-content\/uploads\/2025\/08\/Custom-Back-Seal-Flexible-Packaging-for-Wet-Wipes-2-150x150.webp 150w, https:\/\/www.stanleypackage.com\/wp-content\/uploads\/2025\/08\/Custom-Back-Seal-Flexible-Packaging-for-Wet-Wipes-2-12x12.webp 12w, https:\/\/www.stanleypackage.com\/wp-content\/uploads\/2025\/08\/Custom-Back-Seal-Flexible-Packaging-for-Wet-Wipes-2-600x600.webp 600w, https:\/\/www.stanleypackage.com\/wp-content\/uploads\/2025\/08\/Custom-Back-Seal-Flexible-Packaging-for-Wet-Wipes-2-100x100.webp 100w\" sizes=\"(max-width: 750px) 100vw, 750px\" \/><\/figure>\n<\/div>\n\n\n\n<div class=\"wp-block-column is-layout-flow wp-block-column-is-layout-flow\">\n<figure class=\"wp-block-image size-full\"><img decoding=\"async\" width=\"632\" height=\"635\" src=\"https:\/\/www.stanleypackage.com\/wp-content\/uploads\/2025\/08\/Custom-Back-Seal-Flexible-Packaging-for-Wet-Wipes-3.webp\" alt=\"\" class=\"wp-image-2747\" srcset=\"https:\/\/www.stanleypackage.com\/wp-content\/uploads\/2025\/08\/Custom-Back-Seal-Flexible-Packaging-for-Wet-Wipes-3.webp 632w, https:\/\/www.stanleypackage.com\/wp-content\/uploads\/2025\/08\/Custom-Back-Seal-Flexible-Packaging-for-Wet-Wipes-3-300x300.webp 300w, https:\/\/www.stanleypackage.com\/wp-content\/uploads\/2025\/08\/Custom-Back-Seal-Flexible-Packaging-for-Wet-Wipes-3-150x150.webp 150w, https:\/\/www.stanleypackage.com\/wp-content\/uploads\/2025\/08\/Custom-Back-Seal-Flexible-Packaging-for-Wet-Wipes-3-12x12.webp 12w, https:\/\/www.stanleypackage.com\/wp-content\/uploads\/2025\/08\/Custom-Back-Seal-Flexible-Packaging-for-Wet-Wipes-3-600x603.webp 600w, https:\/\/www.stanleypackage.com\/wp-content\/uploads\/2025\/08\/Custom-Back-Seal-Flexible-Packaging-for-Wet-Wipes-3-100x100.webp 100w\" sizes=\"(max-width: 632px) 100vw, 632px\" \/><\/figure>\n<\/div>\n<\/div>\n<\/div>\n<\/div>","protected":false},"excerpt":{"rendered":"<p>Nous vous invitons \u00e0 commander des emballages de lingettes humides personnalis\u00e9s. Notre pochette d'emballage pour lingettes humides \u00e0 soufflet lat\u00e9ral pr\u00e9sente une bonne capacit\u00e9 de scellage et d'impression, est \u00e9quip\u00e9e d'une ouverture pour lingettes humides, est facile \u00e0 ouvrir et convient aux lignes d'emballage automatis\u00e9es.<\/p>\n<table style=\"border-collapse: collapse; width: 365.02pt;\" border=\"0\" width=\"365\" cellspacing=\"0\" cellpadding=\"0\">\n<tbody>\n<tr style=\"height: 16.00pt;\">\n<td class=\"et2\" style=\"height: 16.00pt; width: 97.50pt;\" width=\"97\" height=\"16\">Fabricant<\/td>\n<td class=\"et2\" style=\"width: 267.50pt;\" width=\"267\">Stanley<\/td>\n<\/tr>\n<tr style=\"height: 16.00pt;\">\n<td class=\"et2\" style=\"height: 16.00pt; width: 97.50pt;\" width=\"97\" height=\"16\">Types de pochettes<\/td>\n<td class=\"et2\" style=\"width: 267.50pt;\" width=\"267\">Pochette d'\u00e9tanch\u00e9it\u00e9 arri\u00e8re,\u00a0<\/td>\n<\/tr>\n<tr style=\"height: 16.00pt;\">\n<td class=\"et2\" style=\"height: 16.00pt; width: 97.50pt;\" width=\"97\" height=\"16\">Mat\u00e9riau<\/td>\n<td class=\"et2\" style=\"width: 267.50pt;\" width=\"267\">PET12\/MBPE78<\/td>\n<\/tr>\n<tr style=\"height: 16.00pt;\">\n<td class=\"et2\" style=\"height: 16.00pt; width: 97.50pt;\" width=\"97\" height=\"16\">Dossier sp\u00e9cial<\/td>\n<td class=\"et2\" style=\"width: 267.50pt;\" width=\"267\">Encoche de d\u00e9chirure, remplissage par le haut<\/td>\n<\/tr>\n<tr style=\"height: 16.00pt;\">\n<td class=\"et2\" style=\"height: 16.00pt; width: 97.50pt;\" width=\"97\" height=\"16\">Manipulation de surface<\/td>\n<td class=\"et2\" style=\"width: 267.50pt;\" width=\"267\">Impression en h\u00e9liogravure<\/td>\n<\/tr>\n<tr style=\"height: 16.00pt;\">\n<td class=\"et2\" style=\"height: 16.00pt; width: 97.50pt;\" width=\"97\" height=\"16\">Couleur<\/td>\n<td class=\"et2\" style=\"width: 267.50pt;\" width=\"267\">Impression double face, jusqu'\u00e0 10 couleurs<\/td>\n<\/tr>\n<tr style=\"height: 16.00pt;\">\n<td class=\"et2\" style=\"height: 16.00pt; width: 97.50pt;\" width=\"97\" height=\"16\">Utilisation<\/td>\n<td class=\"et2\" style=\"width: 267.50pt;\" width=\"267\">lingettes humides, tissure<\/td>\n<\/tr>\n<tr style=\"height: 16.00pt;\">\n<td class=\"et2\" style=\"height: 16.00pt; width: 97.50pt;\" width=\"97\" height=\"16\">MOQ<\/td>\n<td class=\"et2\" style=\"width: 267.50pt;\" width=\"267\">50 000 pi\u00e8ces<\/td>\n<\/tr>\n<tr style=\"height: 16.00pt;\">\n<td class=\"et2\" style=\"height: 16.00pt; width: 97.50pt;\" width=\"97\" height=\"16\">Commande personnalis\u00e9e<\/td>\n<td class=\"et2\" style=\"width: 267.50pt;\" width=\"267\">Acceptation de l'OEM et de l'ODM, prise en charge de l'\u00e9chantillonnage gratuit<\/td>\n<\/tr>\n<\/tbody>\n<\/table>\n<p>&nbsp;<\/p>","protected":false},"featured_media":2750,"comment_status":"closed","ping_status":"closed","template":"","meta":{"_acf_changed":false},"product_brand":[],"product_cat":[59,31,17],"product_tag":[],"class_list":{"0":"post-2745","1":"product","2":"type-product","3":"status-publish","4":"has-post-thumbnail","6":"product_cat-pillow-pouch-manufacturer","7":"product_cat-lay-flat-pouch-manufacturer","8":"product_cat-gusset-bag-manufacturer","9":"pa_non-food-packaging-wet-wipe-packaging","10":"pa_non-food-packaging-cosmetic-packaging-pouches","12":"first","13":"instock","14":"shipping-taxable","15":"product-type-simple"},"acf":[],"_links":{"self":[{"href":"https:\/\/www.stanleypackage.com\/fr\/wp-json\/wp\/v2\/product\/2745","targetHints":{"allow":["GET"]}}],"collection":[{"href":"https:\/\/www.stanleypackage.com\/fr\/wp-json\/wp\/v2\/product"}],"about":[{"href":"https:\/\/www.stanleypackage.com\/fr\/wp-json\/wp\/v2\/types\/product"}],"replies":[{"embeddable":true,"href":"https:\/\/www.stanleypackage.com\/fr\/wp-json\/wp\/v2\/comments?post=2745"}],"wp:featuredmedia":[{"embeddable":true,"href":"https:\/\/www.stanleypackage.com\/fr\/wp-json\/wp\/v2\/media\/2750"}],"wp:attachment":[{"href":"https:\/\/www.stanleypackage.com\/fr\/wp-json\/wp\/v2\/media?parent=2745"}],"wp:term":[{"taxonomy":"product_brand","embeddable":true,"href":"https:\/\/www.stanleypackage.com\/fr\/wp-json\/wp\/v2\/product_brand?post=2745"},{"taxonomy":"product_cat","embeddable":true,"href":"https:\/\/www.stanleypackage.com\/fr\/wp-json\/wp\/v2\/product_cat?post=2745"},{"taxonomy":"product_tag","embeddable":true,"href":"https:\/\/www.stanleypackage.com\/fr\/wp-json\/wp\/v2\/product_tag?post=2745"}],"curies":[{"name":"wp","href":"https:\/\/api.w.org\/{rel}","templated":true}]}}