{"id":2760,"date":"2025-09-04T08:12:27","date_gmt":"2025-09-04T08:12:27","guid":{"rendered":"https:\/\/www.stanleypackage.com\/?post_type=product&#038;p=2760"},"modified":"2025-09-04T08:12:33","modified_gmt":"2025-09-04T08:12:33","slug":"customized-spout-pouches","status":"publish","type":"product","link":"https:\/\/www.stanleypackage.com\/fr\/product\/customized-spout-pouches\/","title":{"rendered":"Pochettes \u00e0 bec personnalis\u00e9es en gros pour les produits de soins personnels"},"content":{"rendered":"<div class=\"wp-block-columns is-layout-flex wp-container-core-columns-is-layout-9d6595d7 wp-block-columns-is-layout-flex\">\n<div class=\"wp-block-column is-layout-flow wp-block-column-is-layout-flow\">\n<h2 class=\"wp-block-heading\">Caract\u00e9ristiques des pochettes \u00e0 bec personnalis\u00e9es<\/h2>\n\n\n\n<ul class=\"wp-block-list\">\n<li><strong>Mat\u00e9riau composite durable et respectueux de l'environnement :<\/strong> Ces pochettes \u00e0 bec personnalis\u00e9es adoptent le mat\u00e9riau composite \u00e0 trois couches Matte MOPP25\/AL7\/PET12\/PE70, qui est r\u00e9sistant \u00e0 l'humidit\u00e9, \u00e0 la lumi\u00e8re et durable, prot\u00e9geant efficacement le liquide interne de l'environnement externe.<\/li>\n\n\n\n<li><strong>La conception de la buse est pratique \u00e0 utiliser : <\/strong>Le design de la buse de ce sachet personnalis\u00e9 \u00e0 bec verseur permet un contr\u00f4le pr\u00e9cis de la quantit\u00e9 utilis\u00e9e \u00e0 chaque fois, ce qui \u00e9vite le gaspillage et est plus hygi\u00e9nique.<\/li>\n\n\n\n<li><strong>La conception du sac sur pied permet d'\u00e9conomiser de l'espace : <\/strong>Ces pochettes \u00e0 bec personnalis\u00e9es sont faciles \u00e0 pr\u00e9senter, \u00e0 ranger et \u00e0 transporter, et conviennent particuli\u00e8rement aux voyages et \u00e0 la vente au d\u00e9tail.<\/li>\n\n\n\n<li><strong>Un service personnalis\u00e9 pour r\u00e9pondre aux besoins :<\/strong> Nous fournissons une vari\u00e9t\u00e9 d'options de personnalisation pour les sachets \u00e0 bec verseur et pouvons concevoir diff\u00e9rentes formes, tailles et motifs d'impression selon les besoins du client afin d'am\u00e9liorer la personnalisation de la marque et la comp\u00e9titivit\u00e9 du march\u00e9.<\/li>\n\n\n\n<li><strong>Convient \u00e0 une vari\u00e9t\u00e9 de produits d'entretien liquides :<\/strong> Nos sachets \u00e0 becs personnalis\u00e9s conviennent aux besoins d'emballage des produits de voyage, d'h\u00f4tellerie et de soins quotidiens.<\/li>\n<\/ul>\n\n\n\n<div class=\"wp-block-columns is-layout-flex wp-container-core-columns-is-layout-9d6595d7 wp-block-columns-is-layout-flex\">\n<div class=\"wp-block-column is-layout-flow wp-block-column-is-layout-flow\">\n<figure class=\"wp-block-image size-full\"><img decoding=\"async\" width=\"750\" height=\"750\" src=\"https:\/\/www.stanleypackage.com\/wp-content\/uploads\/2025\/08\/Customized-Stand-Up-Pouches-with-Spout-Travel-Personal-Care-Packaging-2.jpg\" alt=\"\" class=\"wp-image-2761\" srcset=\"https:\/\/www.stanleypackage.com\/wp-content\/uploads\/2025\/08\/Customized-Stand-Up-Pouches-with-Spout-Travel-Personal-Care-Packaging-2.jpg 750w, https:\/\/www.stanleypackage.com\/wp-content\/uploads\/2025\/08\/Customized-Stand-Up-Pouches-with-Spout-Travel-Personal-Care-Packaging-2-300x300.jpg 300w, https:\/\/www.stanleypackage.com\/wp-content\/uploads\/2025\/08\/Customized-Stand-Up-Pouches-with-Spout-Travel-Personal-Care-Packaging-2-150x150.jpg 150w, https:\/\/www.stanleypackage.com\/wp-content\/uploads\/2025\/08\/Customized-Stand-Up-Pouches-with-Spout-Travel-Personal-Care-Packaging-2-12x12.jpg 12w, https:\/\/www.stanleypackage.com\/wp-content\/uploads\/2025\/08\/Customized-Stand-Up-Pouches-with-Spout-Travel-Personal-Care-Packaging-2-600x600.jpg 600w, https:\/\/www.stanleypackage.com\/wp-content\/uploads\/2025\/08\/Customized-Stand-Up-Pouches-with-Spout-Travel-Personal-Care-Packaging-2-100x100.jpg 100w\" sizes=\"(max-width: 750px) 100vw, 750px\" \/><\/figure>\n<\/div>\n\n\n\n<div class=\"wp-block-column is-layout-flow wp-block-column-is-layout-flow\">\n<figure class=\"wp-block-image size-full\"><img decoding=\"async\" width=\"3024\" height=\"2664\" src=\"https:\/\/www.stanleypackage.com\/wp-content\/uploads\/2025\/08\/Customized-Stand-Up-Pouches-with-Spout-Travel-Personal-Care-Packaging-5.jpg\" alt=\"\" class=\"wp-image-2766\" srcset=\"https:\/\/www.stanleypackage.com\/wp-content\/uploads\/2025\/08\/Customized-Stand-Up-Pouches-with-Spout-Travel-Personal-Care-Packaging-5.jpg 3024w, https:\/\/www.stanleypackage.com\/wp-content\/uploads\/2025\/08\/Customized-Stand-Up-Pouches-with-Spout-Travel-Personal-Care-Packaging-5-300x264.jpg 300w, https:\/\/www.stanleypackage.com\/wp-content\/uploads\/2025\/08\/Customized-Stand-Up-Pouches-with-Spout-Travel-Personal-Care-Packaging-5-768x677.jpg 768w, https:\/\/www.stanleypackage.com\/wp-content\/uploads\/2025\/08\/Customized-Stand-Up-Pouches-with-Spout-Travel-Personal-Care-Packaging-5-14x12.jpg 14w, https:\/\/www.stanleypackage.com\/wp-content\/uploads\/2025\/08\/Customized-Stand-Up-Pouches-with-Spout-Travel-Personal-Care-Packaging-5-1200x1057.jpg 1200w, https:\/\/www.stanleypackage.com\/wp-content\/uploads\/2025\/08\/Customized-Stand-Up-Pouches-with-Spout-Travel-Personal-Care-Packaging-5-600x529.jpg 600w\" sizes=\"(max-width: 3024px) 100vw, 3024px\" \/><\/figure>\n<\/div>\n<\/div>\n<\/div>\n<\/div>","protected":false},"excerpt":{"rendered":"<p>Nous vous invitons \u00e0 acheter en gros des pochettes \u00e0 bec personnalis\u00e9es. Cette pochette \u00e0 bec est con\u00e7ue pour le shampooing, le gel douche, l'apr\u00e8s-shampooing et d'autres produits de soins personnels en format de voyage. Elle est pratique \u00e0 utiliser et facile \u00e0 transporter.<\/p>\n<table style=\"border-collapse: collapse; width: 334.02pt;\" border=\"0\" width=\"334\" cellspacing=\"0\" cellpadding=\"0\">\n<tbody>\n<tr style=\"height: 16.00pt;\">\n<td class=\"et2\" style=\"height: 16.00pt; width: 97.50pt;\" width=\"97\" height=\"16\">Fabricant<\/td>\n<td class=\"et2\" style=\"width: 236.80pt;\" width=\"236\">Stanley<\/td>\n<\/tr>\n<tr style=\"height: 16.00pt;\">\n<td class=\"et2\" style=\"height: 16.00pt; width: 97.50pt;\" width=\"97\" height=\"16\">Types de pochettes<\/td>\n<td class=\"et3\">Pochette \u00e0 bec, pochette \u00e0 hauteur d'homme<\/td>\n<\/tr>\n<tr style=\"height: 16.00pt;\">\n<td class=\"et2\" style=\"height: 16.00pt; width: 97.50pt;\" width=\"97\" height=\"16\">Mat\u00e9riau<\/td>\n<td class=\"et2\" style=\"width: 236.80pt;\" width=\"236\">MOPP25\/AL7\/PET12\/PE70<\/td>\n<\/tr>\n<tr style=\"height: 16.00pt;\">\n<td class=\"et2\" style=\"height: 16.00pt; width: 97.50pt;\" width=\"97\" height=\"16\">Dossier sp\u00e9cial<\/td>\n<td class=\"et2\" style=\"width: 236.80pt;\" width=\"236\">Bec, fond debout<\/td>\n<\/tr>\n<tr style=\"height: 16.00pt;\">\n<td class=\"et2\" style=\"height: 16.00pt; width: 97.50pt;\" width=\"97\" height=\"16\">Manipulation de surface<\/td>\n<td class=\"et2\" style=\"width: 236.80pt;\" width=\"236\">Impression en h\u00e9liogravure<\/td>\n<\/tr>\n<tr style=\"height: 16.00pt;\">\n<td class=\"et2\" style=\"height: 16.00pt; width: 97.50pt;\" width=\"97\" height=\"16\">Couleur<\/td>\n<td class=\"et2\" style=\"width: 236.80pt;\" width=\"236\">Jusqu'\u00e0 10 couleurs<\/td>\n<\/tr>\n<tr style=\"height: 16.00pt;\">\n<td class=\"et2\" style=\"height: 16.00pt; width: 97.50pt;\" width=\"97\" height=\"16\">Utilisation<\/td>\n<td>Shampooing, gel douche, cr\u00e8me et autres produits de soins personnels<\/td>\n<\/tr>\n<tr style=\"height: 16.00pt;\">\n<td class=\"et2\" style=\"height: 16.00pt; width: 97.50pt;\" width=\"97\" height=\"16\">MOQ<\/td>\n<td class=\"et2\" style=\"width: 236.80pt;\" width=\"236\">50 000 pi\u00e8ces<\/td>\n<\/tr>\n<tr style=\"height: 16.00pt;\">\n<td class=\"et2\" style=\"height: 16.00pt; width: 97.50pt;\" width=\"97\" height=\"16\">Commande personnalis\u00e9e<\/td>\n<td class=\"et2\" style=\"width: 236.80pt;\" width=\"236\">Acceptation de l'OEM, prise en charge de l'\u00e9chantillonnage gratuit<\/td>\n<\/tr>\n<\/tbody>\n<\/table>\n<p>&nbsp;<\/p>","protected":false},"featured_media":2763,"comment_status":"closed","ping_status":"closed","template":"","meta":{"_acf_changed":false},"product_brand":[],"product_cat":[32,30],"product_tag":[],"class_list":{"0":"post-2760","1":"product","2":"type-product","3":"status-publish","4":"has-post-thumbnail","6":"product_cat-spout-pouch-manufacturer","7":"product_cat-stand-up-pouch-manufacturer","8":"pa_non-food-packaging-cosmetic-packaging-pouches","9":"pa_non-food-packaging-soap-detergent-pouches","10":"pa_non-food-packaging-hotel-supplies-packaging","12":"first","13":"instock","14":"shipping-taxable","15":"product-type-simple"},"acf":[],"_links":{"self":[{"href":"https:\/\/www.stanleypackage.com\/fr\/wp-json\/wp\/v2\/product\/2760","targetHints":{"allow":["GET"]}}],"collection":[{"href":"https:\/\/www.stanleypackage.com\/fr\/wp-json\/wp\/v2\/product"}],"about":[{"href":"https:\/\/www.stanleypackage.com\/fr\/wp-json\/wp\/v2\/types\/product"}],"replies":[{"embeddable":true,"href":"https:\/\/www.stanleypackage.com\/fr\/wp-json\/wp\/v2\/comments?post=2760"}],"wp:featuredmedia":[{"embeddable":true,"href":"https:\/\/www.stanleypackage.com\/fr\/wp-json\/wp\/v2\/media\/2763"}],"wp:attachment":[{"href":"https:\/\/www.stanleypackage.com\/fr\/wp-json\/wp\/v2\/media?parent=2760"}],"wp:term":[{"taxonomy":"product_brand","embeddable":true,"href":"https:\/\/www.stanleypackage.com\/fr\/wp-json\/wp\/v2\/product_brand?post=2760"},{"taxonomy":"product_cat","embeddable":true,"href":"https:\/\/www.stanleypackage.com\/fr\/wp-json\/wp\/v2\/product_cat?post=2760"},{"taxonomy":"product_tag","embeddable":true,"href":"https:\/\/www.stanleypackage.com\/fr\/wp-json\/wp\/v2\/product_tag?post=2760"}],"curies":[{"name":"wp","href":"https:\/\/api.w.org\/{rel}","templated":true}]}}