{"id":2777,"date":"2025-08-27T08:29:02","date_gmt":"2025-08-27T08:29:02","guid":{"rendered":"https:\/\/www.stanleypackage.com\/?post_type=product&#038;p=2777"},"modified":"2025-09-06T01:53:39","modified_gmt":"2025-09-06T01:53:39","slug":"wholesale-beverage-pouches","status":"publish","type":"product","link":"https:\/\/www.stanleypackage.com\/fr\/product\/wholesale-beverage-pouches\/","title":{"rendered":"Pochettes \u00e0 boissons en gros, pochettes \u00e0 boissons refermables personnalis\u00e9es"},"content":{"rendered":"<div class=\"wp-block-columns is-layout-flex wp-container-core-columns-is-layout-9d6595d7 wp-block-columns-is-layout-flex\">\n<div class=\"wp-block-column is-layout-flow wp-block-column-is-layout-flow\">\n<h2 class=\"wp-block-heading\">Caract\u00e9ristiques des poches \u00e0 boissons en gros<\/h2>\n\n\n\n<ul class=\"wp-block-list\">\n<li><strong>Construction en composite de haute qualit\u00e9 : <\/strong>Nos sachets de boissons en gros utilisent un mat\u00e9riau multicouche compos\u00e9 de PET12, AL7, BOPA15 et Retort CPP100, offrant d'excellentes propri\u00e9t\u00e9s de barri\u00e8re et de r\u00e9sistance \u00e0 l'autoclave, pr\u00e9servant efficacement la fra\u00eecheur des boissons et prolongeant leur dur\u00e9e de conservation.<\/li>\n\n\n\n<li><strong>Transparent Conception du sac : <\/strong>Ces sachets personnalis\u00e9s sont fabriqu\u00e9s dans un mat\u00e9riau transparent qui met clairement en \u00e9vidence la couleur et la texture de la boisson, ce qui renforce l'attrait du produit et accro\u00eet le d\u00e9sir d'achat du consommateur.<\/li>\n\n\n\n<li><strong>Caract\u00e9ristiques pratiques : <\/strong>Ces pochettes pour boissons en gros sont dot\u00e9es d'un trou pour la poign\u00e9e, d'une fermeture \u00e9clair refermable et d'une paille pour faciliter le transport, l'ouverture, la fermeture et la consommation, am\u00e9liorant ainsi l'exp\u00e9rience de l'utilisateur. <\/li>\n\n\n\n<li><strong>Large \u00e9ventail d'applications : <\/strong>Nos sachets personnalis\u00e9s conviennent \u00e0 l'emballage d'une grande vari\u00e9t\u00e9 de boissons, y compris l'alcool, les jus et les boissons non alcoolis\u00e9es. Ils peuvent \u00eatre utilis\u00e9s pour la vente au d\u00e9tail ou en vrac dans les supermarch\u00e9s, les restaurants et lors d'\u00e9v\u00e9nements.<\/li>\n\n\n\n<li><strong>Personnalisation en vrac : <\/strong>Nous offrons une vari\u00e9t\u00e9 de tailles et de services d'impression personnalis\u00e9s pour les sachets de boissons en gros, r\u00e9pondant aux besoins de diff\u00e9renciation des marques et aidant les clients \u00e0 am\u00e9liorer leur image de marque et leur comp\u00e9titivit\u00e9 sur le march\u00e9.<\/li>\n<\/ul>\n\n\n\n<div class=\"wp-block-columns is-layout-flex wp-container-core-columns-is-layout-9d6595d7 wp-block-columns-is-layout-flex\">\n<div class=\"wp-block-column is-layout-flow wp-block-column-is-layout-flow\">\n<figure class=\"wp-block-image size-full\"><img decoding=\"async\" width=\"2079\" height=\"2035\" src=\"https:\/\/www.stanleypackage.com\/wp-content\/uploads\/2025\/08\/Custom-Wholesale-Stand-Up-With-Zipper-Packaging-For-Drinks-2.webp\" alt=\"\" class=\"wp-image-2778\" srcset=\"https:\/\/www.stanleypackage.com\/wp-content\/uploads\/2025\/08\/Custom-Wholesale-Stand-Up-With-Zipper-Packaging-For-Drinks-2.webp 2079w, https:\/\/www.stanleypackage.com\/wp-content\/uploads\/2025\/08\/Custom-Wholesale-Stand-Up-With-Zipper-Packaging-For-Drinks-2-300x294.webp 300w, https:\/\/www.stanleypackage.com\/wp-content\/uploads\/2025\/08\/Custom-Wholesale-Stand-Up-With-Zipper-Packaging-For-Drinks-2-768x752.webp 768w, https:\/\/www.stanleypackage.com\/wp-content\/uploads\/2025\/08\/Custom-Wholesale-Stand-Up-With-Zipper-Packaging-For-Drinks-2-12x12.webp 12w, https:\/\/www.stanleypackage.com\/wp-content\/uploads\/2025\/08\/Custom-Wholesale-Stand-Up-With-Zipper-Packaging-For-Drinks-2-1200x1175.webp 1200w, https:\/\/www.stanleypackage.com\/wp-content\/uploads\/2025\/08\/Custom-Wholesale-Stand-Up-With-Zipper-Packaging-For-Drinks-2-600x587.webp 600w\" sizes=\"(max-width: 2079px) 100vw, 2079px\" \/><\/figure>\n<\/div>\n\n\n\n<div class=\"wp-block-column is-layout-flow wp-block-column-is-layout-flow\">\n<figure class=\"wp-block-image size-full\"><img decoding=\"async\" width=\"2079\" height=\"2035\" src=\"https:\/\/www.stanleypackage.com\/wp-content\/uploads\/2025\/08\/Custom-Wholesale-Stand-Up-With-Zipper-Packaging-For-Drinks-5.webp\" alt=\"Pochettes \u00e0 boissons en gros, pochettes \u00e0 boissons refermables personnalis\u00e9es-2\" class=\"wp-image-2781\" srcset=\"https:\/\/www.stanleypackage.com\/wp-content\/uploads\/2025\/08\/Custom-Wholesale-Stand-Up-With-Zipper-Packaging-For-Drinks-5.webp 2079w, https:\/\/www.stanleypackage.com\/wp-content\/uploads\/2025\/08\/Custom-Wholesale-Stand-Up-With-Zipper-Packaging-For-Drinks-5-300x294.webp 300w, https:\/\/www.stanleypackage.com\/wp-content\/uploads\/2025\/08\/Custom-Wholesale-Stand-Up-With-Zipper-Packaging-For-Drinks-5-768x752.webp 768w, https:\/\/www.stanleypackage.com\/wp-content\/uploads\/2025\/08\/Custom-Wholesale-Stand-Up-With-Zipper-Packaging-For-Drinks-5-12x12.webp 12w, https:\/\/www.stanleypackage.com\/wp-content\/uploads\/2025\/08\/Custom-Wholesale-Stand-Up-With-Zipper-Packaging-For-Drinks-5-1200x1175.webp 1200w, https:\/\/www.stanleypackage.com\/wp-content\/uploads\/2025\/08\/Custom-Wholesale-Stand-Up-With-Zipper-Packaging-For-Drinks-5-600x587.webp 600w\" sizes=\"(max-width: 2079px) 100vw, 2079px\" \/><\/figure>\n<\/div>\n<\/div>\n<\/div>\n<\/div>","protected":false},"excerpt":{"rendered":"<p>Bienvenue sur le site d'achat en gros de sachets pour boissons. Ces poches \u00e0 boissons transparentes, autoportantes et personnalis\u00e9es offrent des propri\u00e9t\u00e9s de barri\u00e8re \u00e9lev\u00e9es et une r\u00e9sistance aux temp\u00e9ratures \u00e9lev\u00e9es. Ils sont dot\u00e9s d'un trou pour la poign\u00e9e, d'une fermeture \u00e9clair refermable et d'une paille pour une utilisation pratique.<\/p>\n<table style=\"border-collapse: collapse; width: 365.02pt;\" border=\"0\" width=\"365\" cellspacing=\"0\" cellpadding=\"0\">\n<tbody>\n<tr style=\"height: 16.00pt;\">\n<td class=\"et2\" style=\"height: 16.00pt; width: 97.50pt;\" width=\"97\" height=\"16\">Fabricant<\/td>\n<td class=\"et2\" style=\"width: 267.50pt;\" width=\"267\">Stanley<\/td>\n<\/tr>\n<tr style=\"height: 16.00pt;\">\n<td class=\"et2\" style=\"height: 16.00pt; width: 97.50pt;\" width=\"97\" height=\"16\">Types de pochettes<\/td>\n<td class=\"et3\">Stand Up Pouch, pochettes \u00e0 fermeture \u00e9clair<\/td>\n<\/tr>\n<tr style=\"height: 16.00pt;\">\n<td class=\"et2\" style=\"height: 16.00pt; width: 97.50pt;\" width=\"97\" height=\"16\">Mat\u00e9riau<\/td>\n<td class=\"et2\" style=\"width: 267.50pt;\" width=\"267\">PET12 \/ AL7 \/ BOPA15 \/ Retort CPP100<\/td>\n<\/tr>\n<tr style=\"height: 16.00pt;\">\n<td class=\"et2\" style=\"height: 16.00pt; width: 97.50pt;\" width=\"97\" height=\"16\">Dossier sp\u00e9cial<\/td>\n<td class=\"et2\" style=\"width: 267.50pt;\" width=\"267\">Trou pour la poign\u00e9e, fermeture \u00e0 glissi\u00e8re refermable, pailles<\/td>\n<\/tr>\n<tr style=\"height: 16.00pt;\">\n<td class=\"et2\" style=\"height: 16.00pt; width: 97.50pt;\" width=\"97\" height=\"16\">Manipulation de surface<\/td>\n<td class=\"et2\" style=\"width: 267.50pt;\" width=\"267\">Impression en h\u00e9liogravure<\/td>\n<\/tr>\n<tr style=\"height: 16.00pt;\">\n<td class=\"et2\" style=\"height: 16.00pt; width: 97.50pt;\" width=\"97\" height=\"16\">Couleur<\/td>\n<td class=\"et2\" style=\"width: 267.50pt;\" width=\"267\">Jusqu'\u00e0 10 couleurs<\/td>\n<\/tr>\n<tr style=\"height: 16.00pt;\">\n<td class=\"et2\" style=\"height: 16.00pt; width: 97.50pt;\" width=\"97\" height=\"16\">Utilisation<\/td>\n<td class=\"et2\" style=\"width: 267.50pt;\" width=\"267\">Alcool, jus de fruits, boissons non alcoolis\u00e9es<\/td>\n<\/tr>\n<tr style=\"height: 16.00pt;\">\n<td class=\"et2\" style=\"height: 16.00pt; width: 97.50pt;\" width=\"97\" height=\"16\">MOQ<\/td>\n<td class=\"et2\" style=\"width: 267.50pt;\" width=\"267\">50 000 pi\u00e8ces<\/td>\n<\/tr>\n<tr style=\"height: 16.00pt;\">\n<td class=\"et2\" style=\"height: 16.00pt; width: 97.50pt;\" width=\"97\" height=\"16\">Commande personnalis\u00e9e<\/td>\n<td class=\"et2\" style=\"width: 267.50pt;\" width=\"267\">Acceptation de l'OEM, prise en charge de l'\u00e9chantillonnage gratuit<\/td>\n<\/tr>\n<\/tbody>\n<\/table>","protected":false},"featured_media":2782,"comment_status":"closed","ping_status":"closed","template":"","meta":{"_acf_changed":false},"product_brand":[],"product_cat":[30,23,18],"product_tag":[],"class_list":{"0":"post-2777","1":"product","2":"type-product","3":"status-publish","4":"has-post-thumbnail","6":"product_cat-stand-up-pouch-manufacturer","7":"product_cat-retort-pouch-manufacturer","8":"product_cat-zipper-pouch-manufacturer","9":"pa_food-packaging-coffee-packaging-pouch","10":"pa_food-packaging-tea-pouch-packaging","11":"pa_food-packaging-drink-beverage-pouch","13":"first","14":"instock","15":"shipping-taxable","16":"product-type-simple"},"acf":[],"_links":{"self":[{"href":"https:\/\/www.stanleypackage.com\/fr\/wp-json\/wp\/v2\/product\/2777","targetHints":{"allow":["GET"]}}],"collection":[{"href":"https:\/\/www.stanleypackage.com\/fr\/wp-json\/wp\/v2\/product"}],"about":[{"href":"https:\/\/www.stanleypackage.com\/fr\/wp-json\/wp\/v2\/types\/product"}],"replies":[{"embeddable":true,"href":"https:\/\/www.stanleypackage.com\/fr\/wp-json\/wp\/v2\/comments?post=2777"}],"wp:featuredmedia":[{"embeddable":true,"href":"https:\/\/www.stanleypackage.com\/fr\/wp-json\/wp\/v2\/media\/2782"}],"wp:attachment":[{"href":"https:\/\/www.stanleypackage.com\/fr\/wp-json\/wp\/v2\/media?parent=2777"}],"wp:term":[{"taxonomy":"product_brand","embeddable":true,"href":"https:\/\/www.stanleypackage.com\/fr\/wp-json\/wp\/v2\/product_brand?post=2777"},{"taxonomy":"product_cat","embeddable":true,"href":"https:\/\/www.stanleypackage.com\/fr\/wp-json\/wp\/v2\/product_cat?post=2777"},{"taxonomy":"product_tag","embeddable":true,"href":"https:\/\/www.stanleypackage.com\/fr\/wp-json\/wp\/v2\/product_tag?post=2777"}],"curies":[{"name":"wp","href":"https:\/\/api.w.org\/{rel}","templated":true}]}}