{"id":2785,"date":"2025-08-27T08:17:33","date_gmt":"2025-08-27T08:17:33","guid":{"rendered":"https:\/\/www.stanleypackage.com\/?post_type=product&#038;p=2785"},"modified":"2025-09-03T09:13:24","modified_gmt":"2025-09-03T09:13:24","slug":"bulk-powder-packaging","status":"publish","type":"product","link":"https:\/\/www.stanleypackage.com\/fr\/product\/bulk-powder-packaging\/","title":{"rendered":"Emballage de poudre en vrac, sacs de stockage de lait en poudre sur mesure"},"content":{"rendered":"<div class=\"wp-block-columns is-layout-flex wp-container-core-columns-is-layout-9d6595d7 wp-block-columns-is-layout-flex\">\n<div class=\"wp-block-column is-layout-flow wp-block-column-is-layout-flow\">\n<h2 class=\"wp-block-heading\">Caract\u00e9ristiques de l'emballage des poudres en vrac<\/h2>\n\n\n\n<ul class=\"wp-block-list\">\n<li><strong>Effet sp\u00e9cial disponible : <\/strong>Nos emballages irr\u00e9guliers de poudre en vrac permettent d'obtenir des effets sp\u00e9ciaux, tels que UV, mat, brillant, etc.<\/li>\n\n\n\n<li><strong>Forme sp\u00e9ciale disponible : <\/strong>Nos sacs de stockage de lait en poudre personnalis\u00e9s peuvent \u00eatre transform\u00e9s en diff\u00e9rentes formes selon les besoins du client.<\/li>\n\n\n\n<li><strong>Avec un syst\u00e8me d'arrachage facile : <\/strong>Nos emballages irr\u00e9guliers pour poudre en vrac sont dot\u00e9s d'une ouverture facile \u00e0 d\u00e9chirer pour faciliter l'ouverture.<\/li>\n\n\n\n<li><strong>\u00c9quip\u00e9 d'une fermeture \u00e0 glissi\u00e8re : <\/strong>Notre sac d'emballage en gros personnalis\u00e9 est dot\u00e9 d'une fermeture \u00e0 glissi\u00e8re r\u00e9utilisable pour de multiples ouvertures et fermetures.<\/li>\n\n\n\n<li><strong>Personnalisable et pr\u00eat pour la vente en gros :<\/strong> Notre sac de stockage de lait en poudre personnalis\u00e9 prend en charge les motifs d'impression, le logo, la capacit\u00e9 et les d\u00e9tails structurels personnalis\u00e9s, qui conviennent \u00e0 la production de masse et aident les marques \u00e0 cr\u00e9er des solutions d'emballage personnalis\u00e9es.<\/li>\n<\/ul>\n\n\n\n<div class=\"wp-block-columns is-layout-flex wp-container-core-columns-is-layout-9d6595d7 wp-block-columns-is-layout-flex\">\n<div class=\"wp-block-column is-layout-flow wp-block-column-is-layout-flow\">\n<figure class=\"wp-block-image size-full\"><img decoding=\"async\" width=\"640\" height=\"640\" src=\"https:\/\/www.stanleypackage.com\/wp-content\/uploads\/2025\/08\/Wholesale-Irregular-Stand-up-Bags-Custom-Breast-Milk-Pouches-5.webp\" alt=\"\" class=\"wp-image-2786\" srcset=\"https:\/\/www.stanleypackage.com\/wp-content\/uploads\/2025\/08\/Wholesale-Irregular-Stand-up-Bags-Custom-Breast-Milk-Pouches-5.webp 640w, https:\/\/www.stanleypackage.com\/wp-content\/uploads\/2025\/08\/Wholesale-Irregular-Stand-up-Bags-Custom-Breast-Milk-Pouches-5-300x300.webp 300w, https:\/\/www.stanleypackage.com\/wp-content\/uploads\/2025\/08\/Wholesale-Irregular-Stand-up-Bags-Custom-Breast-Milk-Pouches-5-150x150.webp 150w, https:\/\/www.stanleypackage.com\/wp-content\/uploads\/2025\/08\/Wholesale-Irregular-Stand-up-Bags-Custom-Breast-Milk-Pouches-5-12x12.webp 12w, https:\/\/www.stanleypackage.com\/wp-content\/uploads\/2025\/08\/Wholesale-Irregular-Stand-up-Bags-Custom-Breast-Milk-Pouches-5-600x600.webp 600w, https:\/\/www.stanleypackage.com\/wp-content\/uploads\/2025\/08\/Wholesale-Irregular-Stand-up-Bags-Custom-Breast-Milk-Pouches-5-100x100.webp 100w\" sizes=\"(max-width: 640px) 100vw, 640px\" \/><\/figure>\n<\/div>\n\n\n\n<div class=\"wp-block-column is-layout-flow wp-block-column-is-layout-flow\">\n<figure class=\"wp-block-image size-full\"><img decoding=\"async\" width=\"640\" height=\"640\" src=\"https:\/\/www.stanleypackage.com\/wp-content\/uploads\/2025\/08\/Wholesale-Irregular-Stand-up-Bags-Custom-Breast-Milk-Pouches-6.webp\" alt=\"\" class=\"wp-image-2787\" srcset=\"https:\/\/www.stanleypackage.com\/wp-content\/uploads\/2025\/08\/Wholesale-Irregular-Stand-up-Bags-Custom-Breast-Milk-Pouches-6.webp 640w, https:\/\/www.stanleypackage.com\/wp-content\/uploads\/2025\/08\/Wholesale-Irregular-Stand-up-Bags-Custom-Breast-Milk-Pouches-6-300x300.webp 300w, https:\/\/www.stanleypackage.com\/wp-content\/uploads\/2025\/08\/Wholesale-Irregular-Stand-up-Bags-Custom-Breast-Milk-Pouches-6-150x150.webp 150w, https:\/\/www.stanleypackage.com\/wp-content\/uploads\/2025\/08\/Wholesale-Irregular-Stand-up-Bags-Custom-Breast-Milk-Pouches-6-12x12.webp 12w, https:\/\/www.stanleypackage.com\/wp-content\/uploads\/2025\/08\/Wholesale-Irregular-Stand-up-Bags-Custom-Breast-Milk-Pouches-6-600x600.webp 600w, https:\/\/www.stanleypackage.com\/wp-content\/uploads\/2025\/08\/Wholesale-Irregular-Stand-up-Bags-Custom-Breast-Milk-Pouches-6-100x100.webp 100w\" sizes=\"(max-width: 640px) 100vw, 640px\" \/><\/figure>\n<\/div>\n<\/div>\n<\/div>\n<\/div>\n\n\n\n<p><\/p>","protected":false},"excerpt":{"rendered":"<p>Nous vous invitons \u00e0 acheter des emballages de poudre en vrac. Ce sac de stockage de lait en poudre personnalis\u00e9 est \u00e9quip\u00e9 d'une encoche facile \u00e0 d\u00e9chirer, et son design g\u00e9n\u00e9ral irr\u00e9gulier est unique et facile \u00e0 transporter. Permet une personnalisation compl\u00e8te.<\/p>\n<table style=\"border-collapse: collapse; width: 312.77pt;\" border=\"0\" width=\"417\" cellspacing=\"0\" cellpadding=\"0\">\n<tbody>\n<tr style=\"height: 12.75pt;\">\n<td class=\"et2\" style=\"height: 12.75pt; width: 91.40pt;\" width=\"121\" height=\"17\">Fabricant<\/td>\n<td class=\"et2\" style=\"width: 222.00pt;\" width=\"296\">Stanley<\/td>\n<\/tr>\n<tr style=\"height: 12.75pt;\">\n<td class=\"et2\" style=\"height: 12.75pt; width: 91.40pt;\" width=\"121\" height=\"17\">Types de pochettes<\/td>\n<td class=\"et3\">Pochette irr\u00e9guli\u00e8re, Pochette debout, Pochette \u00e0 fermeture \u00e9clair<\/td>\n<\/tr>\n<tr style=\"height: 12.75pt;\">\n<td class=\"et2\" style=\"height: 12.75pt; width: 91.40pt;\" width=\"121\" height=\"17\">Mat\u00e9riau<\/td>\n<td class=\"et2\" style=\"width: 222.00pt;\" width=\"296\">PET12 \/ PE70 \u00e0 faible odeur<\/td>\n<\/tr>\n<tr style=\"height: 12.75pt;\">\n<td class=\"et2\" style=\"height: 12.75pt; width: 91.40pt;\" width=\"121\" height=\"17\">Dossier sp\u00e9cial<\/td>\n<td class=\"et2\" style=\"width: 222.00pt;\" width=\"296\"><span class=\"font0\">Forme irr\u00e9guli\u00e8re, encoche facile \u00e0 d\u00e9chirer<\/span><\/td>\n<\/tr>\n<tr style=\"height: 12.75pt;\">\n<td class=\"et2\" style=\"height: 12.75pt; width: 91.40pt;\" width=\"121\" height=\"17\">Manipulation de surface<\/td>\n<td class=\"et2\" style=\"width: 222.00pt;\" width=\"296\">Impression en h\u00e9liogravure<\/td>\n<\/tr>\n<tr style=\"height: 12.75pt;\">\n<td class=\"et2\" style=\"height: 12.75pt; width: 91.40pt;\" width=\"121\" height=\"17\">Couleur<\/td>\n<td class=\"et2\" style=\"width: 222.00pt;\" width=\"296\">Jusqu'\u00e0 10 couleurs<\/td>\n<\/tr>\n<tr style=\"height: 12.75pt;\">\n<td class=\"et2\" style=\"height: 12.75pt; width: 91.40pt;\" width=\"121\" height=\"17\">Utilisation<\/td>\n<td class=\"et3\">Mike Powder, Soid Drink Powder<\/td>\n<\/tr>\n<tr style=\"height: 12.75pt;\">\n<td class=\"et2\" style=\"height: 12.75pt; width: 91.40pt;\" width=\"121\" height=\"17\">MOQ<\/td>\n<td class=\"et2\" style=\"width: 222.00pt;\" width=\"296\">50 000 pi\u00e8ces<\/td>\n<\/tr>\n<tr style=\"height: 12.75pt;\">\n<td class=\"et2\" style=\"height: 12.75pt; width: 91.40pt;\" width=\"121\" height=\"17\">Commande personnalis\u00e9e<\/td>\n<td class=\"et2\" style=\"width: 222.00pt;\" width=\"296\">Acceptation de l'OEM , \u00c9chantillon gratuit<\/td>\n<\/tr>\n<\/tbody>\n<\/table>\n<p>&nbsp;<\/p>","protected":false},"featured_media":2791,"comment_status":"closed","ping_status":"closed","template":"","meta":{"_acf_changed":false},"product_brand":[],"product_cat":[30,22,18],"product_tag":[],"class_list":{"0":"post-2785","1":"product","2":"type-product","3":"status-publish","4":"has-post-thumbnail","6":"product_cat-stand-up-pouch-manufacturer","7":"product_cat-shaped-pouches-factory","8":"product_cat-zipper-pouch-manufacturer","9":"pa_food-packaging-food-powder-packaging","10":"pa_food-packaging-baby-food-packaging","11":"pa_food-packaging-ready-meal-pouch","13":"first","14":"instock","15":"shipping-taxable","16":"product-type-simple"},"acf":[],"_links":{"self":[{"href":"https:\/\/www.stanleypackage.com\/fr\/wp-json\/wp\/v2\/product\/2785","targetHints":{"allow":["GET"]}}],"collection":[{"href":"https:\/\/www.stanleypackage.com\/fr\/wp-json\/wp\/v2\/product"}],"about":[{"href":"https:\/\/www.stanleypackage.com\/fr\/wp-json\/wp\/v2\/types\/product"}],"replies":[{"embeddable":true,"href":"https:\/\/www.stanleypackage.com\/fr\/wp-json\/wp\/v2\/comments?post=2785"}],"wp:featuredmedia":[{"embeddable":true,"href":"https:\/\/www.stanleypackage.com\/fr\/wp-json\/wp\/v2\/media\/2791"}],"wp:attachment":[{"href":"https:\/\/www.stanleypackage.com\/fr\/wp-json\/wp\/v2\/media?parent=2785"}],"wp:term":[{"taxonomy":"product_brand","embeddable":true,"href":"https:\/\/www.stanleypackage.com\/fr\/wp-json\/wp\/v2\/product_brand?post=2785"},{"taxonomy":"product_cat","embeddable":true,"href":"https:\/\/www.stanleypackage.com\/fr\/wp-json\/wp\/v2\/product_cat?post=2785"},{"taxonomy":"product_tag","embeddable":true,"href":"https:\/\/www.stanleypackage.com\/fr\/wp-json\/wp\/v2\/product_tag?post=2785"}],"curies":[{"name":"wp","href":"https:\/\/api.w.org\/{rel}","templated":true}]}}