{"id":2813,"date":"2025-08-27T07:29:10","date_gmt":"2025-08-27T07:29:10","guid":{"rendered":"https:\/\/www.stanleypackage.com\/?post_type=product&#038;p=2813"},"modified":"2025-08-27T07:29:17","modified_gmt":"2025-08-27T07:29:17","slug":"wholesale-fresh-fruit-bags","status":"publish","type":"product","link":"https:\/\/www.stanleypackage.com\/fr\/product\/wholesale-fresh-fruit-bags\/","title":{"rendered":"Sacs \u00e0 fruits frais en gros, sacs \u00e0 fruits ventil\u00e9s \u00e0 impression personnalis\u00e9e"},"content":{"rendered":"<div class=\"wp-block-columns is-layout-flex wp-container-core-columns-is-layout-9d6595d7 wp-block-columns-is-layout-flex\">\n<div class=\"wp-block-column is-layout-flow wp-block-column-is-layout-flow\">\n<h2 class=\"wp-block-heading\">Caract\u00e9ristiques des sacs de fruits frais en gros<\/h2>\n\n\n\n<ul class=\"wp-block-list\">\n<li><strong>Mat\u00e9riau composite de haute qualit\u00e9 : <\/strong>Nos sacs pour fruits frais en gros sont fabriqu\u00e9s en PET12\/CPP45, ce qui leur conf\u00e8re une excellente solidit\u00e9 et une grande robustesse. Ils sont donc r\u00e9sistants aux dommages et conviennent au transport d'une grande vari\u00e9t\u00e9 de fruits frais.<\/li>\n\n\n\n<li><strong>Trous de ventilation : <\/strong>Ces sachets de fruits et l\u00e9gumes ventil\u00e9s imprim\u00e9s sur mesure sont dot\u00e9s de trous d'a\u00e9ration qui maintiennent efficacement la respirabilit\u00e9, prolongeant ainsi la fra\u00eecheur et am\u00e9liorant la dur\u00e9e de conservation.<\/li>\n\n\n\n<li><strong>Facile \u00e0 ouvrir et \u00e0 fermer :<\/strong> Nos sacs de fruits frais en gros sont dot\u00e9s d'une fermeture \u00e0 glissi\u00e8re et de trous pour les poign\u00e9es, ce qui les rend faciles \u00e0 ouvrir, \u00e0 fermer et \u00e0 transporter, am\u00e9liorant ainsi l'exp\u00e9rience d'achat.<\/li>\n\n\n\n<li><strong>Impression personnalis\u00e9e de haute qualit\u00e9 :<\/strong> Nos pochettes de produits ventil\u00e9es peuvent \u00eatre imprim\u00e9es jusqu'\u00e0 10 couleurs. L'impression claire et vibrante met parfaitement en valeur le logo et le design de votre marque, aidant ainsi les d\u00e9taillants \u00e0 am\u00e9liorer la reconnaissance de leur marque.<\/li>\n\n\n\n<li><strong>Large \u00e9ventail de sc\u00e9narios d'application :<\/strong> Nos sacs de fruits frais en gros conviennent aux supermarch\u00e9s, aux magasins de fruits et l\u00e9gumes, aux march\u00e9s de gros et \u00e0 d'autres sc\u00e9narios. Ils peuvent r\u00e9pondre aux besoins des d\u00e9taillants et sont adapt\u00e9s \u00e0 l'approvisionnement \u00e0 grande \u00e9chelle, en tenant compte \u00e0 la fois de l'aspect pratique et de la valeur publicitaire.<\/li>\n<\/ul>\n\n\n\n<div class=\"wp-block-columns is-layout-flex wp-container-core-columns-is-layout-9d6595d7 wp-block-columns-is-layout-flex\">\n<div class=\"wp-block-column is-layout-flow wp-block-column-is-layout-flow\">\n<figure class=\"wp-block-image size-full\"><img decoding=\"async\" width=\"640\" height=\"640\" src=\"https:\/\/www.stanleypackage.com\/wp-content\/uploads\/2025\/08\/Custom-Fruit-Packaging-Bag-Wholesale-Stand-Up-Zipper-Pouch-2.jpg\" alt=\"\" class=\"wp-image-2814\" srcset=\"https:\/\/www.stanleypackage.com\/wp-content\/uploads\/2025\/08\/Custom-Fruit-Packaging-Bag-Wholesale-Stand-Up-Zipper-Pouch-2.jpg 640w, https:\/\/www.stanleypackage.com\/wp-content\/uploads\/2025\/08\/Custom-Fruit-Packaging-Bag-Wholesale-Stand-Up-Zipper-Pouch-2-300x300.jpg 300w, https:\/\/www.stanleypackage.com\/wp-content\/uploads\/2025\/08\/Custom-Fruit-Packaging-Bag-Wholesale-Stand-Up-Zipper-Pouch-2-150x150.jpg 150w, https:\/\/www.stanleypackage.com\/wp-content\/uploads\/2025\/08\/Custom-Fruit-Packaging-Bag-Wholesale-Stand-Up-Zipper-Pouch-2-12x12.jpg 12w, https:\/\/www.stanleypackage.com\/wp-content\/uploads\/2025\/08\/Custom-Fruit-Packaging-Bag-Wholesale-Stand-Up-Zipper-Pouch-2-600x600.jpg 600w, https:\/\/www.stanleypackage.com\/wp-content\/uploads\/2025\/08\/Custom-Fruit-Packaging-Bag-Wholesale-Stand-Up-Zipper-Pouch-2-100x100.jpg 100w\" sizes=\"(max-width: 640px) 100vw, 640px\" \/><\/figure>\n<\/div>\n\n\n\n<div class=\"wp-block-column is-layout-flow wp-block-column-is-layout-flow\">\n<figure class=\"wp-block-image size-full\"><img decoding=\"async\" width=\"640\" height=\"640\" src=\"https:\/\/www.stanleypackage.com\/wp-content\/uploads\/2025\/08\/Custom-Fruit-Packaging-Bag-Wholesale-Stand-Up-Zipper-Pouch-6.jpg\" alt=\"\" class=\"wp-image-2815\" srcset=\"https:\/\/www.stanleypackage.com\/wp-content\/uploads\/2025\/08\/Custom-Fruit-Packaging-Bag-Wholesale-Stand-Up-Zipper-Pouch-6.jpg 640w, https:\/\/www.stanleypackage.com\/wp-content\/uploads\/2025\/08\/Custom-Fruit-Packaging-Bag-Wholesale-Stand-Up-Zipper-Pouch-6-300x300.jpg 300w, https:\/\/www.stanleypackage.com\/wp-content\/uploads\/2025\/08\/Custom-Fruit-Packaging-Bag-Wholesale-Stand-Up-Zipper-Pouch-6-150x150.jpg 150w, https:\/\/www.stanleypackage.com\/wp-content\/uploads\/2025\/08\/Custom-Fruit-Packaging-Bag-Wholesale-Stand-Up-Zipper-Pouch-6-12x12.jpg 12w, https:\/\/www.stanleypackage.com\/wp-content\/uploads\/2025\/08\/Custom-Fruit-Packaging-Bag-Wholesale-Stand-Up-Zipper-Pouch-6-600x600.jpg 600w, https:\/\/www.stanleypackage.com\/wp-content\/uploads\/2025\/08\/Custom-Fruit-Packaging-Bag-Wholesale-Stand-Up-Zipper-Pouch-6-100x100.jpg 100w\" sizes=\"(max-width: 640px) 100vw, 640px\" \/><\/figure>\n<\/div>\n<\/div>\n<\/div>\n<\/div>","protected":false},"excerpt":{"rendered":"<p>Nous vous invitons \u00e0 commander des sachets de fruits et l\u00e9gumes ventil\u00e9s imprim\u00e9s sur mesure. Nos sachets de fruits frais en gros sont durables et comportent des trous d'a\u00e9ration, une fermeture \u00e9clair coulissante et des trous pour les poign\u00e9es afin d'en faciliter l'utilisation. L'impression personnalis\u00e9e est disponible jusqu'\u00e0 10 couleurs, ce qui en fait un produit id\u00e9al pour les grossistes et les supermarch\u00e9s.<\/p>\n<table style=\"border-collapse: collapse; width: 327.77pt;\" border=\"0\" width=\"437\" cellspacing=\"0\" cellpadding=\"0\">\n<tbody>\n<tr style=\"height: 12.75pt;\">\n<td class=\"et2\" style=\"height: 12.75pt; width: 91.40pt;\" width=\"121\" height=\"17\">Fabricant<\/td>\n<td class=\"et2\" style=\"width: 237.00pt;\" width=\"316\">Stanley<\/td>\n<\/tr>\n<tr style=\"height: 12.75pt;\">\n<td class=\"et2\" style=\"height: 12.75pt; width: 91.40pt;\" width=\"121\" height=\"17\">Types de pochettes<\/td>\n<td class=\"et3\">Sacs de fruits et l\u00e9gumes ventil\u00e9s, pochette \u00e0 fermeture \u00e9clair<\/td>\n<\/tr>\n<tr style=\"height: 12.75pt;\">\n<td class=\"et2\" style=\"height: 12.75pt; width: 91.40pt;\" width=\"121\" height=\"17\">Mat\u00e9riau<\/td>\n<td class=\"et2\" style=\"width: 237.00pt;\" width=\"316\">PET12\/CPP45<\/td>\n<\/tr>\n<tr style=\"height: 12.75pt;\">\n<td class=\"et2\" style=\"height: 12.75pt; width: 91.40pt;\" width=\"121\" height=\"17\">Dossier sp\u00e9cial<\/td>\n<td class=\"et2\" style=\"width: 237.00pt;\" width=\"316\">Fermeture \u00e0 glissi\u00e8re Slieder, trou pour la poign\u00e9e, trous d'a\u00e9ration<\/td>\n<\/tr>\n<tr style=\"height: 12.75pt;\">\n<td class=\"et2\" style=\"height: 12.75pt; width: 91.40pt;\" width=\"121\" height=\"17\">Manipulation de surface<\/td>\n<td class=\"et2\" style=\"width: 237.00pt;\" width=\"316\">Impression en h\u00e9liogravure<\/td>\n<\/tr>\n<tr style=\"height: 12.75pt;\">\n<td class=\"et2\" style=\"height: 12.75pt; width: 91.40pt;\" width=\"121\" height=\"17\">Couleur<\/td>\n<td class=\"et2\" style=\"width: 237.00pt;\" width=\"316\">Jusqu'\u00e0 10 couleurs<\/td>\n<\/tr>\n<tr style=\"height: 12.75pt;\">\n<td class=\"et2\" style=\"height: 12.75pt; width: 91.40pt;\" width=\"121\" height=\"17\">Utilisation<\/td>\n<td class=\"et3\">Fruits et l\u00e9gumes frais<\/td>\n<\/tr>\n<tr style=\"height: 12.75pt;\">\n<td class=\"et2\" style=\"height: 12.75pt; width: 91.40pt;\" width=\"121\" height=\"17\">MOQ<\/td>\n<td class=\"et2\" style=\"width: 237.00pt;\" width=\"316\">50 000 pi\u00e8ces<\/td>\n<\/tr>\n<tr style=\"height: 12.75pt;\">\n<td class=\"et2\" style=\"height: 12.75pt; width: 91.40pt;\" width=\"121\" height=\"17\">Commande personnalis\u00e9e<\/td>\n<td class=\"et2\" style=\"width: 237.00pt;\" width=\"316\">Acceptation de l'OEM , \u00c9chantillon gratuit<\/td>\n<\/tr>\n<\/tbody>\n<\/table>","protected":false},"featured_media":2817,"comment_status":"closed","ping_status":"closed","template":"","meta":{"_acf_changed":false},"product_brand":[],"product_cat":[18,30],"product_tag":[],"class_list":{"0":"post-2813","1":"product","2":"type-product","3":"status-publish","4":"has-post-thumbnail","6":"product_cat-zipper-pouch-manufacturer","7":"product_cat-stand-up-pouch-manufacturer","8":"pa_food-packaging-vented-produce-pouch","10":"first","11":"instock","12":"shipping-taxable","13":"product-type-simple"},"acf":[],"_links":{"self":[{"href":"https:\/\/www.stanleypackage.com\/fr\/wp-json\/wp\/v2\/product\/2813","targetHints":{"allow":["GET"]}}],"collection":[{"href":"https:\/\/www.stanleypackage.com\/fr\/wp-json\/wp\/v2\/product"}],"about":[{"href":"https:\/\/www.stanleypackage.com\/fr\/wp-json\/wp\/v2\/types\/product"}],"replies":[{"embeddable":true,"href":"https:\/\/www.stanleypackage.com\/fr\/wp-json\/wp\/v2\/comments?post=2813"}],"wp:featuredmedia":[{"embeddable":true,"href":"https:\/\/www.stanleypackage.com\/fr\/wp-json\/wp\/v2\/media\/2817"}],"wp:attachment":[{"href":"https:\/\/www.stanleypackage.com\/fr\/wp-json\/wp\/v2\/media?parent=2813"}],"wp:term":[{"taxonomy":"product_brand","embeddable":true,"href":"https:\/\/www.stanleypackage.com\/fr\/wp-json\/wp\/v2\/product_brand?post=2813"},{"taxonomy":"product_cat","embeddable":true,"href":"https:\/\/www.stanleypackage.com\/fr\/wp-json\/wp\/v2\/product_cat?post=2813"},{"taxonomy":"product_tag","embeddable":true,"href":"https:\/\/www.stanleypackage.com\/fr\/wp-json\/wp\/v2\/product_tag?post=2813"}],"curies":[{"name":"wp","href":"https:\/\/api.w.org\/{rel}","templated":true}]}}