{"id":2820,"date":"2025-08-27T07:43:05","date_gmt":"2025-08-27T07:43:05","guid":{"rendered":"https:\/\/www.stanleypackage.com\/?post_type=product&#038;p=2820"},"modified":"2025-08-27T07:43:12","modified_gmt":"2025-08-27T07:43:12","slug":"custom-printed-rollstock","status":"publish","type":"product","link":"https:\/\/www.stanleypackage.com\/fr\/product\/custom-printed-rollstock\/","title":{"rendered":"Film d'emballage en rouleau imprim\u00e9 sur mesure pour d\u00e9sinfectant pour les mains"},"content":{"rendered":"<div class=\"wp-block-columns is-layout-flex wp-container-core-columns-is-layout-9d6595d7 wp-block-columns-is-layout-flex\">\n<div class=\"wp-block-column is-layout-flow wp-block-column-is-layout-flow\">\n<h2 class=\"wp-block-heading\">Caract\u00e9ristiques des rouleaux imprim\u00e9s sur mesure<\/h2>\n\n\n\n<ul class=\"wp-block-list\">\n<li><strong>Emballage efficace de films en rouleaux, adapt\u00e9 aux lignes de production automatis\u00e9es : <\/strong>Ce film d'emballage en rouleau imprim\u00e9 personnalis\u00e9 convient aux \u00e9quipements d'emballage automatique \u00e0 grande vitesse, am\u00e9liorant l'efficacit\u00e9 de la production et permettant d'\u00e9conomiser du temps et de la main-d'\u0153uvre.<\/li>\n\n\n\n<li><strong>Soutenir la personnalisation de la marque pour r\u00e9pondre aux divers besoins en mati\u00e8re d'emballage :<\/strong> Le film d'emballage pour d\u00e9sinfectant pour les mains est imprim\u00e9, dessin\u00e9 et fabriqu\u00e9 sur mesure pour r\u00e9pondre aux besoins d'emballage uniques d'industries diversifi\u00e9es telles que les produits chimiques quotidiens, les cosm\u00e9tiques et les produits de soins personnels.<\/li>\n\n\n\n<li><strong>Structure thermoscell\u00e9e sur une seule face, forte \u00e9tanch\u00e9it\u00e9 : <\/strong>La conception thermoscellable d'une face de notre film en rouleau imprim\u00e9 personnalis\u00e9 garantit l'\u00e9tanch\u00e9it\u00e9 de l'emballage, emp\u00eache le produit d'\u00eatre humide et de se d\u00e9t\u00e9riorer, et assure la s\u00e9curit\u00e9 du stockage et du transport.<\/li>\n\n\n\n<li><strong>Il prend en charge une vari\u00e9t\u00e9 de processus de surface afin d'am\u00e9liorer les effets visuels : <\/strong>Notre film d'emballage pour d\u00e9sinfectant pour les mains personnalis\u00e9 peut choisir des proc\u00e9d\u00e9s d'impression sp\u00e9ciaux tels que mat, brillant, lumi\u00e8re locale UV, etc. pour am\u00e9liorer la stratification de l'emballage et la reconnaissance de la marque.<\/li>\n\n\n\n<li><strong>Convient \u00e0 une grande vari\u00e9t\u00e9 de produits : <\/strong>Notre film d'emballage imprim\u00e9 en rouleau peut \u00eatre personnalis\u00e9 avec des motifs d'impression et des sp\u00e9cifications en fonction des besoins du client. Il convient \u00e0 tous les produits de tailles et de formes diff\u00e9rentes.<\/li>\n<\/ul>\n\n\n\n<div class=\"wp-block-columns is-layout-flex wp-container-core-columns-is-layout-9d6595d7 wp-block-columns-is-layout-flex\">\n<div class=\"wp-block-column is-layout-flow wp-block-column-is-layout-flow\">\n<figure class=\"wp-block-image size-full\"><img decoding=\"async\" width=\"634\" height=\"627\" src=\"https:\/\/www.stanleypackage.com\/wp-content\/uploads\/2025\/08\/Custom-Packaging-Film-Wholesale-Hand-Sanitizer-Roll-Film.webp\" alt=\"\" class=\"wp-image-2821\" srcset=\"https:\/\/www.stanleypackage.com\/wp-content\/uploads\/2025\/08\/Custom-Packaging-Film-Wholesale-Hand-Sanitizer-Roll-Film.webp 634w, https:\/\/www.stanleypackage.com\/wp-content\/uploads\/2025\/08\/Custom-Packaging-Film-Wholesale-Hand-Sanitizer-Roll-Film-300x297.webp 300w, https:\/\/www.stanleypackage.com\/wp-content\/uploads\/2025\/08\/Custom-Packaging-Film-Wholesale-Hand-Sanitizer-Roll-Film-12x12.webp 12w, https:\/\/www.stanleypackage.com\/wp-content\/uploads\/2025\/08\/Custom-Packaging-Film-Wholesale-Hand-Sanitizer-Roll-Film-600x593.webp 600w, https:\/\/www.stanleypackage.com\/wp-content\/uploads\/2025\/08\/Custom-Packaging-Film-Wholesale-Hand-Sanitizer-Roll-Film-100x100.webp 100w\" sizes=\"(max-width: 634px) 100vw, 634px\" \/><\/figure>\n<\/div>\n\n\n\n<div class=\"wp-block-column is-layout-flow wp-block-column-is-layout-flow\">\n<figure class=\"wp-block-image size-full\"><img decoding=\"async\" width=\"700\" height=\"700\" src=\"https:\/\/www.stanleypackage.com\/wp-content\/uploads\/2025\/08\/Custom-Packaging-Film-Wholesale-Hand-Sanitizer-Roll-Film-3.webp\" alt=\"\" class=\"wp-image-2822\" srcset=\"https:\/\/www.stanleypackage.com\/wp-content\/uploads\/2025\/08\/Custom-Packaging-Film-Wholesale-Hand-Sanitizer-Roll-Film-3.webp 700w, https:\/\/www.stanleypackage.com\/wp-content\/uploads\/2025\/08\/Custom-Packaging-Film-Wholesale-Hand-Sanitizer-Roll-Film-3-300x300.webp 300w, https:\/\/www.stanleypackage.com\/wp-content\/uploads\/2025\/08\/Custom-Packaging-Film-Wholesale-Hand-Sanitizer-Roll-Film-3-150x150.webp 150w, https:\/\/www.stanleypackage.com\/wp-content\/uploads\/2025\/08\/Custom-Packaging-Film-Wholesale-Hand-Sanitizer-Roll-Film-3-12x12.webp 12w, https:\/\/www.stanleypackage.com\/wp-content\/uploads\/2025\/08\/Custom-Packaging-Film-Wholesale-Hand-Sanitizer-Roll-Film-3-600x600.webp 600w, https:\/\/www.stanleypackage.com\/wp-content\/uploads\/2025\/08\/Custom-Packaging-Film-Wholesale-Hand-Sanitizer-Roll-Film-3-100x100.webp 100w\" sizes=\"(max-width: 700px) 100vw, 700px\" \/><\/figure>\n<\/div>\n<\/div>\n<\/div>\n<\/div>","protected":false},"excerpt":{"rendered":"<p>Nous vous invitons \u00e0 commander des rouleaux imprim\u00e9s personnalis\u00e9s. Ce film d'emballage pour d\u00e9sinfectant pour les mains permet de personnaliser la marque pour r\u00e9pondre \u00e0 divers besoins d'emballage. Il supporte une vari\u00e9t\u00e9 d'effets sp\u00e9ciaux tels que mat, brillant, UV, etc.<\/p>\n<table style=\"border-collapse: collapse; width: 327.77pt;\" border=\"0\" width=\"437\" cellspacing=\"0\" cellpadding=\"0\">\n<tbody>\n<tr style=\"height: 12.75pt;\">\n<td class=\"et2\" style=\"height: 12.75pt; width: 91.40pt;\" width=\"121\" height=\"17\">Fabricant<\/td>\n<td class=\"et2\" style=\"width: 237.00pt;\" width=\"316\">Stanley<\/td>\n<\/tr>\n<tr style=\"height: 12.75pt;\">\n<td class=\"et2\" style=\"height: 12.75pt; width: 91.40pt;\" width=\"121\" height=\"17\">Types de pochettes<\/td>\n<td class=\"et3\">Film d'emballage<\/td>\n<\/tr>\n<tr style=\"height: 12.75pt;\">\n<td class=\"et2\" style=\"height: 12.75pt; width: 91.40pt;\" width=\"121\" height=\"17\">Mat\u00e9riau\u00a0 \u00a0 \u00a0 \u00a0 \u00a0 \u00a0 \u00a0 \u00a0<\/td>\n<td class=\"et2\" style=\"width: 237.00pt;\" width=\"316\">PET12\/AL7\/PE85<\/td>\n<\/tr>\n<tr style=\"height: 12.75pt;\">\n<td class=\"et2\" style=\"height: 12.75pt; width: 91.40pt;\" width=\"121\" height=\"17\">Dossier sp\u00e9cial<\/td>\n<td class=\"et2\" style=\"width: 237.00pt;\" width=\"316\">Emballage automatique<\/td>\n<\/tr>\n<tr style=\"height: 12.75pt;\">\n<td class=\"et2\" style=\"height: 12.75pt; width: 91.40pt;\" width=\"121\" height=\"17\">Manipulation de surface<\/td>\n<td class=\"et2\" style=\"width: 237.00pt;\" width=\"316\">Impression en h\u00e9liogravure<\/td>\n<\/tr>\n<tr style=\"height: 12.75pt;\">\n<td class=\"et2\" style=\"height: 12.75pt; width: 91.40pt;\" width=\"121\" height=\"17\">Couleur<\/td>\n<td class=\"et2\" style=\"width: 237.00pt;\" width=\"316\">Jusqu'\u00e0 10 couleurs<\/td>\n<\/tr>\n<tr style=\"height: 12.75pt;\">\n<td class=\"et2\" style=\"height: 12.75pt; width: 91.40pt;\" width=\"121\" height=\"17\">Utilisation<\/td>\n<td class=\"et3\">D\u00e9sinfectant pour les mains, lingettes humides, d\u00e9maquillants<\/td>\n<\/tr>\n<tr style=\"height: 12.75pt;\">\n<td class=\"et2\" style=\"height: 12.75pt; width: 91.40pt;\" width=\"121\" height=\"17\">MOQ<\/td>\n<td class=\"et2\" style=\"width: 237.00pt;\" width=\"316\">50 000 pi\u00e8ces<\/td>\n<\/tr>\n<tr style=\"height: 12.75pt;\">\n<td class=\"et2\" style=\"height: 12.75pt; width: 91.40pt;\" width=\"121\" height=\"17\">Commande personnalis\u00e9e<\/td>\n<td class=\"et2\" style=\"width: 237.00pt;\" width=\"316\">Acceptation de l'OEM, prise en charge de l'\u00e9chantillonnage gratuit<\/td>\n<\/tr>\n<\/tbody>\n<\/table>\n<p>&nbsp;<\/p>","protected":false},"featured_media":2823,"comment_status":"closed","ping_status":"closed","template":"","meta":{"_acf_changed":false},"product_brand":[],"product_cat":[26],"product_tag":[],"class_list":{"0":"post-2820","1":"product","2":"type-product","3":"status-publish","4":"has-post-thumbnail","6":"product_cat-packaging-film-manufacturer","7":"pa_non-food-packaging-cosmetic-packaging-pouches","8":"pa_non-food-packaging-soap-detergent-pouches","9":"pa_non-food-packaging-hotel-supplies-packaging","11":"first","12":"instock","13":"shipping-taxable","14":"product-type-simple"},"acf":[],"_links":{"self":[{"href":"https:\/\/www.stanleypackage.com\/fr\/wp-json\/wp\/v2\/product\/2820","targetHints":{"allow":["GET"]}}],"collection":[{"href":"https:\/\/www.stanleypackage.com\/fr\/wp-json\/wp\/v2\/product"}],"about":[{"href":"https:\/\/www.stanleypackage.com\/fr\/wp-json\/wp\/v2\/types\/product"}],"replies":[{"embeddable":true,"href":"https:\/\/www.stanleypackage.com\/fr\/wp-json\/wp\/v2\/comments?post=2820"}],"wp:featuredmedia":[{"embeddable":true,"href":"https:\/\/www.stanleypackage.com\/fr\/wp-json\/wp\/v2\/media\/2823"}],"wp:attachment":[{"href":"https:\/\/www.stanleypackage.com\/fr\/wp-json\/wp\/v2\/media?parent=2820"}],"wp:term":[{"taxonomy":"product_brand","embeddable":true,"href":"https:\/\/www.stanleypackage.com\/fr\/wp-json\/wp\/v2\/product_brand?post=2820"},{"taxonomy":"product_cat","embeddable":true,"href":"https:\/\/www.stanleypackage.com\/fr\/wp-json\/wp\/v2\/product_cat?post=2820"},{"taxonomy":"product_tag","embeddable":true,"href":"https:\/\/www.stanleypackage.com\/fr\/wp-json\/wp\/v2\/product_tag?post=2820"}],"curies":[{"name":"wp","href":"https:\/\/api.w.org\/{rel}","templated":true}]}}