{"id":2825,"date":"2025-09-09T06:58:43","date_gmt":"2025-09-09T06:58:43","guid":{"rendered":"https:\/\/www.stanleypackage.com\/?post_type=product&#038;p=2825"},"modified":"2025-09-09T06:59:11","modified_gmt":"2025-09-09T06:59:11","slug":"standing-pouch-wholesale","status":"publish","type":"product","link":"https:\/\/www.stanleypackage.com\/fr\/product\/standing-pouch-wholesale\/","title":{"rendered":"Pochette \u00e0 soufflet inf\u00e9rieure pour plats pr\u00e9par\u00e9s en gros"},"content":{"rendered":"<div class=\"wp-block-columns is-layout-flex wp-container-core-columns-is-layout-9d6595d7 wp-block-columns-is-layout-flex\">\n<div class=\"wp-block-column is-layout-flow wp-block-column-is-layout-flow\">\n<h2 class=\"wp-block-heading\">Caract\u00e9ristiques de Standing Pouch Wholesale<\/h2>\n\n\n\n<ul class=\"wp-block-list\">\n<li><strong>Joint d'\u00e9tanch\u00e9it\u00e9 \u00e0 trois c\u00f4t\u00e9s, structure compacte :<\/strong> Cette pochette d'emballage alimentaire personnalis\u00e9e est un type de sac \u00e0 fermeture sur trois c\u00f4t\u00e9s, plat et simple, qui prend moins de place et qui est pratique \u00e0 empiler et \u00e0 transporter par lots.<\/li>\n\n\n\n<li><strong>Remplissage par le bas, fermeture ferme : <\/strong>Cette pochette sur pied personnalis\u00e9e peut \u00eatre adapt\u00e9e aux lignes de production automatiques ou manuelles, avec un scellage stable et pas facile \u00e0 fuir, garantissant l'int\u00e9grit\u00e9 de l'emballage.<\/li>\n\n\n\n<li><strong>Facile \u00e0 d\u00e9chirer, facile \u00e0 ouvrir : <\/strong>Notre pochette personnalis\u00e9e en gros est con\u00e7ue avec une encoche facile \u00e0 d\u00e9chirer, qui peut \u00eatre facilement ouverte sans ciseaux, am\u00e9liorant ainsi l'exp\u00e9rience de l'utilisateur.<\/li>\n\n\n\n<li><strong>Le trou de suspension permet une pr\u00e9sentation flexible :<\/strong> Notre pochette d'emballage alimentaire en gros est munie d'un trou de crochet. Elle convient \u00e0 la pr\u00e9sentation d'un crochet dans les rayons des supermarch\u00e9s pour pr\u00e9senter le produit dans une position expos\u00e9e.<\/li>\n\n\n\n<li><strong>Structure en mat\u00e9riau composite, r\u00e9sistant \u00e0 l'humidit\u00e9 et conservant la fra\u00eecheur :<\/strong> Cette pochette sur pied personnalis\u00e9e est fabriqu\u00e9e en mat\u00e9riau composite MOPP20\/papier kraft blanc 50g\/MBPE60, qui a un bon effet de barri\u00e8re contre l'oxyg\u00e8ne et l'humidit\u00e9, prolongeant ainsi la dur\u00e9e de conservation des snacks.<\/li>\n\n\n\n<li><strong>Respectueux de l'environnement et recyclable, en accord avec les tendances durables :<\/strong> Ces sachets d'emballage alimentaire en gros sont fabriqu\u00e9s en papier kraft, qui peut \u00eatre biod\u00e9gradable et facile \u00e0 recycler, et r\u00e9pondent \u00e0 la demande du march\u00e9 en mati\u00e8re de protection de l'environnement et de d\u00e9veloppement durable.<\/li>\n<\/ul>\n\n\n\n<div class=\"wp-block-columns is-layout-flex wp-container-core-columns-is-layout-9d6595d7 wp-block-columns-is-layout-flex\">\n<div class=\"wp-block-column is-layout-flow wp-block-column-is-layout-flow\">\n<figure class=\"wp-block-image size-full\"><img decoding=\"async\" width=\"750\" height=\"750\" src=\"https:\/\/www.stanleypackage.com\/wp-content\/uploads\/2025\/08\/Custom-Snack-3-Side-Seal-Stand-Up-Pouch-Wholesale-Recyclable-Packaging-Bag-2.jpg\" alt=\"\" class=\"wp-image-2828\" srcset=\"https:\/\/www.stanleypackage.com\/wp-content\/uploads\/2025\/08\/Custom-Snack-3-Side-Seal-Stand-Up-Pouch-Wholesale-Recyclable-Packaging-Bag-2.jpg 750w, https:\/\/www.stanleypackage.com\/wp-content\/uploads\/2025\/08\/Custom-Snack-3-Side-Seal-Stand-Up-Pouch-Wholesale-Recyclable-Packaging-Bag-2-300x300.jpg 300w, https:\/\/www.stanleypackage.com\/wp-content\/uploads\/2025\/08\/Custom-Snack-3-Side-Seal-Stand-Up-Pouch-Wholesale-Recyclable-Packaging-Bag-2-150x150.jpg 150w, https:\/\/www.stanleypackage.com\/wp-content\/uploads\/2025\/08\/Custom-Snack-3-Side-Seal-Stand-Up-Pouch-Wholesale-Recyclable-Packaging-Bag-2-12x12.jpg 12w, https:\/\/www.stanleypackage.com\/wp-content\/uploads\/2025\/08\/Custom-Snack-3-Side-Seal-Stand-Up-Pouch-Wholesale-Recyclable-Packaging-Bag-2-600x600.jpg 600w, https:\/\/www.stanleypackage.com\/wp-content\/uploads\/2025\/08\/Custom-Snack-3-Side-Seal-Stand-Up-Pouch-Wholesale-Recyclable-Packaging-Bag-2-100x100.jpg 100w\" sizes=\"(max-width: 750px) 100vw, 750px\" \/><\/figure>\n<\/div>\n\n\n\n<div class=\"wp-block-column is-layout-flow wp-block-column-is-layout-flow\">\n<figure class=\"wp-block-image size-full\"><img decoding=\"async\" width=\"750\" height=\"750\" src=\"https:\/\/www.stanleypackage.com\/wp-content\/uploads\/2025\/08\/Custom-Snack-3-Side-Seal-Stand-Up-Pouch-Wholesale-Recyclable-Packaging-Bag-4.jpg\" alt=\"\" class=\"wp-image-2827\" srcset=\"https:\/\/www.stanleypackage.com\/wp-content\/uploads\/2025\/08\/Custom-Snack-3-Side-Seal-Stand-Up-Pouch-Wholesale-Recyclable-Packaging-Bag-4.jpg 750w, https:\/\/www.stanleypackage.com\/wp-content\/uploads\/2025\/08\/Custom-Snack-3-Side-Seal-Stand-Up-Pouch-Wholesale-Recyclable-Packaging-Bag-4-300x300.jpg 300w, https:\/\/www.stanleypackage.com\/wp-content\/uploads\/2025\/08\/Custom-Snack-3-Side-Seal-Stand-Up-Pouch-Wholesale-Recyclable-Packaging-Bag-4-150x150.jpg 150w, https:\/\/www.stanleypackage.com\/wp-content\/uploads\/2025\/08\/Custom-Snack-3-Side-Seal-Stand-Up-Pouch-Wholesale-Recyclable-Packaging-Bag-4-12x12.jpg 12w, https:\/\/www.stanleypackage.com\/wp-content\/uploads\/2025\/08\/Custom-Snack-3-Side-Seal-Stand-Up-Pouch-Wholesale-Recyclable-Packaging-Bag-4-600x600.jpg 600w, https:\/\/www.stanleypackage.com\/wp-content\/uploads\/2025\/08\/Custom-Snack-3-Side-Seal-Stand-Up-Pouch-Wholesale-Recyclable-Packaging-Bag-4-100x100.jpg 100w\" sizes=\"(max-width: 750px) 100vw, 750px\" \/><\/figure>\n<\/div>\n<\/div>\n<\/div>\n<\/div>\n\n\n\n<p><\/p>","protected":false},"excerpt":{"rendered":"<p>Bienvenue sur notre site d'emballage alimentaire personnalis\u00e9. Nos sachets pour plats cuisin\u00e9s sont fabriqu\u00e9s en papier kraft, biod\u00e9gradables et faciles \u00e0 recycler. Il a une grande performance de barri\u00e8re et de scellage, supporte l'impression double face, convient aux snacks tels que les biscuits, les bonbons, les fruits secs, les chips de pommes de terre, etc.<\/p>\n<table style=\"border-collapse: collapse; width: 365.02pt;\" border=\"0\" width=\"365\" cellspacing=\"0\" cellpadding=\"0\">\n<tbody>\n<tr style=\"height: 16.00pt;\">\n<td class=\"et2\" style=\"height: 16.00pt; width: 97.50pt;\" width=\"97\" height=\"16\">Fabricant<\/td>\n<td class=\"et2\" style=\"width: 267.50pt;\" width=\"267\">Stanley<\/td>\n<\/tr>\n<tr style=\"height: 16.00pt;\">\n<td class=\"et2\" style=\"height: 16.00pt; width: 97.50pt;\" width=\"97\" height=\"16\">Types de pochettes<\/td>\n<td class=\"et2\" style=\"width: 267.50pt;\" width=\"267\">Pochette \u00e0 hauteur d'homme, pochette \u00e0 soufflet<\/td>\n<\/tr>\n<tr style=\"height: 16.00pt;\">\n<td class=\"et2\" style=\"height: 16.00pt; width: 97.50pt;\" width=\"97\" height=\"16\">Mat\u00e9riau<\/td>\n<td class=\"et2\" style=\"width: 267.50pt;\" width=\"267\">MOPP20\/Papier kraft blanc 50g\/MBPE60<\/td>\n<\/tr>\n<tr style=\"height: 16.00pt;\">\n<td class=\"et2\" style=\"height: 16.00pt; width: 97.50pt;\" width=\"97\" height=\"16\">Dossier sp\u00e9cial<\/td>\n<td class=\"et2\" style=\"width: 267.50pt;\" width=\"267\">Remplissage du fond, encoche de d\u00e9chirure, trou de suspension<\/td>\n<\/tr>\n<tr style=\"height: 16.00pt;\">\n<td class=\"et2\" style=\"height: 16.00pt; width: 97.50pt;\" width=\"97\" height=\"16\">Manipulation de surface<\/td>\n<td class=\"et2\" style=\"width: 267.50pt;\" width=\"267\">Impression en h\u00e9liogravure<\/td>\n<\/tr>\n<tr style=\"height: 16.00pt;\">\n<td class=\"et2\" style=\"height: 16.00pt; width: 97.50pt;\" width=\"97\" height=\"16\">Couleur<\/td>\n<td class=\"et2\" style=\"width: 267.50pt;\" width=\"267\">Impression recto-verso, jusqu'\u00e0 10 couleurs<\/td>\n<\/tr>\n<tr style=\"height: 16.00pt;\">\n<td class=\"et2\" style=\"height: 16.00pt; width: 97.50pt;\" width=\"97\" height=\"16\">Utilisation<\/td>\n<td class=\"et2\" style=\"width: 267.50pt;\" width=\"267\">Plats pr\u00e9par\u00e9s, aliments surgel\u00e9s, sauces, snacks<\/td>\n<\/tr>\n<tr style=\"height: 16.00pt;\">\n<td class=\"et2\" style=\"height: 16.00pt; width: 97.50pt;\" width=\"97\" height=\"16\">MOQ<\/td>\n<td class=\"et2\" style=\"width: 267.50pt;\" width=\"267\">50 000 pi\u00e8ces<\/td>\n<\/tr>\n<tr style=\"height: 16.00pt;\">\n<td class=\"et2\" style=\"height: 16.00pt; width: 97.50pt;\" width=\"97\" height=\"16\">Commande personnalis\u00e9e<\/td>\n<td class=\"et2\" style=\"width: 267.50pt;\" width=\"267\">Acceptation de l'OEM, prise en charge de l'\u00e9chantillonnage gratuit<\/td>\n<\/tr>\n<\/tbody>\n<\/table>","protected":false},"featured_media":2830,"comment_status":"closed","ping_status":"closed","template":"","meta":{"_acf_changed":false},"product_brand":[],"product_cat":[30,17],"product_tag":[],"class_list":{"0":"post-2825","1":"product","2":"type-product","3":"status-publish","4":"has-post-thumbnail","6":"product_cat-stand-up-pouch-manufacturer","7":"product_cat-gusset-bag-manufacturer","8":"pa_food-packaging-snack-food-pouch","9":"pa_food-packaging-ready-meal-pouch","10":"pa_food-packaging-frozen-food-pouch","11":"pa_material-kraft-paper","13":"first","14":"instock","15":"shipping-taxable","16":"product-type-simple"},"acf":[],"_links":{"self":[{"href":"https:\/\/www.stanleypackage.com\/fr\/wp-json\/wp\/v2\/product\/2825","targetHints":{"allow":["GET"]}}],"collection":[{"href":"https:\/\/www.stanleypackage.com\/fr\/wp-json\/wp\/v2\/product"}],"about":[{"href":"https:\/\/www.stanleypackage.com\/fr\/wp-json\/wp\/v2\/types\/product"}],"replies":[{"embeddable":true,"href":"https:\/\/www.stanleypackage.com\/fr\/wp-json\/wp\/v2\/comments?post=2825"}],"wp:featuredmedia":[{"embeddable":true,"href":"https:\/\/www.stanleypackage.com\/fr\/wp-json\/wp\/v2\/media\/2830"}],"wp:attachment":[{"href":"https:\/\/www.stanleypackage.com\/fr\/wp-json\/wp\/v2\/media?parent=2825"}],"wp:term":[{"taxonomy":"product_brand","embeddable":true,"href":"https:\/\/www.stanleypackage.com\/fr\/wp-json\/wp\/v2\/product_brand?post=2825"},{"taxonomy":"product_cat","embeddable":true,"href":"https:\/\/www.stanleypackage.com\/fr\/wp-json\/wp\/v2\/product_cat?post=2825"},{"taxonomy":"product_tag","embeddable":true,"href":"https:\/\/www.stanleypackage.com\/fr\/wp-json\/wp\/v2\/product_tag?post=2825"}],"curies":[{"name":"wp","href":"https:\/\/api.w.org\/{rel}","templated":true}]}}