{"id":2846,"date":"2025-08-27T07:16:44","date_gmt":"2025-08-27T07:16:44","guid":{"rendered":"https:\/\/www.stanleypackage.com\/?post_type=product&#038;p=2846"},"modified":"2025-08-27T07:17:16","modified_gmt":"2025-08-27T07:17:16","slug":"coffee-packaging-bags-wholesale","status":"publish","type":"product","link":"https:\/\/www.stanleypackage.com\/fr\/product\/coffee-packaging-bags-wholesale\/","title":{"rendered":"Sacs d'emballage \u00e0 fond plat pour caf\u00e9 Wholesale With Valves"},"content":{"rendered":"<div class=\"wp-block-columns is-layout-flex wp-container-core-columns-is-layout-9d6595d7 wp-block-columns-is-layout-flex\">\n<div class=\"wp-block-column is-layout-flow wp-block-column-is-layout-flow\">\n<h2 class=\"wp-block-heading\">Features of Coffee Packaging Bags Wholesale<\/h2>\n\n\n\n<ul class=\"wp-block-list\">\n<li><strong>Structure de joint \u00e0 huit c\u00f4t\u00e9s, tridimensionnelle et nette :<\/strong> The eight-side seal structure of this wholesale flat bottom packaging bag with zipper increases the stability and visual appearance of the bag shape, and makes it shelf attractive.<\/li>\n\n\n\n<li><strong>Fermeture \u00e0 glissi\u00e8re refermable :<\/strong> These coffee packaging bags wholesale are equipped with a high-quality zipper, which is easy to open and close and re-use, thus increasing the shelf life of the product.<\/li>\n\n\n\n<li><strong>Mat\u00e9riau multicouche \u00e0 haute barri\u00e8re : <\/strong>The front and back of these custom print valve pouches witha zipper are made of MOPP20\/VMPET12\/PE110 material, which is moisture-proof, anti-oxidation, and light-proof to protect the fresh taste of oats.<\/li>\n\n\n\n<li><strong>Valve + conception de remplissage par le bas :<\/strong> The valve design of these coffee packaging bags wholesale is intended to release air, preventing air and moisture from entering the interior of the package, thereby preventing coffee from oxidizing and deteriorating. And the bottom filling is suitable for automated production lines, making bagging efficient and convenient.<\/li>\n\n\n\n<li><strong>Impression en h\u00e9liogravure jusqu'\u00e0 10 couleurs :<\/strong> Our custom print valve pouches with zipper support high-precision multi-color gravure printing, with fine patterns and bright colors, to promote the brand image.<\/li>\n\n\n\n<li><strong>S'adapter \u00e0 de multiples besoins personnalis\u00e9s :<\/strong> Dimensions, print, and type of zipper on our coffee packaging bags wholesale can be on-demand tailored to different requirements of multiple brands and positioning within the market.<\/li>\n<\/ul>\n\n\n\n<div class=\"wp-block-columns is-layout-flex wp-container-core-columns-is-layout-9d6595d7 wp-block-columns-is-layout-flex\">\n<div class=\"wp-block-column is-layout-flow wp-block-column-is-layout-flow\">\n<figure class=\"wp-block-image size-full\"><img decoding=\"async\" width=\"573\" height=\"471\" src=\"https:\/\/www.stanleypackage.com\/wp-content\/uploads\/2025\/08\/Wholesale-Flat-Bottom-Packaging-Bag-with-Zipper-Custom-Coffee-Valve-Bags-4.jpg\" alt=\"\" class=\"wp-image-2847\" srcset=\"https:\/\/www.stanleypackage.com\/wp-content\/uploads\/2025\/08\/Wholesale-Flat-Bottom-Packaging-Bag-with-Zipper-Custom-Coffee-Valve-Bags-4.jpg 573w, https:\/\/www.stanleypackage.com\/wp-content\/uploads\/2025\/08\/Wholesale-Flat-Bottom-Packaging-Bag-with-Zipper-Custom-Coffee-Valve-Bags-4-300x247.jpg 300w, https:\/\/www.stanleypackage.com\/wp-content\/uploads\/2025\/08\/Wholesale-Flat-Bottom-Packaging-Bag-with-Zipper-Custom-Coffee-Valve-Bags-4-15x12.jpg 15w\" sizes=\"(max-width: 573px) 100vw, 573px\" \/><\/figure>\n<\/div>\n\n\n\n<div class=\"wp-block-column is-layout-flow wp-block-column-is-layout-flow\">\n<figure class=\"wp-block-image size-full\"><img decoding=\"async\" width=\"535\" height=\"481\" src=\"https:\/\/www.stanleypackage.com\/wp-content\/uploads\/2025\/08\/Wholesale-Flat-Bottom-Packaging-Bag-with-Zipper-Custom-Coffee-Valve-Bags.jpg\" alt=\"\" class=\"wp-image-2848\" srcset=\"https:\/\/www.stanleypackage.com\/wp-content\/uploads\/2025\/08\/Wholesale-Flat-Bottom-Packaging-Bag-with-Zipper-Custom-Coffee-Valve-Bags.jpg 535w, https:\/\/www.stanleypackage.com\/wp-content\/uploads\/2025\/08\/Wholesale-Flat-Bottom-Packaging-Bag-with-Zipper-Custom-Coffee-Valve-Bags-300x270.jpg 300w, https:\/\/www.stanleypackage.com\/wp-content\/uploads\/2025\/08\/Wholesale-Flat-Bottom-Packaging-Bag-with-Zipper-Custom-Coffee-Valve-Bags-13x12.jpg 13w\" sizes=\"(max-width: 535px) 100vw, 535px\" \/><\/figure>\n<\/div>\n<\/div>\n<\/div>\n<\/div>","protected":false},"excerpt":{"rendered":"<p>Nous vous invitons \u00e0 acheter des sachets \u00e0 valve imprim\u00e9s sur mesure. Nos sachets d'emballage de caf\u00e9 en gros sont \u00e9quip\u00e9s d'une fermeture \u00e0 glissi\u00e8re, d'une valve et d'un syst\u00e8me de remplissage par le bas pour aider la marque \u00e0 se d\u00e9marquer dans les rayons, et ont d'excellentes propri\u00e9t\u00e9s de conservation et d'imperm\u00e9abilit\u00e9.<\/p>\n<table style=\"border-collapse: collapse; width: 365.02pt;\" border=\"0\" width=\"365\" cellspacing=\"0\" cellpadding=\"0\">\n<tbody>\n<tr style=\"height: 16.00pt;\">\n<td class=\"et2\" style=\"height: 16.00pt; width: 97.50pt;\" width=\"97\" height=\"16\">Fabricant<\/td>\n<td class=\"et2\" style=\"width: 267.50pt;\" width=\"267\">Stanley<\/td>\n<\/tr>\n<tr style=\"height: 16.00pt;\">\n<td class=\"et2\" style=\"height: 16.00pt; width: 97.50pt;\" width=\"97\" height=\"16\">Types de pochettes<\/td>\n<td class=\"et3\">Pochette \u00e0 fond plat \u00e0 8 soudures lat\u00e9rales, pochette \u00e0 fermeture \u00e9clair<\/td>\n<\/tr>\n<tr style=\"height: 31.00pt;\">\n<td class=\"et2\" style=\"height: 31.00pt; width: 97.50pt;\" width=\"97\" height=\"31\">Mat\u00e9riau<\/td>\n<td class=\"et2\" style=\"width: 267.50pt;\" width=\"267\">MOPP20\/VMPET12\/PE110\u00a0<\/td>\n<\/tr>\n<tr style=\"height: 16.00pt;\">\n<td class=\"et2\" style=\"height: 16.00pt; width: 97.50pt;\" width=\"97\" height=\"16\">Dossier sp\u00e9cial<\/td>\n<td class=\"et2\" style=\"width: 267.50pt;\" width=\"267\">Fermeture \u00e0 glissi\u00e8re, valve, remplissage par le bas<\/td>\n<\/tr>\n<tr style=\"height: 16.00pt;\">\n<td class=\"et2\" style=\"height: 16.00pt; width: 97.50pt;\" width=\"97\" height=\"16\">Manipulation de surface<\/td>\n<td class=\"et2\" style=\"width: 267.50pt;\" width=\"267\">Impression en h\u00e9liogravure<\/td>\n<\/tr>\n<tr style=\"height: 16.00pt;\">\n<td class=\"et2\" style=\"height: 16.00pt; width: 97.50pt;\" width=\"97\" height=\"16\">Couleur<\/td>\n<td class=\"et2\" style=\"width: 267.50pt;\" width=\"267\">Impression recto-verso, jusqu'\u00e0 10 couleurs<\/td>\n<\/tr>\n<tr style=\"height: 16.00pt;\">\n<td class=\"et2\" style=\"height: 16.00pt; width: 97.50pt;\" width=\"97\" height=\"16\">Utilisation<\/td>\n<td class=\"et2\" style=\"width: 267.50pt;\" width=\"267\">Caf\u00e9, th\u00e9, collations, flocons d'avoine,<\/td>\n<\/tr>\n<tr style=\"height: 16.00pt;\">\n<td class=\"et2\" style=\"height: 16.00pt; width: 97.50pt;\" width=\"97\" height=\"16\">MOQ<\/td>\n<td class=\"et2\" style=\"width: 267.50pt;\" width=\"267\">50 000 pi\u00e8ces<\/td>\n<\/tr>\n<tr style=\"height: 16.00pt;\">\n<td class=\"et2\" style=\"height: 16.00pt; width: 97.50pt;\" width=\"97\" height=\"16\">Commande personnalis\u00e9e<\/td>\n<td class=\"et2\" style=\"width: 267.50pt;\" width=\"267\">Acceptation de l'OEM, prise en charge de l'\u00e9chantillonnage gratuit<\/td>\n<\/tr>\n<\/tbody>\n<\/table>\n<p>&nbsp;<\/p>","protected":false},"featured_media":2851,"comment_status":"closed","ping_status":"closed","template":"","meta":{"_acf_changed":false},"product_brand":[],"product_cat":[24,18],"product_tag":[],"class_list":{"0":"post-2846","1":"product","2":"type-product","3":"status-publish","4":"has-post-thumbnail","6":"product_cat-flat-bottom-pouch-manufacturer","7":"product_cat-zipper-pouch-manufacturer","8":"pa_food-packaging-oatmeal-pouch","9":"pa_food-packaging-coffee-packaging-pouch","10":"pa_food-packaging-tea-pouch-packaging","11":"pa_food-packaging-snack-food-pouch","12":"pa_food-packaging-ready-meal-pouch","14":"first","15":"instock","16":"shipping-taxable","17":"product-type-simple"},"acf":[],"_links":{"self":[{"href":"https:\/\/www.stanleypackage.com\/fr\/wp-json\/wp\/v2\/product\/2846","targetHints":{"allow":["GET"]}}],"collection":[{"href":"https:\/\/www.stanleypackage.com\/fr\/wp-json\/wp\/v2\/product"}],"about":[{"href":"https:\/\/www.stanleypackage.com\/fr\/wp-json\/wp\/v2\/types\/product"}],"replies":[{"embeddable":true,"href":"https:\/\/www.stanleypackage.com\/fr\/wp-json\/wp\/v2\/comments?post=2846"}],"wp:featuredmedia":[{"embeddable":true,"href":"https:\/\/www.stanleypackage.com\/fr\/wp-json\/wp\/v2\/media\/2851"}],"wp:attachment":[{"href":"https:\/\/www.stanleypackage.com\/fr\/wp-json\/wp\/v2\/media?parent=2846"}],"wp:term":[{"taxonomy":"product_brand","embeddable":true,"href":"https:\/\/www.stanleypackage.com\/fr\/wp-json\/wp\/v2\/product_brand?post=2846"},{"taxonomy":"product_cat","embeddable":true,"href":"https:\/\/www.stanleypackage.com\/fr\/wp-json\/wp\/v2\/product_cat?post=2846"},{"taxonomy":"product_tag","embeddable":true,"href":"https:\/\/www.stanleypackage.com\/fr\/wp-json\/wp\/v2\/product_tag?post=2846"}],"curies":[{"name":"wp","href":"https:\/\/api.w.org\/{rel}","templated":true}]}}