{"id":2853,"date":"2025-08-27T07:07:33","date_gmt":"2025-08-27T07:07:33","guid":{"rendered":"https:\/\/www.stanleypackage.com\/?post_type=product&#038;p=2853"},"modified":"2025-08-27T07:07:40","modified_gmt":"2025-08-27T07:07:40","slug":"liquid-pouches-wholesale","status":"publish","type":"product","link":"https:\/\/www.stanleypackage.com\/fr\/product\/liquid-pouches-wholesale\/","title":{"rendered":"Pochettes de liquide avec bec verseur pour boissons g\u00e9lifi\u00e9es"},"content":{"rendered":"<div class=\"wp-block-columns is-layout-flex wp-container-core-columns-is-layout-9d6595d7 wp-block-columns-is-layout-flex\">\n<div class=\"wp-block-column is-layout-flow wp-block-column-is-layout-flow\">\n<h2 class=\"wp-block-heading\">Caract\u00e9ristiques des poches de liquide en gros<\/h2>\n\n\n\n<ul class=\"wp-block-list\">\n<li><strong>Mat\u00e9riau composite multicouche de qualit\u00e9 alimentaire :<\/strong> Cette poche de liquide imprim\u00e9e en gros utilise une structure composite multicouche de PET12\/AL7\/PET12\/PE85, qui bloque efficacement l'air, l'humidit\u00e9 et la lumi\u00e8re.<\/li>\n\n\n\n<li><strong>Fond plat et debout : <\/strong>Ces sachets de liquide \u00e0 fond plat, qui se tiennent debout, garantissent un support stable, am\u00e9liorant ainsi la pr\u00e9sence en rayon.<\/li>\n\n\n\n<li><strong>Conception pratique du bec verseur :<\/strong> Cet emballage souple pour boissons personnalis\u00e9es est dot\u00e9 d'un bec verseur int\u00e9gr\u00e9 de haute qualit\u00e9 qui permet de boire ou de verser facilement, \u00e9vitant ainsi les d\u00e9versements et les fuites. Il est parfait pour les boissons en d\u00e9placement ou \u00e0 l'ext\u00e9rieur.<\/li>\n\n\n\n<li><strong>Prise en charge de diff\u00e9rents effets d'impression et de diff\u00e9rentes formes : <\/strong>Nos sachets de liquide en gros permettent de personnaliser la forme du sachet et d'obtenir diff\u00e9rents effets d'impression en fonction des exigences sp\u00e9cifiques des clients.<\/li>\n\n\n\n<li><strong>Applicable \u00e0 une large gamme de produits liquides :<\/strong> Outre les jus, nos emballages souples personnalis\u00e9s pour boissons conviennent \u00e9galement aux boissons \u00e9nergisantes, aux milkshakes, aux sauces, aux vinaigrettes, aux boissons pour enfants et \u00e0 d'autres emballages alimentaires liquides.<\/li>\n<\/ul>\n\n\n\n<div class=\"wp-block-columns is-layout-flex wp-container-core-columns-is-layout-9d6595d7 wp-block-columns-is-layout-flex\">\n<div class=\"wp-block-column is-layout-flow wp-block-column-is-layout-flow\">\n<figure class=\"wp-block-image size-full\"><img decoding=\"async\" width=\"750\" height=\"750\" src=\"https:\/\/www.stanleypackage.com\/wp-content\/uploads\/2025\/08\/Custom-Printed-Flexible-Packaging-Stand-Up-Pouches-With-Spout-Wholesale-6.jpg\" alt=\"\" class=\"wp-image-2854\" srcset=\"https:\/\/www.stanleypackage.com\/wp-content\/uploads\/2025\/08\/Custom-Printed-Flexible-Packaging-Stand-Up-Pouches-With-Spout-Wholesale-6.jpg 750w, https:\/\/www.stanleypackage.com\/wp-content\/uploads\/2025\/08\/Custom-Printed-Flexible-Packaging-Stand-Up-Pouches-With-Spout-Wholesale-6-300x300.jpg 300w, https:\/\/www.stanleypackage.com\/wp-content\/uploads\/2025\/08\/Custom-Printed-Flexible-Packaging-Stand-Up-Pouches-With-Spout-Wholesale-6-150x150.jpg 150w, https:\/\/www.stanleypackage.com\/wp-content\/uploads\/2025\/08\/Custom-Printed-Flexible-Packaging-Stand-Up-Pouches-With-Spout-Wholesale-6-12x12.jpg 12w, https:\/\/www.stanleypackage.com\/wp-content\/uploads\/2025\/08\/Custom-Printed-Flexible-Packaging-Stand-Up-Pouches-With-Spout-Wholesale-6-600x600.jpg 600w, https:\/\/www.stanleypackage.com\/wp-content\/uploads\/2025\/08\/Custom-Printed-Flexible-Packaging-Stand-Up-Pouches-With-Spout-Wholesale-6-100x100.jpg 100w\" sizes=\"(max-width: 750px) 100vw, 750px\" \/><\/figure>\n<\/div>\n\n\n\n<div class=\"wp-block-column is-layout-flow wp-block-column-is-layout-flow\">\n<figure class=\"wp-block-image size-full\"><img decoding=\"async\" width=\"750\" height=\"750\" src=\"https:\/\/www.stanleypackage.com\/wp-content\/uploads\/2025\/08\/Custom-Printed-Flexible-Packaging-Stand-Up-Pouches-With-Spout-Wholesale.jpg\" alt=\"\" class=\"wp-image-2855\" srcset=\"https:\/\/www.stanleypackage.com\/wp-content\/uploads\/2025\/08\/Custom-Printed-Flexible-Packaging-Stand-Up-Pouches-With-Spout-Wholesale.jpg 750w, https:\/\/www.stanleypackage.com\/wp-content\/uploads\/2025\/08\/Custom-Printed-Flexible-Packaging-Stand-Up-Pouches-With-Spout-Wholesale-300x300.jpg 300w, https:\/\/www.stanleypackage.com\/wp-content\/uploads\/2025\/08\/Custom-Printed-Flexible-Packaging-Stand-Up-Pouches-With-Spout-Wholesale-150x150.jpg 150w, https:\/\/www.stanleypackage.com\/wp-content\/uploads\/2025\/08\/Custom-Printed-Flexible-Packaging-Stand-Up-Pouches-With-Spout-Wholesale-12x12.jpg 12w, https:\/\/www.stanleypackage.com\/wp-content\/uploads\/2025\/08\/Custom-Printed-Flexible-Packaging-Stand-Up-Pouches-With-Spout-Wholesale-600x600.jpg 600w, https:\/\/www.stanleypackage.com\/wp-content\/uploads\/2025\/08\/Custom-Printed-Flexible-Packaging-Stand-Up-Pouches-With-Spout-Wholesale-100x100.jpg 100w\" sizes=\"(max-width: 750px) 100vw, 750px\" \/><\/figure>\n<\/div>\n<\/div>\n<\/div>\n<\/div>","protected":false},"excerpt":{"rendered":"<p>Bienvenue dans le domaine des emballages souples pour boissons. Ces poches \u00e0 liquide avec bec verseur sont fabriqu\u00e9es \u00e0 partir de mat\u00e9riaux de qualit\u00e9 alimentaire, bloquant efficacement l'air, l'humidit\u00e9 et la lumi\u00e8re. Elles conviennent \u00e0 l'emballage d'une vari\u00e9t\u00e9 de boissons et d'aliments liquides.<\/p>\n<table width=\"417\">\n<tbody>\n<tr>\n<td width=\"121\">Fabricant<\/td>\n<td width=\"296\">Stanley<\/td>\n<\/tr>\n<tr>\n<td width=\"121\">Types de pochettes<\/td>\n<td>Pochette \u00e0 fond plat, pochette \u00e0 fond plat, pochette \u00e0 bec<\/td>\n<\/tr>\n<tr>\n<td width=\"121\">Mat\u00e9riau<\/td>\n<td width=\"296\">PET12\/AL7\/PET12\/PE85<\/td>\n<\/tr>\n<tr>\n<td width=\"121\">Dossier sp\u00e9cial<\/td>\n<td width=\"296\">Fond debout, bec verseur<\/td>\n<\/tr>\n<tr>\n<td width=\"121\">Manipulation de surface<\/td>\n<td width=\"296\">Impression en h\u00e9liogravure<\/td>\n<\/tr>\n<tr>\n<td width=\"121\">Couleur<\/td>\n<td width=\"296\">Jusqu'\u00e0 10 couleurs<\/td>\n<\/tr>\n<tr>\n<td width=\"121\">Utilisation<\/td>\n<td>boissons, gel\u00e9e<\/td>\n<\/tr>\n<tr>\n<td width=\"121\">MOQ<\/td>\n<td width=\"296\">50 000 pi\u00e8ces<\/td>\n<\/tr>\n<tr>\n<td width=\"121\">Commande personnalis\u00e9e<\/td>\n<td width=\"296\">Acceptation de l'OEM , \u00c9chantillon gratuit<\/td>\n<\/tr>\n<\/tbody>\n<\/table>","protected":false},"featured_media":2856,"comment_status":"closed","ping_status":"closed","template":"","meta":{"_acf_changed":false},"product_brand":[],"product_cat":[32,30],"product_tag":[],"class_list":{"0":"post-2853","1":"product","2":"type-product","3":"status-publish","4":"has-post-thumbnail","6":"product_cat-spout-pouch-manufacturer","7":"product_cat-stand-up-pouch-manufacturer","8":"pa_food-packaging-baby-food-packaging","9":"pa_food-packaging-drink-beverage-pouch","11":"first","12":"instock","13":"shipping-taxable","14":"product-type-simple"},"acf":[],"_links":{"self":[{"href":"https:\/\/www.stanleypackage.com\/fr\/wp-json\/wp\/v2\/product\/2853","targetHints":{"allow":["GET"]}}],"collection":[{"href":"https:\/\/www.stanleypackage.com\/fr\/wp-json\/wp\/v2\/product"}],"about":[{"href":"https:\/\/www.stanleypackage.com\/fr\/wp-json\/wp\/v2\/types\/product"}],"replies":[{"embeddable":true,"href":"https:\/\/www.stanleypackage.com\/fr\/wp-json\/wp\/v2\/comments?post=2853"}],"wp:featuredmedia":[{"embeddable":true,"href":"https:\/\/www.stanleypackage.com\/fr\/wp-json\/wp\/v2\/media\/2856"}],"wp:attachment":[{"href":"https:\/\/www.stanleypackage.com\/fr\/wp-json\/wp\/v2\/media?parent=2853"}],"wp:term":[{"taxonomy":"product_brand","embeddable":true,"href":"https:\/\/www.stanleypackage.com\/fr\/wp-json\/wp\/v2\/product_brand?post=2853"},{"taxonomy":"product_cat","embeddable":true,"href":"https:\/\/www.stanleypackage.com\/fr\/wp-json\/wp\/v2\/product_cat?post=2853"},{"taxonomy":"product_tag","embeddable":true,"href":"https:\/\/www.stanleypackage.com\/fr\/wp-json\/wp\/v2\/product_tag?post=2853"}],"curies":[{"name":"wp","href":"https:\/\/api.w.org\/{rel}","templated":true}]}}