{"id":2897,"date":"2025-09-01T08:38:02","date_gmt":"2025-09-01T08:38:02","guid":{"rendered":"https:\/\/www.stanleypackage.com\/?post_type=product&#038;p=2897"},"modified":"2025-11-29T03:37:49","modified_gmt":"2025-11-29T03:37:49","slug":"custom-food-packaging-bags","status":"publish","type":"product","link":"https:\/\/www.stanleypackage.com\/fr\/product\/custom-food-packaging-bags\/","title":{"rendered":"Sacs d'emballage alimentaire personnalis\u00e9s, sac refermable pour poulet r\u00f4ti"},"content":{"rendered":"<div class=\"wp-block-columns is-layout-flex wp-container-core-columns-is-layout-9d6595d7 wp-block-columns-is-layout-flex\">\n<div class=\"wp-block-column is-layout-flow wp-block-column-is-layout-flow\">\n<h2 class=\"wp-block-heading\">Caract\u00e9ristiques des sacs d'emballage alimentaire personnalis\u00e9s<\/h2>\n\n\n\n<ul class=\"wp-block-list\">\n<li><strong>Pochettes debout, faciles \u00e0 pr\u00e9senter et \u00e0 ranger :<\/strong> Ces sacs d'emballage alimentaire personnalis\u00e9s avec fermeture \u00e9clair ont une structure de base lisse, ce qui am\u00e9liore la pr\u00e9sentation en rayon, \u00e9conomise l'espace de stockage et facilite les ventes finales.<\/li>\n\n\n\n<li><strong>Mat\u00e9riau de haute qualit\u00e9, r\u00e9sistant \u00e0 l'humidit\u00e9 : <\/strong>Ces sacs d'emballage pour poulets r\u00f4tis en gros utilisent du papier kraft 70g \/ PET12 \/ PET12 \/ mat\u00e9riau composite anti-bu\u00e9e CPP50, s'adaptant \u00e0 l'environnement, avec une bonne r\u00e9sistance \u00e0 la d\u00e9chirure et \u00e0 l'humidit\u00e9, prot\u00e9geant la fra\u00eecheur des aliments.<\/li>\n\n\n\n<li><strong>La fermeture \u00e0 glissi\u00e8re permet de sceller plusieurs fois le produit, ce qui est plus pratique : <\/strong>Nos sacs d'emballage alimentaire personnalis\u00e9s sont \u00e9quip\u00e9s d'une fermeture \u00e0 glissi\u00e8re scell\u00e9e, ce qui permet d'ouvrir et de fermer les sachets plusieurs fois, de conserver l'hygi\u00e8ne et la fra\u00eecheur du contenu et d'am\u00e9liorer l'exp\u00e9rience du consommateur.<\/li>\n\n\n\n<li><strong>La poign\u00e9e est munie d'un trou, ce qui permet de la transporter facilement :<\/strong> Nos sacs d'emballage pour poulets r\u00f4tis en gros sont \u00e9quip\u00e9s d'un trou pour la poign\u00e9e, ce qui facilite le transport des aliments par les utilisateurs et am\u00e9liore la praticit\u00e9.<\/li>\n\n\n\n<li><strong>Soutenir la personnalisation de la marque pour r\u00e9pondre aux divers besoins en mati\u00e8re d'emballage :<\/strong> Nos sacs d'emballage alimentaire personnalis\u00e9s avec fermeture \u00e0 glissi\u00e8re sont dot\u00e9s d'une impression, de motifs et d'une capacit\u00e9 permettant de r\u00e9pondre aux besoins uniques des clients en mati\u00e8re d'emballage.<\/li>\n\n\n\n<li><strong>Trous d'a\u00e9ration et fen\u00eatres transparentes : <\/strong>Nos sacs d'emballage pour poulets r\u00f4tis en gros sont dot\u00e9s de trous d'a\u00e9ration qui facilitent la circulation de l'air et emp\u00eachent la formation de bu\u00e9e. La fen\u00eatre transparente permet d'exposer les aliments, ce qui renforce l'attrait du produit et accro\u00eet le d\u00e9sir d'achat des clients.<\/li>\n<\/ul>\n\n\n\n<div class=\"wp-block-columns is-layout-flex wp-container-core-columns-is-layout-9d6595d7 wp-block-columns-is-layout-flex\">\n<div class=\"wp-block-column is-layout-flow wp-block-column-is-layout-flow\">\n<figure class=\"wp-block-image size-full\"><img decoding=\"async\" width=\"750\" height=\"750\" src=\"https:\/\/www.stanleypackage.com\/wp-content\/uploads\/2025\/08\/Custom-Printed-Food-Packaging-Bag-Wholesale-Roast-Chicken-Stand-Up-Pouches-With-Zipper-2.jpg\" alt=\"\" class=\"wp-image-2898\" srcset=\"https:\/\/www.stanleypackage.com\/wp-content\/uploads\/2025\/08\/Custom-Printed-Food-Packaging-Bag-Wholesale-Roast-Chicken-Stand-Up-Pouches-With-Zipper-2.jpg 750w, https:\/\/www.stanleypackage.com\/wp-content\/uploads\/2025\/08\/Custom-Printed-Food-Packaging-Bag-Wholesale-Roast-Chicken-Stand-Up-Pouches-With-Zipper-2-300x300.jpg 300w, https:\/\/www.stanleypackage.com\/wp-content\/uploads\/2025\/08\/Custom-Printed-Food-Packaging-Bag-Wholesale-Roast-Chicken-Stand-Up-Pouches-With-Zipper-2-150x150.jpg 150w, https:\/\/www.stanleypackage.com\/wp-content\/uploads\/2025\/08\/Custom-Printed-Food-Packaging-Bag-Wholesale-Roast-Chicken-Stand-Up-Pouches-With-Zipper-2-12x12.jpg 12w, https:\/\/www.stanleypackage.com\/wp-content\/uploads\/2025\/08\/Custom-Printed-Food-Packaging-Bag-Wholesale-Roast-Chicken-Stand-Up-Pouches-With-Zipper-2-600x600.jpg 600w, https:\/\/www.stanleypackage.com\/wp-content\/uploads\/2025\/08\/Custom-Printed-Food-Packaging-Bag-Wholesale-Roast-Chicken-Stand-Up-Pouches-With-Zipper-2-100x100.jpg 100w\" sizes=\"(max-width: 750px) 100vw, 750px\" \/><\/figure>\n<\/div>\n\n\n\n<div class=\"wp-block-column is-layout-flow wp-block-column-is-layout-flow\">\n<figure class=\"wp-block-image size-full\"><img decoding=\"async\" width=\"750\" height=\"750\" src=\"https:\/\/www.stanleypackage.com\/wp-content\/uploads\/2025\/08\/Custom-Printed-Food-Packaging-Bag-Wholesale-Roast-Chicken-Stand-Up-Pouches-With-Zipper-7.jpg\" alt=\"\" class=\"wp-image-2899\" srcset=\"https:\/\/www.stanleypackage.com\/wp-content\/uploads\/2025\/08\/Custom-Printed-Food-Packaging-Bag-Wholesale-Roast-Chicken-Stand-Up-Pouches-With-Zipper-7.jpg 750w, https:\/\/www.stanleypackage.com\/wp-content\/uploads\/2025\/08\/Custom-Printed-Food-Packaging-Bag-Wholesale-Roast-Chicken-Stand-Up-Pouches-With-Zipper-7-300x300.jpg 300w, https:\/\/www.stanleypackage.com\/wp-content\/uploads\/2025\/08\/Custom-Printed-Food-Packaging-Bag-Wholesale-Roast-Chicken-Stand-Up-Pouches-With-Zipper-7-150x150.jpg 150w, https:\/\/www.stanleypackage.com\/wp-content\/uploads\/2025\/08\/Custom-Printed-Food-Packaging-Bag-Wholesale-Roast-Chicken-Stand-Up-Pouches-With-Zipper-7-12x12.jpg 12w, https:\/\/www.stanleypackage.com\/wp-content\/uploads\/2025\/08\/Custom-Printed-Food-Packaging-Bag-Wholesale-Roast-Chicken-Stand-Up-Pouches-With-Zipper-7-600x600.jpg 600w, https:\/\/www.stanleypackage.com\/wp-content\/uploads\/2025\/08\/Custom-Printed-Food-Packaging-Bag-Wholesale-Roast-Chicken-Stand-Up-Pouches-With-Zipper-7-100x100.jpg 100w\" sizes=\"(max-width: 750px) 100vw, 750px\" \/><\/figure>\n<\/div>\n<\/div>\n<\/div>\n<\/div>","protected":false},"excerpt":{"rendered":"<p>Bienvenue dans la commande en gros de sacs d'emballage alimentaire personnalis\u00e9s. Ces sacs d'emballage en gros pour poulet r\u00f4ti avec fermeture \u00e9clair sont dot\u00e9s d'une fermeture facile \u00e0 d\u00e9chirer, de trous d'a\u00e9ration, de fen\u00eatres transparentes, d'une fermeture \u00e9clair scell\u00e9e et d'une base solide et autoportante. R\u00e9sistants aux temp\u00e9ratures \u00e9lev\u00e9es et \u00e0 l'humidit\u00e9, ils supportent l'impression personnalis\u00e9e.<\/p>\n<table style=\"border-collapse: collapse; width: 327.77pt;\" border=\"0\" width=\"437\" cellspacing=\"0\" cellpadding=\"0\">\n<tbody>\n<tr style=\"height: 12.75pt;\">\n<td class=\"et2\" style=\"height: 12.75pt; width: 91.40pt;\" width=\"121\" height=\"17\">Fabricant<\/td>\n<td class=\"et2\" style=\"width: 237.00pt;\" width=\"316\">Stanley<\/td>\n<\/tr>\n<tr style=\"height: 12.75pt;\">\n<td class=\"et2\" style=\"height: 12.75pt; width: 91.40pt;\" width=\"121\" height=\"17\">Types de pochettes<\/td>\n<td class=\"et3\">Pochette \u00e0 rabat, Pochette \u00e0 glissi\u00e8re<\/td>\n<\/tr>\n<tr style=\"height: 12.75pt;\">\n<td class=\"et2\" style=\"height: 12.75pt; width: 91.40pt;\" width=\"121\" height=\"17\">Mat\u00e9riau<\/td>\n<td class=\"et2\" style=\"width: 237.00pt;\" width=\"316\">Papier kraft 70g \/ PET12 \/ PET12 \/ Heat Anti-fog CPP50<\/td>\n<\/tr>\n<tr style=\"height: 12.75pt;\">\n<td class=\"et2\" style=\"height: 12.75pt; width: 91.40pt;\" width=\"121\" height=\"17\">Dossier sp\u00e9cial<\/td>\n<td class=\"et2\" style=\"width: 237.00pt;\" width=\"316\">Fond autoportant, joint d'\u00e9tanch\u00e9it\u00e9 facile \u00e0 d\u00e9chirer, trous d'a\u00e9ration, fen\u00eatre transparente, fermeture \u00e0 glissi\u00e8re \u00e9tanche<\/td>\n<\/tr>\n<tr style=\"height: 12.75pt;\">\n<td class=\"et2\" style=\"height: 12.75pt; width: 91.40pt;\" width=\"121\" height=\"17\">Manipulation de surface<\/td>\n<td class=\"et2\" style=\"width: 237.00pt;\" width=\"316\">Impression en h\u00e9liogravure<\/td>\n<\/tr>\n<tr style=\"height: 12.75pt;\">\n<td class=\"et2\" style=\"height: 12.75pt; width: 91.40pt;\" width=\"121\" height=\"17\">Couleur<\/td>\n<td class=\"et2\" style=\"width: 237.00pt;\" width=\"316\">Jusqu'\u00e0 10 couleurs<\/td>\n<\/tr>\n<tr style=\"height: 12.75pt;\">\n<td class=\"et2\" style=\"height: 12.75pt; width: 91.40pt;\" width=\"121\" height=\"17\">Utilisation<\/td>\n<td class=\"et3\">Poulet r\u00f4ti, Canard r\u00f4ti, Pain<\/td>\n<\/tr>\n<tr style=\"height: 12.75pt;\">\n<td class=\"et2\" style=\"height: 12.75pt; width: 91.40pt;\" width=\"121\" height=\"17\">MOQ<\/td>\n<td class=\"et2\" style=\"width: 237.00pt;\" width=\"316\">50 000 pi\u00e8ces<\/td>\n<\/tr>\n<tr style=\"height: 12.75pt;\">\n<td class=\"et2\" style=\"height: 12.75pt; width: 91.40pt;\" width=\"121\" height=\"17\">Commande personnalis\u00e9e<\/td>\n<td class=\"et2\" style=\"width: 237.00pt;\" width=\"316\">Acceptation de l'OEM, prise en charge de l'\u00e9chantillonnage gratuit<\/td>\n<\/tr>\n<\/tbody>\n<\/table>","protected":false},"featured_media":2902,"comment_status":"closed","ping_status":"closed","template":"","meta":{"_acf_changed":false},"product_brand":[],"product_cat":[18,30],"product_tag":[],"class_list":{"0":"post-2897","1":"product","2":"type-product","3":"status-publish","4":"has-post-thumbnail","6":"product_cat-zipper-pouch-manufacturer","7":"product_cat-stand-up-pouch-manufacturer","8":"pa_food-packaging-ready-meal-pouch","9":"pa_material-kraft-paper","11":"first","12":"instock","13":"shipping-taxable","14":"product-type-simple"},"acf":[],"_links":{"self":[{"href":"https:\/\/www.stanleypackage.com\/fr\/wp-json\/wp\/v2\/product\/2897","targetHints":{"allow":["GET"]}}],"collection":[{"href":"https:\/\/www.stanleypackage.com\/fr\/wp-json\/wp\/v2\/product"}],"about":[{"href":"https:\/\/www.stanleypackage.com\/fr\/wp-json\/wp\/v2\/types\/product"}],"replies":[{"embeddable":true,"href":"https:\/\/www.stanleypackage.com\/fr\/wp-json\/wp\/v2\/comments?post=2897"}],"wp:featuredmedia":[{"embeddable":true,"href":"https:\/\/www.stanleypackage.com\/fr\/wp-json\/wp\/v2\/media\/2902"}],"wp:attachment":[{"href":"https:\/\/www.stanleypackage.com\/fr\/wp-json\/wp\/v2\/media?parent=2897"}],"wp:term":[{"taxonomy":"product_brand","embeddable":true,"href":"https:\/\/www.stanleypackage.com\/fr\/wp-json\/wp\/v2\/product_brand?post=2897"},{"taxonomy":"product_cat","embeddable":true,"href":"https:\/\/www.stanleypackage.com\/fr\/wp-json\/wp\/v2\/product_cat?post=2897"},{"taxonomy":"product_tag","embeddable":true,"href":"https:\/\/www.stanleypackage.com\/fr\/wp-json\/wp\/v2\/product_tag?post=2897"}],"curies":[{"name":"wp","href":"https:\/\/api.w.org\/{rel}","templated":true}]}}